{"id":9956,"date":"2020-12-28T14:16:59","date_gmt":"2020-12-28T13:16:59","guid":{"rendered":"https:\/\/www.awair.eu\/?page_id=9956"},"modified":"2023-06-07T12:54:05","modified_gmt":"2023-06-07T10:54:05","slug":"votre-inscription-est-confirmee","status":"publish","type":"page","link":"https:\/\/www.awair.eu\/fr\/votre-inscription-est-confirmee\/","title":{"rendered":"Votre inscription est confirm\u00e9e"},"content":{"rendered":"<p>&nbsp;<\/p>\n<p>Merci de votre int\u00e9r\u00eat, dor\u00e9navant vous recevrez nos communications.<br \/>\n<a href=\"https:\/\/www.awair.eu\/fr\/\">Retour \u00e0 la home<\/a>.<\/p>\n","protected":false},"excerpt":{"rendered":"<p>&nbsp; Merci de votre int\u00e9r\u00eat, dor\u00e9navant vous recevrez nos communications. Retour \u00e0 la home.<\/p>\n","protected":false},"author":1,"featured_media":0,"parent":0,"menu_order":0,"comment_status":"closed","ping_status":"closed","template":"","meta":{"inline_featured_image":false},"yoast_head":"<!-- This site is optimized with the Yoast SEO plugin v18.3 - https:\/\/yoast.com\/wordpress\/plugins\/seo\/ -->\n<title>Votre inscription est confirm\u00e9e - awair<\/title>\n<meta name=\"robots\" content=\"noindex, nofollow\" \/>\n<meta property=\"og:locale\" content=\"fr_FR\" \/>\n<meta property=\"og:type\" content=\"article\" \/>\n<meta property=\"og:title\" content=\"Votre inscription est confirm\u00e9e - awair\" \/>\n<meta property=\"og:description\" content=\"&nbsp; Merci de votre int\u00e9r\u00eat, dor\u00e9navant vous recevrez nos communications. Retour \u00e0 la home.\" \/>\n<meta property=\"og:url\" content=\"https:\/\/www.awair.eu\/fr\/votre-inscription-est-confirmee\/\" \/>\n<meta property=\"og:site_name\" content=\"awair\" \/>\n<meta property=\"article:modified_time\" content=\"2023-06-07T10:54:05+00:00\" \/>\n<meta name=\"twitter:card\" content=\"summary\" \/>\n<meta name=\"twitter:site\" content=\"@awairAwareness\" \/>\n<meta name=\"twitter:label1\" content=\"Dur\u00e9e de lecture estim\u00e9e\" \/>\n\t<meta name=\"twitter:data1\" content=\"1 minute\" \/>\n<script type=\"application\/ld+json\" class=\"yoast-schema-graph\">{\"@context\":\"https:\/\/schema.org\",\"@graph\":[{\"@type\":\"Organization\",\"@id\":\"https:\/\/www.awair.eu\/fr\/#organization\",\"name\":\"Awair\",\"url\":\"https:\/\/www.awair.eu\/fr\/\",\"sameAs\":[\"https:\/\/www.linkedin.com\/company\/10070361\/\",\"https:\/\/twitter.com\/awairAwareness\"],\"logo\":{\"@type\":\"ImageObject\",\"@id\":\"https:\/\/www.awair.eu\/fr\/#logo\",\"inLanguage\":\"fr-FR\",\"url\":\"https:\/\/www.awair.eu\/wp-content\/uploads\/2022\/06\/Awair-02-1.jpg\",\"contentUrl\":\"https:\/\/www.awair.eu\/wp-content\/uploads\/2022\/06\/Awair-02-1.jpg\",\"width\":1024,\"height\":1318,\"caption\":\"Awair\"},\"image\":{\"@id\":\"https:\/\/www.awair.eu\/fr\/#logo\"}},{\"@type\":\"WebSite\",\"@id\":\"https:\/\/www.awair.eu\/fr\/#website\",\"url\":\"https:\/\/www.awair.eu\/fr\/\",\"name\":\"awair\",\"description\":\"Where will you be?\",\"publisher\":{\"@id\":\"https:\/\/www.awair.eu\/fr\/#organization\"},\"potentialAction\":[{\"@type\":\"SearchAction\",\"target\":{\"@type\":\"EntryPoint\",\"urlTemplate\":\"https:\/\/www.awair.eu\/fr\/?s={search_term_string}\"},\"query-input\":\"required name=search_term_string\"}],\"inLanguage\":\"fr-FR\"},{\"@type\":\"WebPage\",\"@id\":\"https:\/\/www.awair.eu\/fr\/votre-inscription-est-confirmee\/#webpage\",\"url\":\"https:\/\/www.awair.eu\/fr\/votre-inscription-est-confirmee\/\",\"name\":\"Votre inscription est confirm\u00e9e - awair\",\"isPartOf\":{\"@id\":\"https:\/\/www.awair.eu\/fr\/#website\"},\"datePublished\":\"2020-12-28T13:16:59+00:00\",\"dateModified\":\"2023-06-07T10:54:05+00:00\",\"breadcrumb\":{\"@id\":\"https:\/\/www.awair.eu\/fr\/votre-inscription-est-confirmee\/#breadcrumb\"},\"inLanguage\":\"fr-FR\",\"potentialAction\":[{\"@type\":\"ReadAction\",\"target\":[\"https:\/\/www.awair.eu\/fr\/votre-inscription-est-confirmee\/\"]}]},{\"@type\":\"BreadcrumbList\",\"@id\":\"https:\/\/www.awair.eu\/fr\/votre-inscription-est-confirmee\/#breadcrumb\",\"itemListElement\":[{\"@type\":\"ListItem\",\"position\":1,\"name\":\"Home\",\"item\":\"https:\/\/www.awair.eu\/fr\/\"},{\"@type\":\"ListItem\",\"position\":2,\"name\":\"Votre inscription est confirm\u00e9e\"}]}]}<\/script>\n<!-- \/ Yoast SEO plugin. -->","yoast_head_json":{"title":"Votre inscription est confirm\u00e9e - awair","robots":{"index":"noindex","follow":"nofollow"},"og_locale":"fr_FR","og_type":"article","og_title":"Votre inscription est confirm\u00e9e - awair","og_description":"&nbsp; Merci de votre int\u00e9r\u00eat, dor\u00e9navant vous recevrez nos communications. Retour \u00e0 la home.","og_url":"https:\/\/www.awair.eu\/fr\/votre-inscription-est-confirmee\/","og_site_name":"awair","article_modified_time":"2023-06-07T10:54:05+00:00","twitter_card":"summary","twitter_site":"@awairAwareness","twitter_misc":{"Dur\u00e9e de lecture estim\u00e9e":"1 minute"},"schema":{"@context":"https:\/\/schema.org","@graph":[{"@type":"Organization","@id":"https:\/\/www.awair.eu\/fr\/#organization","name":"Awair","url":"https:\/\/www.awair.eu\/fr\/","sameAs":["https:\/\/www.linkedin.com\/company\/10070361\/","https:\/\/twitter.com\/awairAwareness"],"logo":{"@type":"ImageObject","@id":"https:\/\/www.awair.eu\/fr\/#logo","inLanguage":"fr-FR","url":"https:\/\/www.awair.eu\/wp-content\/uploads\/2022\/06\/Awair-02-1.jpg","contentUrl":"https:\/\/www.awair.eu\/wp-content\/uploads\/2022\/06\/Awair-02-1.jpg","width":1024,"height":1318,"caption":"Awair"},"image":{"@id":"https:\/\/www.awair.eu\/fr\/#logo"}},{"@type":"WebSite","@id":"https:\/\/www.awair.eu\/fr\/#website","url":"https:\/\/www.awair.eu\/fr\/","name":"awair","description":"Where will you be?","publisher":{"@id":"https:\/\/www.awair.eu\/fr\/#organization"},"potentialAction":[{"@type":"SearchAction","target":{"@type":"EntryPoint","urlTemplate":"https:\/\/www.awair.eu\/fr\/?s={search_term_string}"},"query-input":"required name=search_term_string"}],"inLanguage":"fr-FR"},{"@type":"WebPage","@id":"https:\/\/www.awair.eu\/fr\/votre-inscription-est-confirmee\/#webpage","url":"https:\/\/www.awair.eu\/fr\/votre-inscription-est-confirmee\/","name":"Votre inscription est confirm\u00e9e - awair","isPartOf":{"@id":"https:\/\/www.awair.eu\/fr\/#website"},"datePublished":"2020-12-28T13:16:59+00:00","dateModified":"2023-06-07T10:54:05+00:00","breadcrumb":{"@id":"https:\/\/www.awair.eu\/fr\/votre-inscription-est-confirmee\/#breadcrumb"},"inLanguage":"fr-FR","potentialAction":[{"@type":"ReadAction","target":["https:\/\/www.awair.eu\/fr\/votre-inscription-est-confirmee\/"]}]},{"@type":"BreadcrumbList","@id":"https:\/\/www.awair.eu\/fr\/votre-inscription-est-confirmee\/#breadcrumb","itemListElement":[{"@type":"ListItem","position":1,"name":"Home","item":"https:\/\/www.awair.eu\/fr\/"},{"@type":"ListItem","position":2,"name":"Votre inscription est confirm\u00e9e"}]}]}},"_links":{"self":[{"href":"https:\/\/www.awair.eu\/fr\/wp-json\/wp\/v2\/pages\/9956"}],"collection":[{"href":"https:\/\/www.awair.eu\/fr\/wp-json\/wp\/v2\/pages"}],"about":[{"href":"https:\/\/www.awair.eu\/fr\/wp-json\/wp\/v2\/types\/page"}],"author":[{"embeddable":true,"href":"https:\/\/www.awair.eu\/fr\/wp-json\/wp\/v2\/users\/1"}],"replies":[{"embeddable":true,"href":"https:\/\/www.awair.eu\/fr\/wp-json\/wp\/v2\/comments?post=9956"}],"version-history":[{"count":4,"href":"https:\/\/www.awair.eu\/fr\/wp-json\/wp\/v2\/pages\/9956\/revisions"}],"predecessor-version":[{"id":11673,"href":"https:\/\/www.awair.eu\/fr\/wp-json\/wp\/v2\/pages\/9956\/revisions\/11673"}],"wp:attachment":[{"href":"https:\/\/www.awair.eu\/fr\/wp-json\/wp\/v2\/media?parent=9956"}],"curies":[{"name":"wp","href":"https:\/\/api.w.org\/{rel}","templated":true}]}}