{"id":3722,"date":"2018-04-09T15:28:50","date_gmt":"2018-04-09T13:28:50","guid":{"rendered":"http:\/\/www.awair.eu\/produits-et-services\/selection\/dilemmas-series\/"},"modified":"2023-06-07T12:57:54","modified_gmt":"2023-06-07T10:57:54","slug":"dilemmas-series","status":"publish","type":"page","link":"https:\/\/www.awair.eu\/fr\/solutions\/psi-adc\/dilemmas-series\/","title":{"rendered":"The Dilemmas Series"},"content":{"rendered":"[vc_row type=\u00a0\u00bbfull_width_background\u00a0\u00bb full_screen_row_position=\u00a0\u00bbmiddle\u00a0\u00bb equal_height=\u00a0\u00bbyes\u00a0\u00bb content_placement=\u00a0\u00bbmiddle\u00a0\u00bb scene_position=\u00a0\u00bbcenter\u00a0\u00bb text_color=\u00a0\u00bbdark\u00a0\u00bb text_align=\u00a0\u00bbleft\u00a0\u00bb top_padding=\u00a0\u00bb40&Prime; bottom_padding=\u00a0\u00bb40&Prime; overlay_strength=\u00a0\u00bb0.3&Prime;][vc_column column_padding=\u00a0\u00bbno-extra-padding\u00a0\u00bb column_padding_position=\u00a0\u00bball\u00a0\u00bb background_color_opacity=\u00a0\u00bb1&Prime; background_hover_color_opacity=\u00a0\u00bb1&Prime; column_shadow=\u00a0\u00bbnone\u00a0\u00bb width=\u00a0\u00bb1\/2&Prime; tablet_text_alignment=\u00a0\u00bbdefault\u00a0\u00bb phone_text_alignment=\u00a0\u00bbdefault\u00a0\u00bb column_border_width=\u00a0\u00bbnone\u00a0\u00bb column_border_style=\u00a0\u00bbsolid\u00a0\u00bb][vc_column_text]<img loading=\"lazy\" class=\"alignleft wp-image-3697 size-large\" src=\"https:\/\/www.awair.eu\/wp-content\/uploads\/2018\/04\/Dilemmas-pic-1024x469.png\" alt=\"\" width=\"1024\" height=\"469\" srcset=\"https:\/\/www.awair.eu\/wp-content\/uploads\/2018\/04\/Dilemmas-pic-1024x469.png 1024w, https:\/\/www.awair.eu\/wp-content\/uploads\/2018\/04\/Dilemmas-pic-300x137.png 300w, https:\/\/www.awair.eu\/wp-content\/uploads\/2018\/04\/Dilemmas-pic-768x352.png 768w, https:\/\/www.awair.eu\/wp-content\/uploads\/2018\/04\/Dilemmas-pic.png 1280w\" sizes=\"(max-width: 1024px) 100vw, 1024px\" \/>[\/vc_column_text][\/vc_column][vc_column column_padding=\u00a0\u00bbno-extra-padding\u00a0\u00bb column_padding_position=\u00a0\u00bball\u00a0\u00bb background_color_opacity=\u00a0\u00bb1&Prime; background_hover_color_opacity=\u00a0\u00bb1&Prime; column_shadow=\u00a0\u00bbnone\u00a0\u00bb width=\u00a0\u00bb1\/2&Prime; tablet_text_alignment=\u00a0\u00bbdefault\u00a0\u00bb phone_text_alignment=\u00a0\u00bbdefault\u00a0\u00bb column_border_width=\u00a0\u00bbnone\u00a0\u00bb column_border_style=\u00a0\u00bbsolid\u00a0\u00bb][vc_column_text]Filtrer les candidatures de mani\u00e8re efficace et efficiente dans des c<strong>ampagnes de recrutement de gros volume<\/strong> est important pour atteindre l\u2019objectif ultime qui est d\u2019embaucher les bons candidats, de fa\u00e7on juste et fiable.<\/p>\n<p>Cette <strong>s\u00e9rie d\u2019outils de filtration et d\u2019\u00e9valuation<\/strong> en ligne sont des Tests de Jugement Situationnels qui demandent auxcandidats d\u2019\u00e9valuer l\u2019efficacit\u00e9 d\u2019une s\u00e9rie de r\u00e9ponses \u00e0 des sc\u00e9narios professionnels r\u00e9alistes.[\/vc_column_text][\/vc_column][\/vc_row][vc_row type=\u00a0\u00bbfull_width_background\u00a0\u00bb full_screen_row_position=\u00a0\u00bbmiddle\u00a0\u00bb equal_height=\u00a0\u00bbyes\u00a0\u00bb content_placement=\u00a0\u00bbmiddle\u00a0\u00bb bg_color=\u00a0\u00bb#d9eef4&Prime; scene_position=\u00a0\u00bbcenter\u00a0\u00bb text_color=\u00a0\u00bbdark\u00a0\u00bb text_align=\u00a0\u00bbleft\u00a0\u00bb top_padding=\u00a0\u00bb40&Prime; bottom_padding=\u00a0\u00bb40&Prime; overlay_strength=\u00a0\u00bb0.3&Prime;][vc_column column_padding=\u00a0\u00bbno-extra-padding\u00a0\u00bb column_padding_position=\u00a0\u00bball\u00a0\u00bb background_color_opacity=\u00a0\u00bb1&Prime; background_hover_color_opacity=\u00a0\u00bb1&Prime; column_shadow=\u00a0\u00bbnone\u00a0\u00bb width=\u00a0\u00bb1\/2&Prime; tablet_text_alignment=\u00a0\u00bbdefault\u00a0\u00bb phone_text_alignment=\u00a0\u00bbdefault\u00a0\u00bb column_border_width=\u00a0\u00bbnone\u00a0\u00bb column_border_style=\u00a0\u00bbsolid\u00a0\u00bb][vc_column_text]\n<h2 style=\"text-align: left;\"><strong>Sc\u00e9narios disponibles<\/strong><\/h2>\n[\/vc_column_text][\/vc_column][vc_column column_padding=\u00a0\u00bbno-extra-padding\u00a0\u00bb column_padding_position=\u00a0\u00bball\u00a0\u00bb background_color_opacity=\u00a0\u00bb1&Prime; background_hover_color_opacity=\u00a0\u00bb1&Prime; column_shadow=\u00a0\u00bbnone\u00a0\u00bb width=\u00a0\u00bb1\/2&Prime; tablet_text_alignment=\u00a0\u00bbdefault\u00a0\u00bb phone_text_alignment=\u00a0\u00bbdefault\u00a0\u00bb column_border_width=\u00a0\u00bbnone\u00a0\u00bb column_border_style=\u00a0\u00bbsolid\u00a0\u00bb][vc_column_text]\n<ul>\n<li><strong>Dilemmes de dipl\u00f4m\u00e9s<\/strong>. Trouver les jeunes dipl\u00f4m\u00e9s les plus pertinents pour aller jusqu\u2019\u00e0 la prochaine \u00e9tape de l\u2019\u00e9valuation.<\/li>\n<li><strong>Dilemmes administratifs<\/strong>. Trouver les bonnes personnes pour des r\u00f4les administratifs, travail de bureau ou des r\u00f4les dans le secr\u00e9tariat.<\/li>\n<li><strong>Dilemmes Service Client<\/strong>. Trouver les candidats qui peuvent r\u00e9pondre et m\u00eame d\u00e9passer les attentes du client.<\/li>\n<li><strong>Dilemmes de Management<\/strong>. Trouver ou d\u00e9velopper des managers comp\u00e9tents.<\/li>\n<\/ul>\n[\/vc_column_text][\/vc_column][\/vc_row][vc_row type=\u00a0\u00bbfull_width_background\u00a0\u00bb full_screen_row_position=\u00a0\u00bbmiddle\u00a0\u00bb equal_height=\u00a0\u00bbyes\u00a0\u00bb content_placement=\u00a0\u00bbmiddle\u00a0\u00bb bg_image=\u00a0\u00bb345&Prime; bg_position=\u00a0\u00bbleft top\u00a0\u00bb bg_repeat=\u00a0\u00bbno-repeat\u00a0\u00bb scene_position=\u00a0\u00bbcenter\u00a0\u00bb text_color=\u00a0\u00bblight\u00a0\u00bb text_align=\u00a0\u00bbleft\u00a0\u00bb top_padding=\u00a0\u00bb40&Prime; bottom_padding=\u00a0\u00bb40&Prime; overlay_strength=\u00a0\u00bb0.3&Prime;][vc_column column_padding=\u00a0\u00bbno-extra-padding\u00a0\u00bb column_padding_position=\u00a0\u00bball\u00a0\u00bb background_color_opacity=\u00a0\u00bb1&Prime; background_hover_color_opacity=\u00a0\u00bb1&Prime; column_shadow=\u00a0\u00bbnone\u00a0\u00bb width=\u00a0\u00bb1\/2&Prime; tablet_text_alignment=\u00a0\u00bbdefault\u00a0\u00bb phone_text_alignment=\u00a0\u00bbdefault\u00a0\u00bb column_border_width=\u00a0\u00bbnone\u00a0\u00bb column_border_style=\u00a0\u00bbsolid\u00a0\u00bb][vc_column_text]\n<h2 style=\"text-align: left;\"><strong>Pourquoi choisir The Dilemma Series <\/strong><\/h2>\n[\/vc_column_text][\/vc_column][vc_column column_padding=\u00a0\u00bbno-extra-padding\u00a0\u00bb column_padding_position=\u00a0\u00bball\u00a0\u00bb background_color_opacity=\u00a0\u00bb1&Prime; background_hover_color_opacity=\u00a0\u00bb1&Prime; column_shadow=\u00a0\u00bbnone\u00a0\u00bb width=\u00a0\u00bb1\/2&Prime; tablet_text_alignment=\u00a0\u00bbdefault\u00a0\u00bb phone_text_alignment=\u00a0\u00bbdefault\u00a0\u00bb column_border_width=\u00a0\u00bbnone\u00a0\u00bb column_border_style=\u00a0\u00bbsolid\u00a0\u00bb][vc_column_text]\n<ul>\n<li>D\u00e9velopp\u00e9 pour r\u00e9fl\u00e9chir \u00e0 des sc\u00e9narios professionnels pratiques, r\u00e9alistes et pertinents, aboutissant ainsi \u00e0 une meilleure perception de l\u2019obtention d\u2019un emploi.<\/li>\n<li>Con\u00e7u avec un syst\u00e8me de notation complet afin que ce soit sans erreurs et plus rapide \u00e0 noter.<\/li>\n<li>Utilis\u00e9 pour g\u00e9n\u00e9rer des r\u00e9sultats bas\u00e9s sur les comp\u00e9tences, ce qui peut \u00eatre facilement mod\u00e9lis\u00e9 selon les exigences d\u2019un poste en particulier.<\/li>\n<li>Le syst\u00e8me de livraison en ligne permet d\u2019inviter facilement les candidats \u00e0 r\u00e9aliser les tests, de mesurer leur progr\u00e8s, et de voir ou d\u2019exporter les r\u00e9sultats des candidats \u00e0 chaque \u00e9tape du projet de recrutement.<\/li>\n<\/ul>\n[\/vc_column_text][\/vc_column][\/vc_row][vc_row type=\u00a0\u00bbfull_width_background\u00a0\u00bb full_screen_row_position=\u00a0\u00bbmiddle\u00a0\u00bb equal_height=\u00a0\u00bbyes\u00a0\u00bb content_placement=\u00a0\u00bbmiddle\u00a0\u00bb bg_color=\u00a0\u00bb#d9eef4&Prime; scene_position=\u00a0\u00bbcenter\u00a0\u00bb text_color=\u00a0\u00bbdark\u00a0\u00bb text_align=\u00a0\u00bbcenter\u00a0\u00bb top_padding=\u00a0\u00bb20&Prime; bottom_padding=\u00a0\u00bb20&Prime; disable_element=\u00a0\u00bbyes\u00a0\u00bb overlay_strength=\u00a0\u00bb0.3&Prime;][vc_column column_padding=\u00a0\u00bbno-extra-padding\u00a0\u00bb column_padding_position=\u00a0\u00bball\u00a0\u00bb background_color_opacity=\u00a0\u00bb1&Prime; background_hover_color_opacity=\u00a0\u00bb1&Prime; column_shadow=\u00a0\u00bbnone\u00a0\u00bb width=\u00a0\u00bb1\/1&Prime; tablet_text_alignment=\u00a0\u00bbdefault\u00a0\u00bb phone_text_alignment=\u00a0\u00bbdefault\u00a0\u00bb column_border_width=\u00a0\u00bbnone\u00a0\u00bb column_border_style=\u00a0\u00bbsolid\u00a0\u00bb][nectar_btn size=\u00a0\u00bblarge\u00a0\u00bb open_new_tab=\u00a0\u00bbtrue\u00a0\u00bb button_style=\u00a0\u00bbregular\u00a0\u00bb button_color_2=\u00a0\u00bbAccent-Color\u00a0\u00bb icon_family=\u00a0\u00bbfontawesome\u00a0\u00bb url=\u00a0\u00bbhttps:\/\/www.awair.eu\/wp-content\/uploads\/2018\/02\/MAP-mangerial_eng.pdf\u00a0\u00bb text=\u00a0\u00bbDownload the Report\u00a0\u00bb icon_fontawesome=\u00a0\u00bbfa fa-file-pdf-o\u00a0\u00bb][\/vc_column][\/vc_row][vc_row type=\u00a0\u00bbfull_width_background\u00a0\u00bb full_screen_row_position=\u00a0\u00bbmiddle\u00a0\u00bb equal_height=\u00a0\u00bbyes\u00a0\u00bb scene_position=\u00a0\u00bbcenter\u00a0\u00bb text_color=\u00a0\u00bbdark\u00a0\u00bb text_align=\u00a0\u00bbleft\u00a0\u00bb top_padding=\u00a0\u00bb30&Prime; bottom_padding=\u00a0\u00bb20&Prime; overlay_strength=\u00a0\u00bb0.3&Prime;][vc_column column_padding=\u00a0\u00bbno-extra-padding\u00a0\u00bb column_padding_position=\u00a0\u00bball\u00a0\u00bb background_color_opacity=\u00a0\u00bb1&Prime; background_hover_color_opacity=\u00a0\u00bb1&Prime; column_shadow=\u00a0\u00bbnone\u00a0\u00bb width=\u00a0\u00bb1\/1&Prime; tablet_text_alignment=\u00a0\u00bbdefault\u00a0\u00bb phone_text_alignment=\u00a0\u00bbdefault\u00a0\u00bb column_border_width=\u00a0\u00bbnone\u00a0\u00bb column_border_style=\u00a0\u00bbsolid\u00a0\u00bb][vc_column_text]\n<h2 style=\"text-align: center;\">Voir aussi<\/h2>\n[\/vc_column_text][\/vc_column][\/vc_row][vc_row type=\u00a0\u00bbfull_width_background\u00a0\u00bb full_screen_row_position=\u00a0\u00bbmiddle\u00a0\u00bb equal_height=\u00a0\u00bbyes\u00a0\u00bb content_placement=\u00a0\u00bbtop\u00a0\u00bb scene_position=\u00a0\u00bbcenter\u00a0\u00bb text_color=\u00a0\u00bbdark\u00a0\u00bb text_align=\u00a0\u00bbcenter\u00a0\u00bb top_padding=\u00a0\u00bb20&Prime; bottom_padding=\u00a0\u00bb60&Prime; overlay_strength=\u00a0\u00bb0.3&Prime;][vc_column column_padding=\u00a0\u00bbno-extra-padding\u00a0\u00bb column_padding_position=\u00a0\u00bball\u00a0\u00bb background_color_opacity=\u00a0\u00bb1&Prime; background_hover_color_opacity=\u00a0\u00bb1&Prime; column_shadow=\u00a0\u00bbnone\u00a0\u00bb width=\u00a0\u00bb1\/4&Prime; tablet_text_alignment=\u00a0\u00bbdefault\u00a0\u00bb phone_text_alignment=\u00a0\u00bbdefault\u00a0\u00bb column_border_width=\u00a0\u00bbnone\u00a0\u00bb column_border_style=\u00a0\u00bbsolid\u00a0\u00bb][\/vc_column][vc_column boxed=\u00a0\u00bbtrue\u00a0\u00bb column_padding=\u00a0\u00bbpadding-2-percent\u00a0\u00bb column_padding_position=\u00a0\u00bball\u00a0\u00bb background_color_opacity=\u00a0\u00bb1&Prime; background_hover_color_opacity=\u00a0\u00bb1&Prime; column_shadow=\u00a0\u00bbnone\u00a0\u00bb width=\u00a0\u00bb1\/4&Prime; tablet_text_alignment=\u00a0\u00bbdefault\u00a0\u00bb phone_text_alignment=\u00a0\u00bbdefault\u00a0\u00bb column_border_width=\u00a0\u00bbnone\u00a0\u00bb column_border_style=\u00a0\u00bbsolid\u00a0\u00bb column_link=\u00a0\u00bbhttps:\/\/www.awair.eu\/fr\/produits-et-services\/selection\/ac-exs\/\u00a0\u00bb][vc_column_text]<img loading=\"lazy\" class=\"wp-image-2950 aligncenter\" src=\"https:\/\/www.awair.eu\/wp-content\/uploads\/2017\/04\/AC-EXS-286x300.png\" alt=\"\" width=\"114\" height=\"120\" srcset=\"https:\/\/www.awair.eu\/wp-content\/uploads\/2017\/04\/AC-EXS-286x300.png 286w, https:\/\/www.awair.eu\/wp-content\/uploads\/2017\/04\/AC-EXS-768x806.png 768w, https:\/\/www.awair.eu\/wp-content\/uploads\/2017\/04\/AC-EXS.png 913w\" sizes=\"(max-width: 114px) 100vw, 114px\" \/>[\/vc_column_text]<div class=\"divider-wrap\"><div style=\"height: 20px;\" class=\"divider\"><\/div><\/div>[vc_column_text]\n<h3 style=\"text-align: center;\">AC-EXS<\/h3>\n<p style=\"text-align: center;\">Exercices de simulation business pr\u00eats \u00e0 l\u2019emploi.<\/p>\n[\/vc_column_text][\/vc_column][vc_column boxed=\u00a0\u00bbtrue\u00a0\u00bb column_padding=\u00a0\u00bbpadding-2-percent\u00a0\u00bb column_padding_position=\u00a0\u00bball\u00a0\u00bb background_color_opacity=\u00a0\u00bb1&Prime; background_hover_color_opacity=\u00a0\u00bb1&Prime; column_shadow=\u00a0\u00bbnone\u00a0\u00bb width=\u00a0\u00bb1\/4&Prime; tablet_text_alignment=\u00a0\u00bbdefault\u00a0\u00bb phone_text_alignment=\u00a0\u00bbdefault\u00a0\u00bb column_border_width=\u00a0\u00bbnone\u00a0\u00bb column_border_style=\u00a0\u00bbsolid\u00a0\u00bb column_link=\u00a0\u00bbhttps:\/\/www.awair.eu\/fr\/produits-et-services\/selection\/virtual-ac\/\u00a0\u00bb][vc_column_text]<img loading=\"lazy\" class=\"wp-image-2952 aligncenter\" src=\"https:\/\/www.awair.eu\/wp-content\/uploads\/2017\/04\/Virtual-AC-300x279.png\" alt=\"\" width=\"129\" height=\"120\" srcset=\"https:\/\/www.awair.eu\/wp-content\/uploads\/2017\/04\/Virtual-AC-300x279.png 300w, https:\/\/www.awair.eu\/wp-content\/uploads\/2017\/04\/Virtual-AC.png 322w\" sizes=\"(max-width: 129px) 100vw, 129px\" \/>[\/vc_column_text]<div class=\"divider-wrap\"><div style=\"height: 20px;\" class=\"divider\"><\/div><\/div>[vc_column_text]\n<h3>Virtual<em>AC<\/em><\/h3>\n<p>Exercices de simulation business en ligne.[\/vc_column_text][\/vc_column][vc_column column_padding=\u00a0\u00bbno-extra-padding\u00a0\u00bb column_padding_position=\u00a0\u00bball\u00a0\u00bb background_color_opacity=\u00a0\u00bb1&Prime; background_hover_color_opacity=\u00a0\u00bb1&Prime; column_shadow=\u00a0\u00bbnone\u00a0\u00bb width=\u00a0\u00bb1\/4&Prime; tablet_text_alignment=\u00a0\u00bbdefault\u00a0\u00bb phone_text_alignment=\u00a0\u00bbdefault\u00a0\u00bb column_border_width=\u00a0\u00bbnone\u00a0\u00bb column_border_style=\u00a0\u00bbsolid\u00a0\u00bb][\/vc_column][\/vc_row]\n","protected":false},"excerpt":{"rendered":"<p>[vc_row type=\u00a0\u00bbfull_width_background\u00a0\u00bb full_screen_row_position=\u00a0\u00bbmiddle\u00a0\u00bb equal_height=\u00a0\u00bbyes\u00a0\u00bb content_placement=\u00a0\u00bbmiddle\u00a0\u00bb scene_position=\u00a0\u00bbcenter\u00a0\u00bb text_color=\u00a0\u00bbdark\u00a0\u00bb text_align=\u00a0\u00bbleft\u00a0\u00bb top_padding=\u00a0\u00bb40&Prime; bottom_padding=\u00a0\u00bb40&Prime; overlay_strength=\u00a0\u00bb0.3&Prime;][vc_column column_padding=\u00a0\u00bbno-extra-padding\u00a0\u00bb column_padding_position=\u00a0\u00bball\u00a0\u00bb background_color_opacity=\u00a0\u00bb1&Prime; background_hover_color_opacity=\u00a0\u00bb1&Prime; column_shadow=\u00a0\u00bbnone\u00a0\u00bb width=\u00a0\u00bb1\/2&Prime; tablet_text_alignment=\u00a0\u00bbdefault\u00a0\u00bb phone_text_alignment=\u00a0\u00bbdefault\u00a0\u00bb column_border_width=\u00a0\u00bbnone\u00a0\u00bb column_border_style=\u00a0\u00bbsolid\u00a0\u00bb][vc_column_text][\/vc_column_text][\/vc_column][vc_column column_padding=\u00a0\u00bbno-extra-padding\u00a0\u00bb column_padding_position=\u00a0\u00bball\u00a0\u00bb background_color_opacity=\u00a0\u00bb1&Prime; background_hover_color_opacity=\u00a0\u00bb1&Prime;&#8230;<\/p>\n","protected":false},"author":1,"featured_media":0,"parent":1122,"menu_order":0,"comment_status":"closed","ping_status":"closed","template":"","meta":{"inline_featured_image":false},"yoast_head":"<!-- This site is optimized with the Yoast SEO plugin v18.3 - https:\/\/yoast.com\/wordpress\/plugins\/seo\/ -->\n<title>Awair | a&amp;dc The Dilemmas Series<\/title>\n<meta name=\"description\" content=\"These Dilemmas are Situational Judgement Tests that require candidates to rate the effectiveness of a series of responses to work-related scenarios.\" \/>\n<meta name=\"robots\" content=\"index, follow, max-snippet:-1, max-image-preview:large, max-video-preview:-1\" \/>\n<link rel=\"canonical\" href=\"https:\/\/www.awair.eu\/fr\/solutions\/psi-adc\/dilemmas-series\/\" \/>\n<meta property=\"og:locale\" content=\"fr_FR\" \/>\n<meta property=\"og:type\" content=\"article\" \/>\n<meta property=\"og:title\" content=\"Awair | a&amp;dc The Dilemmas Series\" \/>\n<meta property=\"og:description\" content=\"These Dilemmas are Situational Judgement Tests that require candidates to rate the effectiveness of a series of responses to work-related scenarios.\" \/>\n<meta property=\"og:url\" content=\"https:\/\/www.awair.eu\/fr\/solutions\/psi-adc\/dilemmas-series\/\" \/>\n<meta property=\"og:site_name\" content=\"awair\" \/>\n<meta property=\"article:modified_time\" content=\"2023-06-07T10:57:54+00:00\" \/>\n<meta property=\"og:image\" content=\"https:\/\/www.awair.eu\/wp-content\/uploads\/2018\/04\/Dilemmas-pic-1024x469.png\" \/>\n<meta name=\"twitter:card\" content=\"summary\" \/>\n<meta name=\"twitter:site\" content=\"@awairAwareness\" \/>\n<meta name=\"twitter:label1\" content=\"Dur\u00e9e de lecture estim\u00e9e\" \/>\n\t<meta name=\"twitter:data1\" content=\"6 minutes\" \/>\n<script type=\"application\/ld+json\" class=\"yoast-schema-graph\">{\"@context\":\"https:\/\/schema.org\",\"@graph\":[{\"@type\":\"Organization\",\"@id\":\"https:\/\/www.awair.eu\/fr\/#organization\",\"name\":\"Awair\",\"url\":\"https:\/\/www.awair.eu\/fr\/\",\"sameAs\":[\"https:\/\/www.linkedin.com\/company\/10070361\/\",\"https:\/\/twitter.com\/awairAwareness\"],\"logo\":{\"@type\":\"ImageObject\",\"@id\":\"https:\/\/www.awair.eu\/fr\/#logo\",\"inLanguage\":\"fr-FR\",\"url\":\"https:\/\/www.awair.eu\/wp-content\/uploads\/2022\/06\/Awair-02-1.jpg\",\"contentUrl\":\"https:\/\/www.awair.eu\/wp-content\/uploads\/2022\/06\/Awair-02-1.jpg\",\"width\":1024,\"height\":1318,\"caption\":\"Awair\"},\"image\":{\"@id\":\"https:\/\/www.awair.eu\/fr\/#logo\"}},{\"@type\":\"WebSite\",\"@id\":\"https:\/\/www.awair.eu\/fr\/#website\",\"url\":\"https:\/\/www.awair.eu\/fr\/\",\"name\":\"awair\",\"description\":\"Where will you be?\",\"publisher\":{\"@id\":\"https:\/\/www.awair.eu\/fr\/#organization\"},\"potentialAction\":[{\"@type\":\"SearchAction\",\"target\":{\"@type\":\"EntryPoint\",\"urlTemplate\":\"https:\/\/www.awair.eu\/fr\/?s={search_term_string}\"},\"query-input\":\"required name=search_term_string\"}],\"inLanguage\":\"fr-FR\"},{\"@type\":\"ImageObject\",\"@id\":\"https:\/\/www.awair.eu\/fr\/solutions\/psi-adc\/dilemmas-series\/#primaryimage\",\"inLanguage\":\"fr-FR\",\"url\":\"https:\/\/www.awair.eu\/wp-content\/uploads\/2018\/04\/Dilemmas-pic.png\",\"contentUrl\":\"https:\/\/www.awair.eu\/wp-content\/uploads\/2018\/04\/Dilemmas-pic.png\",\"width\":1280,\"height\":586},{\"@type\":\"WebPage\",\"@id\":\"https:\/\/www.awair.eu\/fr\/solutions\/psi-adc\/dilemmas-series\/#webpage\",\"url\":\"https:\/\/www.awair.eu\/fr\/solutions\/psi-adc\/dilemmas-series\/\",\"name\":\"Awair | a&dc The Dilemmas Series\",\"isPartOf\":{\"@id\":\"https:\/\/www.awair.eu\/fr\/#website\"},\"primaryImageOfPage\":{\"@id\":\"https:\/\/www.awair.eu\/fr\/solutions\/psi-adc\/dilemmas-series\/#primaryimage\"},\"datePublished\":\"2018-04-09T13:28:50+00:00\",\"dateModified\":\"2023-06-07T10:57:54+00:00\",\"description\":\"These Dilemmas are Situational Judgement Tests that require candidates to rate the effectiveness of a series of responses to work-related scenarios.\",\"breadcrumb\":{\"@id\":\"https:\/\/www.awair.eu\/fr\/solutions\/psi-adc\/dilemmas-series\/#breadcrumb\"},\"inLanguage\":\"fr-FR\",\"potentialAction\":[{\"@type\":\"ReadAction\",\"target\":[\"https:\/\/www.awair.eu\/fr\/solutions\/psi-adc\/dilemmas-series\/\"]}]},{\"@type\":\"BreadcrumbList\",\"@id\":\"https:\/\/www.awair.eu\/fr\/solutions\/psi-adc\/dilemmas-series\/#breadcrumb\",\"itemListElement\":[{\"@type\":\"ListItem\",\"position\":1,\"name\":\"Home\",\"item\":\"https:\/\/www.awair.eu\/fr\/\"},{\"@type\":\"ListItem\",\"position\":2,\"name\":\"Solutions\",\"item\":\"https:\/\/www.awair.eu\/fr\/solutions\/\"},{\"@type\":\"ListItem\",\"position\":3,\"name\":\"PSI\",\"item\":\"https:\/\/www.awair.eu\/fr\/solutions\/psi-adc\/\"},{\"@type\":\"ListItem\",\"position\":4,\"name\":\"The Dilemmas Series\"}]}]}<\/script>\n<!-- \/ Yoast SEO plugin. -->","yoast_head_json":{"title":"Awair | a&dc The Dilemmas Series","description":"These Dilemmas are Situational Judgement Tests that require candidates to rate the effectiveness of a series of responses to work-related scenarios.","robots":{"index":"index","follow":"follow","max-snippet":"max-snippet:-1","max-image-preview":"max-image-preview:large","max-video-preview":"max-video-preview:-1"},"canonical":"https:\/\/www.awair.eu\/fr\/solutions\/psi-adc\/dilemmas-series\/","og_locale":"fr_FR","og_type":"article","og_title":"Awair | a&dc The Dilemmas Series","og_description":"These Dilemmas are Situational Judgement Tests that require candidates to rate the effectiveness of a series of responses to work-related scenarios.","og_url":"https:\/\/www.awair.eu\/fr\/solutions\/psi-adc\/dilemmas-series\/","og_site_name":"awair","article_modified_time":"2023-06-07T10:57:54+00:00","og_image":[{"url":"https:\/\/www.awair.eu\/wp-content\/uploads\/2018\/04\/Dilemmas-pic-1024x469.png"}],"twitter_card":"summary","twitter_site":"@awairAwareness","twitter_misc":{"Dur\u00e9e de lecture estim\u00e9e":"6 minutes"},"schema":{"@context":"https:\/\/schema.org","@graph":[{"@type":"Organization","@id":"https:\/\/www.awair.eu\/fr\/#organization","name":"Awair","url":"https:\/\/www.awair.eu\/fr\/","sameAs":["https:\/\/www.linkedin.com\/company\/10070361\/","https:\/\/twitter.com\/awairAwareness"],"logo":{"@type":"ImageObject","@id":"https:\/\/www.awair.eu\/fr\/#logo","inLanguage":"fr-FR","url":"https:\/\/www.awair.eu\/wp-content\/uploads\/2022\/06\/Awair-02-1.jpg","contentUrl":"https:\/\/www.awair.eu\/wp-content\/uploads\/2022\/06\/Awair-02-1.jpg","width":1024,"height":1318,"caption":"Awair"},"image":{"@id":"https:\/\/www.awair.eu\/fr\/#logo"}},{"@type":"WebSite","@id":"https:\/\/www.awair.eu\/fr\/#website","url":"https:\/\/www.awair.eu\/fr\/","name":"awair","description":"Where will you be?","publisher":{"@id":"https:\/\/www.awair.eu\/fr\/#organization"},"potentialAction":[{"@type":"SearchAction","target":{"@type":"EntryPoint","urlTemplate":"https:\/\/www.awair.eu\/fr\/?s={search_term_string}"},"query-input":"required name=search_term_string"}],"inLanguage":"fr-FR"},{"@type":"ImageObject","@id":"https:\/\/www.awair.eu\/fr\/solutions\/psi-adc\/dilemmas-series\/#primaryimage","inLanguage":"fr-FR","url":"https:\/\/www.awair.eu\/wp-content\/uploads\/2018\/04\/Dilemmas-pic.png","contentUrl":"https:\/\/www.awair.eu\/wp-content\/uploads\/2018\/04\/Dilemmas-pic.png","width":1280,"height":586},{"@type":"WebPage","@id":"https:\/\/www.awair.eu\/fr\/solutions\/psi-adc\/dilemmas-series\/#webpage","url":"https:\/\/www.awair.eu\/fr\/solutions\/psi-adc\/dilemmas-series\/","name":"Awair | a&dc The Dilemmas Series","isPartOf":{"@id":"https:\/\/www.awair.eu\/fr\/#website"},"primaryImageOfPage":{"@id":"https:\/\/www.awair.eu\/fr\/solutions\/psi-adc\/dilemmas-series\/#primaryimage"},"datePublished":"2018-04-09T13:28:50+00:00","dateModified":"2023-06-07T10:57:54+00:00","description":"These Dilemmas are Situational Judgement Tests that require candidates to rate the effectiveness of a series of responses to work-related scenarios.","breadcrumb":{"@id":"https:\/\/www.awair.eu\/fr\/solutions\/psi-adc\/dilemmas-series\/#breadcrumb"},"inLanguage":"fr-FR","potentialAction":[{"@type":"ReadAction","target":["https:\/\/www.awair.eu\/fr\/solutions\/psi-adc\/dilemmas-series\/"]}]},{"@type":"BreadcrumbList","@id":"https:\/\/www.awair.eu\/fr\/solutions\/psi-adc\/dilemmas-series\/#breadcrumb","itemListElement":[{"@type":"ListItem","position":1,"name":"Home","item":"https:\/\/www.awair.eu\/fr\/"},{"@type":"ListItem","position":2,"name":"Solutions","item":"https:\/\/www.awair.eu\/fr\/solutions\/"},{"@type":"ListItem","position":3,"name":"PSI","item":"https:\/\/www.awair.eu\/fr\/solutions\/psi-adc\/"},{"@type":"ListItem","position":4,"name":"The Dilemmas Series"}]}]}},"_links":{"self":[{"href":"https:\/\/www.awair.eu\/fr\/wp-json\/wp\/v2\/pages\/3722"}],"collection":[{"href":"https:\/\/www.awair.eu\/fr\/wp-json\/wp\/v2\/pages"}],"about":[{"href":"https:\/\/www.awair.eu\/fr\/wp-json\/wp\/v2\/types\/page"}],"author":[{"embeddable":true,"href":"https:\/\/www.awair.eu\/fr\/wp-json\/wp\/v2\/users\/1"}],"replies":[{"embeddable":true,"href":"https:\/\/www.awair.eu\/fr\/wp-json\/wp\/v2\/comments?post=3722"}],"version-history":[{"count":4,"href":"https:\/\/www.awair.eu\/fr\/wp-json\/wp\/v2\/pages\/3722\/revisions"}],"predecessor-version":[{"id":3927,"href":"https:\/\/www.awair.eu\/fr\/wp-json\/wp\/v2\/pages\/3722\/revisions\/3927"}],"up":[{"embeddable":true,"href":"https:\/\/www.awair.eu\/fr\/wp-json\/wp\/v2\/pages\/1122"}],"wp:attachment":[{"href":"https:\/\/www.awair.eu\/fr\/wp-json\/wp\/v2\/media?parent=3722"}],"curies":[{"name":"wp","href":"https:\/\/api.w.org\/{rel}","templated":true}]}}