{"id":3384,"date":"2018-02-09T12:29:36","date_gmt":"2018-02-09T11:29:36","guid":{"rendered":"http:\/\/www.awair.eu\/certifications\/assessio-training-programs\/"},"modified":"2023-06-07T13:00:44","modified_gmt":"2023-06-07T11:00:44","slug":"programme-de-certification-assessio","status":"publish","type":"page","link":"https:\/\/www.awair.eu\/fr\/certifications\/programme-de-certification-assessio\/","title":{"rendered":"Programme de certification Assessio"},"content":{"rendered":"[vc_row type=\u00a0\u00bbfull_width_background\u00a0\u00bb full_screen_row_position=\u00a0\u00bbmiddle\u00a0\u00bb bg_color=\u00a0\u00bb#f6ebda\u00a0\u00bb scene_position=\u00a0\u00bbcenter\u00a0\u00bb text_color=\u00a0\u00bbdark\u00a0\u00bb text_align=\u00a0\u00bbleft\u00a0\u00bb top_padding=\u00a0\u00bb60&Prime; bottom_padding=\u00a0\u00bb30&Prime; overlay_strength=\u00a0\u00bb0.3&Prime;][vc_column column_padding=\u00a0\u00bbno-extra-padding\u00a0\u00bb column_padding_position=\u00a0\u00bball\u00a0\u00bb background_color_opacity=\u00a0\u00bb1&Prime; background_hover_color_opacity=\u00a0\u00bb1&Prime; column_shadow=\u00a0\u00bbnone\u00a0\u00bb width=\u00a0\u00bb1\/1&Prime; tablet_text_alignment=\u00a0\u00bbdefault\u00a0\u00bb phone_text_alignment=\u00a0\u00bbdefault\u00a0\u00bb column_border_width=\u00a0\u00bbnone\u00a0\u00bb column_border_style=\u00a0\u00bbsolid\u00a0\u00bb][vc_column_text]Chaque <strong>Programme de Formation Assessio<\/strong> est une condition pr\u00e9alable pour interpr\u00e9ter et appliquer chaque outil psychom\u00e9trique inclus dans la s\u00e9rie, notamment:[\/vc_column_text][vc_row_inner equal_height=\u00a0\u00bbyes\u00a0\u00bb content_placement=\u00a0\u00bbtop\u00a0\u00bb column_margin=\u00a0\u00bbdefault\u00a0\u00bb top_padding=\u00a0\u00bb40&Prime; text_align=\u00a0\u00bbleft\u00a0\u00bb][vc_column_inner column_padding=\u00a0\u00bbno-extra-padding\u00a0\u00bb column_padding_position=\u00a0\u00bball\u00a0\u00bb background_color_opacity=\u00a0\u00bb1&Prime; width=\u00a0\u00bb1\/2&Prime; column_border_width=\u00a0\u00bbnone\u00a0\u00bb column_border_style=\u00a0\u00bbsolid\u00a0\u00bb][vc_column_text]\n<h4 style=\"text-align: left;\">Evaluation Cognitive<\/h4>\n<ul>\n<li><a href=\"https:\/\/www.awair.eu\/fr\/solutions\/assessio\/matrigma\/\">Matrigma<\/a><\/li>\n<\/ul>\n[\/vc_column_text][\/vc_column_inner][vc_column_inner column_padding=\u00a0\u00bbno-extra-padding\u00a0\u00bb column_padding_position=\u00a0\u00bball\u00a0\u00bb background_color_opacity=\u00a0\u00bb1&Prime; width=\u00a0\u00bb1\/2&Prime; column_border_width=\u00a0\u00bbnone\u00a0\u00bb column_border_style=\u00a0\u00bbsolid\u00a0\u00bb][vc_column_text]\n<h4 style=\"text-align: left;\">Evaluation de personnalit\u00e9<\/h4>\n<ul>\n<li><a href=\"https:\/\/www.awair.eu\/fr\/solutions\/assessio\/map\/\">MAP<\/a><\/li>\n<li><a href=\"https:\/\/www.awair.eu\/fr\/solutions\/assessio\/mint\/\">MINT<\/a><\/li>\n<li><a href=\"https:\/\/www.awair.eu\/fr\/solutions\/assessio\/servicefirst\/\">ServiceFirst<\/a><\/li>\n<\/ul>\n[\/vc_column_text][\/vc_column_inner][\/vc_row_inner][\/vc_column][\/vc_row][vc_row type=\u00a0\u00bbfull_width_background\u00a0\u00bb full_screen_row_position=\u00a0\u00bbmiddle\u00a0\u00bb equal_height=\u00a0\u00bbyes\u00a0\u00bb content_placement=\u00a0\u00bbmiddle\u00a0\u00bb scene_position=\u00a0\u00bbcenter\u00a0\u00bb text_color=\u00a0\u00bbdark\u00a0\u00bb text_align=\u00a0\u00bbleft\u00a0\u00bb top_padding=\u00a0\u00bb40&Prime; bottom_padding=\u00a0\u00bb40&Prime; overlay_strength=\u00a0\u00bb0.3&Prime;][vc_column column_padding=\u00a0\u00bbno-extra-padding\u00a0\u00bb column_padding_position=\u00a0\u00bball\u00a0\u00bb background_color_opacity=\u00a0\u00bb1&Prime; background_hover_color_opacity=\u00a0\u00bb1&Prime; column_shadow=\u00a0\u00bbnone\u00a0\u00bb width=\u00a0\u00bb1\/4&Prime; tablet_text_alignment=\u00a0\u00bbdefault\u00a0\u00bb phone_text_alignment=\u00a0\u00bbdefault\u00a0\u00bb column_border_width=\u00a0\u00bbnone\u00a0\u00bb column_border_style=\u00a0\u00bbsolid\u00a0\u00bb]<div class=\"img-with-aniamtion-wrap \" data-max-width=\"100%\"><div class=\"inner\"><img data-shadow=\"none\" data-shadow-direction=\"middle\" class=\"img-with-animation \" data-delay=\"0\" height=\"1040\" width=\"935\" data-animation=\"fade-in\" src=\"https:\/\/www.awair.eu\/wp-content\/uploads\/2018\/02\/soffa_blue.png\" srcset=\"https:\/\/www.awair.eu\/wp-content\/uploads\/2018\/02\/soffa_blue.png 935w, https:\/\/www.awair.eu\/wp-content\/uploads\/2018\/02\/soffa_blue-270x300.png 270w, https:\/\/www.awair.eu\/wp-content\/uploads\/2018\/02\/soffa_blue-768x854.png 768w, https:\/\/www.awair.eu\/wp-content\/uploads\/2018\/02\/soffa_blue-921x1024.png 921w\" alt=\"\" \/><\/div><\/div>[\/vc_column][vc_column column_padding=\u00a0\u00bbpadding-8-percent\u00a0\u00bb column_padding_position=\u00a0\u00bbleft\u00a0\u00bb background_color_opacity=\u00a0\u00bb1&Prime; background_hover_color_opacity=\u00a0\u00bb1&Prime; column_shadow=\u00a0\u00bbnone\u00a0\u00bb width=\u00a0\u00bb3\/4&Prime; tablet_text_alignment=\u00a0\u00bbdefault\u00a0\u00bb phone_text_alignment=\u00a0\u00bbdefault\u00a0\u00bb column_border_width=\u00a0\u00bbnone\u00a0\u00bb column_border_style=\u00a0\u00bbsolid\u00a0\u00bb][vc_column_text]\n<h2 style=\"text-align: left;\"><strong>Programmes de Certification en ligne<\/strong><\/h2>\n[\/vc_column_text][vc_row_inner equal_height=\u00a0\u00bbyes\u00a0\u00bb column_margin=\u00a0\u00bbdefault\u00a0\u00bb top_padding=\u00a0\u00bb20&Prime; text_align=\u00a0\u00bbleft\u00a0\u00bb][vc_column_inner column_padding=\u00a0\u00bbno-extra-padding\u00a0\u00bb column_padding_position=\u00a0\u00bball\u00a0\u00bb background_color_opacity=\u00a0\u00bb1&Prime; width=\u00a0\u00bb1\/1&Prime; column_border_width=\u00a0\u00bbnone\u00a0\u00bb column_border_style=\u00a0\u00bbsolid\u00a0\u00bb][vc_column_text]\u00catre certifi\u00e9 des outils <strong>Assessio<\/strong> est simple, \u00e9conomique, et agile. Les formations en ligne pour <strong>MiNT<\/strong> et <strong>Matrigma<\/strong> sont disponibles partout o\u00f9 vous vous trouvez. Tout ce dont vous avez besoin est d\u2019un ordinateur, une tablette ou un smartphone et d\u2019une connexion internet.<\/p>\n<p>Chaque formation est con\u00e7ue pour le management des talents ainsi que les sp\u00e9cialistes en d\u00e9veloppement des organisations, sp\u00e9cialistes RH, consultants RH, coachs et psychologues.[\/vc_column_text][\/vc_column_inner][\/vc_row_inner][vc_row_inner content_placement=\u00a0\u00bbmiddle\u00a0\u00bb column_margin=\u00a0\u00bbdefault\u00a0\u00bb text_align=\u00a0\u00bbleft\u00a0\u00bb][vc_column_inner column_padding=\u00a0\u00bbno-extra-padding\u00a0\u00bb column_padding_position=\u00a0\u00bball\u00a0\u00bb background_color_opacity=\u00a0\u00bb1&Prime; width=\u00a0\u00bb1\/1&Prime; column_border_width=\u00a0\u00bbnone\u00a0\u00bb column_border_style=\u00a0\u00bbsolid\u00a0\u00bb]<div class=\"divider-wrap\"><div style=\"height: 20px;\" class=\"divider\"><\/div><\/div>[vc_column_text]\n<h2 style=\"text-align: left;\">Ils consisten en:<\/h2>\n[\/vc_column_text]<div class=\"divider-wrap\"><div style=\"height: 20px;\" class=\"divider\"><\/div><\/div>[\/vc_column_inner][\/vc_row_inner][vc_row_inner content_placement=\u00a0\u00bbmiddle\u00a0\u00bb column_margin=\u00a0\u00bbdefault\u00a0\u00bb text_align=\u00a0\u00bbleft\u00a0\u00bb][vc_column_inner column_padding=\u00a0\u00bbno-extra-padding\u00a0\u00bb column_padding_position=\u00a0\u00bball\u00a0\u00bb background_color_opacity=\u00a0\u00bb1&Prime; width=\u00a0\u00bb1\/3&Prime; column_border_width=\u00a0\u00bbnone\u00a0\u00bb column_border_style=\u00a0\u00bbsolid\u00a0\u00bb][vc_column_text]\n<h4 style=\"text-align: left;\">Format<\/h4>\n<ul>\n<li>Dur\u00e9e: entre 1h et 1h30<\/li>\n<li>Se termine par un quizz<\/li>\n<li>Disponible sur plus de 3 mois<\/li>\n<li>Possibilit\u00e9 de t\u00e9l\u00e9charger son certificat personnel<\/li>\n<\/ul>\n[\/vc_column_text][\/vc_column_inner][vc_column_inner column_padding=\u00a0\u00bbno-extra-padding\u00a0\u00bb column_padding_position=\u00a0\u00bball\u00a0\u00bb background_color_opacity=\u00a0\u00bb1&Prime; width=\u00a0\u00bb1\/3&Prime; column_border_width=\u00a0\u00bbnone\u00a0\u00bb column_border_style=\u00a0\u00bbsolid\u00a0\u00bb][vc_column_text]\n<h4 style=\"text-align: left;\">Content<\/h4>\n<ul>\n<li>Objectif et utilisation de\u00a0l\u2019outil en question<\/li>\n<li>Administration et interpr\u00e9tation des r\u00e9sultats<\/li>\n<li>Recommandations et meilleures pratiques \u00e0 adopter<\/li>\n<li>Quiz final<\/li>\n<\/ul>\n[\/vc_column_text][\/vc_column_inner][vc_column_inner column_padding=\u00a0\u00bbno-extra-padding\u00a0\u00bb column_padding_position=\u00a0\u00bball\u00a0\u00bb background_color_opacity=\u00a0\u00bb1&Prime; width=\u00a0\u00bb1\/3&Prime; column_border_width=\u00a0\u00bbnone\u00a0\u00bb column_border_style=\u00a0\u00bbsolid\u00a0\u00bb]<div class=\"img-with-aniamtion-wrap \" data-max-width=\"100%\"><div class=\"inner\"><img data-shadow=\"none\" data-shadow-direction=\"middle\" class=\"img-with-animation \" data-delay=\"0\" height=\"186\" width=\"200\" data-animation=\"fade-in\" src=\"https:\/\/www.awair.eu\/wp-content\/uploads\/2018\/02\/kandidat-ensam.png\" srcset=\"\" alt=\"\" \/><\/div><\/div>[\/vc_column_inner][\/vc_row_inner][\/vc_column][\/vc_row][vc_row type=\u00a0\u00bbfull_width_background\u00a0\u00bb full_screen_row_position=\u00a0\u00bbmiddle\u00a0\u00bb equal_height=\u00a0\u00bbyes\u00a0\u00bb content_placement=\u00a0\u00bbmiddle\u00a0\u00bb bg_color=\u00a0\u00bb#d9eef4&Prime; scene_position=\u00a0\u00bbcenter\u00a0\u00bb text_color=\u00a0\u00bbdark\u00a0\u00bb text_align=\u00a0\u00bbleft\u00a0\u00bb top_padding=\u00a0\u00bb40&Prime; bottom_padding=\u00a0\u00bb40&Prime; overlay_strength=\u00a0\u00bb0.3&Prime;][vc_column column_padding=\u00a0\u00bbno-extra-padding\u00a0\u00bb column_padding_position=\u00a0\u00bball\u00a0\u00bb background_color_opacity=\u00a0\u00bb1&Prime; background_hover_color_opacity=\u00a0\u00bb1&Prime; column_shadow=\u00a0\u00bbnone\u00a0\u00bb width=\u00a0\u00bb1\/1&Prime; tablet_text_alignment=\u00a0\u00bbdefault\u00a0\u00bb phone_text_alignment=\u00a0\u00bbdefault\u00a0\u00bb column_border_width=\u00a0\u00bbnone\u00a0\u00bb column_border_style=\u00a0\u00bbsolid\u00a0\u00bb][vc_column_text]\n<h3 style=\"text-align: center;\">Les certificats des formations sont disponibles en pr\u00e9sentiel pour MAP et ServiceFirst.<\/h3>\n[\/vc_column_text][\/vc_column][\/vc_row][vc_row type=\u00a0\u00bbfull_width_background\u00a0\u00bb full_screen_row_position=\u00a0\u00bbmiddle\u00a0\u00bb equal_height=\u00a0\u00bbyes\u00a0\u00bb content_placement=\u00a0\u00bbtop\u00a0\u00bb bg_color=\u00a0\u00bb#152a31&Prime; scene_position=\u00a0\u00bbcenter\u00a0\u00bb text_color=\u00a0\u00bblight\u00a0\u00bb text_align=\u00a0\u00bbleft\u00a0\u00bb top_padding=\u00a0\u00bb60&Prime; bottom_padding=\u00a0\u00bb60&Prime; overlay_strength=\u00a0\u00bb0.3&Prime;][vc_column column_padding=\u00a0\u00bbno-extra-padding\u00a0\u00bb column_padding_position=\u00a0\u00bball\u00a0\u00bb background_color_opacity=\u00a0\u00bb1&Prime; background_hover_color_opacity=\u00a0\u00bb1&Prime; column_shadow=\u00a0\u00bbnone\u00a0\u00bb width=\u00a0\u00bb1\/1&Prime; tablet_text_alignment=\u00a0\u00bbdefault\u00a0\u00bb phone_text_alignment=\u00a0\u00bbdefault\u00a0\u00bb column_border_width=\u00a0\u00bbnone\u00a0\u00bb column_border_style=\u00a0\u00bbsolid\u00a0\u00bb][vc_column_text]\n<p style=\"text-align: center;\"><a class=\"nectar-button jumbo see-through-2 has-icon\" target=\"_blank\" href=\"https:\/\/www.awair.eu\/fr\/contatti\/\" data-color-override=\"false\"  data-hover-color-override=\"#000\" data-hover-text-color-override=\"#fff\"><span>Contactez-nous<\/span><i class=\"fa fa-envelope\"><\/i><\/a>\n[\/vc_column_text][\/vc_column][\/vc_row]\n","protected":false},"excerpt":{"rendered":"<p>[vc_row type=\u00a0\u00bbfull_width_background\u00a0\u00bb full_screen_row_position=\u00a0\u00bbmiddle\u00a0\u00bb bg_color=\u00a0\u00bb#f6ebda\u00a0\u00bb scene_position=\u00a0\u00bbcenter\u00a0\u00bb text_color=\u00a0\u00bbdark\u00a0\u00bb text_align=\u00a0\u00bbleft\u00a0\u00bb top_padding=\u00a0\u00bb60&Prime; bottom_padding=\u00a0\u00bb30&Prime; overlay_strength=\u00a0\u00bb0.3&Prime;][vc_column column_padding=\u00a0\u00bbno-extra-padding\u00a0\u00bb column_padding_position=\u00a0\u00bball\u00a0\u00bb background_color_opacity=\u00a0\u00bb1&Prime; background_hover_color_opacity=\u00a0\u00bb1&Prime; column_shadow=\u00a0\u00bbnone\u00a0\u00bb width=\u00a0\u00bb1\/1&Prime; tablet_text_alignment=\u00a0\u00bbdefault\u00a0\u00bb phone_text_alignment=\u00a0\u00bbdefault\u00a0\u00bb column_border_width=\u00a0\u00bbnone\u00a0\u00bb column_border_style=\u00a0\u00bbsolid\u00a0\u00bb][vc_column_text]Chaque Programme de Formation Assessio est&#8230;<\/p>\n","protected":false},"author":1,"featured_media":0,"parent":1156,"menu_order":0,"comment_status":"closed","ping_status":"closed","template":"","meta":{"inline_featured_image":false},"yoast_head":"<!-- This site is optimized with the Yoast SEO plugin v18.3 - https:\/\/yoast.com\/wordpress\/plugins\/seo\/ -->\n<title>Programme de certification Assessio - awair<\/title>\n<meta name=\"description\" content=\"outil psychom\u00e9trique, d&#039;intelligence logique, general mental ability, interpretation et restitution du test\" \/>\n<meta name=\"robots\" content=\"noindex, nofollow\" \/>\n<meta property=\"og:locale\" content=\"fr_FR\" \/>\n<meta property=\"og:type\" content=\"article\" \/>\n<meta property=\"og:title\" content=\"Programme de certification Assessio - awair\" \/>\n<meta property=\"og:description\" content=\"outil psychom\u00e9trique, d&#039;intelligence logique, general mental ability, interpretation et restitution du test\" \/>\n<meta property=\"og:url\" content=\"https:\/\/www.awair.eu\/fr\/certifications\/programme-de-certification-assessio\/\" \/>\n<meta property=\"og:site_name\" content=\"awair\" \/>\n<meta property=\"article:modified_time\" content=\"2023-06-07T11:00:44+00:00\" \/>\n<meta name=\"twitter:card\" content=\"summary\" \/>\n<meta name=\"twitter:site\" content=\"@awairAwareness\" \/>\n<meta name=\"twitter:label1\" content=\"Dur\u00e9e de lecture estim\u00e9e\" \/>\n\t<meta name=\"twitter:data1\" content=\"2 minutes\" \/>\n<script type=\"application\/ld+json\" class=\"yoast-schema-graph\">{\"@context\":\"https:\/\/schema.org\",\"@graph\":[{\"@type\":\"Organization\",\"@id\":\"https:\/\/www.awair.eu\/fr\/#organization\",\"name\":\"Awair\",\"url\":\"https:\/\/www.awair.eu\/fr\/\",\"sameAs\":[\"https:\/\/www.linkedin.com\/company\/10070361\/\",\"https:\/\/twitter.com\/awairAwareness\"],\"logo\":{\"@type\":\"ImageObject\",\"@id\":\"https:\/\/www.awair.eu\/fr\/#logo\",\"inLanguage\":\"fr-FR\",\"url\":\"https:\/\/www.awair.eu\/wp-content\/uploads\/2022\/06\/Awair-02-1.jpg\",\"contentUrl\":\"https:\/\/www.awair.eu\/wp-content\/uploads\/2022\/06\/Awair-02-1.jpg\",\"width\":1024,\"height\":1318,\"caption\":\"Awair\"},\"image\":{\"@id\":\"https:\/\/www.awair.eu\/fr\/#logo\"}},{\"@type\":\"WebSite\",\"@id\":\"https:\/\/www.awair.eu\/fr\/#website\",\"url\":\"https:\/\/www.awair.eu\/fr\/\",\"name\":\"awair\",\"description\":\"Where will you be?\",\"publisher\":{\"@id\":\"https:\/\/www.awair.eu\/fr\/#organization\"},\"potentialAction\":[{\"@type\":\"SearchAction\",\"target\":{\"@type\":\"EntryPoint\",\"urlTemplate\":\"https:\/\/www.awair.eu\/fr\/?s={search_term_string}\"},\"query-input\":\"required name=search_term_string\"}],\"inLanguage\":\"fr-FR\"},{\"@type\":\"WebPage\",\"@id\":\"https:\/\/www.awair.eu\/fr\/certifications\/programme-de-certification-assessio\/#webpage\",\"url\":\"https:\/\/www.awair.eu\/fr\/certifications\/programme-de-certification-assessio\/\",\"name\":\"Programme de certification Assessio - awair\",\"isPartOf\":{\"@id\":\"https:\/\/www.awair.eu\/fr\/#website\"},\"datePublished\":\"2018-02-09T11:29:36+00:00\",\"dateModified\":\"2023-06-07T11:00:44+00:00\",\"description\":\"outil psychom\u00e9trique, d'intelligence logique, general mental ability, interpretation et restitution du test\",\"breadcrumb\":{\"@id\":\"https:\/\/www.awair.eu\/fr\/certifications\/programme-de-certification-assessio\/#breadcrumb\"},\"inLanguage\":\"fr-FR\",\"potentialAction\":[{\"@type\":\"ReadAction\",\"target\":[\"https:\/\/www.awair.eu\/fr\/certifications\/programme-de-certification-assessio\/\"]}]},{\"@type\":\"BreadcrumbList\",\"@id\":\"https:\/\/www.awair.eu\/fr\/certifications\/programme-de-certification-assessio\/#breadcrumb\",\"itemListElement\":[{\"@type\":\"ListItem\",\"position\":1,\"name\":\"Home\",\"item\":\"https:\/\/www.awair.eu\/fr\/\"},{\"@type\":\"ListItem\",\"position\":2,\"name\":\"Certifications\",\"item\":\"https:\/\/www.awair.eu\/fr\/certifications\/\"},{\"@type\":\"ListItem\",\"position\":3,\"name\":\"Programme de certification Assessio\"}]}]}<\/script>\n<!-- \/ Yoast SEO plugin. -->","yoast_head_json":{"title":"Programme de certification Assessio - awair","description":"outil psychom\u00e9trique, d'intelligence logique, general mental ability, interpretation et restitution du test","robots":{"index":"noindex","follow":"nofollow"},"og_locale":"fr_FR","og_type":"article","og_title":"Programme de certification Assessio - awair","og_description":"outil psychom\u00e9trique, d'intelligence logique, general mental ability, interpretation et restitution du test","og_url":"https:\/\/www.awair.eu\/fr\/certifications\/programme-de-certification-assessio\/","og_site_name":"awair","article_modified_time":"2023-06-07T11:00:44+00:00","twitter_card":"summary","twitter_site":"@awairAwareness","twitter_misc":{"Dur\u00e9e de lecture estim\u00e9e":"2 minutes"},"schema":{"@context":"https:\/\/schema.org","@graph":[{"@type":"Organization","@id":"https:\/\/www.awair.eu\/fr\/#organization","name":"Awair","url":"https:\/\/www.awair.eu\/fr\/","sameAs":["https:\/\/www.linkedin.com\/company\/10070361\/","https:\/\/twitter.com\/awairAwareness"],"logo":{"@type":"ImageObject","@id":"https:\/\/www.awair.eu\/fr\/#logo","inLanguage":"fr-FR","url":"https:\/\/www.awair.eu\/wp-content\/uploads\/2022\/06\/Awair-02-1.jpg","contentUrl":"https:\/\/www.awair.eu\/wp-content\/uploads\/2022\/06\/Awair-02-1.jpg","width":1024,"height":1318,"caption":"Awair"},"image":{"@id":"https:\/\/www.awair.eu\/fr\/#logo"}},{"@type":"WebSite","@id":"https:\/\/www.awair.eu\/fr\/#website","url":"https:\/\/www.awair.eu\/fr\/","name":"awair","description":"Where will you be?","publisher":{"@id":"https:\/\/www.awair.eu\/fr\/#organization"},"potentialAction":[{"@type":"SearchAction","target":{"@type":"EntryPoint","urlTemplate":"https:\/\/www.awair.eu\/fr\/?s={search_term_string}"},"query-input":"required name=search_term_string"}],"inLanguage":"fr-FR"},{"@type":"WebPage","@id":"https:\/\/www.awair.eu\/fr\/certifications\/programme-de-certification-assessio\/#webpage","url":"https:\/\/www.awair.eu\/fr\/certifications\/programme-de-certification-assessio\/","name":"Programme de certification Assessio - awair","isPartOf":{"@id":"https:\/\/www.awair.eu\/fr\/#website"},"datePublished":"2018-02-09T11:29:36+00:00","dateModified":"2023-06-07T11:00:44+00:00","description":"outil psychom\u00e9trique, d'intelligence logique, general mental ability, interpretation et restitution du test","breadcrumb":{"@id":"https:\/\/www.awair.eu\/fr\/certifications\/programme-de-certification-assessio\/#breadcrumb"},"inLanguage":"fr-FR","potentialAction":[{"@type":"ReadAction","target":["https:\/\/www.awair.eu\/fr\/certifications\/programme-de-certification-assessio\/"]}]},{"@type":"BreadcrumbList","@id":"https:\/\/www.awair.eu\/fr\/certifications\/programme-de-certification-assessio\/#breadcrumb","itemListElement":[{"@type":"ListItem","position":1,"name":"Home","item":"https:\/\/www.awair.eu\/fr\/"},{"@type":"ListItem","position":2,"name":"Certifications","item":"https:\/\/www.awair.eu\/fr\/certifications\/"},{"@type":"ListItem","position":3,"name":"Programme de certification Assessio"}]}]}},"_links":{"self":[{"href":"https:\/\/www.awair.eu\/fr\/wp-json\/wp\/v2\/pages\/3384"}],"collection":[{"href":"https:\/\/www.awair.eu\/fr\/wp-json\/wp\/v2\/pages"}],"about":[{"href":"https:\/\/www.awair.eu\/fr\/wp-json\/wp\/v2\/types\/page"}],"author":[{"embeddable":true,"href":"https:\/\/www.awair.eu\/fr\/wp-json\/wp\/v2\/users\/1"}],"replies":[{"embeddable":true,"href":"https:\/\/www.awair.eu\/fr\/wp-json\/wp\/v2\/comments?post=3384"}],"version-history":[{"count":15,"href":"https:\/\/www.awair.eu\/fr\/wp-json\/wp\/v2\/pages\/3384\/revisions"}],"predecessor-version":[{"id":11682,"href":"https:\/\/www.awair.eu\/fr\/wp-json\/wp\/v2\/pages\/3384\/revisions\/11682"}],"up":[{"embeddable":true,"href":"https:\/\/www.awair.eu\/fr\/wp-json\/wp\/v2\/pages\/1156"}],"wp:attachment":[{"href":"https:\/\/www.awair.eu\/fr\/wp-json\/wp\/v2\/media?parent=3384"}],"curies":[{"name":"wp","href":"https:\/\/api.w.org\/{rel}","templated":true}]}}