{"id":3383,"date":"2018-02-06T18:19:43","date_gmt":"2018-02-06T17:19:43","guid":{"rendered":"http:\/\/www.awair.eu\/certifications\/lvi-360-certification\/"},"modified":"2023-06-07T13:00:52","modified_gmt":"2023-06-07T11:00:52","slug":"lvi-360-certification","status":"publish","type":"page","link":"https:\/\/www.awair.eu\/fr\/certifications\/lvi-360-certification\/","title":{"rendered":"LVI 360\u00b0 Certification"},"content":{"rendered":"[vc_row type=\u00a0\u00bbfull_width_background\u00a0\u00bb full_screen_row_position=\u00a0\u00bbmiddle\u00a0\u00bb scene_position=\u00a0\u00bbcenter\u00a0\u00bb text_color=\u00a0\u00bbdark\u00a0\u00bb text_align=\u00a0\u00bbleft\u00a0\u00bb top_padding=\u00a0\u00bb60&Prime; bottom_padding=\u00a0\u00bb60&Prime; overlay_strength=\u00a0\u00bb0.3&Prime;][vc_column column_padding=\u00a0\u00bbno-extra-padding\u00a0\u00bb column_padding_position=\u00a0\u00bball\u00a0\u00bb background_color_opacity=\u00a0\u00bb1&Prime; background_hover_color_opacity=\u00a0\u00bb1&Prime; column_shadow=\u00a0\u00bbnone\u00a0\u00bb width=\u00a0\u00bb1\/1&Prime; tablet_text_alignment=\u00a0\u00bbdefault\u00a0\u00bb phone_text_alignment=\u00a0\u00bbdefault\u00a0\u00bb column_border_width=\u00a0\u00bbnone\u00a0\u00bb column_border_style=\u00a0\u00bbsolid\u00a0\u00bb][vc_row_inner equal_height=\u00a0\u00bbyes\u00a0\u00bb content_placement=\u00a0\u00bbmiddle\u00a0\u00bb column_margin=\u00a0\u00bbdefault\u00a0\u00bb text_align=\u00a0\u00bbleft\u00a0\u00bb][vc_column_inner column_padding=\u00a0\u00bbno-extra-padding\u00a0\u00bb column_padding_position=\u00a0\u00bball\u00a0\u00bb background_color_opacity=\u00a0\u00bb1&Prime; width=\u00a0\u00bb1\/2&Prime; column_border_width=\u00a0\u00bbnone\u00a0\u00bb column_border_style=\u00a0\u00bbsolid\u00a0\u00bb]<div class=\"img-with-aniamtion-wrap \" data-max-width=\"100%\"><div class=\"inner\"><img data-shadow=\"none\" data-shadow-direction=\"middle\" class=\"img-with-animation \" data-delay=\"0\" height=\"1872\" width=\"1876\" data-animation=\"fade-in\" src=\"https:\/\/www.awair.eu\/wp-content\/uploads\/2019\/07\/LVI-New-Wheel_2.png\" srcset=\"https:\/\/www.awair.eu\/wp-content\/uploads\/2019\/07\/LVI-New-Wheel_2.png 1876w, https:\/\/www.awair.eu\/wp-content\/uploads\/2019\/07\/LVI-New-Wheel_2-150x150.png 150w, https:\/\/www.awair.eu\/wp-content\/uploads\/2019\/07\/LVI-New-Wheel_2-300x300.png 300w, https:\/\/www.awair.eu\/wp-content\/uploads\/2019\/07\/LVI-New-Wheel_2-768x766.png 768w, https:\/\/www.awair.eu\/wp-content\/uploads\/2019\/07\/LVI-New-Wheel_2-1024x1022.png 1024w, https:\/\/www.awair.eu\/wp-content\/uploads\/2019\/07\/LVI-New-Wheel_2-100x100.png 100w, https:\/\/www.awair.eu\/wp-content\/uploads\/2019\/07\/LVI-New-Wheel_2-500x500.png 500w, https:\/\/www.awair.eu\/wp-content\/uploads\/2019\/07\/LVI-New-Wheel_2-350x350.png 350w\" alt=\"\" \/><\/div><\/div>[\/vc_column_inner][vc_column_inner column_padding=\u00a0\u00bbno-extra-padding\u00a0\u00bb column_padding_position=\u00a0\u00bball\u00a0\u00bb background_color_opacity=\u00a0\u00bb1&Prime; width=\u00a0\u00bb1\/2&Prime; column_border_width=\u00a0\u00bbnone\u00a0\u00bb column_border_style=\u00a0\u00bbsolid\u00a0\u00bb][vc_column_text]La<strong> Certification Leadership Versatility Index 360\u00b0<\/strong> apprend aux participants \u00e0 interpr\u00e9ter et appliquer l\u2019\u00e9valuation du <em>Thinking\u2019s leader 360\u00b0 performance<\/em> \u2013 une m\u00e9thodologie de feedback avec de multiples \u00e9valuateurs absolument unique et hautement innovant d\u00e9velopp\u00e9 par Kaiser Leadership Solutions.<\/p>\n<p>Le programme est con\u00e7u pour le management des talents ainsi que les sp\u00e9cialistes du d\u00e9veloppement, des RH, les consultants en RH, les coachs et les psychologues.[\/vc_column_text][\/vc_column_inner][\/vc_row_inner][\/vc_column][\/vc_row][vc_row type=\u00a0\u00bbfull_width_background\u00a0\u00bb full_screen_row_position=\u00a0\u00bbmiddle\u00a0\u00bb equal_height=\u00a0\u00bbyes\u00a0\u00bb bg_color=\u00a0\u00bb#d9eef4&Prime; scene_position=\u00a0\u00bbcenter\u00a0\u00bb text_color=\u00a0\u00bbdark\u00a0\u00bb text_align=\u00a0\u00bbcenter\u00a0\u00bb top_padding=\u00a0\u00bb40&Prime; overlay_strength=\u00a0\u00bb0.3&Prime;][vc_column column_padding=\u00a0\u00bbno-extra-padding\u00a0\u00bb column_padding_position=\u00a0\u00bball\u00a0\u00bb background_color_opacity=\u00a0\u00bb1&Prime; background_hover_color_opacity=\u00a0\u00bb1&Prime; column_shadow=\u00a0\u00bbnone\u00a0\u00bb width=\u00a0\u00bb1\/1&Prime; tablet_text_alignment=\u00a0\u00bbdefault\u00a0\u00bb phone_text_alignment=\u00a0\u00bbdefault\u00a0\u00bb column_border_width=\u00a0\u00bbnone\u00a0\u00bb column_border_style=\u00a0\u00bbsolid\u00a0\u00bb][vc_column_text]\n<h2 style=\"text-align: center;\"><strong>Le programme consiste en:<\/strong><\/h2>\n[\/vc_column_text][\/vc_column][\/vc_row][vc_row type=\u00a0\u00bbfull_width_background\u00a0\u00bb full_screen_row_position=\u00a0\u00bbmiddle\u00a0\u00bb equal_height=\u00a0\u00bbyes\u00a0\u00bb bg_color=\u00a0\u00bb#d9eef4&Prime; scene_position=\u00a0\u00bbcenter\u00a0\u00bb text_color=\u00a0\u00bbdark\u00a0\u00bb text_align=\u00a0\u00bbcenter\u00a0\u00bb top_padding=\u00a0\u00bb40&Prime; bottom_padding=\u00a0\u00bb60&Prime; overlay_strength=\u00a0\u00bb0.3&Prime;][vc_column column_padding=\u00a0\u00bbno-extra-padding\u00a0\u00bb column_padding_position=\u00a0\u00bball\u00a0\u00bb background_color_opacity=\u00a0\u00bb1&Prime; background_hover_color_opacity=\u00a0\u00bb1&Prime; column_shadow=\u00a0\u00bbnone\u00a0\u00bb width=\u00a0\u00bb1\/3&Prime; tablet_text_alignment=\u00a0\u00bbdefault\u00a0\u00bb phone_text_alignment=\u00a0\u00bbdefault\u00a0\u00bb column_border_width=\u00a0\u00bbnone\u00a0\u00bb column_border_style=\u00a0\u00bbsolid\u00a0\u00bb][nectar_icon icon_family=\u00a0\u00bbfontawesome\u00a0\u00bb icon_style=\u00a0\u00bbborder-animation\u00a0\u00bb icon_border_thickness=\u00a0\u00bb2px\u00a0\u00bb icon_color=\u00a0\u00bbAccent-Color\u00a0\u00bb icon_padding=\u00a0\u00bb20px\u00a0\u00bb icon_fontawesome=\u00a0\u00bbfa fa-newspaper-o\u00a0\u00bb][vc_column_text]\n<h2 style=\"text-align: left;\">Un pr\u00e9-workshop<\/h2>\n<p style=\"text-align: left;\">Lire <a href=\"https:\/\/www.researchgate.net\/profile\/Robert_Kaiser5\/publication\/40966368_Developing_versatile_leadership\/links\/54d8a13d0cf25013d03e7b63.pdf\"><strong>Developing Versatile Leadership<\/strong><\/a>\u00a0et\u00a0<strong><a href=\"https:\/\/hbr.org\/2009\/02\/stop-overdoing-your-strengths\">Stop Overdoing Your Strengths<\/a><\/strong>.<\/p>\n[\/vc_column_text][\/vc_column][vc_column column_padding=\u00a0\u00bbno-extra-padding\u00a0\u00bb column_padding_position=\u00a0\u00bball\u00a0\u00bb background_color_opacity=\u00a0\u00bb1&Prime; background_hover_color_opacity=\u00a0\u00bb1&Prime; column_shadow=\u00a0\u00bbnone\u00a0\u00bb width=\u00a0\u00bb1\/3&Prime; tablet_text_alignment=\u00a0\u00bbdefault\u00a0\u00bb phone_text_alignment=\u00a0\u00bbdefault\u00a0\u00bb column_border_width=\u00a0\u00bbnone\u00a0\u00bb column_border_style=\u00a0\u00bbsolid\u00a0\u00bb][nectar_icon icon_family=\u00a0\u00bbfontawesome\u00a0\u00bb icon_style=\u00a0\u00bbborder-animation\u00a0\u00bb icon_border_thickness=\u00a0\u00bb2px\u00a0\u00bb icon_color=\u00a0\u00bbAccent-Color\u00a0\u00bb icon_padding=\u00a0\u00bb20px\u00a0\u00bb icon_fontawesome=\u00a0\u00bbfa fa-cogs\u00a0\u00bb][vc_column_text]\n<h2 style=\"text-align: left;\">Workshop<\/h2>\n<p style=\"text-align: left;\">Apprendre \u00e0 interpr\u00e9ter et appliquer les r\u00e9sultats avec une explication page par page du rapport LVI<strong> via un Webinar<\/strong>. Mettez \u00e0 profit le LVI afin d\u2019identifier et d\u2019exploiter les bons ingr\u00e9dients pour un travail de d\u00e9veloppement \u00e0 la fois interne et externe.<\/p>\n[\/vc_column_text][\/vc_column][vc_column column_padding=\u00a0\u00bbno-extra-padding\u00a0\u00bb column_padding_position=\u00a0\u00bball\u00a0\u00bb background_color_opacity=\u00a0\u00bb1&Prime; background_hover_color_opacity=\u00a0\u00bb1&Prime; column_shadow=\u00a0\u00bbnone\u00a0\u00bb width=\u00a0\u00bb1\/3&Prime; tablet_text_alignment=\u00a0\u00bbdefault\u00a0\u00bb phone_text_alignment=\u00a0\u00bbdefault\u00a0\u00bb column_border_width=\u00a0\u00bbnone\u00a0\u00bb column_border_style=\u00a0\u00bbsolid\u00a0\u00bb][nectar_icon icon_family=\u00a0\u00bbfontawesome\u00a0\u00bb icon_style=\u00a0\u00bbborder-animation\u00a0\u00bb icon_border_thickness=\u00a0\u00bb2px\u00a0\u00bb icon_color=\u00a0\u00bbAccent-Color\u00a0\u00bb icon_padding=\u00a0\u00bb20px\u00a0\u00bb icon_fontawesome=\u00a0\u00bbfa fa-clipboard\u00a0\u00bb][vc_column_text]\n<h2 style=\"text-align: left;\">Practique<\/h2>\n<p style=\"text-align: left;\">\u00a0Formation 1\u00a0:1 pour apporter du soutien lors de la premi\u00e8re session de feedback. D\u00e9couvrez comment utiliser ces outils de support et identifier les sujets cl\u00e9s, co-cr\u00e9ez une session de navigation r\u00e9ussie.<\/p>\n[\/vc_column_text][\/vc_column][\/vc_row][vc_row type=\u00a0\u00bbfull_width_background\u00a0\u00bb full_screen_row_position=\u00a0\u00bbmiddle\u00a0\u00bb bg_color=\u00a0\u00bb#152a31&Prime; scene_position=\u00a0\u00bbcenter\u00a0\u00bb text_color=\u00a0\u00bblight\u00a0\u00bb text_align=\u00a0\u00bbleft\u00a0\u00bb top_padding=\u00a0\u00bb60&Prime; bottom_padding=\u00a0\u00bb60&Prime; overlay_strength=\u00a0\u00bb0.3&Prime;][vc_column column_padding=\u00a0\u00bbno-extra-padding\u00a0\u00bb column_padding_position=\u00a0\u00bball\u00a0\u00bb background_color_opacity=\u00a0\u00bb1&Prime; background_hover_color_opacity=\u00a0\u00bb1&Prime; column_shadow=\u00a0\u00bbnone\u00a0\u00bb width=\u00a0\u00bb1\/4&Prime; tablet_text_alignment=\u00a0\u00bbdefault\u00a0\u00bb phone_text_alignment=\u00a0\u00bbdefault\u00a0\u00bb column_border_width=\u00a0\u00bbnone\u00a0\u00bb column_border_style=\u00a0\u00bbsolid\u00a0\u00bb][\/vc_column][vc_column column_padding=\u00a0\u00bbno-extra-padding\u00a0\u00bb column_padding_position=\u00a0\u00bball\u00a0\u00bb background_color_opacity=\u00a0\u00bb1&Prime; background_hover_color_opacity=\u00a0\u00bb1&Prime; column_shadow=\u00a0\u00bbnone\u00a0\u00bb width=\u00a0\u00bb1\/4&Prime; tablet_text_alignment=\u00a0\u00bbdefault\u00a0\u00bb phone_text_alignment=\u00a0\u00bbdefault\u00a0\u00bb column_border_width=\u00a0\u00bbnone\u00a0\u00bb column_border_style=\u00a0\u00bbsolid\u00a0\u00bb][vc_column_text]<a class=\"nectar-button jumbo see-through-2 has-icon\" target=\"_blank\" href=\"https:\/\/www.awair.eu\/wp-content\/uploads\/2020\/07\/Brochure-Cert-LVI_2.pdf\" data-color-override=\"false\"  data-hover-color-override=\"#000\" data-hover-text-color-override=\"#fff\"><span>Brochure<\/span><i class=\"fa fa-file-pdf-o\"><\/i><\/a>[\/vc_column_text][\/vc_column][vc_column column_padding=\u00a0\u00bbno-extra-padding\u00a0\u00bb column_padding_position=\u00a0\u00bball\u00a0\u00bb background_color_opacity=\u00a0\u00bb1&Prime; background_hover_color_opacity=\u00a0\u00bb1&Prime; column_shadow=\u00a0\u00bbnone\u00a0\u00bb width=\u00a0\u00bb1\/4&Prime; tablet_text_alignment=\u00a0\u00bbdefault\u00a0\u00bb phone_text_alignment=\u00a0\u00bbdefault\u00a0\u00bb column_border_width=\u00a0\u00bbnone\u00a0\u00bb column_border_style=\u00a0\u00bbsolid\u00a0\u00bb][vc_column_text]<a class=\"nectar-button jumbo see-through-2 has-icon\" target=\"_blank\" href=\"https:\/\/www.awair.eu\/fr\/contactez-nous\/\" data-color-override=\"false\"  data-hover-color-override=\"#000\" data-hover-text-color-override=\"#fff\"><span>Contactez-nous<\/span><i class=\"fa fa-envelope\"><\/i><\/a>[\/vc_column_text][\/vc_column][vc_column column_padding=\u00a0\u00bbno-extra-padding\u00a0\u00bb column_padding_position=\u00a0\u00bball\u00a0\u00bb background_color_opacity=\u00a0\u00bb1&Prime; background_hover_color_opacity=\u00a0\u00bb1&Prime; column_shadow=\u00a0\u00bbnone\u00a0\u00bb width=\u00a0\u00bb1\/4&Prime; tablet_text_alignment=\u00a0\u00bbdefault\u00a0\u00bb phone_text_alignment=\u00a0\u00bbdefault\u00a0\u00bb column_border_width=\u00a0\u00bbnone\u00a0\u00bb column_border_style=\u00a0\u00bbsolid\u00a0\u00bb][\/vc_column][\/vc_row][vc_row type=\u00a0\u00bbfull_width_background\u00a0\u00bb full_screen_row_position=\u00a0\u00bbmiddle\u00a0\u00bb equal_height=\u00a0\u00bbyes\u00a0\u00bb content_placement=\u00a0\u00bbmiddle\u00a0\u00bb scene_position=\u00a0\u00bbcenter\u00a0\u00bb text_color=\u00a0\u00bbdark\u00a0\u00bb text_align=\u00a0\u00bbcenter\u00a0\u00bb top_padding=\u00a0\u00bb20&Prime; bottom_padding=\u00a0\u00bb40&Prime; overlay_strength=\u00a0\u00bb0.3&Prime;][vc_column column_padding=\u00a0\u00bbno-extra-padding\u00a0\u00bb column_padding_position=\u00a0\u00bball\u00a0\u00bb background_color_opacity=\u00a0\u00bb1&Prime; background_hover_color_opacity=\u00a0\u00bb1&Prime; column_shadow=\u00a0\u00bbnone\u00a0\u00bb width=\u00a0\u00bb1\/2&Prime; tablet_text_alignment=\u00a0\u00bbdefault\u00a0\u00bb phone_text_alignment=\u00a0\u00bbdefault\u00a0\u00bb column_border_width=\u00a0\u00bbnone\u00a0\u00bb column_border_style=\u00a0\u00bbsolid\u00a0\u00bb][vc_column_text]\n<h4 style=\"text-align: right;\">Voir aussi:<\/h4>\n[\/vc_column_text][\/vc_column][vc_column column_padding=\u00a0\u00bbno-extra-padding\u00a0\u00bb column_padding_position=\u00a0\u00bball\u00a0\u00bb background_color_opacity=\u00a0\u00bb1&Prime; background_hover_color_opacity=\u00a0\u00bb1&Prime; column_shadow=\u00a0\u00bbnone\u00a0\u00bb width=\u00a0\u00bb1\/2&Prime; tablet_text_alignment=\u00a0\u00bbdefault\u00a0\u00bb phone_text_alignment=\u00a0\u00bbdefault\u00a0\u00bb column_border_width=\u00a0\u00bbnone\u00a0\u00bb column_border_style=\u00a0\u00bbsolid\u00a0\u00bb][vc_column_text]\n<p style=\"text-align: left;\"><a href=\"https:\/\/www.awair.eu\/en\/assessment-solutions\/kaiser-leadership-solutions\/lvi\/\">LVI<\/a><\/p>\n[\/vc_column_text][\/vc_column][\/vc_row]\n","protected":false},"excerpt":{"rendered":"<p>[vc_row type=\u00a0\u00bbfull_width_background\u00a0\u00bb full_screen_row_position=\u00a0\u00bbmiddle\u00a0\u00bb scene_position=\u00a0\u00bbcenter\u00a0\u00bb text_color=\u00a0\u00bbdark\u00a0\u00bb text_align=\u00a0\u00bbleft\u00a0\u00bb top_padding=\u00a0\u00bb60&Prime; bottom_padding=\u00a0\u00bb60&Prime; overlay_strength=\u00a0\u00bb0.3&Prime;][vc_column column_padding=\u00a0\u00bbno-extra-padding\u00a0\u00bb column_padding_position=\u00a0\u00bball\u00a0\u00bb background_color_opacity=\u00a0\u00bb1&Prime; background_hover_color_opacity=\u00a0\u00bb1&Prime; column_shadow=\u00a0\u00bbnone\u00a0\u00bb width=\u00a0\u00bb1\/1&Prime; tablet_text_alignment=\u00a0\u00bbdefault\u00a0\u00bb phone_text_alignment=\u00a0\u00bbdefault\u00a0\u00bb column_border_width=\u00a0\u00bbnone\u00a0\u00bb column_border_style=\u00a0\u00bbsolid\u00a0\u00bb][vc_row_inner equal_height=\u00a0\u00bbyes\u00a0\u00bb content_placement=\u00a0\u00bbmiddle\u00a0\u00bb column_margin=\u00a0\u00bbdefault\u00a0\u00bb text_align=\u00a0\u00bbleft\u00a0\u00bb][vc_column_inner column_padding=\u00a0\u00bbno-extra-padding\u00a0\u00bb column_padding_position=\u00a0\u00bball\u00a0\u00bb&#8230;<\/p>\n","protected":false},"author":1,"featured_media":0,"parent":1156,"menu_order":0,"comment_status":"closed","ping_status":"closed","template":"","meta":{"inline_featured_image":false},"yoast_head":"<!-- This site is optimized with the Yoast SEO plugin v18.3 - https:\/\/yoast.com\/wordpress\/plugins\/seo\/ -->\n<title>LVI 360\u00b0 Certification - awair<\/title>\n<meta name=\"robots\" content=\"noindex, nofollow\" \/>\n<meta property=\"og:locale\" content=\"fr_FR\" \/>\n<meta property=\"og:type\" content=\"article\" \/>\n<meta property=\"og:title\" content=\"LVI 360\u00b0 Certification - awair\" \/>\n<meta property=\"og:description\" content=\"[vc_row type=\u00a0\u00bbfull_width_background\u00a0\u00bb full_screen_row_position=\u00a0\u00bbmiddle\u00a0\u00bb scene_position=\u00a0\u00bbcenter\u00a0\u00bb text_color=\u00a0\u00bbdark\u00a0\u00bb text_align=\u00a0\u00bbleft\u00a0\u00bb top_padding=\u00a0\u00bb60&Prime; bottom_padding=\u00a0\u00bb60&Prime; overlay_strength=\u00a0\u00bb0.3&Prime;][vc_column column_padding=\u00a0\u00bbno-extra-padding\u00a0\u00bb column_padding_position=\u00a0\u00bball\u00a0\u00bb background_color_opacity=\u00a0\u00bb1&Prime; background_hover_color_opacity=\u00a0\u00bb1&Prime; column_shadow=\u00a0\u00bbnone\u00a0\u00bb width=\u00a0\u00bb1\/1&Prime; tablet_text_alignment=\u00a0\u00bbdefault\u00a0\u00bb phone_text_alignment=\u00a0\u00bbdefault\u00a0\u00bb column_border_width=\u00a0\u00bbnone\u00a0\u00bb column_border_style=\u00a0\u00bbsolid\u00a0\u00bb][vc_row_inner equal_height=\u00a0\u00bbyes\u00a0\u00bb content_placement=\u00a0\u00bbmiddle\u00a0\u00bb column_margin=\u00a0\u00bbdefault\u00a0\u00bb text_align=\u00a0\u00bbleft\u00a0\u00bb][vc_column_inner column_padding=\u00a0\u00bbno-extra-padding\u00a0\u00bb column_padding_position=\u00a0\u00bball\u00a0\u00bb...\" \/>\n<meta property=\"og:url\" content=\"https:\/\/www.awair.eu\/fr\/certifications\/lvi-360-certification\/\" \/>\n<meta property=\"og:site_name\" content=\"awair\" \/>\n<meta property=\"article:modified_time\" content=\"2023-06-07T11:00:52+00:00\" \/>\n<meta name=\"twitter:card\" content=\"summary\" \/>\n<meta name=\"twitter:site\" content=\"@awairAwareness\" \/>\n<meta name=\"twitter:label1\" content=\"Dur\u00e9e de lecture estim\u00e9e\" \/>\n\t<meta name=\"twitter:data1\" content=\"5 minutes\" \/>\n<script type=\"application\/ld+json\" class=\"yoast-schema-graph\">{\"@context\":\"https:\/\/schema.org\",\"@graph\":[{\"@type\":\"Organization\",\"@id\":\"https:\/\/www.awair.eu\/fr\/#organization\",\"name\":\"Awair\",\"url\":\"https:\/\/www.awair.eu\/fr\/\",\"sameAs\":[\"https:\/\/www.linkedin.com\/company\/10070361\/\",\"https:\/\/twitter.com\/awairAwareness\"],\"logo\":{\"@type\":\"ImageObject\",\"@id\":\"https:\/\/www.awair.eu\/fr\/#logo\",\"inLanguage\":\"fr-FR\",\"url\":\"https:\/\/www.awair.eu\/wp-content\/uploads\/2022\/06\/Awair-02-1.jpg\",\"contentUrl\":\"https:\/\/www.awair.eu\/wp-content\/uploads\/2022\/06\/Awair-02-1.jpg\",\"width\":1024,\"height\":1318,\"caption\":\"Awair\"},\"image\":{\"@id\":\"https:\/\/www.awair.eu\/fr\/#logo\"}},{\"@type\":\"WebSite\",\"@id\":\"https:\/\/www.awair.eu\/fr\/#website\",\"url\":\"https:\/\/www.awair.eu\/fr\/\",\"name\":\"awair\",\"description\":\"Where will you be?\",\"publisher\":{\"@id\":\"https:\/\/www.awair.eu\/fr\/#organization\"},\"potentialAction\":[{\"@type\":\"SearchAction\",\"target\":{\"@type\":\"EntryPoint\",\"urlTemplate\":\"https:\/\/www.awair.eu\/fr\/?s={search_term_string}\"},\"query-input\":\"required name=search_term_string\"}],\"inLanguage\":\"fr-FR\"},{\"@type\":\"WebPage\",\"@id\":\"https:\/\/www.awair.eu\/fr\/certifications\/lvi-360-certification\/#webpage\",\"url\":\"https:\/\/www.awair.eu\/fr\/certifications\/lvi-360-certification\/\",\"name\":\"LVI 360\u00b0 Certification - awair\",\"isPartOf\":{\"@id\":\"https:\/\/www.awair.eu\/fr\/#website\"},\"datePublished\":\"2018-02-06T17:19:43+00:00\",\"dateModified\":\"2023-06-07T11:00:52+00:00\",\"breadcrumb\":{\"@id\":\"https:\/\/www.awair.eu\/fr\/certifications\/lvi-360-certification\/#breadcrumb\"},\"inLanguage\":\"fr-FR\",\"potentialAction\":[{\"@type\":\"ReadAction\",\"target\":[\"https:\/\/www.awair.eu\/fr\/certifications\/lvi-360-certification\/\"]}]},{\"@type\":\"BreadcrumbList\",\"@id\":\"https:\/\/www.awair.eu\/fr\/certifications\/lvi-360-certification\/#breadcrumb\",\"itemListElement\":[{\"@type\":\"ListItem\",\"position\":1,\"name\":\"Home\",\"item\":\"https:\/\/www.awair.eu\/fr\/\"},{\"@type\":\"ListItem\",\"position\":2,\"name\":\"Certifications\",\"item\":\"https:\/\/www.awair.eu\/fr\/certifications\/\"},{\"@type\":\"ListItem\",\"position\":3,\"name\":\"LVI 360\u00b0 Certification\"}]}]}<\/script>\n<!-- \/ Yoast SEO plugin. -->","yoast_head_json":{"title":"LVI 360\u00b0 Certification - awair","robots":{"index":"noindex","follow":"nofollow"},"og_locale":"fr_FR","og_type":"article","og_title":"LVI 360\u00b0 Certification - awair","og_description":"[vc_row type=\u00a0\u00bbfull_width_background\u00a0\u00bb full_screen_row_position=\u00a0\u00bbmiddle\u00a0\u00bb scene_position=\u00a0\u00bbcenter\u00a0\u00bb text_color=\u00a0\u00bbdark\u00a0\u00bb text_align=\u00a0\u00bbleft\u00a0\u00bb top_padding=\u00a0\u00bb60&Prime; bottom_padding=\u00a0\u00bb60&Prime; overlay_strength=\u00a0\u00bb0.3&Prime;][vc_column column_padding=\u00a0\u00bbno-extra-padding\u00a0\u00bb column_padding_position=\u00a0\u00bball\u00a0\u00bb background_color_opacity=\u00a0\u00bb1&Prime; background_hover_color_opacity=\u00a0\u00bb1&Prime; column_shadow=\u00a0\u00bbnone\u00a0\u00bb width=\u00a0\u00bb1\/1&Prime; tablet_text_alignment=\u00a0\u00bbdefault\u00a0\u00bb phone_text_alignment=\u00a0\u00bbdefault\u00a0\u00bb column_border_width=\u00a0\u00bbnone\u00a0\u00bb column_border_style=\u00a0\u00bbsolid\u00a0\u00bb][vc_row_inner equal_height=\u00a0\u00bbyes\u00a0\u00bb content_placement=\u00a0\u00bbmiddle\u00a0\u00bb column_margin=\u00a0\u00bbdefault\u00a0\u00bb text_align=\u00a0\u00bbleft\u00a0\u00bb][vc_column_inner column_padding=\u00a0\u00bbno-extra-padding\u00a0\u00bb column_padding_position=\u00a0\u00bball\u00a0\u00bb...","og_url":"https:\/\/www.awair.eu\/fr\/certifications\/lvi-360-certification\/","og_site_name":"awair","article_modified_time":"2023-06-07T11:00:52+00:00","twitter_card":"summary","twitter_site":"@awairAwareness","twitter_misc":{"Dur\u00e9e de lecture estim\u00e9e":"5 minutes"},"schema":{"@context":"https:\/\/schema.org","@graph":[{"@type":"Organization","@id":"https:\/\/www.awair.eu\/fr\/#organization","name":"Awair","url":"https:\/\/www.awair.eu\/fr\/","sameAs":["https:\/\/www.linkedin.com\/company\/10070361\/","https:\/\/twitter.com\/awairAwareness"],"logo":{"@type":"ImageObject","@id":"https:\/\/www.awair.eu\/fr\/#logo","inLanguage":"fr-FR","url":"https:\/\/www.awair.eu\/wp-content\/uploads\/2022\/06\/Awair-02-1.jpg","contentUrl":"https:\/\/www.awair.eu\/wp-content\/uploads\/2022\/06\/Awair-02-1.jpg","width":1024,"height":1318,"caption":"Awair"},"image":{"@id":"https:\/\/www.awair.eu\/fr\/#logo"}},{"@type":"WebSite","@id":"https:\/\/www.awair.eu\/fr\/#website","url":"https:\/\/www.awair.eu\/fr\/","name":"awair","description":"Where will you be?","publisher":{"@id":"https:\/\/www.awair.eu\/fr\/#organization"},"potentialAction":[{"@type":"SearchAction","target":{"@type":"EntryPoint","urlTemplate":"https:\/\/www.awair.eu\/fr\/?s={search_term_string}"},"query-input":"required name=search_term_string"}],"inLanguage":"fr-FR"},{"@type":"WebPage","@id":"https:\/\/www.awair.eu\/fr\/certifications\/lvi-360-certification\/#webpage","url":"https:\/\/www.awair.eu\/fr\/certifications\/lvi-360-certification\/","name":"LVI 360\u00b0 Certification - awair","isPartOf":{"@id":"https:\/\/www.awair.eu\/fr\/#website"},"datePublished":"2018-02-06T17:19:43+00:00","dateModified":"2023-06-07T11:00:52+00:00","breadcrumb":{"@id":"https:\/\/www.awair.eu\/fr\/certifications\/lvi-360-certification\/#breadcrumb"},"inLanguage":"fr-FR","potentialAction":[{"@type":"ReadAction","target":["https:\/\/www.awair.eu\/fr\/certifications\/lvi-360-certification\/"]}]},{"@type":"BreadcrumbList","@id":"https:\/\/www.awair.eu\/fr\/certifications\/lvi-360-certification\/#breadcrumb","itemListElement":[{"@type":"ListItem","position":1,"name":"Home","item":"https:\/\/www.awair.eu\/fr\/"},{"@type":"ListItem","position":2,"name":"Certifications","item":"https:\/\/www.awair.eu\/fr\/certifications\/"},{"@type":"ListItem","position":3,"name":"LVI 360\u00b0 Certification"}]}]}},"_links":{"self":[{"href":"https:\/\/www.awair.eu\/fr\/wp-json\/wp\/v2\/pages\/3383"}],"collection":[{"href":"https:\/\/www.awair.eu\/fr\/wp-json\/wp\/v2\/pages"}],"about":[{"href":"https:\/\/www.awair.eu\/fr\/wp-json\/wp\/v2\/types\/page"}],"author":[{"embeddable":true,"href":"https:\/\/www.awair.eu\/fr\/wp-json\/wp\/v2\/users\/1"}],"replies":[{"embeddable":true,"href":"https:\/\/www.awair.eu\/fr\/wp-json\/wp\/v2\/comments?post=3383"}],"version-history":[{"count":7,"href":"https:\/\/www.awair.eu\/fr\/wp-json\/wp\/v2\/pages\/3383\/revisions"}],"predecessor-version":[{"id":11683,"href":"https:\/\/www.awair.eu\/fr\/wp-json\/wp\/v2\/pages\/3383\/revisions\/11683"}],"up":[{"embeddable":true,"href":"https:\/\/www.awair.eu\/fr\/wp-json\/wp\/v2\/pages\/1156"}],"wp:attachment":[{"href":"https:\/\/www.awair.eu\/fr\/wp-json\/wp\/v2\/media?parent=3383"}],"curies":[{"name":"wp","href":"https:\/\/api.w.org\/{rel}","templated":true}]}}