{"id":1156,"date":"2017-04-20T14:53:20","date_gmt":"2017-04-20T12:53:20","guid":{"rendered":"http:\/\/www.awair.eu\/?page_id=1156\/"},"modified":"2023-06-07T13:00:27","modified_gmt":"2023-06-07T11:00:27","slug":"certifications","status":"publish","type":"page","link":"https:\/\/www.awair.eu\/fr\/certifications\/","title":{"rendered":"Certifications"},"content":{"rendered":"[vc_row type=\u00a0\u00bbfull_width_background\u00a0\u00bb full_screen_row_position=\u00a0\u00bbmiddle\u00a0\u00bb equal_height=\u00a0\u00bbyes\u00a0\u00bb content_placement=\u00a0\u00bbmiddle\u00a0\u00bb bg_color=\u00a0\u00bb#f6ebda\u00a0\u00bb scene_position=\u00a0\u00bbcenter\u00a0\u00bb text_color=\u00a0\u00bbdark\u00a0\u00bb text_align=\u00a0\u00bbleft\u00a0\u00bb top_padding=\u00a0\u00bb60&Prime; bottom_padding=\u00a0\u00bb60&Prime; overlay_strength=\u00a0\u00bb0.3&Prime;][vc_column column_padding=\u00a0\u00bbno-extra-padding\u00a0\u00bb column_padding_position=\u00a0\u00bball\u00a0\u00bb background_color_opacity=\u00a0\u00bb1&Prime; background_hover_color_opacity=\u00a0\u00bb1&Prime; column_shadow=\u00a0\u00bbnone\u00a0\u00bb width=\u00a0\u00bb1\/1&Prime; tablet_text_alignment=\u00a0\u00bbdefault\u00a0\u00bb phone_text_alignment=\u00a0\u00bbdefault\u00a0\u00bb column_border_width=\u00a0\u00bbnone\u00a0\u00bb column_border_style=\u00a0\u00bbsolid\u00a0\u00bb][vc_column_text]\n<p>Certains des outils qu&rsquo;Awair distribue et utilise dans ses projets offrent <strong>des formations et des certifications sp\u00e9cifiques<\/strong>. Ces programmes visent <strong>\u00e0 approfondir le contexte des \u00e9valuations<\/strong> et \u00e0 apprendre comment <strong>interpr\u00e9ter<\/strong> au mieux les r\u00e9sultats et, par cons\u00e9quent, <strong>donner feedback<\/strong> de la mani\u00e8re la plus efficace.<\/p>\n<p><strong>Les seminaires de certification<\/strong> en particulier sont des programmes officiels qui peuvent se d\u00e9rouler en pr\u00e9sence ou par webinar et qui repr\u00e9sentent une qualification professionnelle distinctive pour chaque participant, car ils sont hautement reconnus dans les communaut\u00e9s des ressources humaines et du coaching professionnel.[\/vc_column_text][\/vc_column][\/vc_row][vc_row type=\u00a0\u00bbfull_width_background\u00a0\u00bb full_screen_row_position=\u00a0\u00bbmiddle\u00a0\u00bb equal_height=\u00a0\u00bbyes\u00a0\u00bb scene_position=\u00a0\u00bbcenter\u00a0\u00bb text_color=\u00a0\u00bbdark\u00a0\u00bb text_align=\u00a0\u00bbcenter\u00a0\u00bb id=\u00a0\u00bbsoluzioni\u00a0\u00bb overlay_strength=\u00a0\u00bb0.3&Prime;][vc_column column_padding=\u00a0\u00bbno-extra-padding\u00a0\u00bb column_padding_position=\u00a0\u00bball\u00a0\u00bb background_color_opacity=\u00a0\u00bb1&Prime; background_hover_color_opacity=\u00a0\u00bb1&Prime; column_shadow=\u00a0\u00bbnone\u00a0\u00bb width=\u00a0\u00bb1\/1&Prime; tablet_text_alignment=\u00a0\u00bbdefault\u00a0\u00bb phone_text_alignment=\u00a0\u00bbdefault\u00a0\u00bb column_border_width=\u00a0\u00bbnone\u00a0\u00bb column_border_style=\u00a0\u00bbsolid\u00a0\u00bb][vc_column_text css=\u00a0\u00bb.vc_custom_1522766749624{margin-top: 40px !important;}\u00a0\u00bb]\n<h2 style=\"text-align: center;\">Programmes de certification disponibles:<\/h2>\n[\/vc_column_text][\/vc_column][\/vc_row][vc_row type=\u00a0\u00bbfull_width_background\u00a0\u00bb full_screen_row_position=\u00a0\u00bbmiddle\u00a0\u00bb equal_height=\u00a0\u00bbyes\u00a0\u00bb scene_position=\u00a0\u00bbcenter\u00a0\u00bb text_color=\u00a0\u00bbdark\u00a0\u00bb text_align=\u00a0\u00bbcenter\u00a0\u00bb top_padding=\u00a0\u00bb40&Prime; bottom_padding=\u00a0\u00bb60&Prime; id=\u00a0\u00bbsoluzioni\u00a0\u00bb overlay_strength=\u00a0\u00bb0.3&Prime;][vc_column boxed=\u00a0\u00bbtrue\u00a0\u00bb column_padding=\u00a0\u00bbno-extra-padding\u00a0\u00bb column_padding_position=\u00a0\u00bball\u00a0\u00bb background_color_opacity=\u00a0\u00bb1&Prime; background_hover_color_opacity=\u00a0\u00bb1&Prime; column_shadow=\u00a0\u00bbnone\u00a0\u00bb width=\u00a0\u00bb1\/3&Prime; tablet_text_alignment=\u00a0\u00bbdefault\u00a0\u00bb phone_text_alignment=\u00a0\u00bbdefault\u00a0\u00bb column_border_width=\u00a0\u00bbnone\u00a0\u00bb column_border_style=\u00a0\u00bbsolid\u00a0\u00bb column_link=\u00a0\u00bbhttps:\/\/www.awair.eu\/fr\/certifications\/hogan-certification-program\/\u00a0\u00bb]<div class=\"img-with-aniamtion-wrap \" data-max-width=\"100%\"><div class=\"inner\"><a href=\"https:\/\/www.awair.eu\/fr\/certifications\/hogan-certification-program\/\" target=\"_self\" class=\"\"><img data-shadow=\"none\" data-shadow-direction=\"middle\" class=\"img-with-animation azure\" data-delay=\"0\" height=\"220\" width=\"646\" data-animation=\"fade-in\" src=\"https:\/\/www.awair.eu\/wp-content\/uploads\/2018\/02\/Hogan.png\" srcset=\"https:\/\/www.awair.eu\/wp-content\/uploads\/2018\/02\/Hogan.png 646w, https:\/\/www.awair.eu\/wp-content\/uploads\/2018\/02\/Hogan-300x102.png 300w\" alt=\"\" \/><\/a><\/div><\/div>[vc_column_text css=\u00a0\u00bb.vc_custom_1522766916481{margin-top: 40px !important;}\u00a0\u00bb]<strong>Programme de Certification Hogan<\/strong><\/p>\n<p>Apprenez \u00e0 interpr\u00e9ter et \u00e0 appliquer les trois principales tests de personnalit\u00e9 de Hogan.[\/vc_column_text][\/vc_column][vc_column boxed=\u00a0\u00bbtrue\u00a0\u00bb column_padding=\u00a0\u00bbno-extra-padding\u00a0\u00bb column_padding_position=\u00a0\u00bball\u00a0\u00bb background_color_opacity=\u00a0\u00bb1&Prime; background_hover_color_opacity=\u00a0\u00bb1&Prime; column_shadow=\u00a0\u00bbnone\u00a0\u00bb width=\u00a0\u00bb1\/3&Prime; tablet_text_alignment=\u00a0\u00bbdefault\u00a0\u00bb phone_text_alignment=\u00a0\u00bbdefault\u00a0\u00bb column_border_width=\u00a0\u00bbnone\u00a0\u00bb column_border_style=\u00a0\u00bbsolid\u00a0\u00bb column_link=\u00a0\u00bbhttps:\/\/www.awair.eu\/fr\/certifications\/programme-de-formation-assessio\/\u00a0\u00bb]<div class=\"img-with-aniamtion-wrap \" data-max-width=\"100%\"><div class=\"inner\"><a href=\"https:\/\/www.awair.eu\/fr\/certifications\/programme-de-formation-assessio\/\" target=\"_self\" class=\"\"><img data-shadow=\"none\" data-shadow-direction=\"middle\" class=\"img-with-animation azure\" data-delay=\"0\" height=\"220\" width=\"646\" data-animation=\"fade-in\" src=\"https:\/\/www.awair.eu\/wp-content\/uploads\/2018\/02\/assessio.png\" srcset=\"https:\/\/www.awair.eu\/wp-content\/uploads\/2018\/02\/assessio.png 646w, https:\/\/www.awair.eu\/wp-content\/uploads\/2018\/02\/assessio-300x102.png 300w\" alt=\"\" \/><\/a><\/div><\/div>[vc_column_text css=\u00a0\u00bb.vc_custom_1522773308075{margin-top: 40px !important;}\u00a0\u00bb]<strong>Programme de formation Assessio<\/strong><\/p>\n<p>Apprenez \u00e0 interpr\u00e9ter et \u00e0 appliquer la gamme compl\u00e8te d&rsquo;instruments Assessio au moyen de webinars et de seminaires en pr\u00e9sence.[\/vc_column_text][\/vc_column][\/vc_row]\n","protected":false},"excerpt":{"rendered":"<p>[vc_row type=\u00a0\u00bbfull_width_background\u00a0\u00bb full_screen_row_position=\u00a0\u00bbmiddle\u00a0\u00bb equal_height=\u00a0\u00bbyes\u00a0\u00bb content_placement=\u00a0\u00bbmiddle\u00a0\u00bb bg_color=\u00a0\u00bb#f6ebda\u00a0\u00bb scene_position=\u00a0\u00bbcenter\u00a0\u00bb text_color=\u00a0\u00bbdark\u00a0\u00bb text_align=\u00a0\u00bbleft\u00a0\u00bb top_padding=\u00a0\u00bb60&Prime; bottom_padding=\u00a0\u00bb60&Prime; overlay_strength=\u00a0\u00bb0.3&Prime;][vc_column column_padding=\u00a0\u00bbno-extra-padding\u00a0\u00bb column_padding_position=\u00a0\u00bball\u00a0\u00bb background_color_opacity=\u00a0\u00bb1&Prime; background_hover_color_opacity=\u00a0\u00bb1&Prime; column_shadow=\u00a0\u00bbnone\u00a0\u00bb width=\u00a0\u00bb1\/1&Prime; tablet_text_alignment=\u00a0\u00bbdefault\u00a0\u00bb phone_text_alignment=\u00a0\u00bbdefault\u00a0\u00bb column_border_width=\u00a0\u00bbnone\u00a0\u00bb column_border_style=\u00a0\u00bbsolid\u00a0\u00bb][vc_column_text] Certains des outils&#8230;<\/p>\n","protected":false},"author":1,"featured_media":0,"parent":0,"menu_order":3,"comment_status":"closed","ping_status":"closed","template":"","meta":{"inline_featured_image":false},"yoast_head":"<!-- This site is optimized with the Yoast SEO plugin v18.3 - https:\/\/yoast.com\/wordpress\/plugins\/seo\/ -->\n<title>Certifications - awair<\/title>\n<meta name=\"robots\" content=\"noindex, nofollow\" \/>\n<meta property=\"og:locale\" content=\"fr_FR\" \/>\n<meta property=\"og:type\" content=\"article\" \/>\n<meta property=\"og:title\" content=\"Certifications - awair\" \/>\n<meta property=\"og:description\" content=\"[vc_row type=\u00a0\u00bbfull_width_background\u00a0\u00bb full_screen_row_position=\u00a0\u00bbmiddle\u00a0\u00bb equal_height=\u00a0\u00bbyes\u00a0\u00bb content_placement=\u00a0\u00bbmiddle\u00a0\u00bb bg_color=\u00a0\u00bb#f6ebda\u00a0\u00bb scene_position=\u00a0\u00bbcenter\u00a0\u00bb text_color=\u00a0\u00bbdark\u00a0\u00bb text_align=\u00a0\u00bbleft\u00a0\u00bb top_padding=\u00a0\u00bb60&Prime; bottom_padding=\u00a0\u00bb60&Prime; overlay_strength=\u00a0\u00bb0.3&Prime;][vc_column column_padding=\u00a0\u00bbno-extra-padding\u00a0\u00bb column_padding_position=\u00a0\u00bball\u00a0\u00bb background_color_opacity=\u00a0\u00bb1&Prime; background_hover_color_opacity=\u00a0\u00bb1&Prime; column_shadow=\u00a0\u00bbnone\u00a0\u00bb width=\u00a0\u00bb1\/1&Prime; tablet_text_alignment=\u00a0\u00bbdefault\u00a0\u00bb phone_text_alignment=\u00a0\u00bbdefault\u00a0\u00bb column_border_width=\u00a0\u00bbnone\u00a0\u00bb column_border_style=\u00a0\u00bbsolid\u00a0\u00bb][vc_column_text] Certains des outils...\" \/>\n<meta property=\"og:url\" content=\"https:\/\/www.awair.eu\/fr\/certifications\/\" \/>\n<meta property=\"og:site_name\" content=\"awair\" \/>\n<meta property=\"article:modified_time\" content=\"2023-06-07T11:00:27+00:00\" \/>\n<meta name=\"twitter:card\" content=\"summary\" \/>\n<meta name=\"twitter:site\" content=\"@awairAwareness\" \/>\n<meta name=\"twitter:label1\" content=\"Dur\u00e9e de lecture estim\u00e9e\" \/>\n\t<meta name=\"twitter:data1\" content=\"3 minutes\" \/>\n<script type=\"application\/ld+json\" class=\"yoast-schema-graph\">{\"@context\":\"https:\/\/schema.org\",\"@graph\":[{\"@type\":\"Organization\",\"@id\":\"https:\/\/www.awair.eu\/fr\/#organization\",\"name\":\"Awair\",\"url\":\"https:\/\/www.awair.eu\/fr\/\",\"sameAs\":[\"https:\/\/www.linkedin.com\/company\/10070361\/\",\"https:\/\/twitter.com\/awairAwareness\"],\"logo\":{\"@type\":\"ImageObject\",\"@id\":\"https:\/\/www.awair.eu\/fr\/#logo\",\"inLanguage\":\"fr-FR\",\"url\":\"https:\/\/www.awair.eu\/wp-content\/uploads\/2022\/06\/Awair-02-1.jpg\",\"contentUrl\":\"https:\/\/www.awair.eu\/wp-content\/uploads\/2022\/06\/Awair-02-1.jpg\",\"width\":1024,\"height\":1318,\"caption\":\"Awair\"},\"image\":{\"@id\":\"https:\/\/www.awair.eu\/fr\/#logo\"}},{\"@type\":\"WebSite\",\"@id\":\"https:\/\/www.awair.eu\/fr\/#website\",\"url\":\"https:\/\/www.awair.eu\/fr\/\",\"name\":\"awair\",\"description\":\"Where will you be?\",\"publisher\":{\"@id\":\"https:\/\/www.awair.eu\/fr\/#organization\"},\"potentialAction\":[{\"@type\":\"SearchAction\",\"target\":{\"@type\":\"EntryPoint\",\"urlTemplate\":\"https:\/\/www.awair.eu\/fr\/?s={search_term_string}\"},\"query-input\":\"required name=search_term_string\"}],\"inLanguage\":\"fr-FR\"},{\"@type\":\"WebPage\",\"@id\":\"https:\/\/www.awair.eu\/fr\/certifications\/#webpage\",\"url\":\"https:\/\/www.awair.eu\/fr\/certifications\/\",\"name\":\"Certifications - awair\",\"isPartOf\":{\"@id\":\"https:\/\/www.awair.eu\/fr\/#website\"},\"datePublished\":\"2017-04-20T12:53:20+00:00\",\"dateModified\":\"2023-06-07T11:00:27+00:00\",\"breadcrumb\":{\"@id\":\"https:\/\/www.awair.eu\/fr\/certifications\/#breadcrumb\"},\"inLanguage\":\"fr-FR\",\"potentialAction\":[{\"@type\":\"ReadAction\",\"target\":[\"https:\/\/www.awair.eu\/fr\/certifications\/\"]}]},{\"@type\":\"BreadcrumbList\",\"@id\":\"https:\/\/www.awair.eu\/fr\/certifications\/#breadcrumb\",\"itemListElement\":[{\"@type\":\"ListItem\",\"position\":1,\"name\":\"Home\",\"item\":\"https:\/\/www.awair.eu\/fr\/\"},{\"@type\":\"ListItem\",\"position\":2,\"name\":\"Certifications\"}]}]}<\/script>\n<!-- \/ Yoast SEO plugin. -->","yoast_head_json":{"title":"Certifications - awair","robots":{"index":"noindex","follow":"nofollow"},"og_locale":"fr_FR","og_type":"article","og_title":"Certifications - awair","og_description":"[vc_row type=\u00a0\u00bbfull_width_background\u00a0\u00bb full_screen_row_position=\u00a0\u00bbmiddle\u00a0\u00bb equal_height=\u00a0\u00bbyes\u00a0\u00bb content_placement=\u00a0\u00bbmiddle\u00a0\u00bb bg_color=\u00a0\u00bb#f6ebda\u00a0\u00bb scene_position=\u00a0\u00bbcenter\u00a0\u00bb text_color=\u00a0\u00bbdark\u00a0\u00bb text_align=\u00a0\u00bbleft\u00a0\u00bb top_padding=\u00a0\u00bb60&Prime; bottom_padding=\u00a0\u00bb60&Prime; overlay_strength=\u00a0\u00bb0.3&Prime;][vc_column column_padding=\u00a0\u00bbno-extra-padding\u00a0\u00bb column_padding_position=\u00a0\u00bball\u00a0\u00bb background_color_opacity=\u00a0\u00bb1&Prime; background_hover_color_opacity=\u00a0\u00bb1&Prime; column_shadow=\u00a0\u00bbnone\u00a0\u00bb width=\u00a0\u00bb1\/1&Prime; tablet_text_alignment=\u00a0\u00bbdefault\u00a0\u00bb phone_text_alignment=\u00a0\u00bbdefault\u00a0\u00bb column_border_width=\u00a0\u00bbnone\u00a0\u00bb column_border_style=\u00a0\u00bbsolid\u00a0\u00bb][vc_column_text] Certains des outils...","og_url":"https:\/\/www.awair.eu\/fr\/certifications\/","og_site_name":"awair","article_modified_time":"2023-06-07T11:00:27+00:00","twitter_card":"summary","twitter_site":"@awairAwareness","twitter_misc":{"Dur\u00e9e de lecture estim\u00e9e":"3 minutes"},"schema":{"@context":"https:\/\/schema.org","@graph":[{"@type":"Organization","@id":"https:\/\/www.awair.eu\/fr\/#organization","name":"Awair","url":"https:\/\/www.awair.eu\/fr\/","sameAs":["https:\/\/www.linkedin.com\/company\/10070361\/","https:\/\/twitter.com\/awairAwareness"],"logo":{"@type":"ImageObject","@id":"https:\/\/www.awair.eu\/fr\/#logo","inLanguage":"fr-FR","url":"https:\/\/www.awair.eu\/wp-content\/uploads\/2022\/06\/Awair-02-1.jpg","contentUrl":"https:\/\/www.awair.eu\/wp-content\/uploads\/2022\/06\/Awair-02-1.jpg","width":1024,"height":1318,"caption":"Awair"},"image":{"@id":"https:\/\/www.awair.eu\/fr\/#logo"}},{"@type":"WebSite","@id":"https:\/\/www.awair.eu\/fr\/#website","url":"https:\/\/www.awair.eu\/fr\/","name":"awair","description":"Where will you be?","publisher":{"@id":"https:\/\/www.awair.eu\/fr\/#organization"},"potentialAction":[{"@type":"SearchAction","target":{"@type":"EntryPoint","urlTemplate":"https:\/\/www.awair.eu\/fr\/?s={search_term_string}"},"query-input":"required name=search_term_string"}],"inLanguage":"fr-FR"},{"@type":"WebPage","@id":"https:\/\/www.awair.eu\/fr\/certifications\/#webpage","url":"https:\/\/www.awair.eu\/fr\/certifications\/","name":"Certifications - awair","isPartOf":{"@id":"https:\/\/www.awair.eu\/fr\/#website"},"datePublished":"2017-04-20T12:53:20+00:00","dateModified":"2023-06-07T11:00:27+00:00","breadcrumb":{"@id":"https:\/\/www.awair.eu\/fr\/certifications\/#breadcrumb"},"inLanguage":"fr-FR","potentialAction":[{"@type":"ReadAction","target":["https:\/\/www.awair.eu\/fr\/certifications\/"]}]},{"@type":"BreadcrumbList","@id":"https:\/\/www.awair.eu\/fr\/certifications\/#breadcrumb","itemListElement":[{"@type":"ListItem","position":1,"name":"Home","item":"https:\/\/www.awair.eu\/fr\/"},{"@type":"ListItem","position":2,"name":"Certifications"}]}]}},"_links":{"self":[{"href":"https:\/\/www.awair.eu\/fr\/wp-json\/wp\/v2\/pages\/1156"}],"collection":[{"href":"https:\/\/www.awair.eu\/fr\/wp-json\/wp\/v2\/pages"}],"about":[{"href":"https:\/\/www.awair.eu\/fr\/wp-json\/wp\/v2\/types\/page"}],"author":[{"embeddable":true,"href":"https:\/\/www.awair.eu\/fr\/wp-json\/wp\/v2\/users\/1"}],"replies":[{"embeddable":true,"href":"https:\/\/www.awair.eu\/fr\/wp-json\/wp\/v2\/comments?post=1156"}],"version-history":[{"count":21,"href":"https:\/\/www.awair.eu\/fr\/wp-json\/wp\/v2\/pages\/1156\/revisions"}],"predecessor-version":[{"id":9481,"href":"https:\/\/www.awair.eu\/fr\/wp-json\/wp\/v2\/pages\/1156\/revisions\/9481"}],"wp:attachment":[{"href":"https:\/\/www.awair.eu\/fr\/wp-json\/wp\/v2\/media?parent=1156"}],"curies":[{"name":"wp","href":"https:\/\/api.w.org\/{rel}","templated":true}]}}