{"id":1122,"date":"2017-04-20T14:32:06","date_gmt":"2017-04-20T12:32:06","guid":{"rendered":"http:\/\/www.awair.eu\/?page_id=1122\/"},"modified":"2023-06-07T12:56:35","modified_gmt":"2023-06-07T10:56:35","slug":"psi-adc","status":"publish","type":"page","link":"https:\/\/www.awair.eu\/fr\/solutions\/psi-adc\/","title":{"rendered":"PSI"},"content":{"rendered":"[vc_row type=\u00a0\u00bbfull_width_background\u00a0\u00bb full_screen_row_position=\u00a0\u00bbmiddle\u00a0\u00bb equal_height=\u00a0\u00bbyes\u00a0\u00bb content_placement=\u00a0\u00bbmiddle\u00a0\u00bb scene_position=\u00a0\u00bbcenter\u00a0\u00bb text_color=\u00a0\u00bbdark\u00a0\u00bb text_align=\u00a0\u00bbleft\u00a0\u00bb top_padding=\u00a0\u00bb60&Prime; bottom_padding=\u00a0\u00bb60&Prime; overlay_strength=\u00a0\u00bb0.3&Prime;][vc_column column_padding=\u00a0\u00bbno-extra-padding\u00a0\u00bb column_padding_position=\u00a0\u00bbright\u00a0\u00bb background_color_opacity=\u00a0\u00bb1&Prime; background_hover_color_opacity=\u00a0\u00bb1&Prime; column_shadow=\u00a0\u00bbnone\u00a0\u00bb width=\u00a0\u00bb1\/1&Prime; tablet_text_alignment=\u00a0\u00bbdefault\u00a0\u00bb phone_text_alignment=\u00a0\u00bbdefault\u00a0\u00bb column_border_width=\u00a0\u00bbnone\u00a0\u00bb column_border_style=\u00a0\u00bbsolid\u00a0\u00bb][vc_column_text]Depuis 1986, <strong>a&amp;dc<\/strong> est le leader mondial des \u00e9valuations de comportements rigoureusement scientifiques destin\u00e9s \u00e0 la s\u00e9lection des talents et leur d\u00e9veloppement.<\/p>\n<p>Les outils nouvelles g\u00e9n\u00e9rations <strong>a&amp;dc\u2019s<\/strong> apportent une diff\u00e9rence significative en mati\u00e8re de performance business, utilisant des \u00e9valuations de comportements pour recruter et s\u00e9lectionner les meilleurs talents pour chaque poste, et d\u00e9velopper les comportements de leadership qui am\u00e9liorent les r\u00e9sultats business.<\/p>\n<p>En 2017, <strong>a&amp;dc<\/strong> a fusionn\u00e9 avec <strong>PSI<\/strong>, une entreprise mondiale qui propose des solutions compl\u00e8tes pour chaque processus de management des talents, de la s\u00e9lection au d\u00e9veloppement du leadership.<\/p>\n<p>Avant la fusion avec PSI, une s\u00e9rie de produits de pointe a soutenu le d\u00e9veloppement de <strong>a&amp;dc\u2019s<\/strong> depuis le d\u00e9but. Au fil des ann\u00e9es, cette s\u00e9rie a consid\u00e9rablement \u00e9volu\u00e9 et continuellement mis \u00e0 jour pour r\u00e9pondre aux besoins du march\u00e9.[\/vc_column_text][\/vc_column][\/vc_row][vc_row type=\u00a0\u00bbfull_width_background\u00a0\u00bb full_screen_row_position=\u00a0\u00bbmiddle\u00a0\u00bb equal_height=\u00a0\u00bbyes\u00a0\u00bb content_placement=\u00a0\u00bbmiddle\u00a0\u00bb bg_color=\u00a0\u00bb#f5f5f5&Prime; scene_position=\u00a0\u00bbcenter\u00a0\u00bb text_color=\u00a0\u00bbdark\u00a0\u00bb text_align=\u00a0\u00bbleft\u00a0\u00bb top_padding=\u00a0\u00bb40&Prime; bottom_padding=\u00a0\u00bb40&Prime; overlay_strength=\u00a0\u00bb0.3&Prime;][vc_column column_padding=\u00a0\u00bbpadding-15-percent\u00a0\u00bb column_padding_position=\u00a0\u00bbright\u00a0\u00bb background_color_opacity=\u00a0\u00bb1&Prime; background_hover_color_opacity=\u00a0\u00bb1&Prime; column_shadow=\u00a0\u00bbnone\u00a0\u00bb width=\u00a0\u00bb1\/2&Prime; tablet_text_alignment=\u00a0\u00bbdefault\u00a0\u00bb phone_text_alignment=\u00a0\u00bbdefault\u00a0\u00bb column_border_width=\u00a0\u00bbnone\u00a0\u00bb column_border_style=\u00a0\u00bbsolid\u00a0\u00bb][vc_column_text css=\u00a0\u00bb.vc_custom_1529917317336{margin-bottom: 40px !important;}\u00a0\u00bb]\n<h2><strong>Le portfolio de produits <\/strong><\/h2>\n[\/vc_column_text][\/vc_column][vc_column column_padding=\u00a0\u00bbno-extra-padding\u00a0\u00bb column_padding_position=\u00a0\u00bball\u00a0\u00bb background_color_opacity=\u00a0\u00bb1&Prime; background_hover_color_opacity=\u00a0\u00bb1&Prime; column_shadow=\u00a0\u00bbnone\u00a0\u00bb width=\u00a0\u00bb1\/2&Prime; tablet_text_alignment=\u00a0\u00bbdefault\u00a0\u00bb phone_text_alignment=\u00a0\u00bbdefault\u00a0\u00bb column_border_width=\u00a0\u00bbnone\u00a0\u00bb column_border_style=\u00a0\u00bbsolid\u00a0\u00bb][vc_column_text]\n<ul>\n<li>Tests\u00a0de jugement situationnels<\/li>\n<li>Centres d\u2019\u00e9valuations virtuels<\/li>\n<li>Outils de feedback 360\u00b0<\/li>\n<li>Questionnaire de r\u00e9silience<\/li>\n<li>Une s\u00e9rie compl\u00e8te d\u2019\u00e9valuations de comportements et des exercices de simulation de d\u00e9veloppement<\/li>\n<\/ul>\n[\/vc_column_text][\/vc_column][\/vc_row][vc_row type=\u00a0\u00bbfull_width_background\u00a0\u00bb full_screen_row_position=\u00a0\u00bbmiddle\u00a0\u00bb scene_position=\u00a0\u00bbcenter\u00a0\u00bb text_color=\u00a0\u00bbdark\u00a0\u00bb text_align=\u00a0\u00bbcenter\u00a0\u00bb top_padding=\u00a0\u00bb40&Prime; bottom_padding=\u00a0\u00bb20&Prime; overlay_strength=\u00a0\u00bb0.3&Prime;][vc_column column_padding=\u00a0\u00bbno-extra-padding\u00a0\u00bb column_padding_position=\u00a0\u00bbright\u00a0\u00bb background_color_opacity=\u00a0\u00bb1&Prime; background_hover_color_opacity=\u00a0\u00bb1&Prime; column_shadow=\u00a0\u00bbnone\u00a0\u00bb width=\u00a0\u00bb1\/1&Prime; tablet_text_alignment=\u00a0\u00bbdefault\u00a0\u00bb phone_text_alignment=\u00a0\u00bbdefault\u00a0\u00bb column_border_width=\u00a0\u00bbnone\u00a0\u00bb column_border_style=\u00a0\u00bbsolid\u00a0\u00bb][vc_column_text css_animation=\u00a0\u00bbzoomIn\u00a0\u00bb]\n<h2>Evaluations Comportementales pour la s\u00e9lection et le recrutement<\/h2>\n[\/vc_column_text]<div class=\"divider-wrap\"><div style=\"height: 20px;\" class=\"divider\"><\/div><\/div>[vc_column_text]Evaluer le comportement d\u2019un individu vous donne une pr\u00e9diction fiable de la performance des individus dans la position pour laquelle vous les avez recrut\u00e9 \u2013 ce qui signifie que vous pouvez trouver les bonnes personnes pour les bonnes fonctions en toute confiance.[\/vc_column_text][\/vc_column][\/vc_row][vc_row type=\u00a0\u00bbfull_width_background\u00a0\u00bb full_screen_row_position=\u00a0\u00bbmiddle\u00a0\u00bb equal_height=\u00a0\u00bbyes\u00a0\u00bb content_placement=\u00a0\u00bbtop\u00a0\u00bb scene_position=\u00a0\u00bbcenter\u00a0\u00bb text_color=\u00a0\u00bbdark\u00a0\u00bb text_align=\u00a0\u00bbcenter\u00a0\u00bb top_padding=\u00a0\u00bb40&Prime; bottom_padding=\u00a0\u00bb40&Prime; overlay_strength=\u00a0\u00bb0.3&Prime;][vc_column boxed=\u00a0\u00bbtrue\u00a0\u00bb column_padding=\u00a0\u00bbno-extra-padding\u00a0\u00bb column_padding_position=\u00a0\u00bball\u00a0\u00bb background_color_opacity=\u00a0\u00bb1&Prime; background_hover_color_opacity=\u00a0\u00bb1&Prime; column_shadow=\u00a0\u00bbnone\u00a0\u00bb width=\u00a0\u00bb1\/4&Prime; tablet_text_alignment=\u00a0\u00bbdefault\u00a0\u00bb phone_text_alignment=\u00a0\u00bbdefault\u00a0\u00bb column_border_width=\u00a0\u00bbnone\u00a0\u00bb column_border_style=\u00a0\u00bbsolid\u00a0\u00bb column_link=\u00a0\u00bbhttps:\/\/www.awair.eu\/fr\/produits-et-services\/selection\/ac-exs\/\u00a0\u00bb][vc_column_text]<img loading=\"lazy\" class=\"aligncenter wp-image-2950\" src=\"https:\/\/www.awair.eu\/wp-content\/uploads\/2017\/04\/AC-EXS-286x300.png\" alt=\"\" width=\"114\" height=\"120\" srcset=\"https:\/\/www.awair.eu\/wp-content\/uploads\/2017\/04\/AC-EXS-286x300.png 286w, https:\/\/www.awair.eu\/wp-content\/uploads\/2017\/04\/AC-EXS-768x806.png 768w, https:\/\/www.awair.eu\/wp-content\/uploads\/2017\/04\/AC-EXS.png 913w\" sizes=\"(max-width: 114px) 100vw, 114px\" \/>[\/vc_column_text]<div class=\"divider-wrap\"><div style=\"height: 20px;\" class=\"divider\"><\/div><\/div>[vc_column_text]\n<h3 style=\"text-align: center;\">AC-EXS<\/h3>\n<p style=\"text-align: center;\">Exercices de simulation business pr\u00eats \u00e0 l\u2019emploi.<\/p>\n[\/vc_column_text][\/vc_column][vc_column boxed=\u00a0\u00bbtrue\u00a0\u00bb column_padding=\u00a0\u00bbno-extra-padding\u00a0\u00bb column_padding_position=\u00a0\u00bball\u00a0\u00bb background_color_opacity=\u00a0\u00bb1&Prime; background_hover_color_opacity=\u00a0\u00bb1&Prime; column_shadow=\u00a0\u00bbnone\u00a0\u00bb width=\u00a0\u00bb1\/4&Prime; tablet_text_alignment=\u00a0\u00bbdefault\u00a0\u00bb phone_text_alignment=\u00a0\u00bbdefault\u00a0\u00bb column_border_width=\u00a0\u00bbnone\u00a0\u00bb column_border_style=\u00a0\u00bbsolid\u00a0\u00bb column_link=\u00a0\u00bbhttps:\/\/www.awair.eu\/fr\/produits-et-services\/selection\/dilemmas-series\/\u00a0\u00bb][vc_column_text]<img loading=\"lazy\" class=\"aligncenter wp-image-3763\" src=\"https:\/\/www.awair.eu\/wp-content\/uploads\/2017\/04\/Management-Dilemmas_rid-300x300.png\" alt=\"\" width=\"120\" height=\"120\" srcset=\"https:\/\/www.awair.eu\/wp-content\/uploads\/2017\/04\/Management-Dilemmas_rid-300x300.png 300w, https:\/\/www.awair.eu\/wp-content\/uploads\/2017\/04\/Management-Dilemmas_rid-150x150.png 150w, https:\/\/www.awair.eu\/wp-content\/uploads\/2017\/04\/Management-Dilemmas_rid-768x768.png 768w, https:\/\/www.awair.eu\/wp-content\/uploads\/2017\/04\/Management-Dilemmas_rid-100x100.png 100w, https:\/\/www.awair.eu\/wp-content\/uploads\/2017\/04\/Management-Dilemmas_rid-500x500.png 500w, https:\/\/www.awair.eu\/wp-content\/uploads\/2017\/04\/Management-Dilemmas_rid-350x350.png 350w, https:\/\/www.awair.eu\/wp-content\/uploads\/2017\/04\/Management-Dilemmas_rid.png 1000w\" sizes=\"(max-width: 120px) 100vw, 120px\" \/>[\/vc_column_text]<div class=\"divider-wrap\"><div style=\"height: 20px;\" class=\"divider\"><\/div><\/div>[vc_column_text]\n<h3 style=\"text-align: center;\">The Dilemmas Series<\/h3>\n<p style=\"text-align: center;\">Des Tests de Jugement Situationnels En Ligne.<\/p>\n[\/vc_column_text][\/vc_column][vc_column boxed=\u00a0\u00bbtrue\u00a0\u00bb column_padding=\u00a0\u00bbno-extra-padding\u00a0\u00bb column_padding_position=\u00a0\u00bball\u00a0\u00bb background_color_opacity=\u00a0\u00bb1&Prime; background_hover_color_opacity=\u00a0\u00bb1&Prime; column_shadow=\u00a0\u00bbnone\u00a0\u00bb width=\u00a0\u00bb1\/4&Prime; tablet_text_alignment=\u00a0\u00bbdefault\u00a0\u00bb phone_text_alignment=\u00a0\u00bbdefault\u00a0\u00bb column_border_width=\u00a0\u00bbnone\u00a0\u00bb column_border_style=\u00a0\u00bbsolid\u00a0\u00bb column_link=\u00a0\u00bbhttps:\/\/www.awair.eu\/fr\/produits-et-services\/selection\/virtual-ac\/\u00a0\u00bb][vc_column_text]<img loading=\"lazy\" class=\"aligncenter wp-image-2952\" src=\"https:\/\/www.awair.eu\/wp-content\/uploads\/2017\/04\/Virtual-AC-300x279.png\" alt=\"\" width=\"129\" height=\"120\" srcset=\"https:\/\/www.awair.eu\/wp-content\/uploads\/2017\/04\/Virtual-AC-300x279.png 300w, https:\/\/www.awair.eu\/wp-content\/uploads\/2017\/04\/Virtual-AC.png 322w\" sizes=\"(max-width: 129px) 100vw, 129px\" \/>[\/vc_column_text]<div class=\"divider-wrap\"><div style=\"height: 20px;\" class=\"divider\"><\/div><\/div>[vc_column_text]\n<h3 style=\"text-align: center;\">Virtual<em>AC<\/em><\/h3>\n<p style=\"text-align: center;\">Des exercices de simulation business en ligne.<\/p>\n[\/vc_column_text][\/vc_column][vc_column column_padding=\u00a0\u00bbno-extra-padding\u00a0\u00bb column_padding_position=\u00a0\u00bball\u00a0\u00bb background_color_opacity=\u00a0\u00bb1&Prime; background_hover_color_opacity=\u00a0\u00bb1&Prime; column_shadow=\u00a0\u00bbnone\u00a0\u00bb width=\u00a0\u00bb1\/4&Prime; tablet_text_alignment=\u00a0\u00bbdefault\u00a0\u00bb phone_text_alignment=\u00a0\u00bbdefault\u00a0\u00bb column_border_width=\u00a0\u00bbnone\u00a0\u00bb column_border_style=\u00a0\u00bbsolid\u00a0\u00bb][\/vc_column][\/vc_row][vc_row type=\u00a0\u00bbfull_width_background\u00a0\u00bb full_screen_row_position=\u00a0\u00bbmiddle\u00a0\u00bb equal_height=\u00a0\u00bbyes\u00a0\u00bb content_placement=\u00a0\u00bbmiddle\u00a0\u00bb bg_color=\u00a0\u00bb#d9eef4&Prime; scene_position=\u00a0\u00bbcenter\u00a0\u00bb text_color=\u00a0\u00bbdark\u00a0\u00bb text_align=\u00a0\u00bbleft\u00a0\u00bb top_padding=\u00a0\u00bb40&Prime; bottom_padding=\u00a0\u00bb40&Prime; overlay_strength=\u00a0\u00bb0.3&Prime;][vc_column column_padding=\u00a0\u00bbno-extra-padding\u00a0\u00bb column_padding_position=\u00a0\u00bball\u00a0\u00bb background_color_opacity=\u00a0\u00bb1&Prime; background_hover_color_opacity=\u00a0\u00bb1&Prime; column_shadow=\u00a0\u00bbnone\u00a0\u00bb width=\u00a0\u00bb1\/2&Prime; tablet_text_alignment=\u00a0\u00bbdefault\u00a0\u00bb phone_text_alignment=\u00a0\u00bbdefault\u00a0\u00bb column_border_width=\u00a0\u00bbnone\u00a0\u00bb column_border_style=\u00a0\u00bbsolid\u00a0\u00bb][vc_column_text]\n<h2><strong>Identifier les bonnes personnes peut vous apporter de nombreux b\u00e9n\u00e9fices<\/strong><\/h2>\n[\/vc_column_text][\/vc_column][vc_column column_padding=\u00a0\u00bbno-extra-padding\u00a0\u00bb column_padding_position=\u00a0\u00bball\u00a0\u00bb background_color_opacity=\u00a0\u00bb1&Prime; background_hover_color_opacity=\u00a0\u00bb1&Prime; column_shadow=\u00a0\u00bbnone\u00a0\u00bb width=\u00a0\u00bb1\/2&Prime; tablet_text_alignment=\u00a0\u00bbdefault\u00a0\u00bb phone_text_alignment=\u00a0\u00bbdefault\u00a0\u00bb column_border_width=\u00a0\u00bbnone\u00a0\u00bb column_border_style=\u00a0\u00bbsolid\u00a0\u00bb][vc_column_text]\n<ul>\n<li>Vous aurez les personnes avec les comp\u00e9tences, le savoir et l\u2019exp\u00e9rience pour livrer ce dont votre entreprise a besoin.<\/li>\n<li>Vous aurez les personnes qui peuvent grandir et se d\u00e9velopper pour r\u00e9pondre aux challenges de votre organisation.<\/li>\n<li>Vous aurez des personnes avec le potentiel pour grandir dans votre r\u00e9servoir de leaders.<\/li>\n<li>Vous aurez des personnes qui correspondent \u00e0 votre culture d\u2019entreprise et partagent les valeurs de votre entreprise.<\/li>\n<\/ul>\n[\/vc_column_text][\/vc_column][\/vc_row]\n","protected":false},"excerpt":{"rendered":"<p>[vc_row type=\u00a0\u00bbfull_width_background\u00a0\u00bb full_screen_row_position=\u00a0\u00bbmiddle\u00a0\u00bb equal_height=\u00a0\u00bbyes\u00a0\u00bb content_placement=\u00a0\u00bbmiddle\u00a0\u00bb scene_position=\u00a0\u00bbcenter\u00a0\u00bb text_color=\u00a0\u00bbdark\u00a0\u00bb text_align=\u00a0\u00bbleft\u00a0\u00bb top_padding=\u00a0\u00bb60&Prime; bottom_padding=\u00a0\u00bb60&Prime; overlay_strength=\u00a0\u00bb0.3&Prime;][vc_column column_padding=\u00a0\u00bbno-extra-padding\u00a0\u00bb column_padding_position=\u00a0\u00bbright\u00a0\u00bb background_color_opacity=\u00a0\u00bb1&Prime; background_hover_color_opacity=\u00a0\u00bb1&Prime; column_shadow=\u00a0\u00bbnone\u00a0\u00bb width=\u00a0\u00bb1\/1&Prime; tablet_text_alignment=\u00a0\u00bbdefault\u00a0\u00bb phone_text_alignment=\u00a0\u00bbdefault\u00a0\u00bb column_border_width=\u00a0\u00bbnone\u00a0\u00bb column_border_style=\u00a0\u00bbsolid\u00a0\u00bb][vc_column_text]Depuis 1986, a&amp;dc est le&#8230;<\/p>\n","protected":false},"author":1,"featured_media":0,"parent":1115,"menu_order":3,"comment_status":"closed","ping_status":"closed","template":"","meta":{"inline_featured_image":false},"yoast_head":"<!-- This site is optimized with the Yoast SEO plugin v18.3 - https:\/\/yoast.com\/wordpress\/plugins\/seo\/ -->\n<title>Awair | Les outils PSI pour a&amp;dc<\/title>\n<meta name=\"description\" content=\"Depuis 1986, a&amp;dc est le leader des \u00e9valuations de comportements rigoureusement scientifiques destin\u00e9s \u00e0 la s\u00e9lection des talents et leur d\u00e9veloppement.\" \/>\n<meta name=\"robots\" content=\"index, follow, max-snippet:-1, max-image-preview:large, max-video-preview:-1\" \/>\n<link rel=\"canonical\" href=\"https:\/\/www.awair.eu\/fr\/solutions\/psi-adc\/\" \/>\n<meta property=\"og:locale\" content=\"fr_FR\" \/>\n<meta property=\"og:type\" content=\"article\" \/>\n<meta property=\"og:title\" content=\"Awair | Les outils PSI pour a&amp;dc\" \/>\n<meta property=\"og:description\" content=\"Depuis 1986, a&amp;dc est le leader des \u00e9valuations de comportements rigoureusement scientifiques destin\u00e9s \u00e0 la s\u00e9lection des talents et leur d\u00e9veloppement.\" \/>\n<meta property=\"og:url\" content=\"https:\/\/www.awair.eu\/fr\/solutions\/psi-adc\/\" \/>\n<meta property=\"og:site_name\" content=\"awair\" \/>\n<meta property=\"article:modified_time\" content=\"2023-06-07T10:56:35+00:00\" \/>\n<meta property=\"og:image\" content=\"https:\/\/www.awair.eu\/wp-content\/uploads\/2017\/04\/AC-EXS-286x300.png\" \/>\n<meta name=\"twitter:card\" content=\"summary\" \/>\n<meta name=\"twitter:site\" content=\"@awairAwareness\" \/>\n<meta name=\"twitter:label1\" content=\"Dur\u00e9e de lecture estim\u00e9e\" \/>\n\t<meta name=\"twitter:data1\" content=\"5 minutes\" \/>\n<script type=\"application\/ld+json\" class=\"yoast-schema-graph\">{\"@context\":\"https:\/\/schema.org\",\"@graph\":[{\"@type\":\"Organization\",\"@id\":\"https:\/\/www.awair.eu\/fr\/#organization\",\"name\":\"Awair\",\"url\":\"https:\/\/www.awair.eu\/fr\/\",\"sameAs\":[\"https:\/\/www.linkedin.com\/company\/10070361\/\",\"https:\/\/twitter.com\/awairAwareness\"],\"logo\":{\"@type\":\"ImageObject\",\"@id\":\"https:\/\/www.awair.eu\/fr\/#logo\",\"inLanguage\":\"fr-FR\",\"url\":\"https:\/\/www.awair.eu\/wp-content\/uploads\/2022\/06\/Awair-02-1.jpg\",\"contentUrl\":\"https:\/\/www.awair.eu\/wp-content\/uploads\/2022\/06\/Awair-02-1.jpg\",\"width\":1024,\"height\":1318,\"caption\":\"Awair\"},\"image\":{\"@id\":\"https:\/\/www.awair.eu\/fr\/#logo\"}},{\"@type\":\"WebSite\",\"@id\":\"https:\/\/www.awair.eu\/fr\/#website\",\"url\":\"https:\/\/www.awair.eu\/fr\/\",\"name\":\"awair\",\"description\":\"Where will you be?\",\"publisher\":{\"@id\":\"https:\/\/www.awair.eu\/fr\/#organization\"},\"potentialAction\":[{\"@type\":\"SearchAction\",\"target\":{\"@type\":\"EntryPoint\",\"urlTemplate\":\"https:\/\/www.awair.eu\/fr\/?s={search_term_string}\"},\"query-input\":\"required name=search_term_string\"}],\"inLanguage\":\"fr-FR\"},{\"@type\":\"ImageObject\",\"@id\":\"https:\/\/www.awair.eu\/fr\/solutions\/psi-adc\/#primaryimage\",\"inLanguage\":\"fr-FR\",\"url\":\"https:\/\/www.awair.eu\/wp-content\/uploads\/2017\/04\/AC-EXS.png\",\"contentUrl\":\"https:\/\/www.awair.eu\/wp-content\/uploads\/2017\/04\/AC-EXS.png\",\"width\":913,\"height\":958},{\"@type\":\"WebPage\",\"@id\":\"https:\/\/www.awair.eu\/fr\/solutions\/psi-adc\/#webpage\",\"url\":\"https:\/\/www.awair.eu\/fr\/solutions\/psi-adc\/\",\"name\":\"Awair | Les outils PSI pour a&dc\",\"isPartOf\":{\"@id\":\"https:\/\/www.awair.eu\/fr\/#website\"},\"primaryImageOfPage\":{\"@id\":\"https:\/\/www.awair.eu\/fr\/solutions\/psi-adc\/#primaryimage\"},\"datePublished\":\"2017-04-20T12:32:06+00:00\",\"dateModified\":\"2023-06-07T10:56:35+00:00\",\"description\":\"Depuis 1986, a&dc est le leader des \u00e9valuations de comportements rigoureusement scientifiques destin\u00e9s \u00e0 la s\u00e9lection des talents et leur d\u00e9veloppement.\",\"breadcrumb\":{\"@id\":\"https:\/\/www.awair.eu\/fr\/solutions\/psi-adc\/#breadcrumb\"},\"inLanguage\":\"fr-FR\",\"potentialAction\":[{\"@type\":\"ReadAction\",\"target\":[\"https:\/\/www.awair.eu\/fr\/solutions\/psi-adc\/\"]}]},{\"@type\":\"BreadcrumbList\",\"@id\":\"https:\/\/www.awair.eu\/fr\/solutions\/psi-adc\/#breadcrumb\",\"itemListElement\":[{\"@type\":\"ListItem\",\"position\":1,\"name\":\"Home\",\"item\":\"https:\/\/www.awair.eu\/fr\/\"},{\"@type\":\"ListItem\",\"position\":2,\"name\":\"Solutions\",\"item\":\"https:\/\/www.awair.eu\/fr\/solutions\/\"},{\"@type\":\"ListItem\",\"position\":3,\"name\":\"PSI\"}]}]}<\/script>\n<!-- \/ Yoast SEO plugin. -->","yoast_head_json":{"title":"Awair | Les outils PSI pour a&dc","description":"Depuis 1986, a&dc est le leader des \u00e9valuations de comportements rigoureusement scientifiques destin\u00e9s \u00e0 la s\u00e9lection des talents et leur d\u00e9veloppement.","robots":{"index":"index","follow":"follow","max-snippet":"max-snippet:-1","max-image-preview":"max-image-preview:large","max-video-preview":"max-video-preview:-1"},"canonical":"https:\/\/www.awair.eu\/fr\/solutions\/psi-adc\/","og_locale":"fr_FR","og_type":"article","og_title":"Awair | Les outils PSI pour a&dc","og_description":"Depuis 1986, a&dc est le leader des \u00e9valuations de comportements rigoureusement scientifiques destin\u00e9s \u00e0 la s\u00e9lection des talents et leur d\u00e9veloppement.","og_url":"https:\/\/www.awair.eu\/fr\/solutions\/psi-adc\/","og_site_name":"awair","article_modified_time":"2023-06-07T10:56:35+00:00","og_image":[{"url":"https:\/\/www.awair.eu\/wp-content\/uploads\/2017\/04\/AC-EXS-286x300.png"}],"twitter_card":"summary","twitter_site":"@awairAwareness","twitter_misc":{"Dur\u00e9e de lecture estim\u00e9e":"5 minutes"},"schema":{"@context":"https:\/\/schema.org","@graph":[{"@type":"Organization","@id":"https:\/\/www.awair.eu\/fr\/#organization","name":"Awair","url":"https:\/\/www.awair.eu\/fr\/","sameAs":["https:\/\/www.linkedin.com\/company\/10070361\/","https:\/\/twitter.com\/awairAwareness"],"logo":{"@type":"ImageObject","@id":"https:\/\/www.awair.eu\/fr\/#logo","inLanguage":"fr-FR","url":"https:\/\/www.awair.eu\/wp-content\/uploads\/2022\/06\/Awair-02-1.jpg","contentUrl":"https:\/\/www.awair.eu\/wp-content\/uploads\/2022\/06\/Awair-02-1.jpg","width":1024,"height":1318,"caption":"Awair"},"image":{"@id":"https:\/\/www.awair.eu\/fr\/#logo"}},{"@type":"WebSite","@id":"https:\/\/www.awair.eu\/fr\/#website","url":"https:\/\/www.awair.eu\/fr\/","name":"awair","description":"Where will you be?","publisher":{"@id":"https:\/\/www.awair.eu\/fr\/#organization"},"potentialAction":[{"@type":"SearchAction","target":{"@type":"EntryPoint","urlTemplate":"https:\/\/www.awair.eu\/fr\/?s={search_term_string}"},"query-input":"required name=search_term_string"}],"inLanguage":"fr-FR"},{"@type":"ImageObject","@id":"https:\/\/www.awair.eu\/fr\/solutions\/psi-adc\/#primaryimage","inLanguage":"fr-FR","url":"https:\/\/www.awair.eu\/wp-content\/uploads\/2017\/04\/AC-EXS.png","contentUrl":"https:\/\/www.awair.eu\/wp-content\/uploads\/2017\/04\/AC-EXS.png","width":913,"height":958},{"@type":"WebPage","@id":"https:\/\/www.awair.eu\/fr\/solutions\/psi-adc\/#webpage","url":"https:\/\/www.awair.eu\/fr\/solutions\/psi-adc\/","name":"Awair | Les outils PSI pour a&dc","isPartOf":{"@id":"https:\/\/www.awair.eu\/fr\/#website"},"primaryImageOfPage":{"@id":"https:\/\/www.awair.eu\/fr\/solutions\/psi-adc\/#primaryimage"},"datePublished":"2017-04-20T12:32:06+00:00","dateModified":"2023-06-07T10:56:35+00:00","description":"Depuis 1986, a&dc est le leader des \u00e9valuations de comportements rigoureusement scientifiques destin\u00e9s \u00e0 la s\u00e9lection des talents et leur d\u00e9veloppement.","breadcrumb":{"@id":"https:\/\/www.awair.eu\/fr\/solutions\/psi-adc\/#breadcrumb"},"inLanguage":"fr-FR","potentialAction":[{"@type":"ReadAction","target":["https:\/\/www.awair.eu\/fr\/solutions\/psi-adc\/"]}]},{"@type":"BreadcrumbList","@id":"https:\/\/www.awair.eu\/fr\/solutions\/psi-adc\/#breadcrumb","itemListElement":[{"@type":"ListItem","position":1,"name":"Home","item":"https:\/\/www.awair.eu\/fr\/"},{"@type":"ListItem","position":2,"name":"Solutions","item":"https:\/\/www.awair.eu\/fr\/solutions\/"},{"@type":"ListItem","position":3,"name":"PSI"}]}]}},"_links":{"self":[{"href":"https:\/\/www.awair.eu\/fr\/wp-json\/wp\/v2\/pages\/1122"}],"collection":[{"href":"https:\/\/www.awair.eu\/fr\/wp-json\/wp\/v2\/pages"}],"about":[{"href":"https:\/\/www.awair.eu\/fr\/wp-json\/wp\/v2\/types\/page"}],"author":[{"embeddable":true,"href":"https:\/\/www.awair.eu\/fr\/wp-json\/wp\/v2\/users\/1"}],"replies":[{"embeddable":true,"href":"https:\/\/www.awair.eu\/fr\/wp-json\/wp\/v2\/comments?post=1122"}],"version-history":[{"count":9,"href":"https:\/\/www.awair.eu\/fr\/wp-json\/wp\/v2\/pages\/1122\/revisions"}],"predecessor-version":[{"id":7087,"href":"https:\/\/www.awair.eu\/fr\/wp-json\/wp\/v2\/pages\/1122\/revisions\/7087"}],"up":[{"embeddable":true,"href":"https:\/\/www.awair.eu\/fr\/wp-json\/wp\/v2\/pages\/1115"}],"wp:attachment":[{"href":"https:\/\/www.awair.eu\/fr\/wp-json\/wp\/v2\/media?parent=1122"}],"curies":[{"name":"wp","href":"https:\/\/api.w.org\/{rel}","templated":true}]}}