{"id":7123,"date":"2019-07-31T15:23:29","date_gmt":"2019-07-31T13:23:29","guid":{"rendered":"http:\/\/www.awair.eu\/?page_id=7123"},"modified":"2022-10-10T10:37:10","modified_gmt":"2022-10-10T08:37:10","slug":"lvi","status":"publish","type":"page","link":"https:\/\/www.awair.eu\/es\/lvi\/","title":{"rendered":"LVI"},"content":{"rendered":"[vc_row type=\u00bbfull_width_background\u00bb full_screen_row_position=\u00bbmiddle\u00bb equal_height=\u00bbyes\u00bb content_placement=\u00bbmiddle\u00bb bg_color=\u00bb#f6ebda\u00bb scene_position=\u00bbcenter\u00bb text_color=\u00bbdark\u00bb text_align=\u00bbleft\u00bb top_padding=\u00bb60&#8243; bottom_padding=\u00bb60&#8243; overlay_strength=\u00bb0.3&#8243;][vc_column column_padding=\u00bbno-extra-padding\u00bb column_padding_position=\u00bball\u00bb background_color_opacity=\u00bb1&#8243; background_hover_color_opacity=\u00bb1&#8243; column_shadow=\u00bbnone\u00bb width=\u00bb1\/2&#8243; tablet_text_alignment=\u00bbdefault\u00bb phone_text_alignment=\u00bbdefault\u00bb column_border_width=\u00bbnone\u00bb column_border_style=\u00bbsolid\u00bb][vc_column_text]<iframe loading=\"lazy\" title=\"Post incorporato\" src=\"https:\/\/www.linkedin.com\/embed\/feed\/update\/urn:li:ugcPost:6506867426716635137?compact=1\" width=\"640\" height=\"360\" frameborder=\"0\" allowfullscreen=\"allowfullscreen\"><\/iframe>[\/vc_column_text][\/vc_column][vc_column column_padding=\u00bbno-extra-padding\u00bb column_padding_position=\u00bball\u00bb background_color_opacity=\u00bb1&#8243; background_hover_color_opacity=\u00bb1&#8243; column_shadow=\u00bbnone\u00bb width=\u00bb1\/2&#8243; tablet_text_alignment=\u00bbdefault\u00bb phone_text_alignment=\u00bbdefault\u00bb column_border_width=\u00bbnone\u00bb column_border_style=\u00bbsolid\u00bb][vc_column_text]\n<p style=\"text-align: left;\">El <strong>Leadership Versatility Index<\/strong> (LVI) es la encuesta de 360\u00ba dise\u00f1ada para los managers. Se basa en un modelo de liderazgo que ofrece un marco simple y compacto para tener en cuenta las complejidades del trabajo del manager.<\/p>\n[\/vc_column_text][\/vc_column][\/vc_row][vc_row type=\u00bbfull_width_background\u00bb full_screen_row_position=\u00bbmiddle\u00bb equal_height=\u00bbyes\u00bb content_placement=\u00bbmiddle\u00bb scene_position=\u00bbcenter\u00bb text_color=\u00bbdark\u00bb text_align=\u00bbleft\u00bb top_padding=\u00bb40&#8243; bottom_padding=\u00bb40&#8243; overlay_strength=\u00bb0.3&#8243;][vc_column column_padding=\u00bbno-extra-padding\u00bb column_padding_position=\u00bbright\u00bb background_color_opacity=\u00bb1&#8243; background_hover_color_opacity=\u00bb1&#8243; column_shadow=\u00bbnone\u00bb width=\u00bb1\/2&#8243; tablet_text_alignment=\u00bbdefault\u00bb phone_text_alignment=\u00bbdefault\u00bb column_border_width=\u00bbnone\u00bb column_border_style=\u00bbsolid\u00bb][vc_column_text css=\u00bb.vc_custom_1564579361541{margin-bottom: 40px !important;}\u00bb]\n<h2><strong>Distintas ventajas<\/strong><\/h2>\n[\/vc_column_text][\/vc_column][vc_column column_padding=\u00bbno-extra-padding\u00bb column_padding_position=\u00bball\u00bb background_color_opacity=\u00bb1&#8243; background_hover_color_opacity=\u00bb1&#8243; column_shadow=\u00bbnone\u00bb width=\u00bb1\/2&#8243; tablet_text_alignment=\u00bbdefault\u00bb phone_text_alignment=\u00bbdefault\u00bb column_border_width=\u00bbnone\u00bb column_border_style=\u00bbsolid\u00bb][vc_column_text]\n<ul>\n<li>Una escala avanzada que identifica cuando \u00ab<em>las fortalezas se convierten en debilidades<\/em>\u00bb por un uso excesivo.<\/li>\n<li>Un modelo compacto de comportamiento que representa las tensiones y disyuntivas que hacen del liderazgo un acto de balanceo.<\/li>\n<li>Un concepto central e integrador de versatilidad que se define como el dominio de fuerzas opuestas necesarias para hacer frente a la paradoja y el cambio r\u00e1pido.<\/li>\n<li>Un modelo subyacente de aprendizaje y desarrollo que combina el trabajo externo de cambio de comportamiento con el trabajo interno de cambio de mentalidad.<\/li>\n<li>Un programa de estudios de investigaci\u00f3n publicados que demuestran confiabilidad y validez en predecir el compromiso del empleado, el rendimiento del equipo y la efectividad.<\/li>\n<\/ul>\n[\/vc_column_text]<div class=\"divider-wrap\"><div style=\"height: 30px;\" class=\"divider\"><\/div><\/div>[vc_column_text]<img loading=\"lazy\" class=\"alignleft wp-image-7179 size-large\" src=\"https:\/\/www.awair.eu\/wp-content\/uploads\/2019\/07\/Too-much-too-little_no-bg-1024x237.png\" alt=\"\" width=\"1024\" height=\"237\" srcset=\"https:\/\/www.awair.eu\/wp-content\/uploads\/2019\/07\/Too-much-too-little_no-bg-1024x237.png 1024w, https:\/\/www.awair.eu\/wp-content\/uploads\/2019\/07\/Too-much-too-little_no-bg-300x69.png 300w, https:\/\/www.awair.eu\/wp-content\/uploads\/2019\/07\/Too-much-too-little_no-bg-768x178.png 768w\" sizes=\"(max-width: 1024px) 100vw, 1024px\" \/>[\/vc_column_text][\/vc_column][\/vc_row][vc_row type=\u00bbfull_width_background\u00bb full_screen_row_position=\u00bbmiddle\u00bb equal_height=\u00bbyes\u00bb content_placement=\u00bbmiddle\u00bb bg_color=\u00bb#f6ebda\u00bb scene_position=\u00bbcenter\u00bb text_color=\u00bblight\u00bb text_align=\u00bbcenter\u00bb top_padding=\u00bb20&#8243; bottom_padding=\u00bb40&#8243; overlay_strength=\u00bb0.3&#8243;][vc_column column_padding=\u00bbno-extra-padding\u00bb column_padding_position=\u00bball\u00bb background_color_opacity=\u00bb1&#8243; background_hover_color_opacity=\u00bb1&#8243; column_shadow=\u00bbnone\u00bb width=\u00bb1\/1&#8243; tablet_text_alignment=\u00bbdefault\u00bb phone_text_alignment=\u00bbdefault\u00bb column_border_width=\u00bbnone\u00bb column_border_style=\u00bbsolid\u00bb][nectar_btn size=\u00bblarge\u00bb open_new_tab=\u00bbtrue\u00bb button_style=\u00bbregular\u00bb button_color_2=\u00bbAccent-Color\u00bb icon_family=\u00bbfontawesome\u00bb url=\u00bbhttps:\/\/www.awair.eu\/wp-content\/uploads\/2022\/10\/LVI-P-Sample-2023.pdf\u00bb text=\u00bbDescarga el Report\u00bb][\/vc_column][\/vc_row][vc_row type=\u00bbfull_width_background\u00bb full_screen_row_position=\u00bbmiddle\u00bb equal_height=\u00bbyes\u00bb content_placement=\u00bbmiddle\u00bb bg_color=\u00bb#d9eef4&#8243; scene_position=\u00bbcenter\u00bb text_color=\u00bbdark\u00bb text_align=\u00bbleft\u00bb top_padding=\u00bb60&#8243; bottom_padding=\u00bb60&#8243; overlay_strength=\u00bb0.3&#8243;][vc_column column_padding=\u00bbno-extra-padding\u00bb column_padding_position=\u00bbright\u00bb background_color_opacity=\u00bb1&#8243; background_hover_color_opacity=\u00bb1&#8243; column_shadow=\u00bbnone\u00bb width=\u00bb1\/2&#8243; tablet_text_alignment=\u00bbdefault\u00bb phone_text_alignment=\u00bbdefault\u00bb column_border_width=\u00bbnone\u00bb column_border_style=\u00bbsolid\u00bb][vc_column_text css=\u00bb.vc_custom_1564579143961{margin-bottom: 40px !important;}\u00bb]\n<h2><strong>\u00bfL\u00edder en un mundo complejo y en constante cambio?<\/strong><\/h2>\n[\/vc_column_text][\/vc_column][vc_column column_padding=\u00bbno-extra-padding\u00bb column_padding_position=\u00bball\u00bb background_color_opacity=\u00bb1&#8243; background_hover_color_opacity=\u00bb1&#8243; column_shadow=\u00bbnone\u00bb width=\u00bb1\/2&#8243; tablet_text_alignment=\u00bbdefault\u00bb phone_text_alignment=\u00bbdefault\u00bb column_border_width=\u00bbnone\u00bb column_border_style=\u00bbsolid\u00bb][vc_column_text]Vivimos en un mundo de cambios r\u00e1pidos, extremadamente complejo y din\u00e1mico. Como nunca hasta ahora, los l\u00edderes est\u00e1n obligados a adaptarse a este entorno altamente cambiante y ajustar su respuesta consecuentemente.<\/p>\n<p><strong>LVI\u00a0<\/strong>es una herramienta innovadora y cient\u00edficamente validada que puede ayudar a un l\u00edder a ser vers\u00e1til y eficaz en un contexto tan exigente.[\/vc_column_text][\/vc_column][\/vc_row][vc_row type=\u00bbfull_width_background\u00bb full_screen_row_position=\u00bbmiddle\u00bb scene_position=\u00bbcenter\u00bb text_color=\u00bbdark\u00bb text_align=\u00bbcenter\u00bb bottom_padding=\u00bb40&#8243; overlay_strength=\u00bb0.3&#8243;][vc_column column_padding=\u00bbno-extra-padding\u00bb column_padding_position=\u00bball\u00bb background_color_opacity=\u00bb1&#8243; background_hover_color_opacity=\u00bb1&#8243; column_shadow=\u00bbnone\u00bb width=\u00bb1\/1&#8243; tablet_text_alignment=\u00bbdefault\u00bb phone_text_alignment=\u00bbdefault\u00bb column_border_width=\u00bbnone\u00bb column_border_style=\u00bbsolid\u00bb][vc_column_text css=\u00bb.vc_custom_1564579346118{margin-top: 40px !important;margin-bottom: 40px !important;}\u00bb]<strong>Otras lecturas<\/strong>[\/vc_column_text][vc_row_inner equal_height=\u00bbyes\u00bb column_margin=\u00bbdefault\u00bb text_align=\u00bbleft\u00bb][vc_column_inner boxed=\u00bbtrue\u00bb column_padding=\u00bbno-extra-padding\u00bb column_padding_position=\u00bball\u00bb background_color_opacity=\u00bb1&#8243; width=\u00bb1\/3&#8243; column_border_width=\u00bbnone\u00bb column_border_style=\u00bbsolid\u00bb column_link=\u00bbhttps:\/\/www.awair.eu\/wp-content\/uploads\/2017\/03\/Kaiser-Hogan-J.-20111.pdf\u00bb][nectar_icon icon_family=\u00bbfontawesome\u00bb icon_style=\u00bbdefault\u00bb icon_color=\u00bbAccent-Color\u00bb icon_padding=\u00bb0px\u00bb icon_fontawesome=\u00bbfa fa-university\u00bb][vc_column_text]\n<h3><strong>Personality, leader behavior, and overdoing it<\/strong><\/h3>\n[\/vc_column_text][\/vc_column_inner][vc_column_inner boxed=\u00bbtrue\u00bb column_padding=\u00bbno-extra-padding\u00bb column_padding_position=\u00bball\u00bb background_color_opacity=\u00bb1&#8243; width=\u00bb1\/3&#8243; column_border_width=\u00bbnone\u00bb column_border_style=\u00bbsolid\u00bb column_link=\u00bbhttps:\/\/www.awair.eu\/wp-content\/uploads\/2017\/03\/Kaiser-LeBreton-J.-Hogan-20132.pdf\u00bb][nectar_icon icon_family=\u00bbfontawesome\u00bb icon_style=\u00bbdefault\u00bb icon_color=\u00bbAccent-Color\u00bb icon_padding=\u00bb0px\u00bb icon_fontawesome=\u00bbfa fa-university\u00bb][vc_column_text]\n<h3><strong>The dark side of personality and ineffective leadership<\/strong><\/h3>\n[\/vc_column_text][\/vc_column_inner][vc_column_inner boxed=\u00bbtrue\u00bb column_padding=\u00bbno-extra-padding\u00bb column_padding_position=\u00bball\u00bb background_color_opacity=\u00bb1&#8243; width=\u00bb1\/3&#8243; column_border_width=\u00bbnone\u00bb column_border_style=\u00bbsolid\u00bb column_link=\u00bbhttps:\/\/www.awair.eu\/wp-content\/uploads\/2017\/03\/DarkSideExtremeLeaderBehavior_APIR20152.pdf\u00bb][nectar_icon icon_family=\u00bbfontawesome\u00bb icon_style=\u00bbdefault\u00bb icon_color=\u00bbAccent-Color\u00bb icon_padding=\u00bb0px\u00bb icon_fontawesome=\u00bbfa fa-university\u00bb][vc_column_text]\n<h3><strong>The dark side of personality and extreme leader behavior<\/strong><\/h3>\n[\/vc_column_text][\/vc_column_inner][\/vc_row_inner][\/vc_column][\/vc_row][vc_row type=\u00bbfull_width_background\u00bb full_screen_row_position=\u00bbmiddle\u00bb equal_height=\u00bbyes\u00bb content_placement=\u00bbmiddle\u00bb bg_image=\u00bb381&#8243; bg_position=\u00bbcenter center\u00bb bg_repeat=\u00bbno-repeat\u00bb parallax_bg=\u00bbtrue\u00bb parallax_bg_speed=\u00bbslow\u00bb scene_position=\u00bbcenter\u00bb text_color=\u00bblight\u00bb text_align=\u00bbleft\u00bb top_padding=\u00bb60&#8243; bottom_padding=\u00bb60&#8243; overlay_strength=\u00bb0.3&#8243;][vc_column column_padding=\u00bbno-extra-padding\u00bb column_padding_position=\u00bball\u00bb background_color_opacity=\u00bb1&#8243; background_hover_color_opacity=\u00bb1&#8243; column_shadow=\u00bbnone\u00bb width=\u00bb1\/2&#8243; tablet_text_alignment=\u00bbdefault\u00bb phone_text_alignment=\u00bbdefault\u00bb column_border_width=\u00bbnone\u00bb column_border_style=\u00bbsolid\u00bb][vc_column_text]\n<h2><strong>Certificaciones<\/strong><\/h2>\n[\/vc_column_text][\/vc_column][vc_column column_padding=\u00bbno-extra-padding\u00bb column_padding_position=\u00bball\u00bb background_color_opacity=\u00bb1&#8243; background_hover_color_opacity=\u00bb1&#8243; column_shadow=\u00bbnone\u00bb width=\u00bb1\/2&#8243; tablet_text_alignment=\u00bbdefault\u00bb phone_text_alignment=\u00bbdefault\u00bb column_border_width=\u00bbnone\u00bb column_border_style=\u00bbsolid\u00bb][nectar_btn size=\u00bbmedium\u00bb button_style=\u00bbsee-through-2&#8243; hover_text_color_override=\u00bb#ffffff\u00bb icon_family=\u00bbnone\u00bb url=\u00bbhttps:\/\/www.awair.eu\/es\/programas-de-certificacion\/certificacion-lvi\/\u00bb text=\u00bbM\u00e1s\u00bb margin_top=\u00bb20&#8243;][\/vc_column][\/vc_row][vc_row type=\u00bbfull_width_background\u00bb full_screen_row_position=\u00bbmiddle\u00bb equal_height=\u00bbyes\u00bb content_placement=\u00bbmiddle\u00bb scene_position=\u00bbcenter\u00bb text_color=\u00bbdark\u00bb text_align=\u00bbleft\u00bb top_padding=\u00bb40&#8243; bottom_padding=\u00bb40&#8243; overlay_strength=\u00bb0.3&#8243;][vc_column column_padding=\u00bbno-extra-padding\u00bb column_padding_position=\u00bball\u00bb background_color_opacity=\u00bb1&#8243; background_hover_color_opacity=\u00bb1&#8243; column_shadow=\u00bbnone\u00bb width=\u00bb1\/2&#8243; tablet_text_alignment=\u00bbdefault\u00bb phone_text_alignment=\u00bbdefault\u00bb column_border_width=\u00bbnone\u00bb column_border_style=\u00bbsolid\u00bb][vc_column_text]\n<h4 style=\"text-align: right;\">Ve tambi\u00e9n:<\/h4>\n[\/vc_column_text][\/vc_column][vc_column column_padding=\u00bbno-extra-padding\u00bb column_padding_position=\u00bball\u00bb background_color_opacity=\u00bb1&#8243; background_hover_color_opacity=\u00bb1&#8243; column_shadow=\u00bbnone\u00bb width=\u00bb1\/2&#8243; tablet_text_alignment=\u00bbdefault\u00bb phone_text_alignment=\u00bbdefault\u00bb column_border_width=\u00bbnone\u00bb column_border_style=\u00bbsolid\u00bb][vc_column_text]<a href=\"https:\/\/www.awair.eu\/es\/progress-report\/\">Progress Report<\/a>[\/vc_column_text][\/vc_column][\/vc_row]\n","protected":false},"excerpt":{"rendered":"<p>[vc_row type=\u00bbfull_width_background\u00bb full_screen_row_position=\u00bbmiddle\u00bb equal_height=\u00bbyes\u00bb content_placement=\u00bbmiddle\u00bb bg_color=\u00bb#f6ebda\u00bb scene_position=\u00bbcenter\u00bb text_color=\u00bbdark\u00bb text_align=\u00bbleft\u00bb top_padding=\u00bb60&#8243; bottom_padding=\u00bb60&#8243; overlay_strength=\u00bb0.3&#8243;][vc_column column_padding=\u00bbno-extra-padding\u00bb column_padding_position=\u00bball\u00bb background_color_opacity=\u00bb1&#8243; background_hover_color_opacity=\u00bb1&#8243; column_shadow=\u00bbnone\u00bb width=\u00bb1\/2&#8243; tablet_text_alignment=\u00bbdefault\u00bb phone_text_alignment=\u00bbdefault\u00bb column_border_width=\u00bbnone\u00bb column_border_style=\u00bbsolid\u00bb][vc_column_text][\/vc_column_text][\/vc_column][vc_column column_padding=\u00bbno-extra-padding\u00bb column_padding_position=\u00bball\u00bb background_color_opacity=\u00bb1&#8243;&#8230;<\/p>\n","protected":false},"author":1,"featured_media":0,"parent":0,"menu_order":0,"comment_status":"closed","ping_status":"closed","template":"","meta":{"inline_featured_image":false},"yoast_head":"<!-- This site is optimized with the Yoast SEO plugin v18.3 - https:\/\/yoast.com\/wordpress\/plugins\/seo\/ -->\n<title>Awair | Kaiser Leadership Solutions - LVI<\/title>\n<meta name=\"robots\" content=\"index, follow, max-snippet:-1, max-image-preview:large, max-video-preview:-1\" \/>\n<link rel=\"canonical\" href=\"https:\/\/www.awair.eu\/es\/lvi\/\" \/>\n<meta property=\"og:locale\" content=\"es_ES\" \/>\n<meta property=\"og:type\" content=\"article\" \/>\n<meta property=\"og:title\" content=\"Awair | Kaiser Leadership Solutions - LVI\" \/>\n<meta property=\"og:description\" content=\"[vc_row type=\u00bbfull_width_background\u00bb full_screen_row_position=\u00bbmiddle\u00bb equal_height=\u00bbyes\u00bb content_placement=\u00bbmiddle\u00bb bg_color=\u00bb#f6ebda\u00bb scene_position=\u00bbcenter\u00bb text_color=\u00bbdark\u00bb text_align=\u00bbleft\u00bb top_padding=\u00bb60&#8243; bottom_padding=\u00bb60&#8243; overlay_strength=\u00bb0.3&#8243;][vc_column column_padding=\u00bbno-extra-padding\u00bb column_padding_position=\u00bball\u00bb background_color_opacity=\u00bb1&#8243; background_hover_color_opacity=\u00bb1&#8243; column_shadow=\u00bbnone\u00bb width=\u00bb1\/2&#8243; tablet_text_alignment=\u00bbdefault\u00bb phone_text_alignment=\u00bbdefault\u00bb column_border_width=\u00bbnone\u00bb column_border_style=\u00bbsolid\u00bb][vc_column_text][\/vc_column_text][\/vc_column][vc_column column_padding=\u00bbno-extra-padding\u00bb column_padding_position=\u00bball\u00bb background_color_opacity=\u00bb1&#8243;...\" \/>\n<meta property=\"og:url\" content=\"https:\/\/www.awair.eu\/es\/lvi\/\" \/>\n<meta property=\"og:site_name\" content=\"awair\" \/>\n<meta property=\"article:modified_time\" content=\"2022-10-10T08:37:10+00:00\" \/>\n<meta property=\"og:image\" content=\"https:\/\/www.awair.eu\/wp-content\/uploads\/2019\/07\/Too-much-too-little_no-bg-1024x237.png\" \/>\n<meta name=\"twitter:card\" content=\"summary\" \/>\n<meta name=\"twitter:site\" content=\"@awairAwareness\" \/>\n<meta name=\"twitter:label1\" content=\"Tiempo de lectura\" \/>\n\t<meta name=\"twitter:data1\" content=\"7 minutos\" \/>\n<script type=\"application\/ld+json\" class=\"yoast-schema-graph\">{\"@context\":\"https:\/\/schema.org\",\"@graph\":[{\"@type\":\"Organization\",\"@id\":\"https:\/\/www.awair.eu\/es\/#organization\",\"name\":\"Awair\",\"url\":\"https:\/\/www.awair.eu\/es\/\",\"sameAs\":[\"https:\/\/www.linkedin.com\/company\/10070361\/\",\"https:\/\/twitter.com\/awairAwareness\"],\"logo\":{\"@type\":\"ImageObject\",\"@id\":\"https:\/\/www.awair.eu\/es\/#logo\",\"inLanguage\":\"es\",\"url\":\"https:\/\/www.awair.eu\/wp-content\/uploads\/2022\/06\/Awair-02-1.jpg\",\"contentUrl\":\"https:\/\/www.awair.eu\/wp-content\/uploads\/2022\/06\/Awair-02-1.jpg\",\"width\":1024,\"height\":1318,\"caption\":\"Awair\"},\"image\":{\"@id\":\"https:\/\/www.awair.eu\/es\/#logo\"}},{\"@type\":\"WebSite\",\"@id\":\"https:\/\/www.awair.eu\/es\/#website\",\"url\":\"https:\/\/www.awair.eu\/es\/\",\"name\":\"awair\",\"description\":\"Where will you be?\",\"publisher\":{\"@id\":\"https:\/\/www.awair.eu\/es\/#organization\"},\"potentialAction\":[{\"@type\":\"SearchAction\",\"target\":{\"@type\":\"EntryPoint\",\"urlTemplate\":\"https:\/\/www.awair.eu\/es\/?s={search_term_string}\"},\"query-input\":\"required name=search_term_string\"}],\"inLanguage\":\"es\"},{\"@type\":\"ImageObject\",\"@id\":\"https:\/\/www.awair.eu\/es\/lvi\/#primaryimage\",\"inLanguage\":\"es\",\"url\":\"https:\/\/www.awair.eu\/wp-content\/uploads\/2019\/07\/Too-much-too-little_no-bg.png\",\"contentUrl\":\"https:\/\/www.awair.eu\/wp-content\/uploads\/2019\/07\/Too-much-too-little_no-bg.png\",\"width\":2712,\"height\":628},{\"@type\":\"WebPage\",\"@id\":\"https:\/\/www.awair.eu\/es\/lvi\/#webpage\",\"url\":\"https:\/\/www.awair.eu\/es\/lvi\/\",\"name\":\"Awair | Kaiser Leadership Solutions - LVI\",\"isPartOf\":{\"@id\":\"https:\/\/www.awair.eu\/es\/#website\"},\"primaryImageOfPage\":{\"@id\":\"https:\/\/www.awair.eu\/es\/lvi\/#primaryimage\"},\"datePublished\":\"2019-07-31T13:23:29+00:00\",\"dateModified\":\"2022-10-10T08:37:10+00:00\",\"breadcrumb\":{\"@id\":\"https:\/\/www.awair.eu\/es\/lvi\/#breadcrumb\"},\"inLanguage\":\"es\",\"potentialAction\":[{\"@type\":\"ReadAction\",\"target\":[\"https:\/\/www.awair.eu\/es\/lvi\/\"]}]},{\"@type\":\"BreadcrumbList\",\"@id\":\"https:\/\/www.awair.eu\/es\/lvi\/#breadcrumb\",\"itemListElement\":[{\"@type\":\"ListItem\",\"position\":1,\"name\":\"Home\",\"item\":\"https:\/\/www.awair.eu\/es\/\"},{\"@type\":\"ListItem\",\"position\":2,\"name\":\"Soluciones\",\"item\":\"https:\/\/www.awair.eu\/es\/soluciones\/\"},{\"@type\":\"ListItem\",\"position\":3,\"name\":\"LVI\"}]}]}<\/script>\n<!-- \/ Yoast SEO plugin. -->","yoast_head_json":{"title":"Awair | Kaiser Leadership Solutions - LVI","robots":{"index":"index","follow":"follow","max-snippet":"max-snippet:-1","max-image-preview":"max-image-preview:large","max-video-preview":"max-video-preview:-1"},"canonical":"https:\/\/www.awair.eu\/es\/lvi\/","og_locale":"es_ES","og_type":"article","og_title":"Awair | Kaiser Leadership Solutions - LVI","og_description":"[vc_row type=\u00bbfull_width_background\u00bb full_screen_row_position=\u00bbmiddle\u00bb equal_height=\u00bbyes\u00bb content_placement=\u00bbmiddle\u00bb bg_color=\u00bb#f6ebda\u00bb scene_position=\u00bbcenter\u00bb text_color=\u00bbdark\u00bb text_align=\u00bbleft\u00bb top_padding=\u00bb60&#8243; bottom_padding=\u00bb60&#8243; overlay_strength=\u00bb0.3&#8243;][vc_column column_padding=\u00bbno-extra-padding\u00bb column_padding_position=\u00bball\u00bb background_color_opacity=\u00bb1&#8243; background_hover_color_opacity=\u00bb1&#8243; column_shadow=\u00bbnone\u00bb width=\u00bb1\/2&#8243; tablet_text_alignment=\u00bbdefault\u00bb phone_text_alignment=\u00bbdefault\u00bb column_border_width=\u00bbnone\u00bb column_border_style=\u00bbsolid\u00bb][vc_column_text][\/vc_column_text][\/vc_column][vc_column column_padding=\u00bbno-extra-padding\u00bb column_padding_position=\u00bball\u00bb background_color_opacity=\u00bb1&#8243;...","og_url":"https:\/\/www.awair.eu\/es\/lvi\/","og_site_name":"awair","article_modified_time":"2022-10-10T08:37:10+00:00","og_image":[{"url":"https:\/\/www.awair.eu\/wp-content\/uploads\/2019\/07\/Too-much-too-little_no-bg-1024x237.png"}],"twitter_card":"summary","twitter_site":"@awairAwareness","twitter_misc":{"Tiempo de lectura":"7 minutos"},"schema":{"@context":"https:\/\/schema.org","@graph":[{"@type":"Organization","@id":"https:\/\/www.awair.eu\/es\/#organization","name":"Awair","url":"https:\/\/www.awair.eu\/es\/","sameAs":["https:\/\/www.linkedin.com\/company\/10070361\/","https:\/\/twitter.com\/awairAwareness"],"logo":{"@type":"ImageObject","@id":"https:\/\/www.awair.eu\/es\/#logo","inLanguage":"es","url":"https:\/\/www.awair.eu\/wp-content\/uploads\/2022\/06\/Awair-02-1.jpg","contentUrl":"https:\/\/www.awair.eu\/wp-content\/uploads\/2022\/06\/Awair-02-1.jpg","width":1024,"height":1318,"caption":"Awair"},"image":{"@id":"https:\/\/www.awair.eu\/es\/#logo"}},{"@type":"WebSite","@id":"https:\/\/www.awair.eu\/es\/#website","url":"https:\/\/www.awair.eu\/es\/","name":"awair","description":"Where will you be?","publisher":{"@id":"https:\/\/www.awair.eu\/es\/#organization"},"potentialAction":[{"@type":"SearchAction","target":{"@type":"EntryPoint","urlTemplate":"https:\/\/www.awair.eu\/es\/?s={search_term_string}"},"query-input":"required name=search_term_string"}],"inLanguage":"es"},{"@type":"ImageObject","@id":"https:\/\/www.awair.eu\/es\/lvi\/#primaryimage","inLanguage":"es","url":"https:\/\/www.awair.eu\/wp-content\/uploads\/2019\/07\/Too-much-too-little_no-bg.png","contentUrl":"https:\/\/www.awair.eu\/wp-content\/uploads\/2019\/07\/Too-much-too-little_no-bg.png","width":2712,"height":628},{"@type":"WebPage","@id":"https:\/\/www.awair.eu\/es\/lvi\/#webpage","url":"https:\/\/www.awair.eu\/es\/lvi\/","name":"Awair | Kaiser Leadership Solutions - LVI","isPartOf":{"@id":"https:\/\/www.awair.eu\/es\/#website"},"primaryImageOfPage":{"@id":"https:\/\/www.awair.eu\/es\/lvi\/#primaryimage"},"datePublished":"2019-07-31T13:23:29+00:00","dateModified":"2022-10-10T08:37:10+00:00","breadcrumb":{"@id":"https:\/\/www.awair.eu\/es\/lvi\/#breadcrumb"},"inLanguage":"es","potentialAction":[{"@type":"ReadAction","target":["https:\/\/www.awair.eu\/es\/lvi\/"]}]},{"@type":"BreadcrumbList","@id":"https:\/\/www.awair.eu\/es\/lvi\/#breadcrumb","itemListElement":[{"@type":"ListItem","position":1,"name":"Home","item":"https:\/\/www.awair.eu\/es\/"},{"@type":"ListItem","position":2,"name":"Soluciones","item":"https:\/\/www.awair.eu\/es\/soluciones\/"},{"@type":"ListItem","position":3,"name":"LVI"}]}]}},"_links":{"self":[{"href":"https:\/\/www.awair.eu\/es\/wp-json\/wp\/v2\/pages\/7123"}],"collection":[{"href":"https:\/\/www.awair.eu\/es\/wp-json\/wp\/v2\/pages"}],"about":[{"href":"https:\/\/www.awair.eu\/es\/wp-json\/wp\/v2\/types\/page"}],"author":[{"embeddable":true,"href":"https:\/\/www.awair.eu\/es\/wp-json\/wp\/v2\/users\/1"}],"replies":[{"embeddable":true,"href":"https:\/\/www.awair.eu\/es\/wp-json\/wp\/v2\/comments?post=7123"}],"version-history":[{"count":7,"href":"https:\/\/www.awair.eu\/es\/wp-json\/wp\/v2\/pages\/7123\/revisions"}],"predecessor-version":[{"id":11271,"href":"https:\/\/www.awair.eu\/es\/wp-json\/wp\/v2\/pages\/7123\/revisions\/11271"}],"wp:attachment":[{"href":"https:\/\/www.awair.eu\/es\/wp-json\/wp\/v2\/media?parent=7123"}],"curies":[{"name":"wp","href":"https:\/\/api.w.org\/{rel}","templated":true}]}}