{"id":5340,"date":"2019-03-08T10:54:48","date_gmt":"2019-03-08T09:54:48","guid":{"rendered":"http:\/\/www.awair.eu\/?page_id=5340"},"modified":"2022-01-11T10:53:04","modified_gmt":"2022-01-11T09:53:04","slug":"acerca-de-nosotros","status":"publish","type":"page","link":"https:\/\/www.awair.eu\/es\/acerca-de-nosotros\/","title":{"rendered":"Acerca de nosotros"},"content":{"rendered":"[vc_row type=\u00bbfull_width_content\u00bb full_screen_row_position=\u00bbmiddle\u00bb equal_height=\u00bbyes\u00bb content_placement=\u00bbmiddle\u00bb scene_position=\u00bbcenter\u00bb text_color=\u00bbdark\u00bb text_align=\u00bbleft\u00bb overlay_strength=\u00bb0.3&#8243;][vc_column column_padding=\u00bbpadding-4-percent\u00bb column_padding_position=\u00bball\u00bb background_color_opacity=\u00bb1&#8243; background_hover_color_opacity=\u00bb1&#8243; column_shadow=\u00bbnone\u00bb width=\u00bb1\/2&#8243; tablet_text_alignment=\u00bbdefault\u00bb phone_text_alignment=\u00bbdefault\u00bb column_border_width=\u00bbnone\u00bb column_border_style=\u00bbsolid\u00bb][vc_column_text css_animation=\u00bbfadeInLeft\u00bb]<strong>Awair<\/strong> fue fundada en 2012 por un grupo de consultores expertos en administraci\u00f3n de talentos, cada uno con m\u00e1s de 20 a\u00f1os de experiencia en evaluaciones de recursos humanos, desarrollo de liderazgo y gesti\u00f3n del cambio. Con oficinas en <strong>Mil\u00e1n<\/strong>, <strong>Par\u00eds<\/strong>, <strong>Barcelona<\/strong> y <strong>Londres<\/strong>, Awair puede entregar proyectos en los 5 continentes y ayudar a los clientes en italiano, ingl\u00e9s, franc\u00e9s y espa\u00f1ol.[\/vc_column_text][\/vc_column][vc_column column_padding=\u00bbno-extra-padding\u00bb column_padding_position=\u00bball\u00bb background_color_opacity=\u00bb1&#8243; background_hover_color_opacity=\u00bb1&#8243; column_shadow=\u00bbnone\u00bb width=\u00bb1\/2&#8243; tablet_text_alignment=\u00bbdefault\u00bb phone_text_alignment=\u00bbdefault\u00bb column_border_width=\u00bbnone\u00bb column_border_style=\u00bbsolid\u00bb]<div class=\"img-with-aniamtion-wrap center\" data-max-width=\"100%\"><div class=\"inner\"><img data-shadow=\"none\" data-shadow-direction=\"middle\" class=\"img-with-animation \" data-delay=\"0\" height=\"353\" width=\"1000\" data-animation=\"fade-in\" src=\"https:\/\/www.awair.eu\/wp-content\/uploads\/2019\/02\/Cities_2.jpg\" srcset=\"https:\/\/www.awair.eu\/wp-content\/uploads\/2019\/02\/Cities_2.jpg 1000w, https:\/\/www.awair.eu\/wp-content\/uploads\/2019\/02\/Cities_2-300x106.jpg 300w, https:\/\/www.awair.eu\/wp-content\/uploads\/2019\/02\/Cities_2-768x271.jpg 768w\" alt=\"\" \/><\/div><\/div>[\/vc_column][\/vc_row][vc_row type=\u00bbfull_width_content\u00bb full_screen_row_position=\u00bbmiddle\u00bb equal_height=\u00bbyes\u00bb content_placement=\u00bbmiddle\u00bb scene_position=\u00bbcenter\u00bb text_color=\u00bbdark\u00bb text_align=\u00bbleft\u00bb overlay_strength=\u00bb0.3&#8243;][vc_column column_padding=\u00bbno-extra-padding\u00bb column_padding_position=\u00bball\u00bb background_color_opacity=\u00bb1&#8243; background_hover_color_opacity=\u00bb1&#8243; column_shadow=\u00bbnone\u00bb width=\u00bb1\/2&#8243; tablet_text_alignment=\u00bbdefault\u00bb phone_text_alignment=\u00bbdefault\u00bb column_border_width=\u00bbnone\u00bb column_border_style=\u00bbsolid\u00bb]<div class=\"img-with-aniamtion-wrap center\" data-max-width=\"100%\"><div class=\"inner\"><img data-shadow=\"none\" data-shadow-direction=\"middle\" class=\"img-with-animation \" data-delay=\"0\" height=\"1425\" width=\"2560\" data-animation=\"fade-in\" src=\"https:\/\/www.awair.eu\/wp-content\/uploads\/2022\/01\/Calcetto_rez-scaled.jpg\" srcset=\"https:\/\/www.awair.eu\/wp-content\/uploads\/2022\/01\/Calcetto_rez-scaled.jpg 2560w, https:\/\/www.awair.eu\/wp-content\/uploads\/2022\/01\/Calcetto_rez-300x167.jpg 300w, https:\/\/www.awair.eu\/wp-content\/uploads\/2022\/01\/Calcetto_rez-1024x570.jpg 1024w, https:\/\/www.awair.eu\/wp-content\/uploads\/2022\/01\/Calcetto_rez-768x427.jpg 768w, https:\/\/www.awair.eu\/wp-content\/uploads\/2022\/01\/Calcetto_rez-1536x855.jpg 1536w, https:\/\/www.awair.eu\/wp-content\/uploads\/2022\/01\/Calcetto_rez-2048x1140.jpg 2048w\" alt=\"\" \/><\/div><\/div>[\/vc_column][vc_column column_padding=\u00bbpadding-4-percent\u00bb column_padding_position=\u00bball\u00bb background_color_opacity=\u00bb1&#8243; background_hover_color_opacity=\u00bb1&#8243; column_shadow=\u00bbnone\u00bb width=\u00bb1\/2&#8243; tablet_text_alignment=\u00bbdefault\u00bb phone_text_alignment=\u00bbdefault\u00bb column_border_width=\u00bbnone\u00bb column_border_style=\u00bbsolid\u00bb][vc_column_text css_animation=\u00bbfadeInRight\u00bb]Sus servicios y oferta de productos se centran en el uso de evaluaciones psicom\u00e9tricas y de comportamiento altamente reputadas, validadas y basadas en la ciencia.<\/p>\n<p><strong>Awair trabaja para:<\/strong><\/p>\n<ul>\n<li>proporcionar a las organizaciones datos s\u00f3lidos para tomar decisiones informadas sobre el talento.<\/li>\n<li>Dar a los individuos la oportunidad de aumentar su autoconciencia y administrar mejor sus carreras.<\/li>\n<li>Crear programas y experiencias de desarrollo para mejorar su potencial y limitar los riesgos.<\/li>\n<li>Establezca relaciones duraderas con las funciones de recursos humanos para ayudarles a desarrollar su conjunto de habilidades y expandir su caja de herramientas.<\/li>\n<\/ul>\n[\/vc_column_text][\/vc_column][\/vc_row][vc_row type=\u00bbfull_width_content\u00bb full_screen_row_position=\u00bbmiddle\u00bb equal_height=\u00bbyes\u00bb content_placement=\u00bbmiddle\u00bb scene_position=\u00bbcenter\u00bb text_color=\u00bbdark\u00bb text_align=\u00bbleft\u00bb overlay_strength=\u00bb0.3&#8243;][vc_column column_padding=\u00bbpadding-4-percent\u00bb column_padding_position=\u00bball\u00bb background_color_opacity=\u00bb1&#8243; background_hover_color_opacity=\u00bb1&#8243; column_shadow=\u00bbnone\u00bb width=\u00bb1\/2&#8243; tablet_text_alignment=\u00bbdefault\u00bb phone_text_alignment=\u00bbdefault\u00bb column_border_width=\u00bbnone\u00bb column_border_style=\u00bbsolid\u00bb][vc_column_text css_animation=\u00bbfadeInLeft\u00bb]Awair tiene <strong>asociaciones de distribuci\u00f3n<\/strong> con desarrolladores globales que proporcionan soluciones de evaluaci\u00f3n de primer nivel, que incluyen: pruebas de capacidad cognitiva, evaluaciones de personalidad, evaluaciones de comportamiento, retroalimentaci\u00f3n de 360 \u00b0 y evaluaciones basadas en juegos.<\/p>\n<p>El <strong>equipo de Parters<\/strong> est\u00e1 compuesto por\u00a0Francesca Antonini, Paola Ballabio, Andrea Facchini, Gianfranco Gennaro, Massimo Lanzan\u00f3 y Massimo Meroni.[\/vc_column_text][\/vc_column][vc_column column_padding=\u00bbno-extra-padding\u00bb column_padding_position=\u00bball\u00bb background_color_opacity=\u00bb1&#8243; background_hover_color_opacity=\u00bb1&#8243; column_shadow=\u00bbnone\u00bb width=\u00bb1\/2&#8243; tablet_text_alignment=\u00bbdefault\u00bb phone_text_alignment=\u00bbdefault\u00bb column_border_width=\u00bbnone\u00bb column_border_style=\u00bbsolid\u00bb]<div class=\"img-with-aniamtion-wrap center\" data-max-width=\"100%\"><div class=\"inner\"><img data-shadow=\"none\" data-shadow-direction=\"middle\" class=\"img-with-animation \" data-delay=\"0\" height=\"782\" width=\"1133\" data-animation=\"none\" src=\"https:\/\/www.awair.eu\/wp-content\/uploads\/2020\/02\/Team_2020_2.jpg\" srcset=\"https:\/\/www.awair.eu\/wp-content\/uploads\/2020\/02\/Team_2020_2.jpg 1133w, https:\/\/www.awair.eu\/wp-content\/uploads\/2020\/02\/Team_2020_2-300x207.jpg 300w, https:\/\/www.awair.eu\/wp-content\/uploads\/2020\/02\/Team_2020_2-768x530.jpg 768w, https:\/\/www.awair.eu\/wp-content\/uploads\/2020\/02\/Team_2020_2-1024x707.jpg 1024w\" alt=\"\" \/><\/div><\/div>[\/vc_column][\/vc_row][vc_row type=\u00bbfull_width_content\u00bb full_screen_row_position=\u00bbmiddle\u00bb equal_height=\u00bbyes\u00bb content_placement=\u00bbmiddle\u00bb scene_position=\u00bbcenter\u00bb text_color=\u00bbdark\u00bb text_align=\u00bbleft\u00bb disable_element=\u00bbyes\u00bb overlay_strength=\u00bb0.3&#8243;][vc_column column_padding=\u00bbpadding-4-percent\u00bb column_padding_position=\u00bball\u00bb background_color_opacity=\u00bb1&#8243; background_hover_color_opacity=\u00bb1&#8243; column_shadow=\u00bbnone\u00bb width=\u00bb1\/2&#8243; tablet_text_alignment=\u00bbdefault\u00bb phone_text_alignment=\u00bbdefault\u00bb column_border_width=\u00bbnone\u00bb column_border_style=\u00bbsolid\u00bb][vc_column_text css_animation=\u00bbfadeInLeft\u00bb]Awair tiene <strong>asociaciones de distribuci\u00f3n<\/strong> con desarrolladores globales que proporcionan soluciones de evaluaci\u00f3n de primer nivel, que incluyen: pruebas de capacidad cognitiva, evaluaciones de personalidad, evaluaciones de comportamiento, retroalimentaci\u00f3n de 360 \u00b0 y evaluaciones basadas en juegos.<\/p>\n<p>El <strong>equipo de Parters<\/strong> est\u00e1 compuesto por\u00a0Francesca Antonini, Paola Ballabio, Andrea Facchini, Gianfranco Gennaro, Massimo Lanzan\u00f3 y Massimo Meroni.[\/vc_column_text][nectar_btn size=\u00bbjumbo\u00bb open_new_tab=\u00bbtrue\u00bb button_style=\u00bbsee-through-2&#8243; hover_text_color_override=\u00bb#ffffff\u00bb icon_family=\u00bbnone\u00bb url=\u00bb_____\u00bb text=\u00bbConocer al equipo\u00bb margin_top=\u00bb20&#8243; css_animation=\u00bbfadeInLeft\u00bb][\/vc_column][vc_column column_padding=\u00bbno-extra-padding\u00bb column_padding_position=\u00bball\u00bb background_color_opacity=\u00bb1&#8243; background_hover_color_opacity=\u00bb1&#8243; column_shadow=\u00bbnone\u00bb width=\u00bb1\/2&#8243; tablet_text_alignment=\u00bbdefault\u00bb phone_text_alignment=\u00bbdefault\u00bb column_border_width=\u00bbnone\u00bb column_border_style=\u00bbsolid\u00bb]<div class=\"img-with-aniamtion-wrap center\" data-max-width=\"100%\"><div class=\"inner\"><img data-shadow=\"none\" data-shadow-direction=\"middle\" class=\"img-with-animation \" data-delay=\"0\" height=\"1019\" width=\"1587\" data-animation=\"none\" src=\"https:\/\/www.awair.eu\/wp-content\/uploads\/2019\/02\/98A1989_2.jpg\" srcset=\"https:\/\/www.awair.eu\/wp-content\/uploads\/2019\/02\/98A1989_2.jpg 1587w, https:\/\/www.awair.eu\/wp-content\/uploads\/2019\/02\/98A1989_2-300x193.jpg 300w, https:\/\/www.awair.eu\/wp-content\/uploads\/2019\/02\/98A1989_2-768x493.jpg 768w, https:\/\/www.awair.eu\/wp-content\/uploads\/2019\/02\/98A1989_2-1024x658.jpg 1024w\" alt=\"\" \/><\/div><\/div>[\/vc_column][\/vc_row]\n","protected":false},"excerpt":{"rendered":"<p>[vc_row type=\u00bbfull_width_content\u00bb full_screen_row_position=\u00bbmiddle\u00bb equal_height=\u00bbyes\u00bb content_placement=\u00bbmiddle\u00bb scene_position=\u00bbcenter\u00bb text_color=\u00bbdark\u00bb text_align=\u00bbleft\u00bb overlay_strength=\u00bb0.3&#8243;][vc_column column_padding=\u00bbpadding-4-percent\u00bb column_padding_position=\u00bball\u00bb background_color_opacity=\u00bb1&#8243; background_hover_color_opacity=\u00bb1&#8243; column_shadow=\u00bbnone\u00bb width=\u00bb1\/2&#8243; tablet_text_alignment=\u00bbdefault\u00bb phone_text_alignment=\u00bbdefault\u00bb column_border_width=\u00bbnone\u00bb column_border_style=\u00bbsolid\u00bb][vc_column_text css_animation=\u00bbfadeInLeft\u00bb]Awair fue fundada en 2012 por&#8230;<\/p>\n","protected":false},"author":1,"featured_media":0,"parent":0,"menu_order":0,"comment_status":"closed","ping_status":"closed","template":"","meta":{"inline_featured_image":false},"yoast_head":"<!-- This site is optimized with the Yoast SEO plugin v18.3 - https:\/\/yoast.com\/wordpress\/plugins\/seo\/ -->\n<title>Acerca de nosotros - awair<\/title>\n<meta name=\"robots\" content=\"index, follow, max-snippet:-1, max-image-preview:large, max-video-preview:-1\" \/>\n<link rel=\"canonical\" href=\"https:\/\/www.awair.eu\/es\/acerca-de-nosotros\/\" \/>\n<meta property=\"og:locale\" content=\"es_ES\" \/>\n<meta property=\"og:type\" content=\"article\" \/>\n<meta property=\"og:title\" content=\"Acerca de nosotros - awair\" \/>\n<meta property=\"og:description\" content=\"[vc_row type=\u00bbfull_width_content\u00bb full_screen_row_position=\u00bbmiddle\u00bb equal_height=\u00bbyes\u00bb content_placement=\u00bbmiddle\u00bb scene_position=\u00bbcenter\u00bb text_color=\u00bbdark\u00bb text_align=\u00bbleft\u00bb overlay_strength=\u00bb0.3&#8243;][vc_column column_padding=\u00bbpadding-4-percent\u00bb column_padding_position=\u00bball\u00bb background_color_opacity=\u00bb1&#8243; background_hover_color_opacity=\u00bb1&#8243; column_shadow=\u00bbnone\u00bb width=\u00bb1\/2&#8243; tablet_text_alignment=\u00bbdefault\u00bb phone_text_alignment=\u00bbdefault\u00bb column_border_width=\u00bbnone\u00bb column_border_style=\u00bbsolid\u00bb][vc_column_text css_animation=\u00bbfadeInLeft\u00bb]Awair fue fundada en 2012 por...\" \/>\n<meta property=\"og:url\" content=\"https:\/\/www.awair.eu\/es\/acerca-de-nosotros\/\" \/>\n<meta property=\"og:site_name\" content=\"awair\" \/>\n<meta property=\"article:modified_time\" content=\"2022-01-11T09:53:04+00:00\" \/>\n<meta name=\"twitter:card\" content=\"summary\" \/>\n<meta name=\"twitter:site\" content=\"@awairAwareness\" \/>\n<meta name=\"twitter:label1\" content=\"Tiempo de lectura\" \/>\n\t<meta name=\"twitter:data1\" content=\"4 minutos\" \/>\n<script type=\"application\/ld+json\" class=\"yoast-schema-graph\">{\"@context\":\"https:\/\/schema.org\",\"@graph\":[{\"@type\":\"Organization\",\"@id\":\"https:\/\/www.awair.eu\/es\/#organization\",\"name\":\"Awair\",\"url\":\"https:\/\/www.awair.eu\/es\/\",\"sameAs\":[\"https:\/\/www.linkedin.com\/company\/10070361\/\",\"https:\/\/twitter.com\/awairAwareness\"],\"logo\":{\"@type\":\"ImageObject\",\"@id\":\"https:\/\/www.awair.eu\/es\/#logo\",\"inLanguage\":\"es\",\"url\":\"https:\/\/www.awair.eu\/wp-content\/uploads\/2022\/06\/Awair-02-1.jpg\",\"contentUrl\":\"https:\/\/www.awair.eu\/wp-content\/uploads\/2022\/06\/Awair-02-1.jpg\",\"width\":1024,\"height\":1318,\"caption\":\"Awair\"},\"image\":{\"@id\":\"https:\/\/www.awair.eu\/es\/#logo\"}},{\"@type\":\"WebSite\",\"@id\":\"https:\/\/www.awair.eu\/es\/#website\",\"url\":\"https:\/\/www.awair.eu\/es\/\",\"name\":\"awair\",\"description\":\"Where will you be?\",\"publisher\":{\"@id\":\"https:\/\/www.awair.eu\/es\/#organization\"},\"potentialAction\":[{\"@type\":\"SearchAction\",\"target\":{\"@type\":\"EntryPoint\",\"urlTemplate\":\"https:\/\/www.awair.eu\/es\/?s={search_term_string}\"},\"query-input\":\"required name=search_term_string\"}],\"inLanguage\":\"es\"},{\"@type\":\"WebPage\",\"@id\":\"https:\/\/www.awair.eu\/es\/acerca-de-nosotros\/#webpage\",\"url\":\"https:\/\/www.awair.eu\/es\/acerca-de-nosotros\/\",\"name\":\"Acerca de nosotros - awair\",\"isPartOf\":{\"@id\":\"https:\/\/www.awair.eu\/es\/#website\"},\"datePublished\":\"2019-03-08T09:54:48+00:00\",\"dateModified\":\"2022-01-11T09:53:04+00:00\",\"breadcrumb\":{\"@id\":\"https:\/\/www.awair.eu\/es\/acerca-de-nosotros\/#breadcrumb\"},\"inLanguage\":\"es\",\"potentialAction\":[{\"@type\":\"ReadAction\",\"target\":[\"https:\/\/www.awair.eu\/es\/acerca-de-nosotros\/\"]}]},{\"@type\":\"BreadcrumbList\",\"@id\":\"https:\/\/www.awair.eu\/es\/acerca-de-nosotros\/#breadcrumb\",\"itemListElement\":[{\"@type\":\"ListItem\",\"position\":1,\"name\":\"Home\",\"item\":\"https:\/\/www.awair.eu\/es\/\"},{\"@type\":\"ListItem\",\"position\":2,\"name\":\"Acerca de nosotros\"}]}]}<\/script>\n<!-- \/ Yoast SEO plugin. -->","yoast_head_json":{"title":"Acerca de nosotros - awair","robots":{"index":"index","follow":"follow","max-snippet":"max-snippet:-1","max-image-preview":"max-image-preview:large","max-video-preview":"max-video-preview:-1"},"canonical":"https:\/\/www.awair.eu\/es\/acerca-de-nosotros\/","og_locale":"es_ES","og_type":"article","og_title":"Acerca de nosotros - awair","og_description":"[vc_row type=\u00bbfull_width_content\u00bb full_screen_row_position=\u00bbmiddle\u00bb equal_height=\u00bbyes\u00bb content_placement=\u00bbmiddle\u00bb scene_position=\u00bbcenter\u00bb text_color=\u00bbdark\u00bb text_align=\u00bbleft\u00bb overlay_strength=\u00bb0.3&#8243;][vc_column column_padding=\u00bbpadding-4-percent\u00bb column_padding_position=\u00bball\u00bb background_color_opacity=\u00bb1&#8243; background_hover_color_opacity=\u00bb1&#8243; column_shadow=\u00bbnone\u00bb width=\u00bb1\/2&#8243; tablet_text_alignment=\u00bbdefault\u00bb phone_text_alignment=\u00bbdefault\u00bb column_border_width=\u00bbnone\u00bb column_border_style=\u00bbsolid\u00bb][vc_column_text css_animation=\u00bbfadeInLeft\u00bb]Awair fue fundada en 2012 por...","og_url":"https:\/\/www.awair.eu\/es\/acerca-de-nosotros\/","og_site_name":"awair","article_modified_time":"2022-01-11T09:53:04+00:00","twitter_card":"summary","twitter_site":"@awairAwareness","twitter_misc":{"Tiempo de lectura":"4 minutos"},"schema":{"@context":"https:\/\/schema.org","@graph":[{"@type":"Organization","@id":"https:\/\/www.awair.eu\/es\/#organization","name":"Awair","url":"https:\/\/www.awair.eu\/es\/","sameAs":["https:\/\/www.linkedin.com\/company\/10070361\/","https:\/\/twitter.com\/awairAwareness"],"logo":{"@type":"ImageObject","@id":"https:\/\/www.awair.eu\/es\/#logo","inLanguage":"es","url":"https:\/\/www.awair.eu\/wp-content\/uploads\/2022\/06\/Awair-02-1.jpg","contentUrl":"https:\/\/www.awair.eu\/wp-content\/uploads\/2022\/06\/Awair-02-1.jpg","width":1024,"height":1318,"caption":"Awair"},"image":{"@id":"https:\/\/www.awair.eu\/es\/#logo"}},{"@type":"WebSite","@id":"https:\/\/www.awair.eu\/es\/#website","url":"https:\/\/www.awair.eu\/es\/","name":"awair","description":"Where will you be?","publisher":{"@id":"https:\/\/www.awair.eu\/es\/#organization"},"potentialAction":[{"@type":"SearchAction","target":{"@type":"EntryPoint","urlTemplate":"https:\/\/www.awair.eu\/es\/?s={search_term_string}"},"query-input":"required name=search_term_string"}],"inLanguage":"es"},{"@type":"WebPage","@id":"https:\/\/www.awair.eu\/es\/acerca-de-nosotros\/#webpage","url":"https:\/\/www.awair.eu\/es\/acerca-de-nosotros\/","name":"Acerca de nosotros - awair","isPartOf":{"@id":"https:\/\/www.awair.eu\/es\/#website"},"datePublished":"2019-03-08T09:54:48+00:00","dateModified":"2022-01-11T09:53:04+00:00","breadcrumb":{"@id":"https:\/\/www.awair.eu\/es\/acerca-de-nosotros\/#breadcrumb"},"inLanguage":"es","potentialAction":[{"@type":"ReadAction","target":["https:\/\/www.awair.eu\/es\/acerca-de-nosotros\/"]}]},{"@type":"BreadcrumbList","@id":"https:\/\/www.awair.eu\/es\/acerca-de-nosotros\/#breadcrumb","itemListElement":[{"@type":"ListItem","position":1,"name":"Home","item":"https:\/\/www.awair.eu\/es\/"},{"@type":"ListItem","position":2,"name":"Acerca de nosotros"}]}]}},"_links":{"self":[{"href":"https:\/\/www.awair.eu\/es\/wp-json\/wp\/v2\/pages\/5340"}],"collection":[{"href":"https:\/\/www.awair.eu\/es\/wp-json\/wp\/v2\/pages"}],"about":[{"href":"https:\/\/www.awair.eu\/es\/wp-json\/wp\/v2\/types\/page"}],"author":[{"embeddable":true,"href":"https:\/\/www.awair.eu\/es\/wp-json\/wp\/v2\/users\/1"}],"replies":[{"embeddable":true,"href":"https:\/\/www.awair.eu\/es\/wp-json\/wp\/v2\/comments?post=5340"}],"version-history":[{"count":7,"href":"https:\/\/www.awair.eu\/es\/wp-json\/wp\/v2\/pages\/5340\/revisions"}],"predecessor-version":[{"id":10655,"href":"https:\/\/www.awair.eu\/es\/wp-json\/wp\/v2\/pages\/5340\/revisions\/10655"}],"wp:attachment":[{"href":"https:\/\/www.awair.eu\/es\/wp-json\/wp\/v2\/media?parent=5340"}],"curies":[{"name":"wp","href":"https:\/\/api.w.org\/{rel}","templated":true}]}}