{"id":3725,"date":"2018-04-11T16:08:35","date_gmt":"2018-04-11T14:08:35","guid":{"rendered":"http:\/\/www.awair.eu\/areas-de-especializacion\/seleccion\/virtual-ac\/"},"modified":"2020-08-07T12:06:37","modified_gmt":"2020-08-07T10:06:37","slug":"virtual-ac","status":"publish","type":"page","link":"https:\/\/www.awair.eu\/es\/soluciones\/psi\/virtual-ac\/","title":{"rendered":"VirtualAC"},"content":{"rendered":"[vc_row type=\u00bbfull_width_background\u00bb full_screen_row_position=\u00bbmiddle\u00bb equal_height=\u00bbyes\u00bb content_placement=\u00bbmiddle\u00bb scene_position=\u00bbcenter\u00bb text_color=\u00bbdark\u00bb text_align=\u00bbleft\u00bb top_padding=\u00bb40&#8243; bottom_padding=\u00bb40&#8243; overlay_strength=\u00bb0.3&#8243;][vc_column column_padding=\u00bbno-extra-padding\u00bb column_padding_position=\u00bball\u00bb background_color_opacity=\u00bb1&#8243; background_hover_color_opacity=\u00bb1&#8243; column_shadow=\u00bbnone\u00bb width=\u00bb1\/2&#8243; tablet_text_alignment=\u00bbdefault\u00bb phone_text_alignment=\u00bbdefault\u00bb column_border_width=\u00bbnone\u00bb column_border_style=\u00bbsolid\u00bb][vc_column_text]<iframe loading=\"lazy\" src=\"https:\/\/player.vimeo.com\/video\/194532995?portrait=0\" width=\"640\" height=\"360\" frameborder=\"0\" allowfullscreen=\"allowfullscreen\"><\/iframe>[\/vc_column_text][\/vc_column][vc_column column_padding=\u00bbno-extra-padding\u00bb column_padding_position=\u00bball\u00bb background_color_opacity=\u00bb1&#8243; background_hover_color_opacity=\u00bb1&#8243; column_shadow=\u00bbnone\u00bb width=\u00bb1\/2&#8243; tablet_text_alignment=\u00bbdefault\u00bb phone_text_alignment=\u00bbdefault\u00bb column_border_width=\u00bbnone\u00bb column_border_style=\u00bbsolid\u00bb][vc_column_text]Una amplia selecci\u00f3n de <strong>38 ejercicios listos para su uso<\/strong> cubriendo una gama de niveles y competencias, incluyendo ejercicios de an\u00e1lisis, incluidos el an\u00e1lisis, <em>day in the life<\/em>\u00a0y los ejercicios\u00a0<em>Inbox<\/em>,\u00a0<strong>Virtual<em>AC<\/em> <\/strong>simula un entorno de escritorio online, permiti\u00e9ndole entregar ejercicios de simulaci\u00f3n de negocios altamente inmersivos e interactivos para seleccionar y desarrollar a su personal.<\/p>\n<p>Usando <strong>Virtual<em>AC<\/em><\/strong>, a los candidatos se les pedir\u00e1 responder a informaci\u00f3n y temas presentados en una variedad de formatos, tales como correos electr\u00f3nicos, mensajes de video, mensajes de voz, elementos de calendario, documentos y organigramas.[\/vc_column_text][\/vc_column][\/vc_row][vc_row type=\u00bbfull_width_background\u00bb full_screen_row_position=\u00bbmiddle\u00bb equal_height=\u00bbyes\u00bb scene_position=\u00bbcenter\u00bb text_color=\u00bbdark\u00bb text_align=\u00bbleft\u00bb top_padding=\u00bb30&#8243; bottom_padding=\u00bb20&#8243; overlay_strength=\u00bb0.3&#8243;][vc_column column_padding=\u00bbno-extra-padding\u00bb column_padding_position=\u00bball\u00bb background_color_opacity=\u00bb1&#8243; background_hover_color_opacity=\u00bb1&#8243; column_shadow=\u00bbnone\u00bb width=\u00bb1\/1&#8243; tablet_text_alignment=\u00bbdefault\u00bb phone_text_alignment=\u00bbdefault\u00bb column_border_width=\u00bbnone\u00bb column_border_style=\u00bbsolid\u00bb][vc_column_text]\n<p style=\"text-align: center;\"><img loading=\"lazy\" class=\"aligncenter wp-image-3703\" src=\"https:\/\/www.awair.eu\/wp-content\/uploads\/2018\/04\/virtual-ac-1024x576.png\" alt=\"\" width=\"800\" height=\"450\" srcset=\"https:\/\/www.awair.eu\/wp-content\/uploads\/2018\/04\/virtual-ac-1024x576.png 1024w, https:\/\/www.awair.eu\/wp-content\/uploads\/2018\/04\/virtual-ac-300x169.png 300w, https:\/\/www.awair.eu\/wp-content\/uploads\/2018\/04\/virtual-ac-768x432.png 768w, https:\/\/www.awair.eu\/wp-content\/uploads\/2018\/04\/virtual-ac.png 1280w\" sizes=\"(max-width: 800px) 100vw, 800px\" \/><\/p>\n[\/vc_column_text][\/vc_column][\/vc_row][vc_row type=\u00bbfull_width_background\u00bb full_screen_row_position=\u00bbmiddle\u00bb equal_height=\u00bbyes\u00bb content_placement=\u00bbmiddle\u00bb bg_color=\u00bb#d9eef4&#8243; scene_position=\u00bbcenter\u00bb text_color=\u00bbdark\u00bb text_align=\u00bbleft\u00bb top_padding=\u00bb40&#8243; bottom_padding=\u00bb40&#8243; overlay_strength=\u00bb0.3&#8243;][vc_column column_padding=\u00bbno-extra-padding\u00bb column_padding_position=\u00bball\u00bb background_color_opacity=\u00bb1&#8243; background_hover_color_opacity=\u00bb1&#8243; column_shadow=\u00bbnone\u00bb width=\u00bb1\/2&#8243; tablet_text_alignment=\u00bbdefault\u00bb phone_text_alignment=\u00bbdefault\u00bb column_border_width=\u00bbnone\u00bb column_border_style=\u00bbsolid\u00bb][vc_column_text]\n<h2 style=\"text-align: left;\"><strong>Beneficios de escoger Virtual<em>AC<\/em><\/strong><\/h2>\n[\/vc_column_text][\/vc_column][vc_column column_padding=\u00bbno-extra-padding\u00bb column_padding_position=\u00bball\u00bb background_color_opacity=\u00bb1&#8243; background_hover_color_opacity=\u00bb1&#8243; column_shadow=\u00bbnone\u00bb width=\u00bb1\/2&#8243; tablet_text_alignment=\u00bbdefault\u00bb phone_text_alignment=\u00bbdefault\u00bb column_border_width=\u00bbnone\u00bb column_border_style=\u00bbsolid\u00bb][vc_column_text]\n<ul>\n<li><strong>Ahorro de tiempo y dinero<\/strong>. Puede administrar y se\u00f1alar ejercicios de forma r\u00e1pida y f\u00e1cil online con el sistema simplificado de correcci\u00f3n, que incorpora la f\u00f3rmula de <strong>a&amp;dc<\/strong> MarcadoInteligente que puede recortar el tiempo de correcci\u00f3n del asesor en una tercera parte en comparaci\u00f3n con la correcci\u00f3n en papel.<\/li>\n<li><strong>Conveniente y flexible<\/strong>. Una gama de ejercicios disponibles que no requieren personas para los role-play, lo que significa que la evaluaci\u00f3n puede tener lugar a conveniencia del candidato y en cualquier lugar donde exista una conexi\u00f3n a internet, dando a las organizaciones un proceso r\u00e1pido y con una consistencia global. Candidatos y asesores pueden estar en diferentes lugares o incluso en pa\u00edses diferentes, con el correspondiente ahorro en los gastos de viaje.<\/li>\n<li><strong>Ayudarle a tomar decisiones de alta calidad<\/strong>. Las simulaciones virtuales presentan desaf\u00edos de trabajo realistas y requieren a los participantes demostrar comportamientos claves importantes para el \u00e9xito en el trabajo. Te permiten ver al participante en acci\u00f3n y provee de una poderosa evidencia de las capacidades de un individuo, asegur\u00e1ndote que identificas a las personas adecuadas.<\/li>\n<li><strong>Te da opciones<\/strong>. Gracias a la flexibilidad del sistema, puedes ofrecer una gama de simulaciones de negocios: pedir a los participantes que completen un ejercicio de bandeja de entrada, un informe de an\u00e1lisis o un Centro de Evaluaci\u00f3n virtual completo que incorpora varias actividades diferentes.<\/li>\n<li><strong>Promoci\u00f3n de su marca de empleador<\/strong>. Las simulaciones virtuales proporcionan una experiencia atractiva y envolvente de la evaluaci\u00f3n para el participante, as\u00ed como una vista previa realista del trabajo, presentando una imagen positiva de su marca como empleador.<\/li>\n<\/ul>\n[\/vc_column_text][\/vc_column][\/vc_row][vc_row type=\u00bbfull_width_background\u00bb full_screen_row_position=\u00bbmiddle\u00bb equal_height=\u00bbyes\u00bb content_placement=\u00bbmiddle\u00bb bg_color=\u00bb#f6ebda\u00bb scene_position=\u00bbcenter\u00bb text_color=\u00bbdark\u00bb text_align=\u00bbleft\u00bb top_padding=\u00bb40&#8243; bottom_padding=\u00bb40&#8243; overlay_strength=\u00bb0.3&#8243;][vc_column column_padding=\u00bbno-extra-padding\u00bb column_padding_position=\u00bball\u00bb background_color_opacity=\u00bb1&#8243; background_hover_color_opacity=\u00bb1&#8243; column_shadow=\u00bbnone\u00bb width=\u00bb1\/1&#8243; tablet_text_alignment=\u00bbdefault\u00bb phone_text_alignment=\u00bbdefault\u00bb column_border_width=\u00bbnone\u00bb column_border_style=\u00bbsolid\u00bb][vc_column_text css_animation=\u00bbzoomIn\u00bb css=\u00bb.vc_custom_1528983627187{margin-bottom: 40px !important;}\u00bb]\n<h2 style=\"text-align: center;\">Flexibilidad<\/h2>\n[\/vc_column_text][vc_column_text]<strong>Virtual<em>AC<\/em><\/strong> es una plataforma flexible de Software como Service (SaaS), con lo cu\u00e1l las organizaciones pueden trabajar con <strong>el equipo de Awair<\/strong> para elaborar y utilizar un ejercicio personalizado o completamente adaptado a sus propias necesidades.[\/vc_column_text][\/vc_column][\/vc_row][vc_row type=\u00bbfull_width_background\u00bb full_screen_row_position=\u00bbmiddle\u00bb equal_height=\u00bbyes\u00bb content_placement=\u00bbmiddle\u00bb bg_color=\u00bb#d9eef4&#8243; scene_position=\u00bbcenter\u00bb text_color=\u00bbdark\u00bb text_align=\u00bbcenter\u00bb top_padding=\u00bb20&#8243; bottom_padding=\u00bb20&#8243; disable_element=\u00bbyes\u00bb overlay_strength=\u00bb0.3&#8243;][vc_column column_padding=\u00bbno-extra-padding\u00bb column_padding_position=\u00bball\u00bb background_color_opacity=\u00bb1&#8243; background_hover_color_opacity=\u00bb1&#8243; column_shadow=\u00bbnone\u00bb width=\u00bb1\/1&#8243; tablet_text_alignment=\u00bbdefault\u00bb phone_text_alignment=\u00bbdefault\u00bb column_border_width=\u00bbnone\u00bb column_border_style=\u00bbsolid\u00bb][nectar_btn size=\u00bblarge\u00bb open_new_tab=\u00bbtrue\u00bb button_style=\u00bbregular\u00bb button_color_2=\u00bbAccent-Color\u00bb icon_family=\u00bbfontawesome\u00bb url=\u00bbhttps:\/\/www.awair.eu\/wp-content\/uploads\/2018\/02\/MAP-mangerial_eng.pdf\u00bb text=\u00bbDownload the Report\u00bb icon_fontawesome=\u00bbfa fa-file-pdf-o\u00bb][\/vc_column][\/vc_row][vc_row type=\u00bbfull_width_background\u00bb full_screen_row_position=\u00bbmiddle\u00bb equal_height=\u00bbyes\u00bb scene_position=\u00bbcenter\u00bb text_color=\u00bbdark\u00bb text_align=\u00bbleft\u00bb top_padding=\u00bb30&#8243; bottom_padding=\u00bb20&#8243; overlay_strength=\u00bb0.3&#8243;][vc_column column_padding=\u00bbno-extra-padding\u00bb column_padding_position=\u00bball\u00bb background_color_opacity=\u00bb1&#8243; background_hover_color_opacity=\u00bb1&#8243; column_shadow=\u00bbnone\u00bb width=\u00bb1\/1&#8243; tablet_text_alignment=\u00bbdefault\u00bb phone_text_alignment=\u00bbdefault\u00bb column_border_width=\u00bbnone\u00bb column_border_style=\u00bbsolid\u00bb][vc_column_text]\n<h2 style=\"text-align: center;\">Vea tambi\u00e9n<\/h2>\n[\/vc_column_text][\/vc_column][\/vc_row][vc_row type=\u00bbfull_width_background\u00bb full_screen_row_position=\u00bbmiddle\u00bb equal_height=\u00bbyes\u00bb content_placement=\u00bbtop\u00bb scene_position=\u00bbcenter\u00bb text_color=\u00bbdark\u00bb text_align=\u00bbcenter\u00bb top_padding=\u00bb20&#8243; bottom_padding=\u00bb60&#8243; overlay_strength=\u00bb0.3&#8243;][vc_column column_padding=\u00bbno-extra-padding\u00bb column_padding_position=\u00bball\u00bb background_color_opacity=\u00bb1&#8243; background_hover_color_opacity=\u00bb1&#8243; column_shadow=\u00bbnone\u00bb width=\u00bb1\/4&#8243; tablet_text_alignment=\u00bbdefault\u00bb phone_text_alignment=\u00bbdefault\u00bb column_border_width=\u00bbnone\u00bb column_border_style=\u00bbsolid\u00bb][\/vc_column][vc_column boxed=\u00bbtrue\u00bb column_padding=\u00bbpadding-2-percent\u00bb column_padding_position=\u00bball\u00bb background_color_opacity=\u00bb1&#8243; background_hover_color_opacity=\u00bb1&#8243; column_shadow=\u00bbnone\u00bb width=\u00bb1\/4&#8243; tablet_text_alignment=\u00bbdefault\u00bb phone_text_alignment=\u00bbdefault\u00bb column_border_width=\u00bbnone\u00bb column_border_style=\u00bbsolid\u00bb column_link=\u00bbhttps:\/\/www.awair.eu\/es\/areas-de-especializacion\/seleccion\/ac-exs\/\u00bb][vc_column_text]<img loading=\"lazy\" class=\"aligncenter wp-image-2950\" src=\"https:\/\/www.awair.eu\/wp-content\/uploads\/2017\/04\/AC-EXS-286x300.png\" alt=\"\" width=\"114\" height=\"120\" srcset=\"https:\/\/www.awair.eu\/wp-content\/uploads\/2017\/04\/AC-EXS-286x300.png 286w, https:\/\/www.awair.eu\/wp-content\/uploads\/2017\/04\/AC-EXS-768x806.png 768w, https:\/\/www.awair.eu\/wp-content\/uploads\/2017\/04\/AC-EXS.png 913w\" sizes=\"(max-width: 114px) 100vw, 114px\" \/>[\/vc_column_text]<div class=\"divider-wrap\"><div style=\"height: 20px;\" class=\"divider\"><\/div><\/div>[vc_column_text]\n<h3 style=\"text-align: center;\">AC-EXS<\/h3>\n<p style=\"text-align: center;\">Ejercicios de simulaci\u00f3n de negocio preparados para usar.<\/p>\n[\/vc_column_text][\/vc_column][vc_column boxed=\u00bbtrue\u00bb column_padding=\u00bbpadding-2-percent\u00bb column_padding_position=\u00bball\u00bb background_color_opacity=\u00bb1&#8243; background_hover_color_opacity=\u00bb1&#8243; column_shadow=\u00bbnone\u00bb width=\u00bb1\/4&#8243; tablet_text_alignment=\u00bbdefault\u00bb phone_text_alignment=\u00bbdefault\u00bb column_border_width=\u00bbnone\u00bb column_border_style=\u00bbsolid\u00bb column_link=\u00bbhttps:\/\/www.awair.eu\/es\/areas-de-especializacion\/seleccion\/dilemmas-series\/\u00bb][vc_column_text]<img loading=\"lazy\" class=\"aligncenter wp-image-3763\" src=\"https:\/\/www.awair.eu\/wp-content\/uploads\/2017\/04\/Management-Dilemmas_rid-300x300.png\" alt=\"\" width=\"120\" height=\"120\" srcset=\"https:\/\/www.awair.eu\/wp-content\/uploads\/2017\/04\/Management-Dilemmas_rid-300x300.png 300w, https:\/\/www.awair.eu\/wp-content\/uploads\/2017\/04\/Management-Dilemmas_rid-150x150.png 150w, https:\/\/www.awair.eu\/wp-content\/uploads\/2017\/04\/Management-Dilemmas_rid-768x768.png 768w, https:\/\/www.awair.eu\/wp-content\/uploads\/2017\/04\/Management-Dilemmas_rid-100x100.png 100w, https:\/\/www.awair.eu\/wp-content\/uploads\/2017\/04\/Management-Dilemmas_rid-500x500.png 500w, https:\/\/www.awair.eu\/wp-content\/uploads\/2017\/04\/Management-Dilemmas_rid-350x350.png 350w, https:\/\/www.awair.eu\/wp-content\/uploads\/2017\/04\/Management-Dilemmas_rid.png 1000w\" sizes=\"(max-width: 120px) 100vw, 120px\" \/>[\/vc_column_text]<div class=\"divider-wrap\"><div style=\"height: 20px;\" class=\"divider\"><\/div><\/div>[vc_column_text]\n<h3 style=\"text-align: center;\">The Dilemmas Series<\/h3>\n<p style=\"text-align: center;\">Prueba de Juicio Situacional Online.<\/p>\n[\/vc_column_text][\/vc_column][vc_column column_padding=\u00bbno-extra-padding\u00bb column_padding_position=\u00bball\u00bb background_color_opacity=\u00bb1&#8243; background_hover_color_opacity=\u00bb1&#8243; column_shadow=\u00bbnone\u00bb width=\u00bb1\/4&#8243; tablet_text_alignment=\u00bbdefault\u00bb phone_text_alignment=\u00bbdefault\u00bb column_border_width=\u00bbnone\u00bb column_border_style=\u00bbsolid\u00bb][\/vc_column][\/vc_row]\n","protected":false},"excerpt":{"rendered":"<p>[vc_row type=\u00bbfull_width_background\u00bb full_screen_row_position=\u00bbmiddle\u00bb equal_height=\u00bbyes\u00bb content_placement=\u00bbmiddle\u00bb scene_position=\u00bbcenter\u00bb text_color=\u00bbdark\u00bb text_align=\u00bbleft\u00bb top_padding=\u00bb40&#8243; bottom_padding=\u00bb40&#8243; overlay_strength=\u00bb0.3&#8243;][vc_column column_padding=\u00bbno-extra-padding\u00bb column_padding_position=\u00bball\u00bb background_color_opacity=\u00bb1&#8243; background_hover_color_opacity=\u00bb1&#8243; column_shadow=\u00bbnone\u00bb width=\u00bb1\/2&#8243; tablet_text_alignment=\u00bbdefault\u00bb phone_text_alignment=\u00bbdefault\u00bb column_border_width=\u00bbnone\u00bb column_border_style=\u00bbsolid\u00bb][vc_column_text][\/vc_column_text][\/vc_column][vc_column column_padding=\u00bbno-extra-padding\u00bb column_padding_position=\u00bball\u00bb background_color_opacity=\u00bb1&#8243; background_hover_color_opacity=\u00bb1&#8243;&#8230;<\/p>\n","protected":false},"author":1,"featured_media":0,"parent":1352,"menu_order":0,"comment_status":"closed","ping_status":"closed","template":"","meta":{"inline_featured_image":false},"yoast_head":"<!-- This site is optimized with the Yoast SEO plugin v18.3 - https:\/\/yoast.com\/wordpress\/plugins\/seo\/ -->\n<title>Awair VirtualAC<\/title>\n<meta name=\"description\" content=\"VirtualAC simula un entorno de escritorio online, permiti\u00e9ndole entregar ejercicios de simulaci\u00f3n de negocios para seleccionar y desarrollar a su personal.\" \/>\n<meta name=\"robots\" content=\"index, follow, max-snippet:-1, max-image-preview:large, max-video-preview:-1\" \/>\n<link rel=\"canonical\" href=\"https:\/\/www.awair.eu\/es\/soluciones\/psi\/virtual-ac\/\" \/>\n<meta property=\"og:locale\" content=\"es_ES\" \/>\n<meta property=\"og:type\" content=\"article\" \/>\n<meta property=\"og:title\" content=\"Awair VirtualAC\" \/>\n<meta property=\"og:description\" content=\"VirtualAC simula un entorno de escritorio online, permiti\u00e9ndole entregar ejercicios de simulaci\u00f3n de negocios para seleccionar y desarrollar a su personal.\" \/>\n<meta property=\"og:url\" content=\"https:\/\/www.awair.eu\/es\/soluciones\/psi\/virtual-ac\/\" \/>\n<meta property=\"og:site_name\" content=\"awair\" \/>\n<meta property=\"article:modified_time\" content=\"2020-08-07T10:06:37+00:00\" \/>\n<meta property=\"og:image\" content=\"https:\/\/www.awair.eu\/wp-content\/uploads\/2018\/04\/virtual-ac-1024x576.png\" \/>\n<meta name=\"twitter:card\" content=\"summary\" \/>\n<meta name=\"twitter:site\" content=\"@awairAwareness\" \/>\n<meta name=\"twitter:label1\" content=\"Tiempo de lectura\" \/>\n\t<meta name=\"twitter:data1\" content=\"7 minutos\" \/>\n<script type=\"application\/ld+json\" class=\"yoast-schema-graph\">{\"@context\":\"https:\/\/schema.org\",\"@graph\":[{\"@type\":\"Organization\",\"@id\":\"https:\/\/www.awair.eu\/es\/#organization\",\"name\":\"Awair\",\"url\":\"https:\/\/www.awair.eu\/es\/\",\"sameAs\":[\"https:\/\/www.linkedin.com\/company\/10070361\/\",\"https:\/\/twitter.com\/awairAwareness\"],\"logo\":{\"@type\":\"ImageObject\",\"@id\":\"https:\/\/www.awair.eu\/es\/#logo\",\"inLanguage\":\"es\",\"url\":\"https:\/\/www.awair.eu\/wp-content\/uploads\/2022\/06\/Awair-02-1.jpg\",\"contentUrl\":\"https:\/\/www.awair.eu\/wp-content\/uploads\/2022\/06\/Awair-02-1.jpg\",\"width\":1024,\"height\":1318,\"caption\":\"Awair\"},\"image\":{\"@id\":\"https:\/\/www.awair.eu\/es\/#logo\"}},{\"@type\":\"WebSite\",\"@id\":\"https:\/\/www.awair.eu\/es\/#website\",\"url\":\"https:\/\/www.awair.eu\/es\/\",\"name\":\"awair\",\"description\":\"Where will you be?\",\"publisher\":{\"@id\":\"https:\/\/www.awair.eu\/es\/#organization\"},\"potentialAction\":[{\"@type\":\"SearchAction\",\"target\":{\"@type\":\"EntryPoint\",\"urlTemplate\":\"https:\/\/www.awair.eu\/es\/?s={search_term_string}\"},\"query-input\":\"required name=search_term_string\"}],\"inLanguage\":\"es\"},{\"@type\":\"ImageObject\",\"@id\":\"https:\/\/www.awair.eu\/es\/soluciones\/psi\/virtual-ac\/#primaryimage\",\"inLanguage\":\"es\",\"url\":\"https:\/\/www.awair.eu\/wp-content\/uploads\/2018\/04\/virtual-ac.png\",\"contentUrl\":\"https:\/\/www.awair.eu\/wp-content\/uploads\/2018\/04\/virtual-ac.png\",\"width\":1280,\"height\":720},{\"@type\":\"WebPage\",\"@id\":\"https:\/\/www.awair.eu\/es\/soluciones\/psi\/virtual-ac\/#webpage\",\"url\":\"https:\/\/www.awair.eu\/es\/soluciones\/psi\/virtual-ac\/\",\"name\":\"Awair VirtualAC\",\"isPartOf\":{\"@id\":\"https:\/\/www.awair.eu\/es\/#website\"},\"primaryImageOfPage\":{\"@id\":\"https:\/\/www.awair.eu\/es\/soluciones\/psi\/virtual-ac\/#primaryimage\"},\"datePublished\":\"2018-04-11T14:08:35+00:00\",\"dateModified\":\"2020-08-07T10:06:37+00:00\",\"description\":\"VirtualAC simula un entorno de escritorio online, permiti\u00e9ndole entregar ejercicios de simulaci\u00f3n de negocios para seleccionar y desarrollar a su personal.\",\"breadcrumb\":{\"@id\":\"https:\/\/www.awair.eu\/es\/soluciones\/psi\/virtual-ac\/#breadcrumb\"},\"inLanguage\":\"es\",\"potentialAction\":[{\"@type\":\"ReadAction\",\"target\":[\"https:\/\/www.awair.eu\/es\/soluciones\/psi\/virtual-ac\/\"]}]},{\"@type\":\"BreadcrumbList\",\"@id\":\"https:\/\/www.awair.eu\/es\/soluciones\/psi\/virtual-ac\/#breadcrumb\",\"itemListElement\":[{\"@type\":\"ListItem\",\"position\":1,\"name\":\"Home\",\"item\":\"https:\/\/www.awair.eu\/es\/\"},{\"@type\":\"ListItem\",\"position\":2,\"name\":\"Soluciones\",\"item\":\"https:\/\/www.awair.eu\/es\/soluciones\/\"},{\"@type\":\"ListItem\",\"position\":3,\"name\":\"PSI\",\"item\":\"https:\/\/www.awair.eu\/es\/soluciones\/psi\/\"},{\"@type\":\"ListItem\",\"position\":4,\"name\":\"VirtualAC\"}]}]}<\/script>\n<!-- \/ Yoast SEO plugin. -->","yoast_head_json":{"title":"Awair VirtualAC","description":"VirtualAC simula un entorno de escritorio online, permiti\u00e9ndole entregar ejercicios de simulaci\u00f3n de negocios para seleccionar y desarrollar a su personal.","robots":{"index":"index","follow":"follow","max-snippet":"max-snippet:-1","max-image-preview":"max-image-preview:large","max-video-preview":"max-video-preview:-1"},"canonical":"https:\/\/www.awair.eu\/es\/soluciones\/psi\/virtual-ac\/","og_locale":"es_ES","og_type":"article","og_title":"Awair VirtualAC","og_description":"VirtualAC simula un entorno de escritorio online, permiti\u00e9ndole entregar ejercicios de simulaci\u00f3n de negocios para seleccionar y desarrollar a su personal.","og_url":"https:\/\/www.awair.eu\/es\/soluciones\/psi\/virtual-ac\/","og_site_name":"awair","article_modified_time":"2020-08-07T10:06:37+00:00","og_image":[{"url":"https:\/\/www.awair.eu\/wp-content\/uploads\/2018\/04\/virtual-ac-1024x576.png"}],"twitter_card":"summary","twitter_site":"@awairAwareness","twitter_misc":{"Tiempo de lectura":"7 minutos"},"schema":{"@context":"https:\/\/schema.org","@graph":[{"@type":"Organization","@id":"https:\/\/www.awair.eu\/es\/#organization","name":"Awair","url":"https:\/\/www.awair.eu\/es\/","sameAs":["https:\/\/www.linkedin.com\/company\/10070361\/","https:\/\/twitter.com\/awairAwareness"],"logo":{"@type":"ImageObject","@id":"https:\/\/www.awair.eu\/es\/#logo","inLanguage":"es","url":"https:\/\/www.awair.eu\/wp-content\/uploads\/2022\/06\/Awair-02-1.jpg","contentUrl":"https:\/\/www.awair.eu\/wp-content\/uploads\/2022\/06\/Awair-02-1.jpg","width":1024,"height":1318,"caption":"Awair"},"image":{"@id":"https:\/\/www.awair.eu\/es\/#logo"}},{"@type":"WebSite","@id":"https:\/\/www.awair.eu\/es\/#website","url":"https:\/\/www.awair.eu\/es\/","name":"awair","description":"Where will you be?","publisher":{"@id":"https:\/\/www.awair.eu\/es\/#organization"},"potentialAction":[{"@type":"SearchAction","target":{"@type":"EntryPoint","urlTemplate":"https:\/\/www.awair.eu\/es\/?s={search_term_string}"},"query-input":"required name=search_term_string"}],"inLanguage":"es"},{"@type":"ImageObject","@id":"https:\/\/www.awair.eu\/es\/soluciones\/psi\/virtual-ac\/#primaryimage","inLanguage":"es","url":"https:\/\/www.awair.eu\/wp-content\/uploads\/2018\/04\/virtual-ac.png","contentUrl":"https:\/\/www.awair.eu\/wp-content\/uploads\/2018\/04\/virtual-ac.png","width":1280,"height":720},{"@type":"WebPage","@id":"https:\/\/www.awair.eu\/es\/soluciones\/psi\/virtual-ac\/#webpage","url":"https:\/\/www.awair.eu\/es\/soluciones\/psi\/virtual-ac\/","name":"Awair VirtualAC","isPartOf":{"@id":"https:\/\/www.awair.eu\/es\/#website"},"primaryImageOfPage":{"@id":"https:\/\/www.awair.eu\/es\/soluciones\/psi\/virtual-ac\/#primaryimage"},"datePublished":"2018-04-11T14:08:35+00:00","dateModified":"2020-08-07T10:06:37+00:00","description":"VirtualAC simula un entorno de escritorio online, permiti\u00e9ndole entregar ejercicios de simulaci\u00f3n de negocios para seleccionar y desarrollar a su personal.","breadcrumb":{"@id":"https:\/\/www.awair.eu\/es\/soluciones\/psi\/virtual-ac\/#breadcrumb"},"inLanguage":"es","potentialAction":[{"@type":"ReadAction","target":["https:\/\/www.awair.eu\/es\/soluciones\/psi\/virtual-ac\/"]}]},{"@type":"BreadcrumbList","@id":"https:\/\/www.awair.eu\/es\/soluciones\/psi\/virtual-ac\/#breadcrumb","itemListElement":[{"@type":"ListItem","position":1,"name":"Home","item":"https:\/\/www.awair.eu\/es\/"},{"@type":"ListItem","position":2,"name":"Soluciones","item":"https:\/\/www.awair.eu\/es\/soluciones\/"},{"@type":"ListItem","position":3,"name":"PSI","item":"https:\/\/www.awair.eu\/es\/soluciones\/psi\/"},{"@type":"ListItem","position":4,"name":"VirtualAC"}]}]}},"_links":{"self":[{"href":"https:\/\/www.awair.eu\/es\/wp-json\/wp\/v2\/pages\/3725"}],"collection":[{"href":"https:\/\/www.awair.eu\/es\/wp-json\/wp\/v2\/pages"}],"about":[{"href":"https:\/\/www.awair.eu\/es\/wp-json\/wp\/v2\/types\/page"}],"author":[{"embeddable":true,"href":"https:\/\/www.awair.eu\/es\/wp-json\/wp\/v2\/users\/1"}],"replies":[{"embeddable":true,"href":"https:\/\/www.awair.eu\/es\/wp-json\/wp\/v2\/comments?post=3725"}],"version-history":[{"count":4,"href":"https:\/\/www.awair.eu\/es\/wp-json\/wp\/v2\/pages\/3725\/revisions"}],"predecessor-version":[{"id":9529,"href":"https:\/\/www.awair.eu\/es\/wp-json\/wp\/v2\/pages\/3725\/revisions\/9529"}],"up":[{"embeddable":true,"href":"https:\/\/www.awair.eu\/es\/wp-json\/wp\/v2\/pages\/1352"}],"wp:attachment":[{"href":"https:\/\/www.awair.eu\/es\/wp-json\/wp\/v2\/media?parent=3725"}],"curies":[{"name":"wp","href":"https:\/\/api.w.org\/{rel}","templated":true}]}}