{"id":3721,"date":"2018-04-09T15:28:53","date_gmt":"2018-04-09T13:28:53","guid":{"rendered":"http:\/\/www.awair.eu\/areas-de-especializacion\/seleccion\/ac-exs\/"},"modified":"2020-08-07T12:03:14","modified_gmt":"2020-08-07T10:03:14","slug":"ac-exs","status":"publish","type":"page","link":"https:\/\/www.awair.eu\/es\/soluciones\/psi\/ac-exs\/","title":{"rendered":"AC-EXS"},"content":{"rendered":"[vc_row type=\u00bbfull_width_background\u00bb full_screen_row_position=\u00bbmiddle\u00bb equal_height=\u00bbyes\u00bb content_placement=\u00bbmiddle\u00bb scene_position=\u00bbcenter\u00bb text_color=\u00bbdark\u00bb text_align=\u00bbleft\u00bb top_padding=\u00bb40&#8243; bottom_padding=\u00bb40&#8243; overlay_strength=\u00bb0.3&#8243;][vc_column column_padding=\u00bbno-extra-padding\u00bb column_padding_position=\u00bball\u00bb background_color_opacity=\u00bb1&#8243; background_hover_color_opacity=\u00bb1&#8243; column_shadow=\u00bbnone\u00bb width=\u00bb1\/2&#8243; tablet_text_alignment=\u00bbdefault\u00bb phone_text_alignment=\u00bbdefault\u00bb column_border_width=\u00bbnone\u00bb column_border_style=\u00bbsolid\u00bb][vc_column_text]<iframe loading=\"lazy\" src=\"https:\/\/player.vimeo.com\/video\/75290448?portrait=0\" width=\"640\" height=\"360\" frameborder=\"0\" allowfullscreen=\"allowfullscreen\"><\/iframe>[\/vc_column_text][\/vc_column][vc_column column_padding=\u00bbno-extra-padding\u00bb column_padding_position=\u00bball\u00bb background_color_opacity=\u00bb1&#8243; background_hover_color_opacity=\u00bb1&#8243; column_shadow=\u00bbnone\u00bb width=\u00bb1\/2&#8243; tablet_text_alignment=\u00bbdefault\u00bb phone_text_alignment=\u00bbdefault\u00bb column_border_width=\u00bbnone\u00bb column_border_style=\u00bbsolid\u00bb][vc_column_text]Con m\u00e1s de 260 ejercicios disponibles de evaluaci\u00f3n y desarrollo, <strong>AC-EXS <\/strong>ofrece la gama m\u00e1s amplia del mundo en ejercicios listos para usar en Centros de Evaluaci\u00f3n y Desarrollo.<\/p>\n<p>Si eres parte de un equipo de <strong>reclutamiento interno<\/strong> filtrando candidatos para un nuevo rol, o buscando desarrollar tu talento, no busques m\u00e1s: la gama de productos de <strong>AC-EXS<\/strong> est\u00e1 dise\u00f1ada espec\u00edficamente para darte el poder predictivo para encontrar las personas adecuadas en tu organizaci\u00f3n.<\/p>\n<p>Cubriendo todas las situaciones de trabajo, estos ejercicios de <strong>simulaci\u00f3n de negocios<\/strong> y ejercicios de grupo usan m\u00faltiples competencias, sectores de la industria, funciones de negocio y niveles de carrera, ahorr\u00e1ndote tiempo y dinero gastado antes en dise\u00f1os a medida.[\/vc_column_text][\/vc_column][\/vc_row][vc_row type=\u00bbfull_width_background\u00bb full_screen_row_position=\u00bbmiddle\u00bb equal_height=\u00bbyes\u00bb content_placement=\u00bbmiddle\u00bb scene_position=\u00bbcenter\u00bb text_color=\u00bbdark\u00bb text_align=\u00bbleft\u00bb top_padding=\u00bb30&#8243; bottom_padding=\u00bb30&#8243; overlay_strength=\u00bb0.3&#8243;][vc_column column_padding=\u00bbno-extra-padding\u00bb column_padding_position=\u00bball\u00bb background_color_opacity=\u00bb1&#8243; background_hover_color_opacity=\u00bb1&#8243; column_shadow=\u00bbnone\u00bb width=\u00bb1\/1&#8243; tablet_text_alignment=\u00bbdefault\u00bb phone_text_alignment=\u00bbdefault\u00bb column_border_width=\u00bbnone\u00bb column_border_style=\u00bbsolid\u00bb][vc_column_text]<img loading=\"lazy\" class=\"wp-image-3712 aligncenter\" src=\"https:\/\/www.awair.eu\/wp-content\/uploads\/2018\/04\/immagine-AC-EXS-300x128.jpg\" alt=\"\" width=\"800\" height=\"340\" srcset=\"https:\/\/www.awair.eu\/wp-content\/uploads\/2018\/04\/immagine-AC-EXS-300x128.jpg 300w, https:\/\/www.awair.eu\/wp-content\/uploads\/2018\/04\/immagine-AC-EXS-768x327.jpg 768w, https:\/\/www.awair.eu\/wp-content\/uploads\/2018\/04\/immagine-AC-EXS.jpg 962w\" sizes=\"(max-width: 800px) 100vw, 800px\" \/>[\/vc_column_text][\/vc_column][\/vc_row][vc_row type=\u00bbfull_width_background\u00bb full_screen_row_position=\u00bbmiddle\u00bb equal_height=\u00bbyes\u00bb content_placement=\u00bbmiddle\u00bb bg_color=\u00bb#d9eef4&#8243; scene_position=\u00bbcenter\u00bb text_color=\u00bbdark\u00bb text_align=\u00bbleft\u00bb top_padding=\u00bb40&#8243; bottom_padding=\u00bb40&#8243; overlay_strength=\u00bb0.3&#8243;][vc_column column_padding=\u00bbno-extra-padding\u00bb column_padding_position=\u00bball\u00bb background_color_opacity=\u00bb1&#8243; background_hover_color_opacity=\u00bb1&#8243; column_shadow=\u00bbnone\u00bb width=\u00bb1\/2&#8243; tablet_text_alignment=\u00bbdefault\u00bb phone_text_alignment=\u00bbdefault\u00bb column_border_width=\u00bbnone\u00bb column_border_style=\u00bbsolid\u00bb][vc_column_text]\n<h2><strong>Beneficios de escoger AC-EXS<\/strong><\/h2>\n[\/vc_column_text][\/vc_column][vc_column column_padding=\u00bbno-extra-padding\u00bb column_padding_position=\u00bball\u00bb background_color_opacity=\u00bb1&#8243; background_hover_color_opacity=\u00bb1&#8243; column_shadow=\u00bbnone\u00bb width=\u00bb1\/2&#8243; tablet_text_alignment=\u00bbdefault\u00bb phone_text_alignment=\u00bbdefault\u00bb column_border_width=\u00bbnone\u00bb column_border_style=\u00bbsolid\u00bb][vc_column_text]\n<ul>\n<li><strong>Ejercicios personalizados para Centros de Evaluaci\u00f3n<\/strong>. Posibilidad de dise\u00f1ar ejercicios a medida o personalizados que est\u00e1n espec\u00edficamente relacionados con el proceso de evaluaci\u00f3n de su organizaci\u00f3n. Para su organizaci\u00f3n es m\u00e1s beneficioso si sus circunstancias reales se abordan con precisi\u00f3n.<\/li>\n<li><strong>Dise\u00f1o a medida de ejercicios para Centros de Evaluaci\u00f3n.<\/strong> Posibilidad de dise\u00f1ar ejercicios para el Centro de Evaluaci\u00f3n que son exclusivos para tu organizaci\u00f3n. Estos pueden usarse tantas veces como se quiera y est\u00e1 garantizado que te dar\u00e1n el conocimiento m\u00e1s fidedigno en c\u00f3mo los candidatos exitosos se desempe\u00f1ar\u00e1n una vez est\u00e9n en el rol. Incluso en un tiempo muy corto, es posible adaptar uno de los ejercicios listos para su uso existentes de AC-EXS a sus necesidades (por ejemplo, nombres, lugares, roles de trabajo, logo de la compa\u00f1\u00eda, horarios).<\/li>\n<\/ul>\n[\/vc_column_text][\/vc_column][\/vc_row][vc_row type=\u00bbfull_width_background\u00bb full_screen_row_position=\u00bbmiddle\u00bb equal_height=\u00bbyes\u00bb content_placement=\u00bbmiddle\u00bb bg_color=\u00bb#d9eef4&#8243; scene_position=\u00bbcenter\u00bb text_color=\u00bbdark\u00bb text_align=\u00bbcenter\u00bb top_padding=\u00bb20&#8243; bottom_padding=\u00bb20&#8243; disable_element=\u00bbyes\u00bb overlay_strength=\u00bb0.3&#8243;][vc_column column_padding=\u00bbno-extra-padding\u00bb column_padding_position=\u00bball\u00bb background_color_opacity=\u00bb1&#8243; background_hover_color_opacity=\u00bb1&#8243; column_shadow=\u00bbnone\u00bb width=\u00bb1\/1&#8243; tablet_text_alignment=\u00bbdefault\u00bb phone_text_alignment=\u00bbdefault\u00bb column_border_width=\u00bbnone\u00bb column_border_style=\u00bbsolid\u00bb][nectar_btn size=\u00bblarge\u00bb open_new_tab=\u00bbtrue\u00bb button_style=\u00bbregular\u00bb button_color_2=\u00bbAccent-Color\u00bb icon_family=\u00bbfontawesome\u00bb url=\u00bbhttps:\/\/www.awair.eu\/wp-content\/uploads\/2018\/02\/MINT-interpretive_eng.pdf\u00bb text=\u00bbDownload the Report\u00bb icon_fontawesome=\u00bbfa fa-file-pdf-o\u00bb][\/vc_column][\/vc_row][vc_row type=\u00bbfull_width_background\u00bb full_screen_row_position=\u00bbmiddle\u00bb equal_height=\u00bbyes\u00bb content_placement=\u00bbmiddle\u00bb scene_position=\u00bbcenter\u00bb text_color=\u00bbdark\u00bb text_align=\u00bbleft\u00bb top_padding=\u00bb30&#8243; bottom_padding=\u00bb30&#8243; overlay_strength=\u00bb0.3&#8243;][vc_column column_padding=\u00bbno-extra-padding\u00bb column_padding_position=\u00bball\u00bb background_color_opacity=\u00bb1&#8243; background_hover_color_opacity=\u00bb1&#8243; column_shadow=\u00bbnone\u00bb width=\u00bb1\/1&#8243; tablet_text_alignment=\u00bbdefault\u00bb phone_text_alignment=\u00bbdefault\u00bb column_border_width=\u00bbnone\u00bb column_border_style=\u00bbsolid\u00bb][vc_column_text]\n<h2 style=\"text-align: center;\">Vea tambi\u00e9n<\/h2>\n[\/vc_column_text][\/vc_column][\/vc_row][vc_row type=\u00bbfull_width_background\u00bb full_screen_row_position=\u00bbmiddle\u00bb equal_height=\u00bbyes\u00bb content_placement=\u00bbtop\u00bb scene_position=\u00bbcenter\u00bb text_color=\u00bbdark\u00bb text_align=\u00bbcenter\u00bb top_padding=\u00bb30&#8243; bottom_padding=\u00bb60&#8243; overlay_strength=\u00bb0.3&#8243;][vc_column column_padding=\u00bbno-extra-padding\u00bb column_padding_position=\u00bball\u00bb background_color_opacity=\u00bb1&#8243; background_hover_color_opacity=\u00bb1&#8243; column_shadow=\u00bbnone\u00bb width=\u00bb1\/4&#8243; tablet_text_alignment=\u00bbdefault\u00bb phone_text_alignment=\u00bbdefault\u00bb column_border_width=\u00bbnone\u00bb column_border_style=\u00bbsolid\u00bb][\/vc_column][vc_column boxed=\u00bbtrue\u00bb column_padding=\u00bbpadding-2-percent\u00bb column_padding_position=\u00bball\u00bb background_color_opacity=\u00bb1&#8243; background_hover_color_opacity=\u00bb1&#8243; column_shadow=\u00bbnone\u00bb width=\u00bb1\/4&#8243; tablet_text_alignment=\u00bbdefault\u00bb phone_text_alignment=\u00bbdefault\u00bb column_border_width=\u00bbnone\u00bb column_border_style=\u00bbsolid\u00bb column_link=\u00bbhttps:\/\/www.awair.eu\/es\/areas-de-especializacion\/seleccion\/dilemmas-series\/\u00bb][vc_column_text]<img loading=\"lazy\" class=\"aligncenter wp-image-3763\" src=\"https:\/\/www.awair.eu\/wp-content\/uploads\/2017\/04\/Management-Dilemmas_rid-300x300.png\" alt=\"\" width=\"120\" height=\"120\" srcset=\"https:\/\/www.awair.eu\/wp-content\/uploads\/2017\/04\/Management-Dilemmas_rid-300x300.png 300w, https:\/\/www.awair.eu\/wp-content\/uploads\/2017\/04\/Management-Dilemmas_rid-150x150.png 150w, https:\/\/www.awair.eu\/wp-content\/uploads\/2017\/04\/Management-Dilemmas_rid-768x768.png 768w, https:\/\/www.awair.eu\/wp-content\/uploads\/2017\/04\/Management-Dilemmas_rid-100x100.png 100w, https:\/\/www.awair.eu\/wp-content\/uploads\/2017\/04\/Management-Dilemmas_rid-500x500.png 500w, https:\/\/www.awair.eu\/wp-content\/uploads\/2017\/04\/Management-Dilemmas_rid-350x350.png 350w, https:\/\/www.awair.eu\/wp-content\/uploads\/2017\/04\/Management-Dilemmas_rid.png 1000w\" sizes=\"(max-width: 120px) 100vw, 120px\" \/>[\/vc_column_text]<div class=\"divider-wrap\"><div style=\"height: 20px;\" class=\"divider\"><\/div><\/div>[vc_column_text]\n<h3>The Dilemmas Series<\/h3>\n<p>Prueba de juicio situacional online.[\/vc_column_text][\/vc_column][vc_column boxed=\u00bbtrue\u00bb column_padding=\u00bbpadding-2-percent\u00bb column_padding_position=\u00bball\u00bb background_color_opacity=\u00bb1&#8243; background_hover_color_opacity=\u00bb1&#8243; column_shadow=\u00bbnone\u00bb width=\u00bb1\/4&#8243; tablet_text_alignment=\u00bbdefault\u00bb phone_text_alignment=\u00bbdefault\u00bb column_border_width=\u00bbnone\u00bb column_border_style=\u00bbsolid\u00bb column_link=\u00bbhttps:\/\/www.awair.eu\/es\/areas-de-especializacion\/seleccion\/virtual-ac\/\u00bb][vc_column_text]<img loading=\"lazy\" class=\"wp-image-2952 aligncenter\" src=\"https:\/\/www.awair.eu\/wp-content\/uploads\/2017\/04\/Virtual-AC-300x279.png\" alt=\"\" width=\"120\" height=\"111\" srcset=\"https:\/\/www.awair.eu\/wp-content\/uploads\/2017\/04\/Virtual-AC-300x279.png 300w, https:\/\/www.awair.eu\/wp-content\/uploads\/2017\/04\/Virtual-AC.png 322w\" sizes=\"(max-width: 120px) 100vw, 120px\" \/>[\/vc_column_text]<div class=\"divider-wrap\"><div style=\"height: 20px;\" class=\"divider\"><\/div><\/div>[vc_column_text]\n<h3>VirtualAC<\/h3>\n<p>Ejercicios de simulaci\u00f3n de negocio online.[\/vc_column_text][\/vc_column][vc_column column_padding=\u00bbno-extra-padding\u00bb column_padding_position=\u00bball\u00bb background_color_opacity=\u00bb1&#8243; background_hover_color_opacity=\u00bb1&#8243; column_shadow=\u00bbnone\u00bb width=\u00bb1\/4&#8243; tablet_text_alignment=\u00bbdefault\u00bb phone_text_alignment=\u00bbdefault\u00bb column_border_width=\u00bbnone\u00bb column_border_style=\u00bbsolid\u00bb][\/vc_column][\/vc_row]\n","protected":false},"excerpt":{"rendered":"<p>[vc_row type=\u00bbfull_width_background\u00bb full_screen_row_position=\u00bbmiddle\u00bb equal_height=\u00bbyes\u00bb content_placement=\u00bbmiddle\u00bb scene_position=\u00bbcenter\u00bb text_color=\u00bbdark\u00bb text_align=\u00bbleft\u00bb top_padding=\u00bb40&#8243; bottom_padding=\u00bb40&#8243; overlay_strength=\u00bb0.3&#8243;][vc_column column_padding=\u00bbno-extra-padding\u00bb column_padding_position=\u00bball\u00bb background_color_opacity=\u00bb1&#8243; background_hover_color_opacity=\u00bb1&#8243; column_shadow=\u00bbnone\u00bb width=\u00bb1\/2&#8243; tablet_text_alignment=\u00bbdefault\u00bb phone_text_alignment=\u00bbdefault\u00bb column_border_width=\u00bbnone\u00bb column_border_style=\u00bbsolid\u00bb][vc_column_text][\/vc_column_text][\/vc_column][vc_column column_padding=\u00bbno-extra-padding\u00bb column_padding_position=\u00bball\u00bb background_color_opacity=\u00bb1&#8243; background_hover_color_opacity=\u00bb1&#8243;&#8230;<\/p>\n","protected":false},"author":1,"featured_media":0,"parent":1352,"menu_order":0,"comment_status":"closed","ping_status":"closed","template":"","meta":{"inline_featured_image":false},"yoast_head":"<!-- This site is optimized with the Yoast SEO plugin v18.3 - https:\/\/yoast.com\/wordpress\/plugins\/seo\/ -->\n<title>Awair | AC-EXS de a&amp;dc<\/title>\n<meta name=\"description\" content=\"AC-EXS ofrece la gama m\u00e1s amplia del mundo en ejercicios listos para usar en Centros de Evaluaci\u00f3n y Desarrollo.\" \/>\n<meta name=\"robots\" content=\"index, follow, max-snippet:-1, max-image-preview:large, max-video-preview:-1\" \/>\n<link rel=\"canonical\" href=\"https:\/\/www.awair.eu\/es\/soluciones\/psi\/ac-exs\/\" \/>\n<meta property=\"og:locale\" content=\"es_ES\" \/>\n<meta property=\"og:type\" content=\"article\" \/>\n<meta property=\"og:title\" content=\"Awair | AC-EXS de a&amp;dc\" \/>\n<meta property=\"og:description\" content=\"AC-EXS ofrece la gama m\u00e1s amplia del mundo en ejercicios listos para usar en Centros de Evaluaci\u00f3n y Desarrollo.\" \/>\n<meta property=\"og:url\" content=\"https:\/\/www.awair.eu\/es\/soluciones\/psi\/ac-exs\/\" \/>\n<meta property=\"og:site_name\" content=\"awair\" \/>\n<meta property=\"article:modified_time\" content=\"2020-08-07T10:03:14+00:00\" \/>\n<meta property=\"og:image\" content=\"https:\/\/www.awair.eu\/wp-content\/uploads\/2018\/04\/immagine-AC-EXS-300x128.jpg\" \/>\n<meta name=\"twitter:card\" content=\"summary\" \/>\n<meta name=\"twitter:site\" content=\"@awairAwareness\" \/>\n<meta name=\"twitter:label1\" content=\"Tiempo de lectura\" \/>\n\t<meta name=\"twitter:data1\" content=\"5 minutos\" \/>\n<script type=\"application\/ld+json\" class=\"yoast-schema-graph\">{\"@context\":\"https:\/\/schema.org\",\"@graph\":[{\"@type\":\"Organization\",\"@id\":\"https:\/\/www.awair.eu\/es\/#organization\",\"name\":\"Awair\",\"url\":\"https:\/\/www.awair.eu\/es\/\",\"sameAs\":[\"https:\/\/www.linkedin.com\/company\/10070361\/\",\"https:\/\/twitter.com\/awairAwareness\"],\"logo\":{\"@type\":\"ImageObject\",\"@id\":\"https:\/\/www.awair.eu\/es\/#logo\",\"inLanguage\":\"es\",\"url\":\"https:\/\/www.awair.eu\/wp-content\/uploads\/2022\/06\/Awair-02-1.jpg\",\"contentUrl\":\"https:\/\/www.awair.eu\/wp-content\/uploads\/2022\/06\/Awair-02-1.jpg\",\"width\":1024,\"height\":1318,\"caption\":\"Awair\"},\"image\":{\"@id\":\"https:\/\/www.awair.eu\/es\/#logo\"}},{\"@type\":\"WebSite\",\"@id\":\"https:\/\/www.awair.eu\/es\/#website\",\"url\":\"https:\/\/www.awair.eu\/es\/\",\"name\":\"awair\",\"description\":\"Where will you be?\",\"publisher\":{\"@id\":\"https:\/\/www.awair.eu\/es\/#organization\"},\"potentialAction\":[{\"@type\":\"SearchAction\",\"target\":{\"@type\":\"EntryPoint\",\"urlTemplate\":\"https:\/\/www.awair.eu\/es\/?s={search_term_string}\"},\"query-input\":\"required name=search_term_string\"}],\"inLanguage\":\"es\"},{\"@type\":\"ImageObject\",\"@id\":\"https:\/\/www.awair.eu\/es\/soluciones\/psi\/ac-exs\/#primaryimage\",\"inLanguage\":\"es\",\"url\":\"https:\/\/www.awair.eu\/wp-content\/uploads\/2018\/04\/immagine-AC-EXS.jpg\",\"contentUrl\":\"https:\/\/www.awair.eu\/wp-content\/uploads\/2018\/04\/immagine-AC-EXS.jpg\",\"width\":962,\"height\":409},{\"@type\":\"WebPage\",\"@id\":\"https:\/\/www.awair.eu\/es\/soluciones\/psi\/ac-exs\/#webpage\",\"url\":\"https:\/\/www.awair.eu\/es\/soluciones\/psi\/ac-exs\/\",\"name\":\"Awair | AC-EXS de a&dc\",\"isPartOf\":{\"@id\":\"https:\/\/www.awair.eu\/es\/#website\"},\"primaryImageOfPage\":{\"@id\":\"https:\/\/www.awair.eu\/es\/soluciones\/psi\/ac-exs\/#primaryimage\"},\"datePublished\":\"2018-04-09T13:28:53+00:00\",\"dateModified\":\"2020-08-07T10:03:14+00:00\",\"description\":\"AC-EXS ofrece la gama m\u00e1s amplia del mundo en ejercicios listos para usar en Centros de Evaluaci\u00f3n y Desarrollo.\",\"breadcrumb\":{\"@id\":\"https:\/\/www.awair.eu\/es\/soluciones\/psi\/ac-exs\/#breadcrumb\"},\"inLanguage\":\"es\",\"potentialAction\":[{\"@type\":\"ReadAction\",\"target\":[\"https:\/\/www.awair.eu\/es\/soluciones\/psi\/ac-exs\/\"]}]},{\"@type\":\"BreadcrumbList\",\"@id\":\"https:\/\/www.awair.eu\/es\/soluciones\/psi\/ac-exs\/#breadcrumb\",\"itemListElement\":[{\"@type\":\"ListItem\",\"position\":1,\"name\":\"Home\",\"item\":\"https:\/\/www.awair.eu\/es\/\"},{\"@type\":\"ListItem\",\"position\":2,\"name\":\"Soluciones\",\"item\":\"https:\/\/www.awair.eu\/es\/soluciones\/\"},{\"@type\":\"ListItem\",\"position\":3,\"name\":\"PSI\",\"item\":\"https:\/\/www.awair.eu\/es\/soluciones\/psi\/\"},{\"@type\":\"ListItem\",\"position\":4,\"name\":\"AC-EXS\"}]}]}<\/script>\n<!-- \/ Yoast SEO plugin. -->","yoast_head_json":{"title":"Awair | AC-EXS de a&dc","description":"AC-EXS ofrece la gama m\u00e1s amplia del mundo en ejercicios listos para usar en Centros de Evaluaci\u00f3n y Desarrollo.","robots":{"index":"index","follow":"follow","max-snippet":"max-snippet:-1","max-image-preview":"max-image-preview:large","max-video-preview":"max-video-preview:-1"},"canonical":"https:\/\/www.awair.eu\/es\/soluciones\/psi\/ac-exs\/","og_locale":"es_ES","og_type":"article","og_title":"Awair | AC-EXS de a&dc","og_description":"AC-EXS ofrece la gama m\u00e1s amplia del mundo en ejercicios listos para usar en Centros de Evaluaci\u00f3n y Desarrollo.","og_url":"https:\/\/www.awair.eu\/es\/soluciones\/psi\/ac-exs\/","og_site_name":"awair","article_modified_time":"2020-08-07T10:03:14+00:00","og_image":[{"url":"https:\/\/www.awair.eu\/wp-content\/uploads\/2018\/04\/immagine-AC-EXS-300x128.jpg"}],"twitter_card":"summary","twitter_site":"@awairAwareness","twitter_misc":{"Tiempo de lectura":"5 minutos"},"schema":{"@context":"https:\/\/schema.org","@graph":[{"@type":"Organization","@id":"https:\/\/www.awair.eu\/es\/#organization","name":"Awair","url":"https:\/\/www.awair.eu\/es\/","sameAs":["https:\/\/www.linkedin.com\/company\/10070361\/","https:\/\/twitter.com\/awairAwareness"],"logo":{"@type":"ImageObject","@id":"https:\/\/www.awair.eu\/es\/#logo","inLanguage":"es","url":"https:\/\/www.awair.eu\/wp-content\/uploads\/2022\/06\/Awair-02-1.jpg","contentUrl":"https:\/\/www.awair.eu\/wp-content\/uploads\/2022\/06\/Awair-02-1.jpg","width":1024,"height":1318,"caption":"Awair"},"image":{"@id":"https:\/\/www.awair.eu\/es\/#logo"}},{"@type":"WebSite","@id":"https:\/\/www.awair.eu\/es\/#website","url":"https:\/\/www.awair.eu\/es\/","name":"awair","description":"Where will you be?","publisher":{"@id":"https:\/\/www.awair.eu\/es\/#organization"},"potentialAction":[{"@type":"SearchAction","target":{"@type":"EntryPoint","urlTemplate":"https:\/\/www.awair.eu\/es\/?s={search_term_string}"},"query-input":"required name=search_term_string"}],"inLanguage":"es"},{"@type":"ImageObject","@id":"https:\/\/www.awair.eu\/es\/soluciones\/psi\/ac-exs\/#primaryimage","inLanguage":"es","url":"https:\/\/www.awair.eu\/wp-content\/uploads\/2018\/04\/immagine-AC-EXS.jpg","contentUrl":"https:\/\/www.awair.eu\/wp-content\/uploads\/2018\/04\/immagine-AC-EXS.jpg","width":962,"height":409},{"@type":"WebPage","@id":"https:\/\/www.awair.eu\/es\/soluciones\/psi\/ac-exs\/#webpage","url":"https:\/\/www.awair.eu\/es\/soluciones\/psi\/ac-exs\/","name":"Awair | AC-EXS de a&dc","isPartOf":{"@id":"https:\/\/www.awair.eu\/es\/#website"},"primaryImageOfPage":{"@id":"https:\/\/www.awair.eu\/es\/soluciones\/psi\/ac-exs\/#primaryimage"},"datePublished":"2018-04-09T13:28:53+00:00","dateModified":"2020-08-07T10:03:14+00:00","description":"AC-EXS ofrece la gama m\u00e1s amplia del mundo en ejercicios listos para usar en Centros de Evaluaci\u00f3n y Desarrollo.","breadcrumb":{"@id":"https:\/\/www.awair.eu\/es\/soluciones\/psi\/ac-exs\/#breadcrumb"},"inLanguage":"es","potentialAction":[{"@type":"ReadAction","target":["https:\/\/www.awair.eu\/es\/soluciones\/psi\/ac-exs\/"]}]},{"@type":"BreadcrumbList","@id":"https:\/\/www.awair.eu\/es\/soluciones\/psi\/ac-exs\/#breadcrumb","itemListElement":[{"@type":"ListItem","position":1,"name":"Home","item":"https:\/\/www.awair.eu\/es\/"},{"@type":"ListItem","position":2,"name":"Soluciones","item":"https:\/\/www.awair.eu\/es\/soluciones\/"},{"@type":"ListItem","position":3,"name":"PSI","item":"https:\/\/www.awair.eu\/es\/soluciones\/psi\/"},{"@type":"ListItem","position":4,"name":"AC-EXS"}]}]}},"_links":{"self":[{"href":"https:\/\/www.awair.eu\/es\/wp-json\/wp\/v2\/pages\/3721"}],"collection":[{"href":"https:\/\/www.awair.eu\/es\/wp-json\/wp\/v2\/pages"}],"about":[{"href":"https:\/\/www.awair.eu\/es\/wp-json\/wp\/v2\/types\/page"}],"author":[{"embeddable":true,"href":"https:\/\/www.awair.eu\/es\/wp-json\/wp\/v2\/users\/1"}],"replies":[{"embeddable":true,"href":"https:\/\/www.awair.eu\/es\/wp-json\/wp\/v2\/comments?post=3721"}],"version-history":[{"count":4,"href":"https:\/\/www.awair.eu\/es\/wp-json\/wp\/v2\/pages\/3721\/revisions"}],"predecessor-version":[{"id":3858,"href":"https:\/\/www.awair.eu\/es\/wp-json\/wp\/v2\/pages\/3721\/revisions\/3858"}],"up":[{"embeddable":true,"href":"https:\/\/www.awair.eu\/es\/wp-json\/wp\/v2\/pages\/1352"}],"wp:attachment":[{"href":"https:\/\/www.awair.eu\/es\/wp-json\/wp\/v2\/media?parent=3721"}],"curies":[{"name":"wp","href":"https:\/\/api.w.org\/{rel}","templated":true}]}}