{"id":3434,"date":"2018-02-05T11:29:16","date_gmt":"2018-02-05T10:29:16","guid":{"rendered":"http:\/\/www.awair.eu\/progress-report\/"},"modified":"2022-10-10T10:34:03","modified_gmt":"2022-10-10T08:34:03","slug":"progress-report","status":"publish","type":"page","link":"https:\/\/www.awair.eu\/es\/progress-report\/","title":{"rendered":"Progress Report"},"content":{"rendered":"[vc_row type=\u00bbfull_width_background\u00bb full_screen_row_position=\u00bbmiddle\u00bb equal_height=\u00bbyes\u00bb content_placement=\u00bbmiddle\u00bb bg_color=\u00bb#f6ebda\u00bb scene_position=\u00bbcenter\u00bb text_color=\u00bbdark\u00bb text_align=\u00bbleft\u00bb top_padding=\u00bb60&#8243; bottom_padding=\u00bb60&#8243; overlay_strength=\u00bb0.3&#8243;][vc_column column_padding=\u00bbno-extra-padding\u00bb column_padding_position=\u00bball\u00bb background_color_opacity=\u00bb1&#8243; background_hover_color_opacity=\u00bb1&#8243; column_shadow=\u00bbnone\u00bb width=\u00bb1\/1&#8243; tablet_text_alignment=\u00bbdefault\u00bb phone_text_alignment=\u00bbdefault\u00bb column_border_width=\u00bbnone\u00bb column_border_style=\u00bbsolid\u00bb][vc_column_text]\n<p style=\"text-align: left;\">Con una alta precisi\u00f3n y elegante simplicidad, el <strong>Progress Report<\/strong> (Informe de Progreso)\u00a0mide cu\u00e1nto un gerente ha movido la aguja en ajustes espec\u00edficos en el comportamiento despu\u00e9s de haber seguido una intervenci\u00f3n de aprendizaje y desarrollo.<\/p>\n<p style=\"text-align: left;\">Los resultados cuantifican el progreso hasta ahora y tambi\u00e9n indican d\u00f3nde concentrarse para seguir mejorando.<\/p>\n[\/vc_column_text][\/vc_column][\/vc_row][vc_row type=\u00bbfull_width_background\u00bb full_screen_row_position=\u00bbmiddle\u00bb scene_position=\u00bbcenter\u00bb text_color=\u00bbdark\u00bb text_align=\u00bbcenter\u00bb top_padding=\u00bb40&#8243; bottom_padding=\u00bb40&#8243; overlay_strength=\u00bb0.3&#8243;][vc_column column_padding=\u00bbno-extra-padding\u00bb column_padding_position=\u00bball\u00bb background_color_opacity=\u00bb1&#8243; background_hover_color_opacity=\u00bb1&#8243; column_shadow=\u00bbnone\u00bb width=\u00bb1\/1&#8243; tablet_text_alignment=\u00bbdefault\u00bb phone_text_alignment=\u00bbdefault\u00bb column_border_width=\u00bbnone\u00bb column_border_style=\u00bbsolid\u00bb][vc_column_text css_animation=\u00bbzoomIn\u00bb]\n<h2 style=\"text-align: center;\">Fases<\/h2>\n[\/vc_column_text][\/vc_column][\/vc_row][vc_row type=\u00bbfull_width_background\u00bb full_screen_row_position=\u00bbmiddle\u00bb equal_height=\u00bbyes\u00bb content_placement=\u00bbtop\u00bb scene_position=\u00bbcenter\u00bb text_color=\u00bbdark\u00bb text_align=\u00bbcenter\u00bb bottom_padding=\u00bb40&#8243; overlay_strength=\u00bb0.3&#8243;][vc_column column_padding=\u00bbno-extra-padding\u00bb column_padding_position=\u00bball\u00bb background_color_opacity=\u00bb1&#8243; background_hover_color_opacity=\u00bb1&#8243; column_shadow=\u00bbnone\u00bb width=\u00bb1\/3&#8243; tablet_text_alignment=\u00bbdefault\u00bb phone_text_alignment=\u00bbdefault\u00bb column_border_width=\u00bbnone\u00bb column_border_style=\u00bbsolid\u00bb][nectar_icon icon_family=\u00bbfontawesome\u00bb icon_style=\u00bbborder-animation\u00bb icon_border_thickness=\u00bb2px\u00bb icon_color=\u00bbAccent-Color\u00bb icon_padding=\u00bb20px\u00bb icon_fontawesome=\u00bbfa fa-calendar-check-o\u00bb][vc_column_text]\n<h3><strong>Hacer la evaluaci\u00f3n<\/strong><\/h3>\n[\/vc_column_text]<div class=\"divider-wrap\"><div style=\"height: 20px;\" class=\"divider\"><\/div><\/div>[vc_column_text]\n<p style=\"text-align: left;\">Con el LVI o otra herramienta 360\u00ba o con un test de personalidad como los de Hogan.<\/p>\n[\/vc_column_text][\/vc_column][vc_column column_padding=\u00bbno-extra-padding\u00bb column_padding_position=\u00bball\u00bb background_color_opacity=\u00bb1&#8243; background_hover_color_opacity=\u00bb1&#8243; column_shadow=\u00bbnone\u00bb width=\u00bb1\/3&#8243; tablet_text_alignment=\u00bbdefault\u00bb phone_text_alignment=\u00bbdefault\u00bb column_border_width=\u00bbnone\u00bb column_border_style=\u00bbsolid\u00bb][nectar_icon icon_family=\u00bbfontawesome\u00bb icon_style=\u00bbborder-animation\u00bb icon_border_thickness=\u00bb2px\u00bb icon_color=\u00bbAccent-Color\u00bb icon_padding=\u00bb20px\u00bb icon_fontawesome=\u00bbfa fa-cogs\u00bb][vc_column_text]\n<h3><strong>Crear un Plan de Acci\u00f3n para el desarrollo<\/strong><\/h3>\n[\/vc_column_text]<div class=\"divider-wrap\"><div style=\"height: 20px;\" class=\"divider\"><\/div><\/div>[vc_column_text]\n<p style=\"text-align: left;\">Usar el LVI Insight to Action, Balance Sheet y las herramientas del Plan de Acci\u00f3n.<\/p>\n[\/vc_column_text][\/vc_column][vc_column column_padding=\u00bbno-extra-padding\u00bb column_padding_position=\u00bball\u00bb background_color_opacity=\u00bb1&#8243; background_hover_color_opacity=\u00bb1&#8243; column_shadow=\u00bbnone\u00bb width=\u00bb1\/3&#8243; tablet_text_alignment=\u00bbdefault\u00bb phone_text_alignment=\u00bbdefault\u00bb column_border_width=\u00bbnone\u00bb column_border_style=\u00bbsolid\u00bb][nectar_icon icon_family=\u00bbfontawesome\u00bb icon_style=\u00bbborder-animation\u00bb icon_border_thickness=\u00bb2px\u00bb icon_color=\u00bbAccent-Color\u00bb icon_padding=\u00bb20px\u00bb icon_fontawesome=\u00bbfa fa-refresh\u00bb][vc_column_text]\n<h3><strong>Administrar la mini encuesta 360 a los evaluadores originales<\/strong><\/h3>\n[\/vc_column_text]<div class=\"divider-wrap\"><div style=\"height: 20px;\" class=\"divider\"><\/div><\/div>[vc_column_text]\n<p style=\"text-align: left;\">Alrededor de 6 meses m\u00e1s tarde dar un feedback sobre las mejoras y un pauta sobre el futuro en como continuar mejorando.<\/p>\n[\/vc_column_text][\/vc_column][\/vc_row][vc_row type=\u00bbfull_width_background\u00bb full_screen_row_position=\u00bbmiddle\u00bb equal_height=\u00bbyes\u00bb content_placement=\u00bbmiddle\u00bb bg_color=\u00bb#f6ebda\u00bb scene_position=\u00bbcenter\u00bb text_color=\u00bbdark\u00bb text_align=\u00bbcenter\u00bb top_padding=\u00bb20&#8243; bottom_padding=\u00bb40&#8243; overlay_strength=\u00bb0.3&#8243;][vc_column column_padding=\u00bbno-extra-padding\u00bb column_padding_position=\u00bball\u00bb background_color_opacity=\u00bb1&#8243; background_hover_color_opacity=\u00bb1&#8243; column_shadow=\u00bbnone\u00bb width=\u00bb1\/1&#8243; tablet_text_alignment=\u00bbdefault\u00bb phone_text_alignment=\u00bbdefault\u00bb column_border_width=\u00bbnone\u00bb column_border_style=\u00bbsolid\u00bb][nectar_btn size=\u00bblarge\u00bb open_new_tab=\u00bbtrue\u00bb button_style=\u00bbregular\u00bb button_color_2=\u00bbAccent-Color\u00bb icon_family=\u00bbfontawesome\u00bb text=\u00bbDescarga el Report\u00bb url=\u00bbhttps:\/\/www.awair.eu\/wp-content\/uploads\/2022\/10\/Sample-Progress-Report-English-2022.pdf\u00bb][\/vc_column][\/vc_row][vc_row type=\u00bbfull_width_background\u00bb full_screen_row_position=\u00bbmiddle\u00bb equal_height=\u00bbyes\u00bb content_placement=\u00bbmiddle\u00bb bg_color=\u00bb#d9eef4&#8243; scene_position=\u00bbcenter\u00bb text_color=\u00bbdark\u00bb text_align=\u00bbleft\u00bb top_padding=\u00bb60&#8243; bottom_padding=\u00bb60&#8243; overlay_strength=\u00bb0.3&#8243;][vc_column column_padding=\u00bbno-extra-padding\u00bb column_padding_position=\u00bball\u00bb background_color_opacity=\u00bb1&#8243; background_hover_color_opacity=\u00bb1&#8243; column_shadow=\u00bbnone\u00bb width=\u00bb1\/2&#8243; tablet_text_alignment=\u00bbdefault\u00bb phone_text_alignment=\u00bbdefault\u00bb column_border_width=\u00bbnone\u00bb column_border_style=\u00bbsolid\u00bb][vc_column_text]\n<h2><strong>Orientar su camino hacia adelante<\/strong><\/h2>\n[\/vc_column_text][\/vc_column][vc_column column_padding=\u00bbno-extra-padding\u00bb column_padding_position=\u00bball\u00bb background_color_opacity=\u00bb1&#8243; background_hover_color_opacity=\u00bb1&#8243; column_shadow=\u00bbnone\u00bb width=\u00bb1\/2&#8243; tablet_text_alignment=\u00bbdefault\u00bb phone_text_alignment=\u00bbdefault\u00bb column_border_width=\u00bbnone\u00bb column_border_style=\u00bbsolid\u00bb][vc_column_text]\n<p style=\"text-align: left;\">El\u00a0<strong>Progress Report<\/strong>\u00a0es una forma ideal para cuantificar y guiar al individuo sobre el camino que tiene por delante. Tambi\u00e9n es una poderosa herramienta anal\u00edtica para utilizar con un grupo de gerentes- por ejemplo, por grupo de edad en un programa de liderazgo.<\/p>\n<p style=\"text-align: left;\">Cuantificar el impacto del programa con un informe del grupo que agrega los cambios de los participantes, mostrando qu\u00e9 tipo de comportamientos fueron cambiados y cu\u00e1nto han mejorado cada uno.<\/p>\n[\/vc_column_text][\/vc_column][\/vc_row][vc_row type=\u00bbfull_width_background\u00bb full_screen_row_position=\u00bbmiddle\u00bb equal_height=\u00bbyes\u00bb content_placement=\u00bbmiddle\u00bb bg_image=\u00bb381&#8243; bg_position=\u00bbcenter center\u00bb bg_repeat=\u00bbno-repeat\u00bb parallax_bg=\u00bbtrue\u00bb parallax_bg_speed=\u00bbslow\u00bb scene_position=\u00bbcenter\u00bb text_color=\u00bblight\u00bb text_align=\u00bbleft\u00bb top_padding=\u00bb60&#8243; bottom_padding=\u00bb60&#8243; overlay_strength=\u00bb0.3&#8243;][vc_column column_padding=\u00bbno-extra-padding\u00bb column_padding_position=\u00bball\u00bb background_color_opacity=\u00bb1&#8243; background_hover_color_opacity=\u00bb1&#8243; column_shadow=\u00bbnone\u00bb width=\u00bb1\/2&#8243; tablet_text_alignment=\u00bbdefault\u00bb phone_text_alignment=\u00bbdefault\u00bb column_border_width=\u00bbnone\u00bb column_border_style=\u00bbsolid\u00bb][vc_column_text]\n<h2><strong>Certificationes<\/strong><\/h2>\n[\/vc_column_text][\/vc_column][vc_column column_padding=\u00bbno-extra-padding\u00bb column_padding_position=\u00bball\u00bb background_color_opacity=\u00bb1&#8243; background_hover_color_opacity=\u00bb1&#8243; column_shadow=\u00bbnone\u00bb width=\u00bb1\/2&#8243; tablet_text_alignment=\u00bbdefault\u00bb phone_text_alignment=\u00bbdefault\u00bb column_border_width=\u00bbnone\u00bb column_border_style=\u00bbsolid\u00bb][nectar_btn size=\u00bbmedium\u00bb button_style=\u00bbsee-through-2&#8243; hover_text_color_override=\u00bb#ffffff\u00bb icon_family=\u00bbnone\u00bb url=\u00bbhttps:\/\/www.awair.eu\/es\/programas-de-certificacion\/certificacion-lvi\/\u00bb text=\u00bbM\u00c1S\u00bb margin_top=\u00bb20&#8243;][\/vc_column][\/vc_row][vc_row type=\u00bbfull_width_background\u00bb full_screen_row_position=\u00bbmiddle\u00bb equal_height=\u00bbyes\u00bb content_placement=\u00bbmiddle\u00bb scene_position=\u00bbcenter\u00bb text_color=\u00bbdark\u00bb text_align=\u00bbleft\u00bb top_padding=\u00bb40&#8243; bottom_padding=\u00bb40&#8243; overlay_strength=\u00bb0.3&#8243;][vc_column column_padding=\u00bbno-extra-padding\u00bb column_padding_position=\u00bball\u00bb background_color_opacity=\u00bb1&#8243; background_hover_color_opacity=\u00bb1&#8243; column_shadow=\u00bbnone\u00bb width=\u00bb1\/2&#8243; tablet_text_alignment=\u00bbdefault\u00bb phone_text_alignment=\u00bbdefault\u00bb column_border_width=\u00bbnone\u00bb column_border_style=\u00bbsolid\u00bb][vc_column_text]\n<h4 style=\"text-align: right;\">Ve tambi\u00e9n:<\/h4>\n[\/vc_column_text][\/vc_column][vc_column column_padding=\u00bbno-extra-padding\u00bb column_padding_position=\u00bball\u00bb background_color_opacity=\u00bb1&#8243; background_hover_color_opacity=\u00bb1&#8243; column_shadow=\u00bbnone\u00bb width=\u00bb1\/2&#8243; tablet_text_alignment=\u00bbdefault\u00bb phone_text_alignment=\u00bbdefault\u00bb column_border_width=\u00bbnone\u00bb column_border_style=\u00bbsolid\u00bb][vc_column_text]<a href=\"https:\/\/www.awair.eu\/es\/lvi\/\">LVI<\/a>[\/vc_column_text][\/vc_column][\/vc_row]\n","protected":false},"excerpt":{"rendered":"<p>[vc_row type=\u00bbfull_width_background\u00bb full_screen_row_position=\u00bbmiddle\u00bb equal_height=\u00bbyes\u00bb content_placement=\u00bbmiddle\u00bb bg_color=\u00bb#f6ebda\u00bb scene_position=\u00bbcenter\u00bb text_color=\u00bbdark\u00bb text_align=\u00bbleft\u00bb top_padding=\u00bb60&#8243; bottom_padding=\u00bb60&#8243; overlay_strength=\u00bb0.3&#8243;][vc_column column_padding=\u00bbno-extra-padding\u00bb column_padding_position=\u00bball\u00bb background_color_opacity=\u00bb1&#8243; background_hover_color_opacity=\u00bb1&#8243; column_shadow=\u00bbnone\u00bb width=\u00bb1\/1&#8243; tablet_text_alignment=\u00bbdefault\u00bb phone_text_alignment=\u00bbdefault\u00bb column_border_width=\u00bbnone\u00bb column_border_style=\u00bbsolid\u00bb][vc_column_text] Con una alta&#8230;<\/p>\n","protected":false},"author":1,"featured_media":0,"parent":0,"menu_order":2,"comment_status":"closed","ping_status":"closed","template":"","meta":{"inline_featured_image":false},"yoast_head":"<!-- This site is optimized with the Yoast SEO plugin v18.3 - https:\/\/yoast.com\/wordpress\/plugins\/seo\/ -->\n<title>Awair | Progress Report de Kaiser Leadership Solutions<\/title>\n<meta name=\"description\" content=\"Despu\u00e9s de una intervenci\u00f3n de aprendizaje y desarrollo, el Progress Report cuantifica el progreso hecho y indican d\u00f3nde concentrarse para seguir mejorando.\" \/>\n<meta name=\"robots\" content=\"index, follow, max-snippet:-1, max-image-preview:large, max-video-preview:-1\" \/>\n<link rel=\"canonical\" href=\"https:\/\/www.awair.eu\/es\/progress-report\/\" \/>\n<meta property=\"og:locale\" content=\"es_ES\" \/>\n<meta property=\"og:type\" content=\"article\" \/>\n<meta property=\"og:title\" content=\"Awair | Progress Report de Kaiser Leadership Solutions\" \/>\n<meta property=\"og:description\" content=\"Despu\u00e9s de una intervenci\u00f3n de aprendizaje y desarrollo, el Progress Report cuantifica el progreso hecho y indican d\u00f3nde concentrarse para seguir mejorando.\" \/>\n<meta property=\"og:url\" content=\"https:\/\/www.awair.eu\/es\/progress-report\/\" \/>\n<meta property=\"og:site_name\" content=\"awair\" \/>\n<meta property=\"article:modified_time\" content=\"2022-10-10T08:34:03+00:00\" \/>\n<meta name=\"twitter:card\" content=\"summary\" \/>\n<meta name=\"twitter:site\" content=\"@awairAwareness\" \/>\n<meta name=\"twitter:label1\" content=\"Tiempo de lectura\" \/>\n\t<meta name=\"twitter:data1\" content=\"6 minutos\" \/>\n<script type=\"application\/ld+json\" class=\"yoast-schema-graph\">{\"@context\":\"https:\/\/schema.org\",\"@graph\":[{\"@type\":\"Organization\",\"@id\":\"https:\/\/www.awair.eu\/es\/#organization\",\"name\":\"Awair\",\"url\":\"https:\/\/www.awair.eu\/es\/\",\"sameAs\":[\"https:\/\/www.linkedin.com\/company\/10070361\/\",\"https:\/\/twitter.com\/awairAwareness\"],\"logo\":{\"@type\":\"ImageObject\",\"@id\":\"https:\/\/www.awair.eu\/es\/#logo\",\"inLanguage\":\"es\",\"url\":\"https:\/\/www.awair.eu\/wp-content\/uploads\/2022\/06\/Awair-02-1.jpg\",\"contentUrl\":\"https:\/\/www.awair.eu\/wp-content\/uploads\/2022\/06\/Awair-02-1.jpg\",\"width\":1024,\"height\":1318,\"caption\":\"Awair\"},\"image\":{\"@id\":\"https:\/\/www.awair.eu\/es\/#logo\"}},{\"@type\":\"WebSite\",\"@id\":\"https:\/\/www.awair.eu\/es\/#website\",\"url\":\"https:\/\/www.awair.eu\/es\/\",\"name\":\"awair\",\"description\":\"Where will you be?\",\"publisher\":{\"@id\":\"https:\/\/www.awair.eu\/es\/#organization\"},\"potentialAction\":[{\"@type\":\"SearchAction\",\"target\":{\"@type\":\"EntryPoint\",\"urlTemplate\":\"https:\/\/www.awair.eu\/es\/?s={search_term_string}\"},\"query-input\":\"required name=search_term_string\"}],\"inLanguage\":\"es\"},{\"@type\":\"WebPage\",\"@id\":\"https:\/\/www.awair.eu\/es\/progress-report\/#webpage\",\"url\":\"https:\/\/www.awair.eu\/es\/progress-report\/\",\"name\":\"Awair | Progress Report de Kaiser Leadership Solutions\",\"isPartOf\":{\"@id\":\"https:\/\/www.awair.eu\/es\/#website\"},\"datePublished\":\"2018-02-05T10:29:16+00:00\",\"dateModified\":\"2022-10-10T08:34:03+00:00\",\"description\":\"Despu\u00e9s de una intervenci\u00f3n de aprendizaje y desarrollo, el Progress Report cuantifica el progreso hecho y indican d\u00f3nde concentrarse para seguir mejorando.\",\"breadcrumb\":{\"@id\":\"https:\/\/www.awair.eu\/es\/progress-report\/#breadcrumb\"},\"inLanguage\":\"es\",\"potentialAction\":[{\"@type\":\"ReadAction\",\"target\":[\"https:\/\/www.awair.eu\/es\/progress-report\/\"]}]},{\"@type\":\"BreadcrumbList\",\"@id\":\"https:\/\/www.awair.eu\/es\/progress-report\/#breadcrumb\",\"itemListElement\":[{\"@type\":\"ListItem\",\"position\":1,\"name\":\"Home\",\"item\":\"https:\/\/www.awair.eu\/es\/\"},{\"@type\":\"ListItem\",\"position\":2,\"name\":\"Soluciones\",\"item\":\"https:\/\/www.awair.eu\/es\/soluciones\/\"},{\"@type\":\"ListItem\",\"position\":3,\"name\":\"Progress Report\"}]}]}<\/script>\n<!-- \/ Yoast SEO plugin. -->","yoast_head_json":{"title":"Awair | Progress Report de Kaiser Leadership Solutions","description":"Despu\u00e9s de una intervenci\u00f3n de aprendizaje y desarrollo, el Progress Report cuantifica el progreso hecho y indican d\u00f3nde concentrarse para seguir mejorando.","robots":{"index":"index","follow":"follow","max-snippet":"max-snippet:-1","max-image-preview":"max-image-preview:large","max-video-preview":"max-video-preview:-1"},"canonical":"https:\/\/www.awair.eu\/es\/progress-report\/","og_locale":"es_ES","og_type":"article","og_title":"Awair | Progress Report de Kaiser Leadership Solutions","og_description":"Despu\u00e9s de una intervenci\u00f3n de aprendizaje y desarrollo, el Progress Report cuantifica el progreso hecho y indican d\u00f3nde concentrarse para seguir mejorando.","og_url":"https:\/\/www.awair.eu\/es\/progress-report\/","og_site_name":"awair","article_modified_time":"2022-10-10T08:34:03+00:00","twitter_card":"summary","twitter_site":"@awairAwareness","twitter_misc":{"Tiempo de lectura":"6 minutos"},"schema":{"@context":"https:\/\/schema.org","@graph":[{"@type":"Organization","@id":"https:\/\/www.awair.eu\/es\/#organization","name":"Awair","url":"https:\/\/www.awair.eu\/es\/","sameAs":["https:\/\/www.linkedin.com\/company\/10070361\/","https:\/\/twitter.com\/awairAwareness"],"logo":{"@type":"ImageObject","@id":"https:\/\/www.awair.eu\/es\/#logo","inLanguage":"es","url":"https:\/\/www.awair.eu\/wp-content\/uploads\/2022\/06\/Awair-02-1.jpg","contentUrl":"https:\/\/www.awair.eu\/wp-content\/uploads\/2022\/06\/Awair-02-1.jpg","width":1024,"height":1318,"caption":"Awair"},"image":{"@id":"https:\/\/www.awair.eu\/es\/#logo"}},{"@type":"WebSite","@id":"https:\/\/www.awair.eu\/es\/#website","url":"https:\/\/www.awair.eu\/es\/","name":"awair","description":"Where will you be?","publisher":{"@id":"https:\/\/www.awair.eu\/es\/#organization"},"potentialAction":[{"@type":"SearchAction","target":{"@type":"EntryPoint","urlTemplate":"https:\/\/www.awair.eu\/es\/?s={search_term_string}"},"query-input":"required name=search_term_string"}],"inLanguage":"es"},{"@type":"WebPage","@id":"https:\/\/www.awair.eu\/es\/progress-report\/#webpage","url":"https:\/\/www.awair.eu\/es\/progress-report\/","name":"Awair | Progress Report de Kaiser Leadership Solutions","isPartOf":{"@id":"https:\/\/www.awair.eu\/es\/#website"},"datePublished":"2018-02-05T10:29:16+00:00","dateModified":"2022-10-10T08:34:03+00:00","description":"Despu\u00e9s de una intervenci\u00f3n de aprendizaje y desarrollo, el Progress Report cuantifica el progreso hecho y indican d\u00f3nde concentrarse para seguir mejorando.","breadcrumb":{"@id":"https:\/\/www.awair.eu\/es\/progress-report\/#breadcrumb"},"inLanguage":"es","potentialAction":[{"@type":"ReadAction","target":["https:\/\/www.awair.eu\/es\/progress-report\/"]}]},{"@type":"BreadcrumbList","@id":"https:\/\/www.awair.eu\/es\/progress-report\/#breadcrumb","itemListElement":[{"@type":"ListItem","position":1,"name":"Home","item":"https:\/\/www.awair.eu\/es\/"},{"@type":"ListItem","position":2,"name":"Soluciones","item":"https:\/\/www.awair.eu\/es\/soluciones\/"},{"@type":"ListItem","position":3,"name":"Progress Report"}]}]}},"_links":{"self":[{"href":"https:\/\/www.awair.eu\/es\/wp-json\/wp\/v2\/pages\/3434"}],"collection":[{"href":"https:\/\/www.awair.eu\/es\/wp-json\/wp\/v2\/pages"}],"about":[{"href":"https:\/\/www.awair.eu\/es\/wp-json\/wp\/v2\/types\/page"}],"author":[{"embeddable":true,"href":"https:\/\/www.awair.eu\/es\/wp-json\/wp\/v2\/users\/1"}],"replies":[{"embeddable":true,"href":"https:\/\/www.awair.eu\/es\/wp-json\/wp\/v2\/comments?post=3434"}],"version-history":[{"count":8,"href":"https:\/\/www.awair.eu\/es\/wp-json\/wp\/v2\/pages\/3434\/revisions"}],"predecessor-version":[{"id":11268,"href":"https:\/\/www.awair.eu\/es\/wp-json\/wp\/v2\/pages\/3434\/revisions\/11268"}],"wp:attachment":[{"href":"https:\/\/www.awair.eu\/es\/wp-json\/wp\/v2\/media?parent=3434"}],"curies":[{"name":"wp","href":"https:\/\/api.w.org\/{rel}","templated":true}]}}