{"id":3408,"date":"2018-02-07T11:38:26","date_gmt":"2018-02-07T10:38:26","guid":{"rendered":"http:\/\/www.awair.eu\/areas-de-especializacion\/seleccion\/matrigma\/"},"modified":"2023-03-01T16:39:45","modified_gmt":"2023-03-01T15:39:45","slug":"matrigma","status":"publish","type":"page","link":"https:\/\/www.awair.eu\/es\/matrigma\/","title":{"rendered":"Matrigma"},"content":{"rendered":"[vc_row type=\u00bbfull_width_background\u00bb full_screen_row_position=\u00bbmiddle\u00bb equal_height=\u00bbyes\u00bb scene_position=\u00bbcenter\u00bb text_color=\u00bbdark\u00bb text_align=\u00bbleft\u00bb top_padding=\u00bb40&#8243; bottom_padding=\u00bb40&#8243; overlay_strength=\u00bb0.3&#8243;][vc_column column_padding=\u00bbno-extra-padding\u00bb column_padding_position=\u00bball\u00bb background_color_opacity=\u00bb1&#8243; background_hover_color_opacity=\u00bb1&#8243; column_shadow=\u00bbnone\u00bb width=\u00bb1\/2&#8243; tablet_text_alignment=\u00bbdefault\u00bb phone_text_alignment=\u00bbdefault\u00bb column_border_width=\u00bbnone\u00bb column_border_style=\u00bbsolid\u00bb]<div class=\"img-with-aniamtion-wrap \" data-max-width=\"100%\"><div class=\"inner\"><img data-shadow=\"none\" data-shadow-direction=\"middle\" class=\"img-with-animation \" data-delay=\"0\" height=\"320\" width=\"640\" data-animation=\"fade-in\" src=\"https:\/\/www.awair.eu\/wp-content\/uploads\/2018\/02\/Assessio_Mat.-Adaptive.png\" srcset=\"https:\/\/www.awair.eu\/wp-content\/uploads\/2018\/02\/Assessio_Mat.-Adaptive.png 640w, https:\/\/www.awair.eu\/wp-content\/uploads\/2018\/02\/Assessio_Mat.-Adaptive-300x150.png 300w\" alt=\"\" \/><\/div><\/div>[\/vc_column][vc_column column_padding=\u00bbno-extra-padding\u00bb column_padding_position=\u00bball\u00bb background_color_opacity=\u00bb1&#8243; background_hover_color_opacity=\u00bb1&#8243; column_shadow=\u00bbnone\u00bb width=\u00bb1\/2&#8243; tablet_text_alignment=\u00bbdefault\u00bb phone_text_alignment=\u00bbdefault\u00bb column_border_width=\u00bbnone\u00bb column_border_style=\u00bbsolid\u00bb][vc_column_text]\n<p style=\"text-align: left;\"><strong>Matrigma<\/strong> es una prueba psicom\u00e9trica de alta calidad utilizada para medir la capacidad cognitiva con el fin de predecir el desempe\u00f1o laboral y \u00e9xito profesional.<\/p>\n[\/vc_column_text][\/vc_column][\/vc_row][vc_row type=\u00bbfull_width_background\u00bb full_screen_row_position=\u00bbmiddle\u00bb bg_color=\u00bb#f6ebda\u00bb scene_position=\u00bbcenter\u00bb text_color=\u00bbdark\u00bb text_align=\u00bbleft\u00bb top_padding=\u00bb40&#8243; bottom_padding=\u00bb40&#8243; overlay_strength=\u00bb0.3&#8243;][vc_column column_padding=\u00bbno-extra-padding\u00bb column_padding_position=\u00bball\u00bb background_color_opacity=\u00bb1&#8243; background_hover_color_opacity=\u00bb1&#8243; column_shadow=\u00bbnone\u00bb width=\u00bb1\/1&#8243; tablet_text_alignment=\u00bbdefault\u00bb phone_text_alignment=\u00bbdefault\u00bb column_border_width=\u00bbnone\u00bb column_border_style=\u00bbsolid\u00bb][vc_column_text]\n<p>Matrigma es una prueba <strong>cognitiva<\/strong> que capta la <em>inteligencia l\u00edquida<\/em> \u00a0(por ejemplo la capacidad para resolver problemas sin ning\u00fan conocimiento previo o experiencia). Por lo tanto, es el instrumento \u00f3ptimo para identificar el potencial individual y predecir el desempe\u00f1o exitoso en todas las industrias y para todos los niveles de complejidad del trabajo.<\/p>\n<p>El <strong>formato no verbal y no num\u00e9rico<\/strong> de la prueba asegura una amplia aplicaci\u00f3n, m\u00e1s all\u00e1 de las barreras culturales, educacionales y ling\u00fc\u00edsticas.<\/p>\n<p>Del Matrigma cl\u00e1sico, Assessio desarroll\u00f3 <strong>Matrigma Adaptativo<\/strong>, una versi\u00f3n innovadora y tecnol\u00f3gicamente avanzada que proporciona una medici\u00f3n fiable y precisa de la Habilidad Mental General en s\u00f3lo 12 minutos.[\/vc_column_text][\/vc_column][\/vc_row][vc_row type=\u00bbfull_width_background\u00bb full_screen_row_position=\u00bbmiddle\u00bb equal_height=\u00bbyes\u00bb content_placement=\u00bbmiddle\u00bb scene_position=\u00bbcenter\u00bb text_color=\u00bbdark\u00bb text_align=\u00bbleft\u00bb top_padding=\u00bb40&#8243; bottom_padding=\u00bb40&#8243; overlay_strength=\u00bb0.3&#8243;][vc_column column_padding=\u00bbno-extra-padding\u00bb column_padding_position=\u00bball\u00bb background_color_opacity=\u00bb1&#8243; background_hover_color_opacity=\u00bb1&#8243; column_shadow=\u00bbnone\u00bb width=\u00bb1\/2&#8243; tablet_text_alignment=\u00bbdefault\u00bb phone_text_alignment=\u00bbdefault\u00bb column_border_width=\u00bbnone\u00bb column_border_style=\u00bbsolid\u00bb][vc_column_text css_animation=\u00bbnone\u00bb]\n<h2 style=\"text-align: left;\"><strong>La innovaci\u00f3n de Matrigma Adaptativo<\/strong><\/h2>\n[\/vc_column_text][\/vc_column][vc_column column_padding=\u00bbno-extra-padding\u00bb column_padding_position=\u00bball\u00bb background_color_opacity=\u00bb1&#8243; background_hover_color_opacity=\u00bb1&#8243; column_shadow=\u00bbnone\u00bb width=\u00bb1\/2&#8243; tablet_text_alignment=\u00bbdefault\u00bb phone_text_alignment=\u00bbdefault\u00bb column_border_width=\u00bbnone\u00bb column_border_style=\u00bbsolid\u00bb][vc_column_text]\n<ul>\n<li><strong>Tecnolog\u00eda innovadora<\/strong>. El algoritmo avanzado incorpora m\u00e1s de 100 000 resultados del test Matrigma en todo el mundo. Por lo tanto el resultado es un producto que reduce al m\u00ednimo la duraci\u00f3n de la prueba sin perder la exactitud de la medida.<\/li>\n<li><strong>Cada sesi\u00f3n de la prueba se adapta al que responde<\/strong>. Cada pregunta sucesiva se selecciona en base a un sumatorio de las respuestas de los que han hecho el test previamente, as\u00ed como otros criterios espec\u00edficos. Se excluyen preguntas innecesarias y redundantes, y el m\u00e1ximo nivel de capacidad se eval\u00faa y establece durante toda la prueba.<\/li>\n<li><strong>Participaci\u00f3n<\/strong>. En un mercado de trabajo en que cada vez el candidato tiene m\u00e1s peso, es esencial ofrecer soluciones de evaluaci\u00f3n concisa y f\u00e1cil de usar que mantengan a los candidatos comprometidos durante todo el proceso de selecci\u00f3n.<\/li>\n<li><strong>Flexibilidad<\/strong>. Est\u00e1 disponible en 28 idiomas en ordenadores y dispositivos m\u00f3viles, que ofrece una flexibilidad \u00f3ptima para el candidato.<\/li>\n<\/ul>\n[\/vc_column_text][\/vc_column][\/vc_row][vc_row type=\u00bbfull_width_background\u00bb full_screen_row_position=\u00bbmiddle\u00bb equal_height=\u00bbyes\u00bb content_placement=\u00bbmiddle\u00bb bg_color=\u00bb#d9eef4&#8243; scene_position=\u00bbcenter\u00bb text_color=\u00bbdark\u00bb text_align=\u00bbleft\u00bb top_padding=\u00bb40&#8243; bottom_padding=\u00bb40&#8243; overlay_strength=\u00bb0.3&#8243;][vc_column column_padding=\u00bbno-extra-padding\u00bb column_padding_position=\u00bball\u00bb background_color_opacity=\u00bb1&#8243; background_hover_color_opacity=\u00bb1&#8243; column_shadow=\u00bbnone\u00bb width=\u00bb1\/2&#8243; tablet_text_alignment=\u00bbdefault\u00bb phone_text_alignment=\u00bbdefault\u00bb column_border_width=\u00bbnone\u00bb column_border_style=\u00bbsolid\u00bb][vc_column_text css=\u00bb.vc_custom_1521736117477{margin-bottom: 20px !important;}\u00bb]\n<h3 style=\"text-align: left;\"><strong>Matrigma mide<\/strong><\/h3>\n[\/vc_column_text][vc_column_text]\n<ul>\n<li>la inteligencia l\u00edquida<\/li>\n<li>Capacidad identificar patrones y reglas l\u00f3gicas r\u00e1pidamente<\/li>\n<li>Capacidad de razonamiento l\u00f3gico abstracto y soluci\u00f3n de problemas<\/li>\n<\/ul>\n[\/vc_column_text][\/vc_column][vc_column column_padding=\u00bbno-extra-padding\u00bb column_padding_position=\u00bball\u00bb background_color_opacity=\u00bb1&#8243; background_hover_color_opacity=\u00bb1&#8243; column_shadow=\u00bbnone\u00bb width=\u00bb1\/2&#8243; tablet_text_alignment=\u00bbdefault\u00bb phone_text_alignment=\u00bbdefault\u00bb column_border_width=\u00bbnone\u00bb column_border_style=\u00bbsolid\u00bb][vc_column_text css=\u00bb.vc_custom_1521736123732{margin-bottom: 20px !important;}\u00bb]\n<h3 style=\"text-align: left;\"><strong>Matrigma predice<\/strong><\/h3>\n[\/vc_column_text][vc_column_text]\n<ul>\n<li>Rendimiento en el trabajo<\/li>\n<li>Capacidad de aprendizaje y efectividad en el trabajo<\/li>\n<li>Capacidad de tratar con la informaci\u00f3n nueva y las situaciones poco habituales<\/li>\n<\/ul>\n[\/vc_column_text][\/vc_column][\/vc_row][vc_row type=\u00bbfull_width_background\u00bb full_screen_row_position=\u00bbmiddle\u00bb equal_height=\u00bbyes\u00bb content_placement=\u00bbmiddle\u00bb bg_color=\u00bb#d9eef4&#8243; scene_position=\u00bbcenter\u00bb text_color=\u00bbdark\u00bb text_align=\u00bbcenter\u00bb top_padding=\u00bb20&#8243; bottom_padding=\u00bb20&#8243; disable_element=\u00bbyes\u00bb overlay_strength=\u00bb0.3&#8243;][vc_column column_padding=\u00bbno-extra-padding\u00bb column_padding_position=\u00bball\u00bb background_color_opacity=\u00bb1&#8243; background_hover_color_opacity=\u00bb1&#8243; column_shadow=\u00bbnone\u00bb width=\u00bb1\/1&#8243; tablet_text_alignment=\u00bbdefault\u00bb phone_text_alignment=\u00bbdefault\u00bb column_border_width=\u00bbnone\u00bb column_border_style=\u00bbsolid\u00bb][nectar_btn size=\u00bblarge\u00bb open_new_tab=\u00bbtrue\u00bb button_style=\u00bbregular\u00bb button_color_2=\u00bbAccent-Color\u00bb icon_family=\u00bbfontawesome\u00bb url=\u00bbhttps:\/\/www.awair.eu\/wp-content\/uploads\/2018\/02\/Matrigma-interpretive_eng.pdf\u00bb text=\u00bbDescarga el report\u00bb icon_fontawesome=\u00bbfa fa-file-pdf-o\u00bb][\/vc_column][\/vc_row][vc_row type=\u00bbfull_width_background\u00bb full_screen_row_position=\u00bbmiddle\u00bb scene_position=\u00bbcenter\u00bb text_color=\u00bbdark\u00bb text_align=\u00bbleft\u00bb top_padding=\u00bb30&#8243; bottom_padding=\u00bb30&#8243; overlay_strength=\u00bb0.3&#8243;][vc_column column_padding=\u00bbno-extra-padding\u00bb column_padding_position=\u00bball\u00bb background_color_opacity=\u00bb1&#8243; background_hover_color_opacity=\u00bb1&#8243; column_shadow=\u00bbnone\u00bb width=\u00bb1\/1&#8243; tablet_text_alignment=\u00bbdefault\u00bb phone_text_alignment=\u00bbdefault\u00bb column_border_width=\u00bbnone\u00bb column_border_style=\u00bbsolid\u00bb][vc_column_text css_animation=\u00bbfadeIn\u00bb]\n<h2 style=\"text-align: center;\">Vea tambi\u00e9n<\/h2>\n[\/vc_column_text][\/vc_column][\/vc_row][vc_row type=\u00bbfull_width_background\u00bb full_screen_row_position=\u00bbmiddle\u00bb equal_height=\u00bbyes\u00bb content_placement=\u00bbtop\u00bb scene_position=\u00bbcenter\u00bb text_color=\u00bbdark\u00bb text_align=\u00bbcenter\u00bb bottom_padding=\u00bb30&#8243; class=\u00bb60&#8243; overlay_strength=\u00bb0.3&#8243;][vc_column boxed=\u00bbtrue\u00bb column_padding=\u00bbpadding-2-percent\u00bb column_padding_position=\u00bball\u00bb background_color_opacity=\u00bb1&#8243; background_hover_color_opacity=\u00bb1&#8243; column_shadow=\u00bbnone\u00bb width=\u00bb1\/4&#8243; tablet_text_alignment=\u00bbdefault\u00bb phone_text_alignment=\u00bbdefault\u00bb column_border_width=\u00bbnone\u00bb column_border_style=\u00bbsolid\u00bb column_link=\u00bbhttps:\/\/www.awair.eu\/es\/areas-de-especializacion\/seleccion\/map\/\u00bb][vc_column_text css_animation=\u00bbnone\u00bb]\n<h4><img loading=\"lazy\" class=\"wp-image-2807 alignnone\" src=\"https:\/\/www.awair.eu\/wp-content\/uploads\/2018\/02\/MAP-300x102.png\" alt=\"\" width=\"97\" height=\"33\" srcset=\"https:\/\/www.awair.eu\/wp-content\/uploads\/2018\/02\/MAP-300x102.png 300w, https:\/\/www.awair.eu\/wp-content\/uploads\/2018\/02\/MAP-768x262.png 768w, https:\/\/www.awair.eu\/wp-content\/uploads\/2018\/02\/MAP.png 997w\" sizes=\"(max-width: 97px) 100vw, 97px\" \/><\/h4>\n[\/vc_column_text]<div class=\"divider-wrap\"><div style=\"height: 20px;\" class=\"divider\"><\/div><\/div>[vc_column_text css_animation=\u00bbnone\u00bb]\n<h3>MAP<\/h3>\n<p>Test del modelo de personalidad de los Cinco Factores.[\/vc_column_text][\/vc_column][vc_column boxed=\u00bbtrue\u00bb column_padding=\u00bbpadding-2-percent\u00bb column_padding_position=\u00bball\u00bb background_color_opacity=\u00bb1&#8243; background_hover_color_opacity=\u00bb1&#8243; column_shadow=\u00bbnone\u00bb width=\u00bb1\/4&#8243; tablet_text_alignment=\u00bbdefault\u00bb phone_text_alignment=\u00bbdefault\u00bb column_border_width=\u00bbnone\u00bb column_border_style=\u00bbsolid\u00bb column_link=\u00bbhttps:\/\/www.awair.eu\/es\/areas-de-especializacion\/la-seguridad\/mint\/\u00bb][vc_column_text css_animation=\u00bbnone\u00bb]<img loading=\"lazy\" class=\"wp-image-2800 alignnone\" src=\"https:\/\/www.awair.eu\/wp-content\/uploads\/2018\/02\/Mint_Color-300x82.png\" alt=\"\" width=\"120\" height=\"33\" srcset=\"https:\/\/www.awair.eu\/wp-content\/uploads\/2018\/02\/Mint_Color-300x82.png 300w, https:\/\/www.awair.eu\/wp-content\/uploads\/2018\/02\/Mint_Color-768x209.png 768w, https:\/\/www.awair.eu\/wp-content\/uploads\/2018\/02\/Mint_Color-1024x279.png 1024w, https:\/\/www.awair.eu\/wp-content\/uploads\/2018\/02\/Mint_Color.png 1189w\" sizes=\"(max-width: 120px) 100vw, 120px\" \/>[\/vc_column_text]<div class=\"divider-wrap\"><div style=\"height: 20px;\" class=\"divider\"><\/div><\/div>[vc_column_text css_animation=\u00bbnone\u00bb]\n<h3>MiNT<\/h3>\n<p>Mide la Integridad y eval\u00faa Comportamientos Contraproducentes en el Trabajo.[\/vc_column_text][\/vc_column][vc_column boxed=\u00bbtrue\u00bb column_padding=\u00bbpadding-2-percent\u00bb column_padding_position=\u00bball\u00bb background_color_opacity=\u00bb1&#8243; background_hover_color_opacity=\u00bb1&#8243; column_shadow=\u00bbnone\u00bb width=\u00bb1\/4&#8243; tablet_text_alignment=\u00bbdefault\u00bb phone_text_alignment=\u00bbdefault\u00bb column_border_width=\u00bbnone\u00bb column_border_style=\u00bbsolid\u00bb column_link=\u00bbhttps:\/\/www.awair.eu\/es\/areas-de-especializacion\/seleccion\/servicefirst\/\u00bb][vc_column_text css_animation=\u00bbnone\u00bb]\n<h4><img loading=\"lazy\" class=\"alignnone wp-image-2801\" src=\"https:\/\/www.awair.eu\/wp-content\/uploads\/2018\/02\/ServiceFirst_Color-300x46.png\" alt=\"\" width=\"217\" height=\"33\" srcset=\"https:\/\/www.awair.eu\/wp-content\/uploads\/2018\/02\/ServiceFirst_Color-300x46.png 300w, https:\/\/www.awair.eu\/wp-content\/uploads\/2018\/02\/ServiceFirst_Color-768x117.png 768w, https:\/\/www.awair.eu\/wp-content\/uploads\/2018\/02\/ServiceFirst_Color-1024x155.png 1024w\" sizes=\"(max-width: 217px) 100vw, 217px\" \/><\/h4>\n[\/vc_column_text]<div class=\"divider-wrap\"><div style=\"height: 20px;\" class=\"divider\"><\/div><\/div>[vc_column_text css_animation=\u00bbnone\u00bb]\n<h3>ServiceFirst<\/h3>\n<p>Mide la orientaci\u00f3n al servicio, asegurando una atenci\u00f3n al cliente \u00f3ptima.[\/vc_column_text][\/vc_column][vc_column boxed=\u00bbtrue\u00bb column_padding=\u00bbpadding-2-percent\u00bb column_padding_position=\u00bball\u00bb background_color_opacity=\u00bb1&#8243; background_hover_color_opacity=\u00bb1&#8243; column_shadow=\u00bbnone\u00bb width=\u00bb1\/4&#8243; tablet_text_alignment=\u00bbdefault\u00bb phone_text_alignment=\u00bbdefault\u00bb column_border_width=\u00bbnone\u00bb column_border_style=\u00bbsolid\u00bb column_link=\u00bbhttps:\/\/www.awair.eu\/es\/areas-de-especializacion\/seleccion\/targeted-prediction\/\u00bb][vc_column_text css_animation=\u00bbnone\u00bb]<img loading=\"lazy\" class=\"alignnone wp-image-2803\" src=\"https:\/\/www.awair.eu\/wp-content\/uploads\/2018\/02\/Targeted-Prediction-300x81.png\" alt=\"\" width=\"122\" height=\"33\" srcset=\"https:\/\/www.awair.eu\/wp-content\/uploads\/2018\/02\/Targeted-Prediction-300x81.png 300w, https:\/\/www.awair.eu\/wp-content\/uploads\/2018\/02\/Targeted-Prediction-768x207.png 768w, https:\/\/www.awair.eu\/wp-content\/uploads\/2018\/02\/Targeted-Prediction-1024x276.png 1024w, https:\/\/www.awair.eu\/wp-content\/uploads\/2018\/02\/Targeted-Prediction.png 1655w\" sizes=\"(max-width: 122px) 100vw, 122px\" \/>[\/vc_column_text]<div class=\"divider-wrap\"><div style=\"height: 20px;\" class=\"divider\"><\/div><\/div>[vc_column_text css_animation=\u00bbnone\u00bb]\n<h3>Targeted Prediction<\/h3>\n<p>Combina la Capacidad Mental General (GMA) y la personalidad para una predicci\u00f3n del rendimiento en el trabajo para un rol en concreto.[\/vc_column_text][\/vc_column][\/vc_row][vc_row type=\u00bbfull_width_background\u00bb full_screen_row_position=\u00bbmiddle\u00bb equal_height=\u00bbyes\u00bb content_placement=\u00bbmiddle\u00bb bg_image=\u00bb381&#8243; bg_position=\u00bbcenter center\u00bb bg_repeat=\u00bbno-repeat\u00bb parallax_bg=\u00bbtrue\u00bb parallax_bg_speed=\u00bbslow\u00bb scene_position=\u00bbcenter\u00bb text_color=\u00bblight\u00bb text_align=\u00bbleft\u00bb top_padding=\u00bb60&#8243; bottom_padding=\u00bb60&#8243; overlay_strength=\u00bb0.3&#8243;][vc_column column_padding=\u00bbno-extra-padding\u00bb column_padding_position=\u00bball\u00bb background_color_opacity=\u00bb1&#8243; background_hover_color_opacity=\u00bb1&#8243; column_shadow=\u00bbnone\u00bb width=\u00bb1\/2&#8243; tablet_text_alignment=\u00bbdefault\u00bb phone_text_alignment=\u00bbdefault\u00bb column_border_width=\u00bbnone\u00bb column_border_style=\u00bbsolid\u00bb][vc_column_text]\n<h1>Certificaciones<\/h1>\n[\/vc_column_text][\/vc_column][vc_column column_padding=\u00bbno-extra-padding\u00bb column_padding_position=\u00bball\u00bb background_color_opacity=\u00bb1&#8243; background_hover_color_opacity=\u00bb1&#8243; column_shadow=\u00bbnone\u00bb width=\u00bb1\/2&#8243; tablet_text_alignment=\u00bbdefault\u00bb phone_text_alignment=\u00bbdefault\u00bb column_border_width=\u00bbnone\u00bb column_border_style=\u00bbsolid\u00bb][nectar_btn size=\u00bbmedium\u00bb button_style=\u00bbsee-through-2&#8243; hover_text_color_override=\u00bb#ffffff\u00bb icon_family=\u00bbnone\u00bb url=\u00bbhttps:\/\/www.awair.eu\/es\/certificaciones\/programas-formacion-assessio\/\u00bb text=\u00bbM\u00c1S\u00bb margin_top=\u00bb20&#8243;][\/vc_column][\/vc_row]\n","protected":false},"excerpt":{"rendered":"<p>[vc_row type=\u00bbfull_width_background\u00bb full_screen_row_position=\u00bbmiddle\u00bb equal_height=\u00bbyes\u00bb scene_position=\u00bbcenter\u00bb text_color=\u00bbdark\u00bb text_align=\u00bbleft\u00bb top_padding=\u00bb40&#8243; bottom_padding=\u00bb40&#8243; overlay_strength=\u00bb0.3&#8243;][vc_column column_padding=\u00bbno-extra-padding\u00bb column_padding_position=\u00bball\u00bb background_color_opacity=\u00bb1&#8243; background_hover_color_opacity=\u00bb1&#8243; column_shadow=\u00bbnone\u00bb width=\u00bb1\/2&#8243; tablet_text_alignment=\u00bbdefault\u00bb phone_text_alignment=\u00bbdefault\u00bb column_border_width=\u00bbnone\u00bb column_border_style=\u00bbsolid\u00bb][\/vc_column][vc_column column_padding=\u00bbno-extra-padding\u00bb column_padding_position=\u00bball\u00bb background_color_opacity=\u00bb1&#8243; background_hover_color_opacity=\u00bb1&#8243; column_shadow=\u00bbnone\u00bb&#8230;<\/p>\n","protected":false},"author":1,"featured_media":0,"parent":0,"menu_order":0,"comment_status":"closed","ping_status":"closed","template":"","meta":{"inline_featured_image":false},"yoast_head":"<!-- This site is optimized with the Yoast SEO plugin v18.3 - https:\/\/yoast.com\/wordpress\/plugins\/seo\/ -->\n<title>Awair | Matrigma de Assessio<\/title>\n<meta name=\"description\" content=\"Matrigma es una prueba psicom\u00e9trica utilizada para medir la capacidad cognitiva con el fin de predecir el desempe\u00f1o laboral y \u00e9xito profesional.\" \/>\n<meta name=\"robots\" content=\"index, follow, max-snippet:-1, max-image-preview:large, max-video-preview:-1\" \/>\n<link rel=\"canonical\" href=\"https:\/\/www.awair.eu\/es\/matrigma\/\" \/>\n<meta property=\"og:locale\" content=\"es_ES\" \/>\n<meta property=\"og:type\" content=\"article\" \/>\n<meta property=\"og:title\" content=\"Awair | Matrigma de Assessio\" \/>\n<meta property=\"og:description\" content=\"Matrigma es una prueba psicom\u00e9trica utilizada para medir la capacidad cognitiva con el fin de predecir el desempe\u00f1o laboral y \u00e9xito profesional.\" \/>\n<meta property=\"og:url\" content=\"https:\/\/www.awair.eu\/es\/matrigma\/\" \/>\n<meta property=\"og:site_name\" content=\"awair\" \/>\n<meta property=\"article:modified_time\" content=\"2023-03-01T15:39:45+00:00\" \/>\n<meta property=\"og:image\" content=\"https:\/\/www.awair.eu\/wp-content\/uploads\/2018\/02\/MAP-300x102.png\" \/>\n<meta name=\"twitter:card\" content=\"summary\" \/>\n<meta name=\"twitter:site\" content=\"@awairAwareness\" \/>\n<meta name=\"twitter:label1\" content=\"Tiempo de lectura\" \/>\n\t<meta name=\"twitter:data1\" content=\"8 minutos\" \/>\n<script type=\"application\/ld+json\" class=\"yoast-schema-graph\">{\"@context\":\"https:\/\/schema.org\",\"@graph\":[{\"@type\":\"Organization\",\"@id\":\"https:\/\/www.awair.eu\/es\/#organization\",\"name\":\"Awair\",\"url\":\"https:\/\/www.awair.eu\/es\/\",\"sameAs\":[\"https:\/\/www.linkedin.com\/company\/10070361\/\",\"https:\/\/twitter.com\/awairAwareness\"],\"logo\":{\"@type\":\"ImageObject\",\"@id\":\"https:\/\/www.awair.eu\/es\/#logo\",\"inLanguage\":\"es\",\"url\":\"https:\/\/www.awair.eu\/wp-content\/uploads\/2022\/06\/Awair-02-1.jpg\",\"contentUrl\":\"https:\/\/www.awair.eu\/wp-content\/uploads\/2022\/06\/Awair-02-1.jpg\",\"width\":1024,\"height\":1318,\"caption\":\"Awair\"},\"image\":{\"@id\":\"https:\/\/www.awair.eu\/es\/#logo\"}},{\"@type\":\"WebSite\",\"@id\":\"https:\/\/www.awair.eu\/es\/#website\",\"url\":\"https:\/\/www.awair.eu\/es\/\",\"name\":\"awair\",\"description\":\"Where will you be?\",\"publisher\":{\"@id\":\"https:\/\/www.awair.eu\/es\/#organization\"},\"potentialAction\":[{\"@type\":\"SearchAction\",\"target\":{\"@type\":\"EntryPoint\",\"urlTemplate\":\"https:\/\/www.awair.eu\/es\/?s={search_term_string}\"},\"query-input\":\"required name=search_term_string\"}],\"inLanguage\":\"es\"},{\"@type\":\"ImageObject\",\"@id\":\"https:\/\/www.awair.eu\/es\/matrigma\/#primaryimage\",\"inLanguage\":\"es\",\"url\":\"https:\/\/www.awair.eu\/wp-content\/uploads\/2018\/02\/MAP.png\",\"contentUrl\":\"https:\/\/www.awair.eu\/wp-content\/uploads\/2018\/02\/MAP.png\",\"width\":997,\"height\":340},{\"@type\":\"WebPage\",\"@id\":\"https:\/\/www.awair.eu\/es\/matrigma\/#webpage\",\"url\":\"https:\/\/www.awair.eu\/es\/matrigma\/\",\"name\":\"Awair | Matrigma de Assessio\",\"isPartOf\":{\"@id\":\"https:\/\/www.awair.eu\/es\/#website\"},\"primaryImageOfPage\":{\"@id\":\"https:\/\/www.awair.eu\/es\/matrigma\/#primaryimage\"},\"datePublished\":\"2018-02-07T10:38:26+00:00\",\"dateModified\":\"2023-03-01T15:39:45+00:00\",\"description\":\"Matrigma es una prueba psicom\u00e9trica utilizada para medir la capacidad cognitiva con el fin de predecir el desempe\u00f1o laboral y \u00e9xito profesional.\",\"breadcrumb\":{\"@id\":\"https:\/\/www.awair.eu\/es\/matrigma\/#breadcrumb\"},\"inLanguage\":\"es\",\"potentialAction\":[{\"@type\":\"ReadAction\",\"target\":[\"https:\/\/www.awair.eu\/es\/matrigma\/\"]}]},{\"@type\":\"BreadcrumbList\",\"@id\":\"https:\/\/www.awair.eu\/es\/matrigma\/#breadcrumb\",\"itemListElement\":[{\"@type\":\"ListItem\",\"position\":1,\"name\":\"Home\",\"item\":\"https:\/\/www.awair.eu\/es\/\"},{\"@type\":\"ListItem\",\"position\":2,\"name\":\"Matrigma\"}]}]}<\/script>\n<!-- \/ Yoast SEO plugin. -->","yoast_head_json":{"title":"Awair | Matrigma de Assessio","description":"Matrigma es una prueba psicom\u00e9trica utilizada para medir la capacidad cognitiva con el fin de predecir el desempe\u00f1o laboral y \u00e9xito profesional.","robots":{"index":"index","follow":"follow","max-snippet":"max-snippet:-1","max-image-preview":"max-image-preview:large","max-video-preview":"max-video-preview:-1"},"canonical":"https:\/\/www.awair.eu\/es\/matrigma\/","og_locale":"es_ES","og_type":"article","og_title":"Awair | Matrigma de Assessio","og_description":"Matrigma es una prueba psicom\u00e9trica utilizada para medir la capacidad cognitiva con el fin de predecir el desempe\u00f1o laboral y \u00e9xito profesional.","og_url":"https:\/\/www.awair.eu\/es\/matrigma\/","og_site_name":"awair","article_modified_time":"2023-03-01T15:39:45+00:00","og_image":[{"url":"https:\/\/www.awair.eu\/wp-content\/uploads\/2018\/02\/MAP-300x102.png"}],"twitter_card":"summary","twitter_site":"@awairAwareness","twitter_misc":{"Tiempo de lectura":"8 minutos"},"schema":{"@context":"https:\/\/schema.org","@graph":[{"@type":"Organization","@id":"https:\/\/www.awair.eu\/es\/#organization","name":"Awair","url":"https:\/\/www.awair.eu\/es\/","sameAs":["https:\/\/www.linkedin.com\/company\/10070361\/","https:\/\/twitter.com\/awairAwareness"],"logo":{"@type":"ImageObject","@id":"https:\/\/www.awair.eu\/es\/#logo","inLanguage":"es","url":"https:\/\/www.awair.eu\/wp-content\/uploads\/2022\/06\/Awair-02-1.jpg","contentUrl":"https:\/\/www.awair.eu\/wp-content\/uploads\/2022\/06\/Awair-02-1.jpg","width":1024,"height":1318,"caption":"Awair"},"image":{"@id":"https:\/\/www.awair.eu\/es\/#logo"}},{"@type":"WebSite","@id":"https:\/\/www.awair.eu\/es\/#website","url":"https:\/\/www.awair.eu\/es\/","name":"awair","description":"Where will you be?","publisher":{"@id":"https:\/\/www.awair.eu\/es\/#organization"},"potentialAction":[{"@type":"SearchAction","target":{"@type":"EntryPoint","urlTemplate":"https:\/\/www.awair.eu\/es\/?s={search_term_string}"},"query-input":"required name=search_term_string"}],"inLanguage":"es"},{"@type":"ImageObject","@id":"https:\/\/www.awair.eu\/es\/matrigma\/#primaryimage","inLanguage":"es","url":"https:\/\/www.awair.eu\/wp-content\/uploads\/2018\/02\/MAP.png","contentUrl":"https:\/\/www.awair.eu\/wp-content\/uploads\/2018\/02\/MAP.png","width":997,"height":340},{"@type":"WebPage","@id":"https:\/\/www.awair.eu\/es\/matrigma\/#webpage","url":"https:\/\/www.awair.eu\/es\/matrigma\/","name":"Awair | Matrigma de Assessio","isPartOf":{"@id":"https:\/\/www.awair.eu\/es\/#website"},"primaryImageOfPage":{"@id":"https:\/\/www.awair.eu\/es\/matrigma\/#primaryimage"},"datePublished":"2018-02-07T10:38:26+00:00","dateModified":"2023-03-01T15:39:45+00:00","description":"Matrigma es una prueba psicom\u00e9trica utilizada para medir la capacidad cognitiva con el fin de predecir el desempe\u00f1o laboral y \u00e9xito profesional.","breadcrumb":{"@id":"https:\/\/www.awair.eu\/es\/matrigma\/#breadcrumb"},"inLanguage":"es","potentialAction":[{"@type":"ReadAction","target":["https:\/\/www.awair.eu\/es\/matrigma\/"]}]},{"@type":"BreadcrumbList","@id":"https:\/\/www.awair.eu\/es\/matrigma\/#breadcrumb","itemListElement":[{"@type":"ListItem","position":1,"name":"Home","item":"https:\/\/www.awair.eu\/es\/"},{"@type":"ListItem","position":2,"name":"Matrigma"}]}]}},"_links":{"self":[{"href":"https:\/\/www.awair.eu\/es\/wp-json\/wp\/v2\/pages\/3408"}],"collection":[{"href":"https:\/\/www.awair.eu\/es\/wp-json\/wp\/v2\/pages"}],"about":[{"href":"https:\/\/www.awair.eu\/es\/wp-json\/wp\/v2\/types\/page"}],"author":[{"embeddable":true,"href":"https:\/\/www.awair.eu\/es\/wp-json\/wp\/v2\/users\/1"}],"replies":[{"embeddable":true,"href":"https:\/\/www.awair.eu\/es\/wp-json\/wp\/v2\/comments?post=3408"}],"version-history":[{"count":7,"href":"https:\/\/www.awair.eu\/es\/wp-json\/wp\/v2\/pages\/3408\/revisions"}],"predecessor-version":[{"id":11629,"href":"https:\/\/www.awair.eu\/es\/wp-json\/wp\/v2\/pages\/3408\/revisions\/11629"}],"wp:attachment":[{"href":"https:\/\/www.awair.eu\/es\/wp-json\/wp\/v2\/media?parent=3408"}],"curies":[{"name":"wp","href":"https:\/\/api.w.org\/{rel}","templated":true}]}}