{"id":3406,"date":"2018-02-01T14:43:01","date_gmt":"2018-02-01T13:43:01","guid":{"rendered":"http:\/\/www.awair.eu\/areas-de-especializacion\/seleccion\/map\/"},"modified":"2020-08-07T11:32:19","modified_gmt":"2020-08-07T09:32:19","slug":"map","status":"publish","type":"page","link":"https:\/\/www.awair.eu\/es\/map\/","title":{"rendered":"MAP"},"content":{"rendered":"[vc_row type=\u00bbfull_width_background\u00bb full_screen_row_position=\u00bbmiddle\u00bb equal_height=\u00bbyes\u00bb content_placement=\u00bbmiddle\u00bb scene_position=\u00bbcenter\u00bb text_color=\u00bbdark\u00bb text_align=\u00bbleft\u00bb top_padding=\u00bb40&#8243; bottom_padding=\u00bb40&#8243; overlay_strength=\u00bb0.3&#8243;][vc_column column_padding=\u00bbno-extra-padding\u00bb column_padding_position=\u00bball\u00bb background_color_opacity=\u00bb1&#8243; background_hover_color_opacity=\u00bb1&#8243; column_shadow=\u00bbnone\u00bb width=\u00bb1\/2&#8243; tablet_text_alignment=\u00bbdefault\u00bb phone_text_alignment=\u00bbdefault\u00bb column_border_width=\u00bbnone\u00bb column_border_style=\u00bbsolid\u00bb][vc_column_text]<img loading=\"lazy\" class=\"wp-image-2937 alignnone\" src=\"https:\/\/www.awair.eu\/wp-content\/uploads\/2018\/02\/MAP-1-300x225.png\" alt=\"\" width=\"500\" height=\"375\" srcset=\"https:\/\/www.awair.eu\/wp-content\/uploads\/2018\/02\/MAP-1-300x225.png 300w, https:\/\/www.awair.eu\/wp-content\/uploads\/2018\/02\/MAP-1-768x575.png 768w, https:\/\/www.awair.eu\/wp-content\/uploads\/2018\/02\/MAP-1.png 1024w\" sizes=\"(max-width: 500px) 100vw, 500px\" \/>[\/vc_column_text][\/vc_column][vc_column column_padding=\u00bbno-extra-padding\u00bb column_padding_position=\u00bball\u00bb background_color_opacity=\u00bb1&#8243; background_hover_color_opacity=\u00bb1&#8243; column_shadow=\u00bbnone\u00bb width=\u00bb1\/2&#8243; tablet_text_alignment=\u00bbdefault\u00bb phone_text_alignment=\u00bbdefault\u00bb column_border_width=\u00bbnone\u00bb column_border_style=\u00bbsolid\u00bb][vc_column_text]\n<p style=\"text-align: left;\"><strong>MAP\u00a0<\/strong>es una herramienta de evaluaci\u00f3n integral basada en el\u00a0<em>Five Factor Model (<\/em>Modelo de los Cinco Factores) de personalidad que mide las caracter\u00edsticas individuales y predice comportamientos cr\u00edticos para el entorno de trabajo.<\/p>\n[\/vc_column_text][\/vc_column][\/vc_row][vc_row type=\u00bbfull_width_background\u00bb full_screen_row_position=\u00bbmiddle\u00bb equal_height=\u00bbyes\u00bb content_placement=\u00bbmiddle\u00bb bg_color=\u00bb#f6ebda\u00bb scene_position=\u00bbcenter\u00bb text_color=\u00bbdark\u00bb text_align=\u00bbleft\u00bb top_padding=\u00bb40&#8243; bottom_padding=\u00bb40&#8243; overlay_strength=\u00bb0.3&#8243;][vc_column column_padding=\u00bbno-extra-padding\u00bb column_padding_position=\u00bball\u00bb background_color_opacity=\u00bb1&#8243; background_hover_color_opacity=\u00bb1&#8243; column_shadow=\u00bbnone\u00bb width=\u00bb1\/2&#8243; tablet_text_alignment=\u00bbdefault\u00bb phone_text_alignment=\u00bbdefault\u00bb column_border_width=\u00bbnone\u00bb column_border_style=\u00bbsolid\u00bb][vc_column_text]\n<h2 style=\"text-align: left;\"><strong>Mide los Rasgos de Personalidad<\/strong><\/h2>\n[\/vc_column_text][\/vc_column][vc_column column_padding=\u00bbno-extra-padding\u00bb column_padding_position=\u00bball\u00bb background_color_opacity=\u00bb1&#8243; background_hover_color_opacity=\u00bb1&#8243; column_shadow=\u00bbnone\u00bb width=\u00bb1\/2&#8243; tablet_text_alignment=\u00bbdefault\u00bb phone_text_alignment=\u00bbdefault\u00bb column_border_width=\u00bbnone\u00bb column_border_style=\u00bbsolid\u00bb][vc_column_text]\n<p><strong>MAP<\/strong> establece una medida objetiva de la personalidad y provee informaci\u00f3n que es crucial para el potencial del individuo para llevar a cabo el trabajo. Se\u00f1ala las caracter\u00edsticas personales que son dif\u00edciles de discernir a trav\u00e9s de m\u00e9todos de selecci\u00f3n convencionales tales como entrevistas o CVs.<\/p>\n<p>Con puntuaciones de aptitud incorporada, MAP le dar\u00e1 la oportunidad de utilizar un <strong>enfoque basado en datos<\/strong> para la selecci\u00f3n del liderazgo. Tambi\u00e9n hay la posibilidad de adaptar los resultados de aptitud a una organizaci\u00f3n o para que coincidan con puntuaciones de un perfil de competencias personalizado. Tambi\u00e9n puede ordenar a los candidatos de acuerdo a unas dimensiones de personalidad generales o usar un informe en profundidad con un an\u00e1lisis detallado del potencial, fortalezas y \u00e1reas de desarrollo del individuo.[\/vc_column_text][\/vc_column][\/vc_row][vc_row type=\u00bbfull_width_background\u00bb full_screen_row_position=\u00bbmiddle\u00bb equal_height=\u00bbyes\u00bb content_placement=\u00bbmiddle\u00bb scene_position=\u00bbcenter\u00bb text_color=\u00bbdark\u00bb text_align=\u00bbleft\u00bb top_padding=\u00bb40&#8243; bottom_padding=\u00bb40&#8243; overlay_strength=\u00bb0.3&#8243;][vc_column column_padding=\u00bbno-extra-padding\u00bb column_padding_position=\u00bball\u00bb background_color_opacity=\u00bb1&#8243; background_hover_color_opacity=\u00bb1&#8243; column_shadow=\u00bbnone\u00bb width=\u00bb1\/2&#8243; tablet_text_alignment=\u00bbdefault\u00bb phone_text_alignment=\u00bbdefault\u00bb column_border_width=\u00bbnone\u00bb column_border_style=\u00bbsolid\u00bb][vc_column_text]\n<h2 style=\"text-align: left;\"><strong>Usos de MAP<\/strong><\/h2>\n[\/vc_column_text][\/vc_column][vc_column column_padding=\u00bbno-extra-padding\u00bb column_padding_position=\u00bball\u00bb background_color_opacity=\u00bb1&#8243; background_hover_color_opacity=\u00bb1&#8243; column_shadow=\u00bbnone\u00bb width=\u00bb1\/2&#8243; tablet_text_alignment=\u00bbdefault\u00bb phone_text_alignment=\u00bbdefault\u00bb column_border_width=\u00bbnone\u00bb column_border_style=\u00bbsolid\u00bb][vc_column_text]\n<p><strong>MAP<\/strong> es un potente predictor de comportamientos cr\u00edticos en el trabajo basados en la personalidad. Los seguimientos muestran los v\u00ednculos claros entre los resultados de MAP y varios resultados, como rendimiento en el trabajo, satisfacci\u00f3n en el trabajo, ajuste individuo-organizaci\u00f3n y resultados de ventas y liderazgo.<\/p>\n<p>Le ayuda a identificar las fortalezas individuales y \u00e1reas de desarrollo, tanto al nivel de directivos como de otros trabajadores. Las aplicaciones m\u00e1s frecuentes son para el <strong>reclutamiento<\/strong>, la<strong> incorporaci\u00f3n al puesto<\/strong>, el<strong> desarrollo<\/strong>, la<strong> planificaci\u00f3n de la sucesi\u00f3n<\/strong> y el<strong> asesoramiento en carreras<\/strong>.[\/vc_column_text][\/vc_column][\/vc_row][vc_row type=\u00bbfull_width_background\u00bb full_screen_row_position=\u00bbmiddle\u00bb equal_height=\u00bbyes\u00bb content_placement=\u00bbmiddle\u00bb bg_color=\u00bb#d9eef4&#8243; scene_position=\u00bbcenter\u00bb text_color=\u00bbdark\u00bb text_align=\u00bbleft\u00bb top_padding=\u00bb40&#8243; bottom_padding=\u00bb40&#8243; overlay_strength=\u00bb0.3&#8243;][vc_column column_padding=\u00bbno-extra-padding\u00bb column_padding_position=\u00bball\u00bb background_color_opacity=\u00bb1&#8243; background_hover_color_opacity=\u00bb1&#8243; column_shadow=\u00bbnone\u00bb width=\u00bb1\/1&#8243; tablet_text_alignment=\u00bbdefault\u00bb phone_text_alignment=\u00bbdefault\u00bb column_border_width=\u00bbnone\u00bb column_border_style=\u00bbsolid\u00bb][vc_column_text css_animation=\u00bbzoomIn\u00bb css=\u00bb.vc_custom_1521735600594{margin-bottom: 40px !important;}\u00bb]\n<h2 style=\"text-align: center;\">Informes disponibles<\/h2>\n[\/vc_column_text][vc_column_text]\n<p>Hay m\u00faltiples opciones de presentaci\u00f3n de informes que van desde <strong>breves informes de datos<\/strong> que incluyen las puntuaciones de las escalas principales y proporcionan un resumen de los resultados, hasta <strong>informes detallados y descriptivos<\/strong> de las caracter\u00edsticas y comportamientos t\u00edpicos asociados con caracter\u00edsticas de la personalidad, as\u00ed como recomendaciones de desarrollo.<\/p>\n<p>MAP tambi\u00e9n tiene una serie de informes especiales de gesti\u00f3n integral centrados en la identificaci\u00f3n y <strong>desarrollo del liderazgo<\/strong>.[\/vc_column_text][\/vc_column][\/vc_row][vc_row type=\u00bbfull_width_background\u00bb full_screen_row_position=\u00bbmiddle\u00bb equal_height=\u00bbyes\u00bb content_placement=\u00bbmiddle\u00bb bg_color=\u00bb#d9eef4&#8243; scene_position=\u00bbcenter\u00bb text_color=\u00bbdark\u00bb text_align=\u00bbcenter\u00bb top_padding=\u00bb20&#8243; bottom_padding=\u00bb20&#8243; overlay_strength=\u00bb0.3&#8243;][vc_column column_padding=\u00bbno-extra-padding\u00bb column_padding_position=\u00bball\u00bb background_color_opacity=\u00bb1&#8243; background_hover_color_opacity=\u00bb1&#8243; column_shadow=\u00bbnone\u00bb width=\u00bb1\/1&#8243; tablet_text_alignment=\u00bbdefault\u00bb phone_text_alignment=\u00bbdefault\u00bb column_border_width=\u00bbnone\u00bb column_border_style=\u00bbsolid\u00bb][nectar_btn size=\u00bblarge\u00bb open_new_tab=\u00bbtrue\u00bb button_style=\u00bbregular\u00bb button_color_2=\u00bbAccent-Color\u00bb icon_family=\u00bbfontawesome\u00bb url=\u00bbhttps:\/\/www.awair.eu\/wp-content\/uploads\/2018\/02\/MAP-mangerial_eng.pdf\u00bb text=\u00bbDescarga el report\u00bb icon_fontawesome=\u00bbfa fa-file-pdf-o\u00bb][\/vc_column][\/vc_row][vc_row type=\u00bbfull_width_background\u00bb full_screen_row_position=\u00bbmiddle\u00bb equal_height=\u00bbyes\u00bb scene_position=\u00bbcenter\u00bb text_color=\u00bbdark\u00bb text_align=\u00bbleft\u00bb top_padding=\u00bb30&#8243; bottom_padding=\u00bb20&#8243; overlay_strength=\u00bb0.3&#8243;][vc_column column_padding=\u00bbno-extra-padding\u00bb column_padding_position=\u00bball\u00bb background_color_opacity=\u00bb1&#8243; background_hover_color_opacity=\u00bb1&#8243; column_shadow=\u00bbnone\u00bb width=\u00bb1\/1&#8243; tablet_text_alignment=\u00bbdefault\u00bb phone_text_alignment=\u00bbdefault\u00bb column_border_width=\u00bbnone\u00bb column_border_style=\u00bbsolid\u00bb][vc_column_text]\n<h2 style=\"text-align: center;\">Vea tambi\u00e9n<\/h2>\n[\/vc_column_text][\/vc_column][\/vc_row][vc_row type=\u00bbfull_width_background\u00bb full_screen_row_position=\u00bbmiddle\u00bb equal_height=\u00bbyes\u00bb content_placement=\u00bbtop\u00bb scene_position=\u00bbcenter\u00bb text_color=\u00bbdark\u00bb text_align=\u00bbcenter\u00bb top_padding=\u00bb20&#8243; bottom_padding=\u00bb60&#8243; overlay_strength=\u00bb0.3&#8243;][vc_column boxed=\u00bbtrue\u00bb column_padding=\u00bbpadding-2-percent\u00bb column_padding_position=\u00bball\u00bb background_color_opacity=\u00bb1&#8243; background_hover_color_opacity=\u00bb1&#8243; column_shadow=\u00bbnone\u00bb width=\u00bb1\/4&#8243; tablet_text_alignment=\u00bbdefault\u00bb phone_text_alignment=\u00bbdefault\u00bb column_border_width=\u00bbnone\u00bb column_border_style=\u00bbsolid\u00bb column_link=\u00bbhttps:\/\/www.awair.eu\/es\/areas-de-especializacion\/seleccion\/matrigma\/\u00bb][vc_column_text]<img loading=\"lazy\" class=\"wp-image-2799 alignnone\" src=\"https:\/\/www.awair.eu\/wp-content\/uploads\/2018\/02\/Matrigma_Color-300x66.png\" alt=\"\" width=\"150\" height=\"33\" srcset=\"https:\/\/www.awair.eu\/wp-content\/uploads\/2018\/02\/Matrigma_Color-300x66.png 300w, https:\/\/www.awair.eu\/wp-content\/uploads\/2018\/02\/Matrigma_Color-768x169.png 768w, https:\/\/www.awair.eu\/wp-content\/uploads\/2018\/02\/Matrigma_Color-1024x225.png 1024w, https:\/\/www.awair.eu\/wp-content\/uploads\/2018\/02\/Matrigma_Color-1700x385.png 1700w, https:\/\/www.awair.eu\/wp-content\/uploads\/2018\/02\/Matrigma_Color.png 1749w\" sizes=\"(max-width: 150px) 100vw, 150px\" \/>[\/vc_column_text]<div class=\"divider-wrap\"><div style=\"height: 20px;\" class=\"divider\"><\/div><\/div>[vc_column_text]\n<h3>Matrigma<\/h3>\n<p>Mide la Capacidad Mental General (GMA).[\/vc_column_text][\/vc_column][vc_column boxed=\u00bbtrue\u00bb column_padding=\u00bbpadding-2-percent\u00bb column_padding_position=\u00bball\u00bb background_color_opacity=\u00bb1&#8243; background_hover_color_opacity=\u00bb1&#8243; column_shadow=\u00bbnone\u00bb width=\u00bb1\/4&#8243; tablet_text_alignment=\u00bbdefault\u00bb phone_text_alignment=\u00bbdefault\u00bb column_border_width=\u00bbnone\u00bb column_border_style=\u00bbsolid\u00bb column_link=\u00bbhttps:\/\/www.awair.eu\/es\/areas-de-especializacion\/la-seguridad\/mint\/\u00bb][vc_column_text]<img loading=\"lazy\" class=\"wp-image-2800 alignnone\" src=\"https:\/\/www.awair.eu\/wp-content\/uploads\/2018\/02\/Mint_Color-300x82.png\" alt=\"\" width=\"120\" height=\"33\" srcset=\"https:\/\/www.awair.eu\/wp-content\/uploads\/2018\/02\/Mint_Color-300x82.png 300w, https:\/\/www.awair.eu\/wp-content\/uploads\/2018\/02\/Mint_Color-768x209.png 768w, https:\/\/www.awair.eu\/wp-content\/uploads\/2018\/02\/Mint_Color-1024x279.png 1024w, https:\/\/www.awair.eu\/wp-content\/uploads\/2018\/02\/Mint_Color.png 1189w\" sizes=\"(max-width: 120px) 100vw, 120px\" \/>[\/vc_column_text]<div class=\"divider-wrap\"><div style=\"height: 20px;\" class=\"divider\"><\/div><\/div>[vc_column_text]\n<h3>MiNT<\/h3>\n<p>Mide la Integridad y Eval\u00faa los Comportamientos Contraproducentes en el Trabajo.[\/vc_column_text][\/vc_column][vc_column boxed=\u00bbtrue\u00bb column_padding=\u00bbpadding-2-percent\u00bb column_padding_position=\u00bball\u00bb background_color_opacity=\u00bb1&#8243; background_hover_color_opacity=\u00bb1&#8243; column_shadow=\u00bbnone\u00bb width=\u00bb1\/4&#8243; tablet_text_alignment=\u00bbdefault\u00bb phone_text_alignment=\u00bbdefault\u00bb column_border_width=\u00bbnone\u00bb column_border_style=\u00bbsolid\u00bb column_link=\u00bbhttps:\/\/www.awair.eu\/es\/areas-de-especializacion\/seleccion\/servicefirst\/\u00bb][vc_column_text]\n<h4><img loading=\"lazy\" class=\"alignnone wp-image-2801\" src=\"https:\/\/www.awair.eu\/wp-content\/uploads\/2018\/02\/ServiceFirst_Color-300x46.png\" alt=\"\" width=\"217\" height=\"33\" srcset=\"https:\/\/www.awair.eu\/wp-content\/uploads\/2018\/02\/ServiceFirst_Color-300x46.png 300w, https:\/\/www.awair.eu\/wp-content\/uploads\/2018\/02\/ServiceFirst_Color-768x117.png 768w, https:\/\/www.awair.eu\/wp-content\/uploads\/2018\/02\/ServiceFirst_Color-1024x155.png 1024w\" sizes=\"(max-width: 217px) 100vw, 217px\" \/><\/h4>\n[\/vc_column_text]<div class=\"divider-wrap\"><div style=\"height: 20px;\" class=\"divider\"><\/div><\/div>[vc_column_text]\n<h3>ServiceFirst<\/h3>\n<p>Mide la orientaci\u00f3n al servicio, asegurando un servicio al cliente \u00f3ptimo.[\/vc_column_text][\/vc_column][vc_column boxed=\u00bbtrue\u00bb column_padding=\u00bbpadding-2-percent\u00bb column_padding_position=\u00bball\u00bb background_color_opacity=\u00bb1&#8243; background_hover_color_opacity=\u00bb1&#8243; column_shadow=\u00bbnone\u00bb width=\u00bb1\/4&#8243; tablet_text_alignment=\u00bbdefault\u00bb phone_text_alignment=\u00bbdefault\u00bb column_border_width=\u00bbnone\u00bb column_border_style=\u00bbsolid\u00bb column_link=\u00bbhttps:\/\/www.awair.eu\/es\/areas-de-especializacion\/seleccion\/targeted-prediction\/\u00bb][vc_column_text]<img loading=\"lazy\" class=\"alignnone wp-image-2803\" src=\"https:\/\/www.awair.eu\/wp-content\/uploads\/2018\/02\/Targeted-Prediction-300x81.png\" alt=\"\" width=\"122\" height=\"33\" srcset=\"https:\/\/www.awair.eu\/wp-content\/uploads\/2018\/02\/Targeted-Prediction-300x81.png 300w, https:\/\/www.awair.eu\/wp-content\/uploads\/2018\/02\/Targeted-Prediction-768x207.png 768w, https:\/\/www.awair.eu\/wp-content\/uploads\/2018\/02\/Targeted-Prediction-1024x276.png 1024w, https:\/\/www.awair.eu\/wp-content\/uploads\/2018\/02\/Targeted-Prediction.png 1655w\" sizes=\"(max-width: 122px) 100vw, 122px\" \/>[\/vc_column_text]<div class=\"divider-wrap\"><div style=\"height: 20px;\" class=\"divider\"><\/div><\/div>[vc_column_text]\n<h3>Targeted Prediction<\/h3>\n<p>Combina la Capacidad Mental General (GMA) y la personalidad para una predicci\u00f3n del rendimiento en el trabajo para un rol en concreto.[\/vc_column_text][\/vc_column][\/vc_row][vc_row type=\u00bbfull_width_background\u00bb full_screen_row_position=\u00bbmiddle\u00bb equal_height=\u00bbyes\u00bb bg_image=\u00bb381&#8243; bg_position=\u00bbcenter center\u00bb bg_repeat=\u00bbno-repeat\u00bb parallax_bg=\u00bbtrue\u00bb parallax_bg_speed=\u00bbslow\u00bb scene_position=\u00bbcenter\u00bb text_color=\u00bblight\u00bb text_align=\u00bbleft\u00bb top_padding=\u00bb60&#8243; bottom_padding=\u00bb60&#8243; overlay_strength=\u00bb0.3&#8243;][vc_column column_padding=\u00bbno-extra-padding\u00bb column_padding_position=\u00bball\u00bb background_color_opacity=\u00bb1&#8243; background_hover_color_opacity=\u00bb1&#8243; column_shadow=\u00bbnone\u00bb width=\u00bb1\/2&#8243; tablet_text_alignment=\u00bbdefault\u00bb phone_text_alignment=\u00bbdefault\u00bb column_border_width=\u00bbnone\u00bb column_border_style=\u00bbsolid\u00bb][vc_column_text]\n<h1>Certificaciones<\/h1>\n[\/vc_column_text][\/vc_column][vc_column column_padding=\u00bbno-extra-padding\u00bb column_padding_position=\u00bball\u00bb background_color_opacity=\u00bb1&#8243; background_hover_color_opacity=\u00bb1&#8243; column_shadow=\u00bbnone\u00bb width=\u00bb1\/2&#8243; tablet_text_alignment=\u00bbdefault\u00bb phone_text_alignment=\u00bbdefault\u00bb column_border_width=\u00bbnone\u00bb column_border_style=\u00bbsolid\u00bb][nectar_btn size=\u00bbmedium\u00bb button_style=\u00bbsee-through-2&#8243; hover_text_color_override=\u00bb#ffffff\u00bb icon_family=\u00bbnone\u00bb url=\u00bbhttps:\/\/www.awair.eu\/es\/certificaciones\/programas-formacion-assessio\/\u00bb text=\u00bbM\u00c1S\u00bb margin_top=\u00bb20&#8243;][\/vc_column][\/vc_row]\n","protected":false},"excerpt":{"rendered":"<p>[vc_row type=\u00bbfull_width_background\u00bb full_screen_row_position=\u00bbmiddle\u00bb equal_height=\u00bbyes\u00bb content_placement=\u00bbmiddle\u00bb scene_position=\u00bbcenter\u00bb text_color=\u00bbdark\u00bb text_align=\u00bbleft\u00bb top_padding=\u00bb40&#8243; bottom_padding=\u00bb40&#8243; overlay_strength=\u00bb0.3&#8243;][vc_column column_padding=\u00bbno-extra-padding\u00bb column_padding_position=\u00bball\u00bb background_color_opacity=\u00bb1&#8243; background_hover_color_opacity=\u00bb1&#8243; column_shadow=\u00bbnone\u00bb width=\u00bb1\/2&#8243; tablet_text_alignment=\u00bbdefault\u00bb phone_text_alignment=\u00bbdefault\u00bb column_border_width=\u00bbnone\u00bb column_border_style=\u00bbsolid\u00bb][vc_column_text][\/vc_column_text][\/vc_column][vc_column column_padding=\u00bbno-extra-padding\u00bb column_padding_position=\u00bball\u00bb background_color_opacity=\u00bb1&#8243; background_hover_color_opacity=\u00bb1&#8243;&#8230;<\/p>\n","protected":false},"author":1,"featured_media":0,"parent":0,"menu_order":0,"comment_status":"closed","ping_status":"closed","template":"","meta":{"inline_featured_image":false},"yoast_head":"<!-- This site is optimized with the Yoast SEO plugin v18.3 - https:\/\/yoast.com\/wordpress\/plugins\/seo\/ -->\n<title>Awair | MAP de Assessio<\/title>\n<meta name=\"description\" content=\"MAP es una herramienta de evaluaci\u00f3n integral basada en el Five Factor Model (Modelo de los Cinco Factores) de personalidad.\" \/>\n<meta name=\"robots\" content=\"index, follow, max-snippet:-1, max-image-preview:large, max-video-preview:-1\" \/>\n<link rel=\"canonical\" href=\"https:\/\/www.awair.eu\/es\/map\/\" \/>\n<meta property=\"og:locale\" content=\"es_ES\" \/>\n<meta property=\"og:type\" content=\"article\" \/>\n<meta property=\"og:title\" content=\"Awair | MAP de Assessio\" \/>\n<meta property=\"og:description\" content=\"MAP es una herramienta de evaluaci\u00f3n integral basada en el Five Factor Model (Modelo de los Cinco Factores) de personalidad.\" \/>\n<meta property=\"og:url\" content=\"https:\/\/www.awair.eu\/es\/map\/\" \/>\n<meta property=\"og:site_name\" content=\"awair\" \/>\n<meta property=\"article:modified_time\" content=\"2020-08-07T09:32:19+00:00\" \/>\n<meta property=\"og:image\" content=\"https:\/\/www.awair.eu\/wp-content\/uploads\/2018\/02\/MAP-1-300x225.png\" \/>\n<meta name=\"twitter:card\" content=\"summary\" \/>\n<meta name=\"twitter:site\" content=\"@awairAwareness\" \/>\n<meta name=\"twitter:label1\" content=\"Tiempo de lectura\" \/>\n\t<meta name=\"twitter:data1\" content=\"8 minutos\" \/>\n<script type=\"application\/ld+json\" class=\"yoast-schema-graph\">{\"@context\":\"https:\/\/schema.org\",\"@graph\":[{\"@type\":\"Organization\",\"@id\":\"https:\/\/www.awair.eu\/es\/#organization\",\"name\":\"Awair\",\"url\":\"https:\/\/www.awair.eu\/es\/\",\"sameAs\":[\"https:\/\/www.linkedin.com\/company\/10070361\/\",\"https:\/\/twitter.com\/awairAwareness\"],\"logo\":{\"@type\":\"ImageObject\",\"@id\":\"https:\/\/www.awair.eu\/es\/#logo\",\"inLanguage\":\"es\",\"url\":\"https:\/\/www.awair.eu\/wp-content\/uploads\/2022\/06\/Awair-02-1.jpg\",\"contentUrl\":\"https:\/\/www.awair.eu\/wp-content\/uploads\/2022\/06\/Awair-02-1.jpg\",\"width\":1024,\"height\":1318,\"caption\":\"Awair\"},\"image\":{\"@id\":\"https:\/\/www.awair.eu\/es\/#logo\"}},{\"@type\":\"WebSite\",\"@id\":\"https:\/\/www.awair.eu\/es\/#website\",\"url\":\"https:\/\/www.awair.eu\/es\/\",\"name\":\"awair\",\"description\":\"Where will you be?\",\"publisher\":{\"@id\":\"https:\/\/www.awair.eu\/es\/#organization\"},\"potentialAction\":[{\"@type\":\"SearchAction\",\"target\":{\"@type\":\"EntryPoint\",\"urlTemplate\":\"https:\/\/www.awair.eu\/es\/?s={search_term_string}\"},\"query-input\":\"required name=search_term_string\"}],\"inLanguage\":\"es\"},{\"@type\":\"ImageObject\",\"@id\":\"https:\/\/www.awair.eu\/es\/map\/#primaryimage\",\"inLanguage\":\"es\",\"url\":\"https:\/\/www.awair.eu\/wp-content\/uploads\/2018\/02\/MAP-1.png\",\"contentUrl\":\"https:\/\/www.awair.eu\/wp-content\/uploads\/2018\/02\/MAP-1.png\",\"width\":1024,\"height\":767},{\"@type\":\"WebPage\",\"@id\":\"https:\/\/www.awair.eu\/es\/map\/#webpage\",\"url\":\"https:\/\/www.awair.eu\/es\/map\/\",\"name\":\"Awair | MAP de Assessio\",\"isPartOf\":{\"@id\":\"https:\/\/www.awair.eu\/es\/#website\"},\"primaryImageOfPage\":{\"@id\":\"https:\/\/www.awair.eu\/es\/map\/#primaryimage\"},\"datePublished\":\"2018-02-01T13:43:01+00:00\",\"dateModified\":\"2020-08-07T09:32:19+00:00\",\"description\":\"MAP es una herramienta de evaluaci\u00f3n integral basada en el Five Factor Model (Modelo de los Cinco Factores) de personalidad.\",\"breadcrumb\":{\"@id\":\"https:\/\/www.awair.eu\/es\/map\/#breadcrumb\"},\"inLanguage\":\"es\",\"potentialAction\":[{\"@type\":\"ReadAction\",\"target\":[\"https:\/\/www.awair.eu\/es\/map\/\"]}]},{\"@type\":\"BreadcrumbList\",\"@id\":\"https:\/\/www.awair.eu\/es\/map\/#breadcrumb\",\"itemListElement\":[{\"@type\":\"ListItem\",\"position\":1,\"name\":\"Home\",\"item\":\"https:\/\/www.awair.eu\/es\/\"},{\"@type\":\"ListItem\",\"position\":2,\"name\":\"Soluciones\",\"item\":\"https:\/\/www.awair.eu\/es\/soluciones\/\"},{\"@type\":\"ListItem\",\"position\":3,\"name\":\"MAP\"}]}]}<\/script>\n<!-- \/ Yoast SEO plugin. -->","yoast_head_json":{"title":"Awair | MAP de Assessio","description":"MAP es una herramienta de evaluaci\u00f3n integral basada en el Five Factor Model (Modelo de los Cinco Factores) de personalidad.","robots":{"index":"index","follow":"follow","max-snippet":"max-snippet:-1","max-image-preview":"max-image-preview:large","max-video-preview":"max-video-preview:-1"},"canonical":"https:\/\/www.awair.eu\/es\/map\/","og_locale":"es_ES","og_type":"article","og_title":"Awair | MAP de Assessio","og_description":"MAP es una herramienta de evaluaci\u00f3n integral basada en el Five Factor Model (Modelo de los Cinco Factores) de personalidad.","og_url":"https:\/\/www.awair.eu\/es\/map\/","og_site_name":"awair","article_modified_time":"2020-08-07T09:32:19+00:00","og_image":[{"url":"https:\/\/www.awair.eu\/wp-content\/uploads\/2018\/02\/MAP-1-300x225.png"}],"twitter_card":"summary","twitter_site":"@awairAwareness","twitter_misc":{"Tiempo de lectura":"8 minutos"},"schema":{"@context":"https:\/\/schema.org","@graph":[{"@type":"Organization","@id":"https:\/\/www.awair.eu\/es\/#organization","name":"Awair","url":"https:\/\/www.awair.eu\/es\/","sameAs":["https:\/\/www.linkedin.com\/company\/10070361\/","https:\/\/twitter.com\/awairAwareness"],"logo":{"@type":"ImageObject","@id":"https:\/\/www.awair.eu\/es\/#logo","inLanguage":"es","url":"https:\/\/www.awair.eu\/wp-content\/uploads\/2022\/06\/Awair-02-1.jpg","contentUrl":"https:\/\/www.awair.eu\/wp-content\/uploads\/2022\/06\/Awair-02-1.jpg","width":1024,"height":1318,"caption":"Awair"},"image":{"@id":"https:\/\/www.awair.eu\/es\/#logo"}},{"@type":"WebSite","@id":"https:\/\/www.awair.eu\/es\/#website","url":"https:\/\/www.awair.eu\/es\/","name":"awair","description":"Where will you be?","publisher":{"@id":"https:\/\/www.awair.eu\/es\/#organization"},"potentialAction":[{"@type":"SearchAction","target":{"@type":"EntryPoint","urlTemplate":"https:\/\/www.awair.eu\/es\/?s={search_term_string}"},"query-input":"required name=search_term_string"}],"inLanguage":"es"},{"@type":"ImageObject","@id":"https:\/\/www.awair.eu\/es\/map\/#primaryimage","inLanguage":"es","url":"https:\/\/www.awair.eu\/wp-content\/uploads\/2018\/02\/MAP-1.png","contentUrl":"https:\/\/www.awair.eu\/wp-content\/uploads\/2018\/02\/MAP-1.png","width":1024,"height":767},{"@type":"WebPage","@id":"https:\/\/www.awair.eu\/es\/map\/#webpage","url":"https:\/\/www.awair.eu\/es\/map\/","name":"Awair | MAP de Assessio","isPartOf":{"@id":"https:\/\/www.awair.eu\/es\/#website"},"primaryImageOfPage":{"@id":"https:\/\/www.awair.eu\/es\/map\/#primaryimage"},"datePublished":"2018-02-01T13:43:01+00:00","dateModified":"2020-08-07T09:32:19+00:00","description":"MAP es una herramienta de evaluaci\u00f3n integral basada en el Five Factor Model (Modelo de los Cinco Factores) de personalidad.","breadcrumb":{"@id":"https:\/\/www.awair.eu\/es\/map\/#breadcrumb"},"inLanguage":"es","potentialAction":[{"@type":"ReadAction","target":["https:\/\/www.awair.eu\/es\/map\/"]}]},{"@type":"BreadcrumbList","@id":"https:\/\/www.awair.eu\/es\/map\/#breadcrumb","itemListElement":[{"@type":"ListItem","position":1,"name":"Home","item":"https:\/\/www.awair.eu\/es\/"},{"@type":"ListItem","position":2,"name":"Soluciones","item":"https:\/\/www.awair.eu\/es\/soluciones\/"},{"@type":"ListItem","position":3,"name":"MAP"}]}]}},"_links":{"self":[{"href":"https:\/\/www.awair.eu\/es\/wp-json\/wp\/v2\/pages\/3406"}],"collection":[{"href":"https:\/\/www.awair.eu\/es\/wp-json\/wp\/v2\/pages"}],"about":[{"href":"https:\/\/www.awair.eu\/es\/wp-json\/wp\/v2\/types\/page"}],"author":[{"embeddable":true,"href":"https:\/\/www.awair.eu\/es\/wp-json\/wp\/v2\/users\/1"}],"replies":[{"embeddable":true,"href":"https:\/\/www.awair.eu\/es\/wp-json\/wp\/v2\/comments?post=3406"}],"version-history":[{"count":7,"href":"https:\/\/www.awair.eu\/es\/wp-json\/wp\/v2\/pages\/3406\/revisions"}],"predecessor-version":[{"id":3461,"href":"https:\/\/www.awair.eu\/es\/wp-json\/wp\/v2\/pages\/3406\/revisions\/3461"}],"wp:attachment":[{"href":"https:\/\/www.awair.eu\/es\/wp-json\/wp\/v2\/media?parent=3406"}],"curies":[{"name":"wp","href":"https:\/\/api.w.org\/{rel}","templated":true}]}}