{"id":3392,"date":"2018-02-06T18:19:43","date_gmt":"2018-02-06T17:19:43","guid":{"rendered":"http:\/\/www.awair.eu\/certificaciones\/lvi-360-certification\/"},"modified":"2020-08-07T11:59:21","modified_gmt":"2020-08-07T09:59:21","slug":"certificacion-lvi","status":"publish","type":"page","link":"https:\/\/www.awair.eu\/es\/programas-de-certificacion\/certificacion-lvi\/","title":{"rendered":"Certificaci\u00f3n LVI 360\u00b0"},"content":{"rendered":"[vc_row type=\u00bbfull_width_background\u00bb full_screen_row_position=\u00bbmiddle\u00bb bg_color=\u00bb#f6ebda\u00bb scene_position=\u00bbcenter\u00bb text_color=\u00bbdark\u00bb text_align=\u00bbleft\u00bb top_padding=\u00bb60&#8243; bottom_padding=\u00bb60&#8243; overlay_strength=\u00bb0.3&#8243;][vc_column column_padding=\u00bbno-extra-padding\u00bb column_padding_position=\u00bball\u00bb background_color_opacity=\u00bb1&#8243; background_hover_color_opacity=\u00bb1&#8243; column_shadow=\u00bbnone\u00bb width=\u00bb1\/1&#8243; tablet_text_alignment=\u00bbdefault\u00bb phone_text_alignment=\u00bbdefault\u00bb column_border_width=\u00bbnone\u00bb column_border_style=\u00bbsolid\u00bb][vc_row_inner equal_height=\u00bbyes\u00bb content_placement=\u00bbmiddle\u00bb column_margin=\u00bbdefault\u00bb text_align=\u00bbleft\u00bb][vc_column_inner column_padding=\u00bbno-extra-padding\u00bb column_padding_position=\u00bball\u00bb background_color_opacity=\u00bb1&#8243; width=\u00bb1\/3&#8243; column_border_width=\u00bbnone\u00bb column_border_style=\u00bbsolid\u00bb]<div class=\"img-with-aniamtion-wrap \" data-max-width=\"100%\"><div class=\"inner\"><img data-shadow=\"none\" data-shadow-direction=\"middle\" class=\"img-with-animation \" data-delay=\"0\" height=\"1872\" width=\"1876\" data-animation=\"fade-in\" src=\"https:\/\/www.awair.eu\/wp-content\/uploads\/2019\/07\/LVI-New-Wheel_2.png\" srcset=\"https:\/\/www.awair.eu\/wp-content\/uploads\/2019\/07\/LVI-New-Wheel_2.png 1876w, https:\/\/www.awair.eu\/wp-content\/uploads\/2019\/07\/LVI-New-Wheel_2-150x150.png 150w, https:\/\/www.awair.eu\/wp-content\/uploads\/2019\/07\/LVI-New-Wheel_2-300x300.png 300w, https:\/\/www.awair.eu\/wp-content\/uploads\/2019\/07\/LVI-New-Wheel_2-768x766.png 768w, https:\/\/www.awair.eu\/wp-content\/uploads\/2019\/07\/LVI-New-Wheel_2-1024x1022.png 1024w, https:\/\/www.awair.eu\/wp-content\/uploads\/2019\/07\/LVI-New-Wheel_2-100x100.png 100w, https:\/\/www.awair.eu\/wp-content\/uploads\/2019\/07\/LVI-New-Wheel_2-500x500.png 500w, https:\/\/www.awair.eu\/wp-content\/uploads\/2019\/07\/LVI-New-Wheel_2-350x350.png 350w\" alt=\"\" \/><\/div><\/div>[\/vc_column_inner][vc_column_inner column_padding=\u00bbno-extra-padding\u00bb column_padding_position=\u00bball\u00bb background_color_opacity=\u00bb1&#8243; width=\u00bb2\/3&#8243; column_border_width=\u00bbnone\u00bb column_border_style=\u00bbsolid\u00bb][vc_column_text]La <strong>Certificaci\u00f3n \u00a0Leadership Versatility Index 360\u00b0<\/strong> ense\u00f1a a los participantes a interpretar y aplicar la \u00a0<a href=\"https:\/\/www.awair.eu\/es\/lvi\/\">Thinking leader\u2019s 360\u00b0 performance assessment<\/a>\u00a0\u2013 una metodolog\u00eda de evaluaci\u00f3n multi-evaluador\u00a0 \u00fanica y altamente innovadora desarrollada por Kaiser Leadership Solutions.<\/p>\n<p>El programa est\u00e1 dise\u00f1ado para especialistas en la gesti\u00f3n del talento y desarrollo organizacional, generalistas de RRHH, consultores de RRHH, coach y psic\u00f3logos.[\/vc_column_text][\/vc_column_inner][\/vc_row_inner][\/vc_column][\/vc_row][vc_row type=\u00bbfull_width_background\u00bb full_screen_row_position=\u00bbmiddle\u00bb equal_height=\u00bbyes\u00bb scene_position=\u00bbcenter\u00bb text_color=\u00bbdark\u00bb text_align=\u00bbcenter\u00bb top_padding=\u00bb40&#8243; overlay_strength=\u00bb0.3&#8243;][vc_column column_padding=\u00bbno-extra-padding\u00bb column_padding_position=\u00bball\u00bb background_color_opacity=\u00bb1&#8243; background_hover_color_opacity=\u00bb1&#8243; column_shadow=\u00bbnone\u00bb width=\u00bb1\/1&#8243; tablet_text_alignment=\u00bbdefault\u00bb phone_text_alignment=\u00bbdefault\u00bb column_border_width=\u00bbnone\u00bb column_border_style=\u00bbsolid\u00bb][vc_column_text]\n<h2 style=\"text-align: center;\"><strong>El programa consiste en:<\/strong><\/h2>\n[\/vc_column_text][\/vc_column][\/vc_row][vc_row type=\u00bbfull_width_background\u00bb full_screen_row_position=\u00bbmiddle\u00bb equal_height=\u00bbyes\u00bb scene_position=\u00bbcenter\u00bb text_color=\u00bbdark\u00bb text_align=\u00bbcenter\u00bb top_padding=\u00bb40&#8243; bottom_padding=\u00bb60&#8243; overlay_strength=\u00bb0.3&#8243;][vc_column column_padding=\u00bbno-extra-padding\u00bb column_padding_position=\u00bball\u00bb background_color_opacity=\u00bb1&#8243; background_hover_color_opacity=\u00bb1&#8243; column_shadow=\u00bbnone\u00bb width=\u00bb1\/3&#8243; tablet_text_alignment=\u00bbdefault\u00bb phone_text_alignment=\u00bbdefault\u00bb column_border_width=\u00bbnone\u00bb column_border_style=\u00bbsolid\u00bb][nectar_icon icon_family=\u00bbfontawesome\u00bb icon_style=\u00bbborder-animation\u00bb icon_border_thickness=\u00bb2px\u00bb icon_color=\u00bbAccent-Color\u00bb icon_padding=\u00bb20px\u00bb icon_fontawesome=\u00bbfa fa-newspaper-o\u00bb][vc_column_text]\n<h2 style=\"text-align: left;\">Previo al taller<\/h2>\n<p style=\"text-align: left;\">Leer el\u00a0<a href=\"https:\/\/www.researchgate.net\/profile\/Robert_Kaiser5\/publication\/40966368_Developing_versatile_leadership\/links\/54d8a13d0cf25013d03e7b63.pdf\"><strong>Developing Versatile Leadership<\/strong><\/a>\u00a0y\u00a0<strong><a href=\"https:\/\/hbr.org\/2009\/02\/stop-overdoing-your-strengths\">Stop Overdoing Your Strengths<\/a><\/strong>.<\/p>\n[\/vc_column_text][\/vc_column][vc_column column_padding=\u00bbno-extra-padding\u00bb column_padding_position=\u00bball\u00bb background_color_opacity=\u00bb1&#8243; background_hover_color_opacity=\u00bb1&#8243; column_shadow=\u00bbnone\u00bb width=\u00bb1\/3&#8243; tablet_text_alignment=\u00bbdefault\u00bb phone_text_alignment=\u00bbdefault\u00bb column_border_width=\u00bbnone\u00bb column_border_style=\u00bbsolid\u00bb][nectar_icon icon_family=\u00bbfontawesome\u00bb icon_style=\u00bbborder-animation\u00bb icon_border_thickness=\u00bb2px\u00bb icon_color=\u00bbAccent-Color\u00bb icon_padding=\u00bb20px\u00bb icon_fontawesome=\u00bbfa fa-cogs\u00bb][vc_column_text]\n<h2 style=\"text-align: left;\">Taller de 3 horas<\/h2>\n<p style=\"text-align: left;\">Aprender a interpretar y aplicar los resultados con una explicaci\u00f3n p\u00e1gina a p\u00e1gina del informe LVI <strong>v\u00eda webinar<\/strong>. Aprovechar el LVI para identificar y comprometer a los receptores en el trabajo de desarrollo externo e interno.<\/p>\n[\/vc_column_text][\/vc_column][vc_column column_padding=\u00bbno-extra-padding\u00bb column_padding_position=\u00bball\u00bb background_color_opacity=\u00bb1&#8243; background_hover_color_opacity=\u00bb1&#8243; column_shadow=\u00bbnone\u00bb width=\u00bb1\/3&#8243; tablet_text_alignment=\u00bbdefault\u00bb phone_text_alignment=\u00bbdefault\u00bb column_border_width=\u00bbnone\u00bb column_border_style=\u00bbsolid\u00bb][nectar_icon icon_family=\u00bbfontawesome\u00bb icon_style=\u00bbborder-animation\u00bb icon_border_thickness=\u00bb2px\u00bb icon_color=\u00bbAccent-Color\u00bb icon_padding=\u00bb20px\u00bb icon_fontawesome=\u00bbfa fa-clipboard\u00bb][vc_column_text]\n<h2 style=\"text-align: left;\">Pr\u00e1ctica<\/h2>\n<p style=\"text-align: left;\">1:1 60 minutos de formaci\u00f3n para ayudar en la primera sesi\u00f3n de feedback. Descubrir c\u00f3mo usar las herramientas de soporte e identificar los temas, recreando una sesi\u00f3n real.<\/p>\n[\/vc_column_text][\/vc_column][\/vc_row][vc_row type=\u00bbfull_width_background\u00bb full_screen_row_position=\u00bbmiddle\u00bb bg_color=\u00bb#152a31&#8243; scene_position=\u00bbcenter\u00bb text_color=\u00bblight\u00bb text_align=\u00bbleft\u00bb top_padding=\u00bb60&#8243; bottom_padding=\u00bb60&#8243; overlay_strength=\u00bb0.3&#8243;][vc_column column_padding=\u00bbno-extra-padding\u00bb column_padding_position=\u00bball\u00bb background_color_opacity=\u00bb1&#8243; background_hover_color_opacity=\u00bb1&#8243; column_shadow=\u00bbnone\u00bb width=\u00bb1\/3&#8243; tablet_text_alignment=\u00bbdefault\u00bb phone_text_alignment=\u00bbdefault\u00bb column_border_width=\u00bbnone\u00bb column_border_style=\u00bbsolid\u00bb][\/vc_column][vc_column column_padding=\u00bbno-extra-padding\u00bb column_padding_position=\u00bball\u00bb background_color_opacity=\u00bb1&#8243; background_hover_color_opacity=\u00bb1&#8243; column_shadow=\u00bbnone\u00bb width=\u00bb1\/3&#8243; tablet_text_alignment=\u00bbdefault\u00bb phone_text_alignment=\u00bbdefault\u00bb column_border_width=\u00bbnone\u00bb column_border_style=\u00bbsolid\u00bb][vc_column_text]<a class=\"nectar-button jumbo see-through-2 has-icon\" target=\"_blank\" href=\"https:\/\/www.awair.eu\/es\/contacto\" data-color-override=\"false\"  data-hover-color-override=\"#000\" data-hover-text-color-override=\"#fff\"><span>Contactos<\/span><i class=\"fa fa-envelope\"><\/i><\/a>[\/vc_column_text][\/vc_column][vc_column column_padding=\u00bbno-extra-padding\u00bb column_padding_position=\u00bball\u00bb background_color_opacity=\u00bb1&#8243; background_hover_color_opacity=\u00bb1&#8243; column_shadow=\u00bbnone\u00bb width=\u00bb1\/3&#8243; tablet_text_alignment=\u00bbdefault\u00bb phone_text_alignment=\u00bbdefault\u00bb column_border_width=\u00bbnone\u00bb column_border_style=\u00bbsolid\u00bb][\/vc_column][\/vc_row][vc_row type=\u00bbfull_width_background\u00bb full_screen_row_position=\u00bbmiddle\u00bb equal_height=\u00bbyes\u00bb content_placement=\u00bbmiddle\u00bb scene_position=\u00bbcenter\u00bb text_color=\u00bbdark\u00bb text_align=\u00bbcenter\u00bb top_padding=\u00bb20&#8243; bottom_padding=\u00bb40&#8243; overlay_strength=\u00bb0.3&#8243;][vc_column column_padding=\u00bbno-extra-padding\u00bb column_padding_position=\u00bball\u00bb background_color_opacity=\u00bb1&#8243; background_hover_color_opacity=\u00bb1&#8243; column_shadow=\u00bbnone\u00bb width=\u00bb1\/2&#8243; tablet_text_alignment=\u00bbdefault\u00bb phone_text_alignment=\u00bbdefault\u00bb column_border_width=\u00bbnone\u00bb column_border_style=\u00bbsolid\u00bb][vc_column_text]\n<h4 style=\"text-align: right;\">Ve tambi\u00e9n:<\/h4>\n[\/vc_column_text][\/vc_column][vc_column column_padding=\u00bbno-extra-padding\u00bb column_padding_position=\u00bball\u00bb background_color_opacity=\u00bb1&#8243; background_hover_color_opacity=\u00bb1&#8243; column_shadow=\u00bbnone\u00bb width=\u00bb1\/2&#8243; tablet_text_alignment=\u00bbdefault\u00bb phone_text_alignment=\u00bbdefault\u00bb column_border_width=\u00bbnone\u00bb column_border_style=\u00bbsolid\u00bb][vc_column_text]\n<p style=\"text-align: left;\"><a href=\"https:\/\/www.awair.eu\/es\/lvi\/\">LVI<\/a><\/p>\n[\/vc_column_text][\/vc_column][\/vc_row]\n","protected":false},"excerpt":{"rendered":"<p>[vc_row type=\u00bbfull_width_background\u00bb full_screen_row_position=\u00bbmiddle\u00bb bg_color=\u00bb#f6ebda\u00bb scene_position=\u00bbcenter\u00bb text_color=\u00bbdark\u00bb text_align=\u00bbleft\u00bb top_padding=\u00bb60&#8243; bottom_padding=\u00bb60&#8243; overlay_strength=\u00bb0.3&#8243;][vc_column column_padding=\u00bbno-extra-padding\u00bb column_padding_position=\u00bball\u00bb background_color_opacity=\u00bb1&#8243; background_hover_color_opacity=\u00bb1&#8243; column_shadow=\u00bbnone\u00bb width=\u00bb1\/1&#8243; tablet_text_alignment=\u00bbdefault\u00bb phone_text_alignment=\u00bbdefault\u00bb column_border_width=\u00bbnone\u00bb column_border_style=\u00bbsolid\u00bb][vc_row_inner equal_height=\u00bbyes\u00bb content_placement=\u00bbmiddle\u00bb column_margin=\u00bbdefault\u00bb text_align=\u00bbleft\u00bb][vc_column_inner column_padding=\u00bbno-extra-padding\u00bb&#8230;<\/p>\n","protected":false},"author":1,"featured_media":0,"parent":1354,"menu_order":0,"comment_status":"closed","ping_status":"closed","template":"","meta":{"inline_featured_image":false},"yoast_head":"<!-- This site is optimized with the Yoast SEO plugin v18.3 - https:\/\/yoast.com\/wordpress\/plugins\/seo\/ -->\n<title>Awair | La Certificaci\u00f3n Leadership Versatility Index de Kaiser Leadership Solutions<\/title>\n<meta name=\"description\" content=\"La Certificaci\u00f3n Leadership Versatility Index ense\u00f1a a los participantes a interpretar y aplicar la evaluaci\u00f3n multi-evaluador LVI.\" \/>\n<meta name=\"robots\" content=\"index, follow, max-snippet:-1, max-image-preview:large, max-video-preview:-1\" \/>\n<link rel=\"canonical\" href=\"https:\/\/www.awair.eu\/es\/programas-de-certificacion\/certificacion-lvi\/\" \/>\n<meta property=\"og:locale\" content=\"es_ES\" \/>\n<meta property=\"og:type\" content=\"article\" \/>\n<meta property=\"og:title\" content=\"Awair | La Certificaci\u00f3n Leadership Versatility Index de Kaiser Leadership Solutions\" \/>\n<meta property=\"og:description\" content=\"La Certificaci\u00f3n Leadership Versatility Index ense\u00f1a a los participantes a interpretar y aplicar la evaluaci\u00f3n multi-evaluador LVI.\" \/>\n<meta property=\"og:url\" content=\"https:\/\/www.awair.eu\/es\/programas-de-certificacion\/certificacion-lvi\/\" \/>\n<meta property=\"og:site_name\" content=\"awair\" \/>\n<meta property=\"article:modified_time\" content=\"2020-08-07T09:59:21+00:00\" \/>\n<meta name=\"twitter:card\" content=\"summary\" \/>\n<meta name=\"twitter:site\" content=\"@awairAwareness\" \/>\n<meta name=\"twitter:label1\" content=\"Tiempo de lectura\" \/>\n\t<meta name=\"twitter:data1\" content=\"5 minutos\" \/>\n<script type=\"application\/ld+json\" class=\"yoast-schema-graph\">{\"@context\":\"https:\/\/schema.org\",\"@graph\":[{\"@type\":\"Organization\",\"@id\":\"https:\/\/www.awair.eu\/es\/#organization\",\"name\":\"Awair\",\"url\":\"https:\/\/www.awair.eu\/es\/\",\"sameAs\":[\"https:\/\/www.linkedin.com\/company\/10070361\/\",\"https:\/\/twitter.com\/awairAwareness\"],\"logo\":{\"@type\":\"ImageObject\",\"@id\":\"https:\/\/www.awair.eu\/es\/#logo\",\"inLanguage\":\"es\",\"url\":\"https:\/\/www.awair.eu\/wp-content\/uploads\/2022\/06\/Awair-02-1.jpg\",\"contentUrl\":\"https:\/\/www.awair.eu\/wp-content\/uploads\/2022\/06\/Awair-02-1.jpg\",\"width\":1024,\"height\":1318,\"caption\":\"Awair\"},\"image\":{\"@id\":\"https:\/\/www.awair.eu\/es\/#logo\"}},{\"@type\":\"WebSite\",\"@id\":\"https:\/\/www.awair.eu\/es\/#website\",\"url\":\"https:\/\/www.awair.eu\/es\/\",\"name\":\"awair\",\"description\":\"Where will you be?\",\"publisher\":{\"@id\":\"https:\/\/www.awair.eu\/es\/#organization\"},\"potentialAction\":[{\"@type\":\"SearchAction\",\"target\":{\"@type\":\"EntryPoint\",\"urlTemplate\":\"https:\/\/www.awair.eu\/es\/?s={search_term_string}\"},\"query-input\":\"required name=search_term_string\"}],\"inLanguage\":\"es\"},{\"@type\":\"WebPage\",\"@id\":\"https:\/\/www.awair.eu\/es\/programas-de-certificacion\/certificacion-lvi\/#webpage\",\"url\":\"https:\/\/www.awair.eu\/es\/programas-de-certificacion\/certificacion-lvi\/\",\"name\":\"Awair | La Certificaci\u00f3n Leadership Versatility Index de Kaiser Leadership Solutions\",\"isPartOf\":{\"@id\":\"https:\/\/www.awair.eu\/es\/#website\"},\"datePublished\":\"2018-02-06T17:19:43+00:00\",\"dateModified\":\"2020-08-07T09:59:21+00:00\",\"description\":\"La Certificaci\u00f3n Leadership Versatility Index ense\u00f1a a los participantes a interpretar y aplicar la evaluaci\u00f3n multi-evaluador LVI.\",\"breadcrumb\":{\"@id\":\"https:\/\/www.awair.eu\/es\/programas-de-certificacion\/certificacion-lvi\/#breadcrumb\"},\"inLanguage\":\"es\",\"potentialAction\":[{\"@type\":\"ReadAction\",\"target\":[\"https:\/\/www.awair.eu\/es\/programas-de-certificacion\/certificacion-lvi\/\"]}]},{\"@type\":\"BreadcrumbList\",\"@id\":\"https:\/\/www.awair.eu\/es\/programas-de-certificacion\/certificacion-lvi\/#breadcrumb\",\"itemListElement\":[{\"@type\":\"ListItem\",\"position\":1,\"name\":\"Home\",\"item\":\"https:\/\/www.awair.eu\/es\/\"},{\"@type\":\"ListItem\",\"position\":2,\"name\":\"Certificaciones\",\"item\":\"https:\/\/www.awair.eu\/es\/programas-de-certificacion\/\"},{\"@type\":\"ListItem\",\"position\":3,\"name\":\"Certificaci\u00f3n LVI 360\u00b0\"}]}]}<\/script>\n<!-- \/ Yoast SEO plugin. -->","yoast_head_json":{"title":"Awair | La Certificaci\u00f3n Leadership Versatility Index de Kaiser Leadership Solutions","description":"La Certificaci\u00f3n Leadership Versatility Index ense\u00f1a a los participantes a interpretar y aplicar la evaluaci\u00f3n multi-evaluador LVI.","robots":{"index":"index","follow":"follow","max-snippet":"max-snippet:-1","max-image-preview":"max-image-preview:large","max-video-preview":"max-video-preview:-1"},"canonical":"https:\/\/www.awair.eu\/es\/programas-de-certificacion\/certificacion-lvi\/","og_locale":"es_ES","og_type":"article","og_title":"Awair | La Certificaci\u00f3n Leadership Versatility Index de Kaiser Leadership Solutions","og_description":"La Certificaci\u00f3n Leadership Versatility Index ense\u00f1a a los participantes a interpretar y aplicar la evaluaci\u00f3n multi-evaluador LVI.","og_url":"https:\/\/www.awair.eu\/es\/programas-de-certificacion\/certificacion-lvi\/","og_site_name":"awair","article_modified_time":"2020-08-07T09:59:21+00:00","twitter_card":"summary","twitter_site":"@awairAwareness","twitter_misc":{"Tiempo de lectura":"5 minutos"},"schema":{"@context":"https:\/\/schema.org","@graph":[{"@type":"Organization","@id":"https:\/\/www.awair.eu\/es\/#organization","name":"Awair","url":"https:\/\/www.awair.eu\/es\/","sameAs":["https:\/\/www.linkedin.com\/company\/10070361\/","https:\/\/twitter.com\/awairAwareness"],"logo":{"@type":"ImageObject","@id":"https:\/\/www.awair.eu\/es\/#logo","inLanguage":"es","url":"https:\/\/www.awair.eu\/wp-content\/uploads\/2022\/06\/Awair-02-1.jpg","contentUrl":"https:\/\/www.awair.eu\/wp-content\/uploads\/2022\/06\/Awair-02-1.jpg","width":1024,"height":1318,"caption":"Awair"},"image":{"@id":"https:\/\/www.awair.eu\/es\/#logo"}},{"@type":"WebSite","@id":"https:\/\/www.awair.eu\/es\/#website","url":"https:\/\/www.awair.eu\/es\/","name":"awair","description":"Where will you be?","publisher":{"@id":"https:\/\/www.awair.eu\/es\/#organization"},"potentialAction":[{"@type":"SearchAction","target":{"@type":"EntryPoint","urlTemplate":"https:\/\/www.awair.eu\/es\/?s={search_term_string}"},"query-input":"required name=search_term_string"}],"inLanguage":"es"},{"@type":"WebPage","@id":"https:\/\/www.awair.eu\/es\/programas-de-certificacion\/certificacion-lvi\/#webpage","url":"https:\/\/www.awair.eu\/es\/programas-de-certificacion\/certificacion-lvi\/","name":"Awair | La Certificaci\u00f3n Leadership Versatility Index de Kaiser Leadership Solutions","isPartOf":{"@id":"https:\/\/www.awair.eu\/es\/#website"},"datePublished":"2018-02-06T17:19:43+00:00","dateModified":"2020-08-07T09:59:21+00:00","description":"La Certificaci\u00f3n Leadership Versatility Index ense\u00f1a a los participantes a interpretar y aplicar la evaluaci\u00f3n multi-evaluador LVI.","breadcrumb":{"@id":"https:\/\/www.awair.eu\/es\/programas-de-certificacion\/certificacion-lvi\/#breadcrumb"},"inLanguage":"es","potentialAction":[{"@type":"ReadAction","target":["https:\/\/www.awair.eu\/es\/programas-de-certificacion\/certificacion-lvi\/"]}]},{"@type":"BreadcrumbList","@id":"https:\/\/www.awair.eu\/es\/programas-de-certificacion\/certificacion-lvi\/#breadcrumb","itemListElement":[{"@type":"ListItem","position":1,"name":"Home","item":"https:\/\/www.awair.eu\/es\/"},{"@type":"ListItem","position":2,"name":"Certificaciones","item":"https:\/\/www.awair.eu\/es\/programas-de-certificacion\/"},{"@type":"ListItem","position":3,"name":"Certificaci\u00f3n LVI 360\u00b0"}]}]}},"_links":{"self":[{"href":"https:\/\/www.awair.eu\/es\/wp-json\/wp\/v2\/pages\/3392"}],"collection":[{"href":"https:\/\/www.awair.eu\/es\/wp-json\/wp\/v2\/pages"}],"about":[{"href":"https:\/\/www.awair.eu\/es\/wp-json\/wp\/v2\/types\/page"}],"author":[{"embeddable":true,"href":"https:\/\/www.awair.eu\/es\/wp-json\/wp\/v2\/users\/1"}],"replies":[{"embeddable":true,"href":"https:\/\/www.awair.eu\/es\/wp-json\/wp\/v2\/comments?post=3392"}],"version-history":[{"count":7,"href":"https:\/\/www.awair.eu\/es\/wp-json\/wp\/v2\/pages\/3392\/revisions"}],"predecessor-version":[{"id":9524,"href":"https:\/\/www.awair.eu\/es\/wp-json\/wp\/v2\/pages\/3392\/revisions\/9524"}],"up":[{"embeddable":true,"href":"https:\/\/www.awair.eu\/es\/wp-json\/wp\/v2\/pages\/1354"}],"wp:attachment":[{"href":"https:\/\/www.awair.eu\/es\/wp-json\/wp\/v2\/media?parent=3392"}],"curies":[{"name":"wp","href":"https:\/\/api.w.org\/{rel}","templated":true}]}}