{"id":3390,"date":"2018-02-09T12:29:36","date_gmt":"2018-02-09T11:29:36","guid":{"rendered":"http:\/\/www.awair.eu\/certificaciones\/assessio-training-programs\/"},"modified":"2020-08-07T11:57:24","modified_gmt":"2020-08-07T09:57:24","slug":"programas-formacion-assessio","status":"publish","type":"page","link":"https:\/\/www.awair.eu\/es\/programas-de-certificacion\/programas-formacion-assessio\/","title":{"rendered":"Programas de Formaci\u00f3n Assessio"},"content":{"rendered":"[vc_row type=\u00bbfull_width_background\u00bb full_screen_row_position=\u00bbmiddle\u00bb bg_color=\u00bb#f6ebda\u00bb scene_position=\u00bbcenter\u00bb text_color=\u00bbdark\u00bb text_align=\u00bbleft\u00bb top_padding=\u00bb60&#8243; bottom_padding=\u00bb30&#8243; overlay_strength=\u00bb0.3&#8243;][vc_column column_padding=\u00bbno-extra-padding\u00bb column_padding_position=\u00bball\u00bb background_color_opacity=\u00bb1&#8243; background_hover_color_opacity=\u00bb1&#8243; column_shadow=\u00bbnone\u00bb width=\u00bb1\/1&#8243; tablet_text_alignment=\u00bbdefault\u00bb phone_text_alignment=\u00bbdefault\u00bb column_border_width=\u00bbnone\u00bb column_border_style=\u00bbsolid\u00bb][vc_column_text]Cada <strong>Programa de Formaci\u00f3n de Assessio<\/strong> es un prerequisito para interpretar y usar cada herramienta psicom\u00e9trica incluida en el paquete, en particular:[\/vc_column_text][vc_row_inner equal_height=\u00bbyes\u00bb content_placement=\u00bbtop\u00bb column_margin=\u00bbdefault\u00bb top_padding=\u00bb40&#8243; text_align=\u00bbleft\u00bb][vc_column_inner column_padding=\u00bbno-extra-padding\u00bb column_padding_position=\u00bball\u00bb background_color_opacity=\u00bb1&#8243; width=\u00bb1\/2&#8243; column_border_width=\u00bbnone\u00bb column_border_style=\u00bbsolid\u00bb][vc_column_text]\n<h4 style=\"text-align: left;\">Evaluaciones cognitivas<\/h4>\n<ul>\n<li><a href=\"https:\/\/www.awair.eu\/es\/matrigma\/\">Matrigma<\/a><\/li>\n<\/ul>\n[\/vc_column_text][\/vc_column_inner][vc_column_inner column_padding=\u00bbno-extra-padding\u00bb column_padding_position=\u00bball\u00bb background_color_opacity=\u00bb1&#8243; width=\u00bb1\/2&#8243; column_border_width=\u00bbnone\u00bb column_border_style=\u00bbsolid\u00bb][vc_column_text]\n<h4 style=\"text-align: left;\">Evaluaciones basadas en la personalidad<\/h4>\n<ul>\n<li><a href=\"https:\/\/www.awair.eu\/es\/map\/\">MAP<\/a><\/li>\n<li><a href=\"https:\/\/www.awair.eu\/es\/mint\/\">MiNT<\/a><\/li>\n<li><a href=\"https:\/\/www.awair.eu\/es\/servicefirst\/\">ServiceFirst<\/a><\/li>\n<\/ul>\n[\/vc_column_text][\/vc_column_inner][\/vc_row_inner][\/vc_column][\/vc_row][vc_row type=\u00bbfull_width_background\u00bb full_screen_row_position=\u00bbmiddle\u00bb equal_height=\u00bbyes\u00bb content_placement=\u00bbmiddle\u00bb scene_position=\u00bbcenter\u00bb text_color=\u00bbdark\u00bb text_align=\u00bbleft\u00bb top_padding=\u00bb40&#8243; bottom_padding=\u00bb40&#8243; overlay_strength=\u00bb0.3&#8243;][vc_column column_padding=\u00bbno-extra-padding\u00bb column_padding_position=\u00bball\u00bb background_color_opacity=\u00bb1&#8243; background_hover_color_opacity=\u00bb1&#8243; column_shadow=\u00bbnone\u00bb width=\u00bb1\/4&#8243; tablet_text_alignment=\u00bbdefault\u00bb phone_text_alignment=\u00bbdefault\u00bb column_border_width=\u00bbnone\u00bb column_border_style=\u00bbsolid\u00bb]<div class=\"img-with-aniamtion-wrap \" data-max-width=\"100%\"><div class=\"inner\"><img data-shadow=\"none\" data-shadow-direction=\"middle\" class=\"img-with-animation \" data-delay=\"0\" height=\"1040\" width=\"935\" data-animation=\"fade-in\" src=\"https:\/\/www.awair.eu\/wp-content\/uploads\/2018\/02\/soffa_blue.png\" srcset=\"https:\/\/www.awair.eu\/wp-content\/uploads\/2018\/02\/soffa_blue.png 935w, https:\/\/www.awair.eu\/wp-content\/uploads\/2018\/02\/soffa_blue-270x300.png 270w, https:\/\/www.awair.eu\/wp-content\/uploads\/2018\/02\/soffa_blue-768x854.png 768w, https:\/\/www.awair.eu\/wp-content\/uploads\/2018\/02\/soffa_blue-921x1024.png 921w\" alt=\"\" \/><\/div><\/div>[\/vc_column][vc_column column_padding=\u00bbpadding-8-percent\u00bb column_padding_position=\u00bbleft\u00bb background_color_opacity=\u00bb1&#8243; background_hover_color_opacity=\u00bb1&#8243; column_shadow=\u00bbnone\u00bb width=\u00bb3\/4&#8243; tablet_text_alignment=\u00bbdefault\u00bb phone_text_alignment=\u00bbdefault\u00bb column_border_width=\u00bbnone\u00bb column_border_style=\u00bbsolid\u00bb][vc_column_text]\n<h2 style=\"text-align: left;\"><strong>Participaci\u00f3n Online en los Programas de Certificaci\u00f3n <\/strong><\/h2>\n[\/vc_column_text][vc_row_inner equal_height=\u00bbyes\u00bb column_margin=\u00bbdefault\u00bb top_padding=\u00bb20&#8243; text_align=\u00bbleft\u00bb][vc_column_inner column_padding=\u00bbpadding-15-percent\u00bb column_padding_position=\u00bbright\u00bb background_color_opacity=\u00bb1&#8243; width=\u00bb1\/1&#8243; column_border_width=\u00bbnone\u00bb column_border_style=\u00bbsolid\u00bb][vc_column_text]\n<p style=\"text-align: left;\">Certificarse en las herramientas de <strong>Assessio<\/strong> es simple, rentable y claro.<\/p>\n<p>Los entrenamientos en l\u00ednea para la <strong>MiNT<\/strong> y <strong>Matrigma<\/strong> est\u00e1n disponibles en cualquier momento donde quiera que est\u00e9s. Todo lo que necesitas es un ordenador, tablet o tel\u00e9fono m\u00f3vil y una conexi\u00f3n a internet.<\/p>\n<p>Cada entrenamiento est\u00e1 dise\u00f1ado para especialistas en la gesti\u00f3n del talento y desarrollo organizacional, generalistas de RRHH, consultores de RRHH, coaches y psic\u00f3logos.[\/vc_column_text][\/vc_column_inner][\/vc_row_inner][vc_row_inner content_placement=\u00bbmiddle\u00bb column_margin=\u00bbdefault\u00bb text_align=\u00bbleft\u00bb][vc_column_inner column_padding=\u00bbno-extra-padding\u00bb column_padding_position=\u00bball\u00bb background_color_opacity=\u00bb1&#8243; width=\u00bb1\/1&#8243; column_border_width=\u00bbnone\u00bb column_border_style=\u00bbsolid\u00bb]<div class=\"divider-wrap\"><div style=\"height: 20px;\" class=\"divider\"><\/div><\/div>[vc_column_text]\n<h2 style=\"text-align: left;\">Consisten en:<\/h2>\n[\/vc_column_text]<div class=\"divider-wrap\"><div style=\"height: 20px;\" class=\"divider\"><\/div><\/div>[\/vc_column_inner][\/vc_row_inner][vc_row_inner content_placement=\u00bbmiddle\u00bb column_margin=\u00bbdefault\u00bb text_align=\u00bbleft\u00bb][vc_column_inner column_padding=\u00bbno-extra-padding\u00bb column_padding_position=\u00bball\u00bb background_color_opacity=\u00bb1&#8243; width=\u00bb1\/3&#8243; column_border_width=\u00bbnone\u00bb column_border_style=\u00bbsolid\u00bb][vc_column_text]\n<h4 style=\"text-align: left;\">Formato<\/h4>\n<ul>\n<li>Tiempo entre 1-1,5 horas<\/li>\n<li>Concluye con una evaluaci\u00f3n del conocimiento<\/li>\n<li>Disponible durante un periodo de 3 meses<\/li>\n<li>Permite descargar el certificado personal<\/li>\n<\/ul>\n[\/vc_column_text][\/vc_column_inner][vc_column_inner column_padding=\u00bbno-extra-padding\u00bb column_padding_position=\u00bball\u00bb background_color_opacity=\u00bb1&#8243; width=\u00bb1\/3&#8243; column_border_width=\u00bbnone\u00bb column_border_style=\u00bbsolid\u00bb][vc_column_text]\n<h4 style=\"text-align: left;\">Contenido<\/h4>\n<ul>\n<li>Objetivo y uso de cada herramienta de inter\u00e9s<\/li>\n<li>Administraci\u00f3n e interpretaci\u00f3n de los resultados<\/li>\n<li>Feedback y mejores pr\u00e1cticas<\/li>\n<li>Evaluaci\u00f3n final<\/li>\n<\/ul>\n[\/vc_column_text][\/vc_column_inner][vc_column_inner column_padding=\u00bbno-extra-padding\u00bb column_padding_position=\u00bball\u00bb background_color_opacity=\u00bb1&#8243; width=\u00bb1\/3&#8243; column_border_width=\u00bbnone\u00bb column_border_style=\u00bbsolid\u00bb]<div class=\"img-with-aniamtion-wrap \" data-max-width=\"100%\"><div class=\"inner\"><img data-shadow=\"none\" data-shadow-direction=\"middle\" class=\"img-with-animation \" data-delay=\"0\" height=\"186\" width=\"200\" data-animation=\"fade-in\" src=\"https:\/\/www.awair.eu\/wp-content\/uploads\/2018\/02\/kandidat-ensam.png\" srcset=\"\" alt=\"\" \/><\/div><\/div>[\/vc_column_inner][\/vc_row_inner][\/vc_column][\/vc_row][vc_row type=\u00bbfull_width_background\u00bb full_screen_row_position=\u00bbmiddle\u00bb equal_height=\u00bbyes\u00bb content_placement=\u00bbmiddle\u00bb bg_color=\u00bb#d9eef4&#8243; scene_position=\u00bbcenter\u00bb text_color=\u00bbdark\u00bb text_align=\u00bbleft\u00bb top_padding=\u00bb40&#8243; bottom_padding=\u00bb40&#8243; overlay_strength=\u00bb0.3&#8243;][vc_column column_padding=\u00bbno-extra-padding\u00bb column_padding_position=\u00bball\u00bb background_color_opacity=\u00bb1&#8243; background_hover_color_opacity=\u00bb1&#8243; column_shadow=\u00bbnone\u00bb width=\u00bb1\/1&#8243; tablet_text_alignment=\u00bbdefault\u00bb phone_text_alignment=\u00bbdefault\u00bb column_border_width=\u00bbnone\u00bb column_border_style=\u00bbsolid\u00bb][vc_column_text]\n<h3 style=\"text-align: center;\">Est\u00e1 disponible la formaci\u00f3n presencial para los Certificados MAP y ServiceFirst.<\/h3>\n[\/vc_column_text][\/vc_column][\/vc_row][vc_row type=\u00bbfull_width_background\u00bb full_screen_row_position=\u00bbmiddle\u00bb equal_height=\u00bbyes\u00bb content_placement=\u00bbtop\u00bb bg_color=\u00bb#152a31&#8243; scene_position=\u00bbcenter\u00bb text_color=\u00bblight\u00bb text_align=\u00bbleft\u00bb top_padding=\u00bb60&#8243; bottom_padding=\u00bb60&#8243; overlay_strength=\u00bb0.3&#8243;][vc_column column_padding=\u00bbno-extra-padding\u00bb column_padding_position=\u00bball\u00bb background_color_opacity=\u00bb1&#8243; background_hover_color_opacity=\u00bb1&#8243; column_shadow=\u00bbnone\u00bb width=\u00bb1\/1&#8243; tablet_text_alignment=\u00bbdefault\u00bb phone_text_alignment=\u00bbdefault\u00bb column_border_width=\u00bbnone\u00bb column_border_style=\u00bbsolid\u00bb][vc_column_text]\n<p style=\"text-align: center;\"><a class=\"nectar-button jumbo see-through-2 has-icon\" target=\"_blank\" href=\"https:\/\/www.awair.eu\/es\/contacto\" data-color-override=\"false\"  data-hover-color-override=\"#000\" data-hover-text-color-override=\"#fff\"><span>Para m\u00e1s informaci\u00f3n y participaci\u00f3n, contacte con nosotros<\/span><i class=\"fa fa-envelope\"><\/i><\/a>\n[\/vc_column_text][\/vc_column][\/vc_row]\n","protected":false},"excerpt":{"rendered":"<p>[vc_row type=\u00bbfull_width_background\u00bb full_screen_row_position=\u00bbmiddle\u00bb bg_color=\u00bb#f6ebda\u00bb scene_position=\u00bbcenter\u00bb text_color=\u00bbdark\u00bb text_align=\u00bbleft\u00bb top_padding=\u00bb60&#8243; bottom_padding=\u00bb30&#8243; overlay_strength=\u00bb0.3&#8243;][vc_column column_padding=\u00bbno-extra-padding\u00bb column_padding_position=\u00bball\u00bb background_color_opacity=\u00bb1&#8243; background_hover_color_opacity=\u00bb1&#8243; column_shadow=\u00bbnone\u00bb width=\u00bb1\/1&#8243; tablet_text_alignment=\u00bbdefault\u00bb phone_text_alignment=\u00bbdefault\u00bb column_border_width=\u00bbnone\u00bb column_border_style=\u00bbsolid\u00bb][vc_column_text]Cada Programa de Formaci\u00f3n de Assessio&#8230;<\/p>\n","protected":false},"author":1,"featured_media":0,"parent":1354,"menu_order":0,"comment_status":"closed","ping_status":"closed","template":"","meta":{"inline_featured_image":false},"yoast_head":"<!-- This site is optimized with the Yoast SEO plugin v18.3 - https:\/\/yoast.com\/wordpress\/plugins\/seo\/ -->\n<title>Awair | Programas de Formaci\u00f3n Assessio<\/title>\n<meta name=\"description\" content=\"Cada herramienta psicom\u00e9trica incluida en el paquete Assessio requiere un programa de Formaci\u00f3n para interpretarlas y usarlas.\" \/>\n<meta name=\"robots\" content=\"index, follow, max-snippet:-1, max-image-preview:large, max-video-preview:-1\" \/>\n<link rel=\"canonical\" href=\"https:\/\/www.awair.eu\/es\/programas-de-certificacion\/programas-formacion-assessio\/\" \/>\n<meta property=\"og:locale\" content=\"es_ES\" \/>\n<meta property=\"og:type\" content=\"article\" \/>\n<meta property=\"og:title\" content=\"Awair | Programas de Formaci\u00f3n Assessio\" \/>\n<meta property=\"og:description\" content=\"Cada herramienta psicom\u00e9trica incluida en el paquete Assessio requiere un programa de Formaci\u00f3n para interpretarlas y usarlas.\" \/>\n<meta property=\"og:url\" content=\"https:\/\/www.awair.eu\/es\/programas-de-certificacion\/programas-formacion-assessio\/\" \/>\n<meta property=\"og:site_name\" content=\"awair\" \/>\n<meta property=\"article:modified_time\" content=\"2020-08-07T09:57:24+00:00\" \/>\n<meta name=\"twitter:card\" content=\"summary\" \/>\n<meta name=\"twitter:site\" content=\"@awairAwareness\" \/>\n<meta name=\"twitter:label1\" content=\"Tiempo de lectura\" \/>\n\t<meta name=\"twitter:data1\" content=\"5 minutos\" \/>\n<script type=\"application\/ld+json\" class=\"yoast-schema-graph\">{\"@context\":\"https:\/\/schema.org\",\"@graph\":[{\"@type\":\"Organization\",\"@id\":\"https:\/\/www.awair.eu\/es\/#organization\",\"name\":\"Awair\",\"url\":\"https:\/\/www.awair.eu\/es\/\",\"sameAs\":[\"https:\/\/www.linkedin.com\/company\/10070361\/\",\"https:\/\/twitter.com\/awairAwareness\"],\"logo\":{\"@type\":\"ImageObject\",\"@id\":\"https:\/\/www.awair.eu\/es\/#logo\",\"inLanguage\":\"es\",\"url\":\"https:\/\/www.awair.eu\/wp-content\/uploads\/2022\/06\/Awair-02-1.jpg\",\"contentUrl\":\"https:\/\/www.awair.eu\/wp-content\/uploads\/2022\/06\/Awair-02-1.jpg\",\"width\":1024,\"height\":1318,\"caption\":\"Awair\"},\"image\":{\"@id\":\"https:\/\/www.awair.eu\/es\/#logo\"}},{\"@type\":\"WebSite\",\"@id\":\"https:\/\/www.awair.eu\/es\/#website\",\"url\":\"https:\/\/www.awair.eu\/es\/\",\"name\":\"awair\",\"description\":\"Where will you be?\",\"publisher\":{\"@id\":\"https:\/\/www.awair.eu\/es\/#organization\"},\"potentialAction\":[{\"@type\":\"SearchAction\",\"target\":{\"@type\":\"EntryPoint\",\"urlTemplate\":\"https:\/\/www.awair.eu\/es\/?s={search_term_string}\"},\"query-input\":\"required name=search_term_string\"}],\"inLanguage\":\"es\"},{\"@type\":\"WebPage\",\"@id\":\"https:\/\/www.awair.eu\/es\/programas-de-certificacion\/programas-formacion-assessio\/#webpage\",\"url\":\"https:\/\/www.awair.eu\/es\/programas-de-certificacion\/programas-formacion-assessio\/\",\"name\":\"Awair | Programas de Formaci\u00f3n Assessio\",\"isPartOf\":{\"@id\":\"https:\/\/www.awair.eu\/es\/#website\"},\"datePublished\":\"2018-02-09T11:29:36+00:00\",\"dateModified\":\"2020-08-07T09:57:24+00:00\",\"description\":\"Cada herramienta psicom\u00e9trica incluida en el paquete Assessio requiere un programa de Formaci\u00f3n para interpretarlas y usarlas.\",\"breadcrumb\":{\"@id\":\"https:\/\/www.awair.eu\/es\/programas-de-certificacion\/programas-formacion-assessio\/#breadcrumb\"},\"inLanguage\":\"es\",\"potentialAction\":[{\"@type\":\"ReadAction\",\"target\":[\"https:\/\/www.awair.eu\/es\/programas-de-certificacion\/programas-formacion-assessio\/\"]}]},{\"@type\":\"BreadcrumbList\",\"@id\":\"https:\/\/www.awair.eu\/es\/programas-de-certificacion\/programas-formacion-assessio\/#breadcrumb\",\"itemListElement\":[{\"@type\":\"ListItem\",\"position\":1,\"name\":\"Home\",\"item\":\"https:\/\/www.awair.eu\/es\/\"},{\"@type\":\"ListItem\",\"position\":2,\"name\":\"Certificaciones\",\"item\":\"https:\/\/www.awair.eu\/es\/programas-de-certificacion\/\"},{\"@type\":\"ListItem\",\"position\":3,\"name\":\"Programas de Formaci\u00f3n Assessio\"}]}]}<\/script>\n<!-- \/ Yoast SEO plugin. -->","yoast_head_json":{"title":"Awair | Programas de Formaci\u00f3n Assessio","description":"Cada herramienta psicom\u00e9trica incluida en el paquete Assessio requiere un programa de Formaci\u00f3n para interpretarlas y usarlas.","robots":{"index":"index","follow":"follow","max-snippet":"max-snippet:-1","max-image-preview":"max-image-preview:large","max-video-preview":"max-video-preview:-1"},"canonical":"https:\/\/www.awair.eu\/es\/programas-de-certificacion\/programas-formacion-assessio\/","og_locale":"es_ES","og_type":"article","og_title":"Awair | Programas de Formaci\u00f3n Assessio","og_description":"Cada herramienta psicom\u00e9trica incluida en el paquete Assessio requiere un programa de Formaci\u00f3n para interpretarlas y usarlas.","og_url":"https:\/\/www.awair.eu\/es\/programas-de-certificacion\/programas-formacion-assessio\/","og_site_name":"awair","article_modified_time":"2020-08-07T09:57:24+00:00","twitter_card":"summary","twitter_site":"@awairAwareness","twitter_misc":{"Tiempo de lectura":"5 minutos"},"schema":{"@context":"https:\/\/schema.org","@graph":[{"@type":"Organization","@id":"https:\/\/www.awair.eu\/es\/#organization","name":"Awair","url":"https:\/\/www.awair.eu\/es\/","sameAs":["https:\/\/www.linkedin.com\/company\/10070361\/","https:\/\/twitter.com\/awairAwareness"],"logo":{"@type":"ImageObject","@id":"https:\/\/www.awair.eu\/es\/#logo","inLanguage":"es","url":"https:\/\/www.awair.eu\/wp-content\/uploads\/2022\/06\/Awair-02-1.jpg","contentUrl":"https:\/\/www.awair.eu\/wp-content\/uploads\/2022\/06\/Awair-02-1.jpg","width":1024,"height":1318,"caption":"Awair"},"image":{"@id":"https:\/\/www.awair.eu\/es\/#logo"}},{"@type":"WebSite","@id":"https:\/\/www.awair.eu\/es\/#website","url":"https:\/\/www.awair.eu\/es\/","name":"awair","description":"Where will you be?","publisher":{"@id":"https:\/\/www.awair.eu\/es\/#organization"},"potentialAction":[{"@type":"SearchAction","target":{"@type":"EntryPoint","urlTemplate":"https:\/\/www.awair.eu\/es\/?s={search_term_string}"},"query-input":"required name=search_term_string"}],"inLanguage":"es"},{"@type":"WebPage","@id":"https:\/\/www.awair.eu\/es\/programas-de-certificacion\/programas-formacion-assessio\/#webpage","url":"https:\/\/www.awair.eu\/es\/programas-de-certificacion\/programas-formacion-assessio\/","name":"Awair | Programas de Formaci\u00f3n Assessio","isPartOf":{"@id":"https:\/\/www.awair.eu\/es\/#website"},"datePublished":"2018-02-09T11:29:36+00:00","dateModified":"2020-08-07T09:57:24+00:00","description":"Cada herramienta psicom\u00e9trica incluida en el paquete Assessio requiere un programa de Formaci\u00f3n para interpretarlas y usarlas.","breadcrumb":{"@id":"https:\/\/www.awair.eu\/es\/programas-de-certificacion\/programas-formacion-assessio\/#breadcrumb"},"inLanguage":"es","potentialAction":[{"@type":"ReadAction","target":["https:\/\/www.awair.eu\/es\/programas-de-certificacion\/programas-formacion-assessio\/"]}]},{"@type":"BreadcrumbList","@id":"https:\/\/www.awair.eu\/es\/programas-de-certificacion\/programas-formacion-assessio\/#breadcrumb","itemListElement":[{"@type":"ListItem","position":1,"name":"Home","item":"https:\/\/www.awair.eu\/es\/"},{"@type":"ListItem","position":2,"name":"Certificaciones","item":"https:\/\/www.awair.eu\/es\/programas-de-certificacion\/"},{"@type":"ListItem","position":3,"name":"Programas de Formaci\u00f3n Assessio"}]}]}},"_links":{"self":[{"href":"https:\/\/www.awair.eu\/es\/wp-json\/wp\/v2\/pages\/3390"}],"collection":[{"href":"https:\/\/www.awair.eu\/es\/wp-json\/wp\/v2\/pages"}],"about":[{"href":"https:\/\/www.awair.eu\/es\/wp-json\/wp\/v2\/types\/page"}],"author":[{"embeddable":true,"href":"https:\/\/www.awair.eu\/es\/wp-json\/wp\/v2\/users\/1"}],"replies":[{"embeddable":true,"href":"https:\/\/www.awair.eu\/es\/wp-json\/wp\/v2\/comments?post=3390"}],"version-history":[{"count":8,"href":"https:\/\/www.awair.eu\/es\/wp-json\/wp\/v2\/pages\/3390\/revisions"}],"predecessor-version":[{"id":9523,"href":"https:\/\/www.awair.eu\/es\/wp-json\/wp\/v2\/pages\/3390\/revisions\/9523"}],"up":[{"embeddable":true,"href":"https:\/\/www.awair.eu\/es\/wp-json\/wp\/v2\/pages\/1354"}],"wp:attachment":[{"href":"https:\/\/www.awair.eu\/es\/wp-json\/wp\/v2\/media?parent=3390"}],"curies":[{"name":"wp","href":"https:\/\/api.w.org\/{rel}","templated":true}]}}