{"id":1359,"date":"2017-04-26T12:56:20","date_gmt":"2017-04-26T10:56:20","guid":{"rendered":"http:\/\/www.awair.eu\/?page_id=1359\/"},"modified":"2020-08-07T11:07:13","modified_gmt":"2020-08-07T09:07:13","slug":"noticias","status":"publish","type":"page","link":"https:\/\/www.awair.eu\/es\/noticias\/","title":{"rendered":"Noticias"},"content":{"rendered":"[vc_row type=\u00bbfull_width_background\u00bb full_screen_row_position=\u00bbmiddle\u00bb scene_position=\u00bbcenter\u00bb text_color=\u00bbdark\u00bb text_align=\u00bbleft\u00bb top_padding=\u00bb40&#8243; overlay_strength=\u00bb0.3&#8243;][vc_column column_padding=\u00bbno-extra-padding\u00bb column_padding_position=\u00bball\u00bb background_color_opacity=\u00bb1&#8243; background_hover_color_opacity=\u00bb1&#8243; column_shadow=\u00bbnone\u00bb width=\u00bb1\/1&#8243; tablet_text_alignment=\u00bbdefault\u00bb phone_text_alignment=\u00bbdefault\u00bb column_border_width=\u00bbnone\u00bb column_border_style=\u00bbsolid\u00bb]\t\n\t<div class=\"row\">\n\t\n\t <div id=\"post-area\" class=\"col  span_12 col_last masonry classic  infinite_scroll \" > <div class=\"posts-container\" data-load-animation=\"none\">\t\t\t\t\n\t\t\t\t\n\t\t\t\t\n<article id=\"post-2073\" class=\"regular post-2073 post type-post status-publish format-standard has-post-thumbnail hentry category-sin-categorizar tag-assessment-en tag-awair-en tag-crecimiento tag-espana tag-francia tag-hogan-en tag-sur-de-europa\">\n\n\t<div class=\"inner-wrap animated\">\n\n\t\t<div class=\"post-content\">\n\t\t\t\n\t\t\t\t\t\t\t\n\t\t\t\t\t\t\t\t\n\t\t\t\t<div class=\"post-meta \">\n\t\t\t\t\t\n\t\t\t\t\t\t\t\t\t\t\n\t\t\t\t\t<div class=\"date\">\n\t\t\t\t\t\t30 junio 2017\t\t\t\t\t<\/div><!--\/date-->\n\t\t\t\t\t\n\t\t\t\t\t\n\t\t\t\t\t \n\t\t\t\t\t\t<div class=\"nectar-love-wrap\">\n\t\t\t\t\t\t\t<a href=\"#\" class=\"nectar-love\" id=\"nectar-love-2073\" title=\"Love this\"> <i class=\"icon-salient-heart-2\"><\/i><span class=\"nectar-love-count\">0<\/span><\/a>\t\t\t\t\t\t<\/div><!--\/nectar-love-wrap-->\t\n\t\t\t\t\t\n\t\t\t\t<\/div><!--\/post-meta-->\n\t\t\t\t\n\t\t\t\t\t\t\n\t\t\t\n\n\t\t\t\n\t\t\t\t<div class=\"content-inner\">\n\t\t\t\t\t\n\t\t\t\t\t<a href=\"https:\/\/www.awair.eu\/es\/2017\/06\/30\/awair-hogan-sur-de-europa\/\"><span class=\"post-featured-img\"><img width=\"653\" height=\"450\" src=\"https:\/\/www.awair.eu\/wp-content\/uploads\/2017\/06\/Awair-Team_3.png\" class=\"attachment-large size-large wp-post-image\" alt=\"\" loading=\"lazy\" title=\"\" sizes=\"(min-width: 1600px) 20vw, (min-width: 1300px) 25vw, (min-width: 1000px) 33.3vw, (min-width: 690px) 50vw, 100vw\" srcset=\"https:\/\/www.awair.eu\/wp-content\/uploads\/2017\/06\/Awair-Team_3.png 653w, https:\/\/www.awair.eu\/wp-content\/uploads\/2017\/06\/Awair-Team_3-300x207.png 300w\" \/><\/span><\/a>\t\t\t\t\t\n\t\t\t\t\t\n\t\t\t\t\t\t\n\t\t\t\t\t\t<div class=\"article-content-wrap\">\n\n\t\t\t\t\t\t\t<div class=\"post-header\">\n\t\t\t\t\t\t\t\t\t\n\t\t\t\t\t\t\t\t<h2 class=\"title\">\n\t\t\t\t\t\t\t\t\t \n\t\t\t\t\t\t\t\t\t\t<a href=\"https:\/\/www.awair.eu\/es\/2017\/06\/30\/awair-hogan-sur-de-europa\/\">\t\t\t\t\t\t\t\t\t\t\tAwair distribuye Hogan en el sur de Europa\t\t\t\t\t\t\t\t\t\t <\/a> \n\t\t\t\t\t\t\t\t\t\t\t\t\t\t\t\t\t<\/h2>\n\n\t\t\t\t\t\t\t\t \n\t\t\t\t\t\t\t\t\t<span class=\"meta-author\"><span>By<\/span> <a href=\"https:\/\/www.awair.eu\/es\/author\/awair\/\" title=\"Entradas de Awair\" rel=\"author\">Awair<\/a><\/span> <span class=\"meta-category\">| <a href=\"https:\/\/www.awair.eu\/es\/category\/sin-categorizar\/\">Sin categorizar<\/a><\/span> \n\t\t\t\t\t\t\t\t\n\t\t\t\t\t\t\t\t\t\t\t\t\t\t\t\t\t\t\t<span class=\"meta-comment-count\">| <a href=\"https:\/\/www.awair.eu\/es\/2017\/06\/30\/awair-hogan-sur-de-europa\/#respond\">\n\t\t\t\t\t\t\t\t\t\t\tNo Comments<\/a>\n\t\t\t\t\t\t\t\t\t\t<\/span>\n\t\t\t\t\t\t\t\t\t\n\t\t\t\t\t\t\t\t\t\t\t\t\t\t\t<\/div><!--\/post-header-->\n\t\t\t\t\t\t<div class=\"excerpt\"><p>Awair distribuye ahora los test de personalidad Hogan en Francia y Espa\u00f1a: una expansi\u00f3n internacional que recompensa las competencias y las estrategias de \u00e9xito. Awair&#8230;<\/p>\n<\/div><a class=\"more-link\" href=\"https:\/\/www.awair.eu\/es\/2017\/06\/30\/awair-hogan-sur-de-europa\/\"><span class=\"continue-reading\">Leer m\u00e1s<\/span><\/a>\t\t\t\t\t\t\t\n\t\t\t\t\t\t<\/div><!--article-content-wrap-->\n\n\t\t\t\t\t\t\t\t\t\t\n\t\t\t\t   \n\t\t\t\t\t\t\t\t\t\t\n\t\t\t\t\t\t\t\t\t\t\t\n\t\t\t\t<\/div><!--\/content-inner-->\n\n\t\t\t\t\t\t\n\t\t<\/div><!--\/post-content-->\n\n\t<\/div><!--\/inner-wrap-->\n\t\t\n<\/article><!--\/article-->\n\t\t\t\t\t\t\t\n\t\t\t\t\n\t\t\t\t\n<article id=\"post-2071\" class=\"regular post-2071 post type-post status-publish format-standard has-post-thumbnail hentry category-sin-categorizar tag-coaching-en tag-dark-side-en tag-herramientas tag-lado-oscuro tag-liderazgo tag-personalidad\">\n\n\t<div class=\"inner-wrap animated\">\n\n\t\t<div class=\"post-content\">\n\t\t\t\n\t\t\t\t\t\t\t\n\t\t\t\t\t\t\t\t\n\t\t\t\t<div class=\"post-meta \">\n\t\t\t\t\t\n\t\t\t\t\t\t\t\t\t\t\n\t\t\t\t\t<div class=\"date\">\n\t\t\t\t\t\t30 junio 2017\t\t\t\t\t<\/div><!--\/date-->\n\t\t\t\t\t\n\t\t\t\t\t\n\t\t\t\t\t \n\t\t\t\t\t\t<div class=\"nectar-love-wrap\">\n\t\t\t\t\t\t\t<a href=\"#\" class=\"nectar-love\" id=\"nectar-love-2071\" title=\"Love this\"> <i class=\"icon-salient-heart-2\"><\/i><span class=\"nectar-love-count\">0<\/span><\/a>\t\t\t\t\t\t<\/div><!--\/nectar-love-wrap-->\t\n\t\t\t\t\t\n\t\t\t\t<\/div><!--\/post-meta-->\n\t\t\t\t\n\t\t\t\t\t\t\n\t\t\t\n\n\t\t\t\n\t\t\t\t<div class=\"content-inner\">\n\t\t\t\t\t\n\t\t\t\t\t<a href=\"https:\/\/www.awair.eu\/es\/2017\/06\/30\/lado-oscuro-personalidad-hogan\/\"><span class=\"post-featured-img\"><img width=\"424\" height=\"255\" src=\"https:\/\/www.awair.eu\/wp-content\/uploads\/2017\/06\/HDS_dark-side-1.png\" class=\"attachment-large size-large wp-post-image\" alt=\"\" loading=\"lazy\" title=\"\" sizes=\"(min-width: 1600px) 20vw, (min-width: 1300px) 25vw, (min-width: 1000px) 33.3vw, (min-width: 690px) 50vw, 100vw\" srcset=\"https:\/\/www.awair.eu\/wp-content\/uploads\/2017\/06\/HDS_dark-side-1.png 424w, https:\/\/www.awair.eu\/wp-content\/uploads\/2017\/06\/HDS_dark-side-1-300x180.png 300w\" \/><\/span><\/a>\t\t\t\t\t\n\t\t\t\t\t\n\t\t\t\t\t\t\n\t\t\t\t\t\t<div class=\"article-content-wrap\">\n\n\t\t\t\t\t\t\t<div class=\"post-header\">\n\t\t\t\t\t\t\t\t\t\n\t\t\t\t\t\t\t\t<h2 class=\"title\">\n\t\t\t\t\t\t\t\t\t \n\t\t\t\t\t\t\t\t\t\t<a href=\"https:\/\/www.awair.eu\/es\/2017\/06\/30\/lado-oscuro-personalidad-hogan\/\">\t\t\t\t\t\t\t\t\t\t\tEl lado oscuro (de la personalidad) es una fuerza?\t\t\t\t\t\t\t\t\t\t <\/a> \n\t\t\t\t\t\t\t\t\t\t\t\t\t\t\t\t\t<\/h2>\n\n\t\t\t\t\t\t\t\t \n\t\t\t\t\t\t\t\t\t<span class=\"meta-author\"><span>By<\/span> <a href=\"https:\/\/www.awair.eu\/es\/author\/awair\/\" title=\"Entradas de Awair\" rel=\"author\">Awair<\/a><\/span> <span class=\"meta-category\">| <a href=\"https:\/\/www.awair.eu\/es\/category\/sin-categorizar\/\">Sin categorizar<\/a><\/span> \n\t\t\t\t\t\t\t\t\n\t\t\t\t\t\t\t\t\t\t\t\t\t\t\t\t\t\t\t<span class=\"meta-comment-count\">| <a href=\"https:\/\/www.awair.eu\/es\/2017\/06\/30\/lado-oscuro-personalidad-hogan\/#respond\">\n\t\t\t\t\t\t\t\t\t\t\tNo Comments<\/a>\n\t\t\t\t\t\t\t\t\t\t<\/span>\n\t\t\t\t\t\t\t\t\t\n\t\t\t\t\t\t\t\t\t\t\t\t\t\t\t<\/div><!--\/post-header-->\n\t\t\t\t\t\t<div class=\"excerpt\"><p>Hogan, la \u00fanica herramienta de evaluaci\u00f3n de la personalidad que identifica la cara oculta de la personalidad. Cuando estamos bajo presi\u00f3n, la l\u00ednea entre los&#8230;<\/p>\n<\/div><a class=\"more-link\" href=\"https:\/\/www.awair.eu\/es\/2017\/06\/30\/lado-oscuro-personalidad-hogan\/\"><span class=\"continue-reading\">Leer m\u00e1s<\/span><\/a>\t\t\t\t\t\t\t\n\t\t\t\t\t\t<\/div><!--article-content-wrap-->\n\n\t\t\t\t\t\t\t\t\t\t\n\t\t\t\t   \n\t\t\t\t\t\t\t\t\t\t\n\t\t\t\t\t\t\t\t\t\t\t\n\t\t\t\t<\/div><!--\/content-inner-->\n\n\t\t\t\t\t\t\n\t\t<\/div><!--\/post-content-->\n\n\t<\/div><!--\/inner-wrap-->\n\t\t\n<\/article><!--\/article-->\n\t\t\t\t\t\t\t\n\t\t\t\t\n\t\t\t\t\n<article id=\"post-2069\" class=\"regular post-2069 post type-post status-publish format-standard has-post-thumbnail hentry category-sin-categorizar tag-cce-en tag-coaching-en tag-hogan-en tag-icf-en tag-programa-de-certificacion-hogan tag-taller\">\n\n\t<div class=\"inner-wrap animated\">\n\n\t\t<div class=\"post-content\">\n\t\t\t\n\t\t\t\t\t\t\t\n\t\t\t\t\t\t\t\t\n\t\t\t\t<div class=\"post-meta \">\n\t\t\t\t\t\n\t\t\t\t\t\t\t\t\t\t\n\t\t\t\t\t<div class=\"date\">\n\t\t\t\t\t\t20 febrero 2017\t\t\t\t\t<\/div><!--\/date-->\n\t\t\t\t\t\n\t\t\t\t\t\n\t\t\t\t\t \n\t\t\t\t\t\t<div class=\"nectar-love-wrap\">\n\t\t\t\t\t\t\t<a href=\"#\" class=\"nectar-love\" id=\"nectar-love-2069\" title=\"Love this\"> <i class=\"icon-salient-heart-2\"><\/i><span class=\"nectar-love-count\">0<\/span><\/a>\t\t\t\t\t\t<\/div><!--\/nectar-love-wrap-->\t\n\t\t\t\t\t\n\t\t\t\t<\/div><!--\/post-meta-->\n\t\t\t\t\n\t\t\t\t\t\t\n\t\t\t\n\n\t\t\t\n\t\t\t\t<div class=\"content-inner\">\n\t\t\t\t\t\n\t\t\t\t\t<a href=\"https:\/\/www.awair.eu\/es\/2017\/02\/20\/acuerdo-global-entre-hogan-icf\/\"><span class=\"post-featured-img\"><img width=\"534\" height=\"300\" src=\"https:\/\/www.awair.eu\/wp-content\/uploads\/2017\/02\/HACW_.jpg\" class=\"attachment-large size-large wp-post-image\" alt=\"\" loading=\"lazy\" title=\"\" sizes=\"(min-width: 1600px) 20vw, (min-width: 1300px) 25vw, (min-width: 1000px) 33.3vw, (min-width: 690px) 50vw, 100vw\" srcset=\"https:\/\/www.awair.eu\/wp-content\/uploads\/2017\/02\/HACW_.jpg 534w, https:\/\/www.awair.eu\/wp-content\/uploads\/2017\/02\/HACW_-300x169.jpg 300w\" \/><\/span><\/a>\t\t\t\t\t\n\t\t\t\t\t\n\t\t\t\t\t\t\n\t\t\t\t\t\t<div class=\"article-content-wrap\">\n\n\t\t\t\t\t\t\t<div class=\"post-header\">\n\t\t\t\t\t\t\t\t\t\n\t\t\t\t\t\t\t\t<h2 class=\"title\">\n\t\t\t\t\t\t\t\t\t \n\t\t\t\t\t\t\t\t\t\t<a href=\"https:\/\/www.awair.eu\/es\/2017\/02\/20\/acuerdo-global-entre-hogan-icf\/\">\t\t\t\t\t\t\t\t\t\t\tAcuerdo Global entre Hogan e ICF\t\t\t\t\t\t\t\t\t\t <\/a> \n\t\t\t\t\t\t\t\t\t\t\t\t\t\t\t\t\t<\/h2>\n\n\t\t\t\t\t\t\t\t \n\t\t\t\t\t\t\t\t\t<span class=\"meta-author\"><span>By<\/span> <a href=\"https:\/\/www.awair.eu\/es\/author\/awair\/\" title=\"Entradas de Awair\" rel=\"author\">Awair<\/a><\/span> <span class=\"meta-category\">| <a href=\"https:\/\/www.awair.eu\/es\/category\/sin-categorizar\/\">Sin categorizar<\/a><\/span> \n\t\t\t\t\t\t\t\t\n\t\t\t\t\t\t\t\t\t\t\t\t\t\t\t\t\t\t\t<span class=\"meta-comment-count\">| <a href=\"https:\/\/www.awair.eu\/es\/2017\/02\/20\/acuerdo-global-entre-hogan-icf\/#respond\">\n\t\t\t\t\t\t\t\t\t\t\tNo Comments<\/a>\n\t\t\t\t\t\t\t\t\t\t<\/span>\n\t\t\t\t\t\t\t\t\t\n\t\t\t\t\t\t\t\t\t\t\t\t\t\t\t<\/div><!--\/post-header-->\n\t\t\t\t\t\t<div class=\"excerpt\"><p>Beneficios para todos los coach Establecida en Noviembre de 2015, se renueva el Acuerdo Global entre la Federaci\u00f3n Internacional de Coach (ICF) y Hogan. Y&#8230;<\/p>\n<\/div><a class=\"more-link\" href=\"https:\/\/www.awair.eu\/es\/2017\/02\/20\/acuerdo-global-entre-hogan-icf\/\"><span class=\"continue-reading\">Leer m\u00e1s<\/span><\/a>\t\t\t\t\t\t\t\n\t\t\t\t\t\t<\/div><!--article-content-wrap-->\n\n\t\t\t\t\t\t\t\t\t\t\n\t\t\t\t   \n\t\t\t\t\t\t\t\t\t\t\n\t\t\t\t\t\t\t\t\t\t\t\n\t\t\t\t<\/div><!--\/content-inner-->\n\n\t\t\t\t\t\t\n\t\t<\/div><!--\/post-content-->\n\n\t<\/div><!--\/inner-wrap-->\n\t\t\n<\/article><!--\/article-->\n\t\t\t\t\t\t\n\t\t\t<\/div><!--\/posts container-->\n\t\t\t\n\t\t\t\t\t\n\t\t<\/div><!--\/span_9-->\n\t\t\n\t\t\n\t<\/div>\n\t\n\t[\/vc_column][\/vc_row]\n","protected":false},"excerpt":{"rendered":"<p>[vc_row type=\u00bbfull_width_background\u00bb full_screen_row_position=\u00bbmiddle\u00bb scene_position=\u00bbcenter\u00bb text_color=\u00bbdark\u00bb text_align=\u00bbleft\u00bb top_padding=\u00bb40&#8243; overlay_strength=\u00bb0.3&#8243;][vc_column column_padding=\u00bbno-extra-padding\u00bb column_padding_position=\u00bball\u00bb background_color_opacity=\u00bb1&#8243; background_hover_color_opacity=\u00bb1&#8243; column_shadow=\u00bbnone\u00bb width=\u00bb1\/1&#8243; tablet_text_alignment=\u00bbdefault\u00bb phone_text_alignment=\u00bbdefault\u00bb column_border_width=\u00bbnone\u00bb column_border_style=\u00bbsolid\u00bb][\/vc_column][\/vc_row]<\/p>\n","protected":false},"author":1,"featured_media":0,"parent":0,"menu_order":8,"comment_status":"closed","ping_status":"closed","template":"","meta":{"inline_featured_image":false},"yoast_head":"<!-- This site is optimized with the Yoast SEO plugin v18.3 - https:\/\/yoast.com\/wordpress\/plugins\/seo\/ -->\n<title>Awair | Noticias<\/title>\n<meta name=\"robots\" content=\"index, follow, max-snippet:-1, max-image-preview:large, max-video-preview:-1\" \/>\n<link rel=\"canonical\" href=\"https:\/\/www.awair.eu\/es\/noticias\/\" \/>\n<meta property=\"og:locale\" content=\"es_ES\" \/>\n<meta property=\"og:type\" content=\"article\" \/>\n<meta property=\"og:title\" content=\"Awair | Noticias\" \/>\n<meta property=\"og:description\" content=\"[vc_row type=\u00bbfull_width_background\u00bb full_screen_row_position=\u00bbmiddle\u00bb scene_position=\u00bbcenter\u00bb text_color=\u00bbdark\u00bb text_align=\u00bbleft\u00bb top_padding=\u00bb40&#8243; overlay_strength=\u00bb0.3&#8243;][vc_column column_padding=\u00bbno-extra-padding\u00bb column_padding_position=\u00bball\u00bb background_color_opacity=\u00bb1&#8243; background_hover_color_opacity=\u00bb1&#8243; column_shadow=\u00bbnone\u00bb width=\u00bb1\/1&#8243; tablet_text_alignment=\u00bbdefault\u00bb phone_text_alignment=\u00bbdefault\u00bb column_border_width=\u00bbnone\u00bb column_border_style=\u00bbsolid\u00bb][\/vc_column][\/vc_row]\" \/>\n<meta property=\"og:url\" content=\"https:\/\/www.awair.eu\/es\/noticias\/\" \/>\n<meta property=\"og:site_name\" content=\"awair\" \/>\n<meta property=\"article:modified_time\" content=\"2020-08-07T09:07:13+00:00\" \/>\n<meta name=\"twitter:card\" content=\"summary\" \/>\n<meta name=\"twitter:site\" content=\"@awairAwareness\" \/>\n<script type=\"application\/ld+json\" class=\"yoast-schema-graph\">{\"@context\":\"https:\/\/schema.org\",\"@graph\":[{\"@type\":\"Organization\",\"@id\":\"https:\/\/www.awair.eu\/es\/#organization\",\"name\":\"Awair\",\"url\":\"https:\/\/www.awair.eu\/es\/\",\"sameAs\":[\"https:\/\/www.linkedin.com\/company\/10070361\/\",\"https:\/\/twitter.com\/awairAwareness\"],\"logo\":{\"@type\":\"ImageObject\",\"@id\":\"https:\/\/www.awair.eu\/es\/#logo\",\"inLanguage\":\"es\",\"url\":\"https:\/\/www.awair.eu\/wp-content\/uploads\/2022\/06\/Awair-02-1.jpg\",\"contentUrl\":\"https:\/\/www.awair.eu\/wp-content\/uploads\/2022\/06\/Awair-02-1.jpg\",\"width\":1024,\"height\":1318,\"caption\":\"Awair\"},\"image\":{\"@id\":\"https:\/\/www.awair.eu\/es\/#logo\"}},{\"@type\":\"WebSite\",\"@id\":\"https:\/\/www.awair.eu\/es\/#website\",\"url\":\"https:\/\/www.awair.eu\/es\/\",\"name\":\"awair\",\"description\":\"Where will you be?\",\"publisher\":{\"@id\":\"https:\/\/www.awair.eu\/es\/#organization\"},\"potentialAction\":[{\"@type\":\"SearchAction\",\"target\":{\"@type\":\"EntryPoint\",\"urlTemplate\":\"https:\/\/www.awair.eu\/es\/?s={search_term_string}\"},\"query-input\":\"required name=search_term_string\"}],\"inLanguage\":\"es\"},{\"@type\":\"WebPage\",\"@id\":\"https:\/\/www.awair.eu\/es\/noticias\/#webpage\",\"url\":\"https:\/\/www.awair.eu\/es\/noticias\/\",\"name\":\"Awair | Noticias\",\"isPartOf\":{\"@id\":\"https:\/\/www.awair.eu\/es\/#website\"},\"datePublished\":\"2017-04-26T10:56:20+00:00\",\"dateModified\":\"2020-08-07T09:07:13+00:00\",\"breadcrumb\":{\"@id\":\"https:\/\/www.awair.eu\/es\/noticias\/#breadcrumb\"},\"inLanguage\":\"es\",\"potentialAction\":[{\"@type\":\"ReadAction\",\"target\":[\"https:\/\/www.awair.eu\/es\/noticias\/\"]}]},{\"@type\":\"BreadcrumbList\",\"@id\":\"https:\/\/www.awair.eu\/es\/noticias\/#breadcrumb\",\"itemListElement\":[{\"@type\":\"ListItem\",\"position\":1,\"name\":\"Home\",\"item\":\"https:\/\/www.awair.eu\/es\/\"},{\"@type\":\"ListItem\",\"position\":2,\"name\":\"Noticias\"}]}]}<\/script>\n<!-- \/ Yoast SEO plugin. -->","yoast_head_json":{"title":"Awair | Noticias","robots":{"index":"index","follow":"follow","max-snippet":"max-snippet:-1","max-image-preview":"max-image-preview:large","max-video-preview":"max-video-preview:-1"},"canonical":"https:\/\/www.awair.eu\/es\/noticias\/","og_locale":"es_ES","og_type":"article","og_title":"Awair | Noticias","og_description":"[vc_row type=\u00bbfull_width_background\u00bb full_screen_row_position=\u00bbmiddle\u00bb scene_position=\u00bbcenter\u00bb text_color=\u00bbdark\u00bb text_align=\u00bbleft\u00bb top_padding=\u00bb40&#8243; overlay_strength=\u00bb0.3&#8243;][vc_column column_padding=\u00bbno-extra-padding\u00bb column_padding_position=\u00bball\u00bb background_color_opacity=\u00bb1&#8243; background_hover_color_opacity=\u00bb1&#8243; column_shadow=\u00bbnone\u00bb width=\u00bb1\/1&#8243; tablet_text_alignment=\u00bbdefault\u00bb phone_text_alignment=\u00bbdefault\u00bb column_border_width=\u00bbnone\u00bb column_border_style=\u00bbsolid\u00bb][\/vc_column][\/vc_row]","og_url":"https:\/\/www.awair.eu\/es\/noticias\/","og_site_name":"awair","article_modified_time":"2020-08-07T09:07:13+00:00","twitter_card":"summary","twitter_site":"@awairAwareness","schema":{"@context":"https:\/\/schema.org","@graph":[{"@type":"Organization","@id":"https:\/\/www.awair.eu\/es\/#organization","name":"Awair","url":"https:\/\/www.awair.eu\/es\/","sameAs":["https:\/\/www.linkedin.com\/company\/10070361\/","https:\/\/twitter.com\/awairAwareness"],"logo":{"@type":"ImageObject","@id":"https:\/\/www.awair.eu\/es\/#logo","inLanguage":"es","url":"https:\/\/www.awair.eu\/wp-content\/uploads\/2022\/06\/Awair-02-1.jpg","contentUrl":"https:\/\/www.awair.eu\/wp-content\/uploads\/2022\/06\/Awair-02-1.jpg","width":1024,"height":1318,"caption":"Awair"},"image":{"@id":"https:\/\/www.awair.eu\/es\/#logo"}},{"@type":"WebSite","@id":"https:\/\/www.awair.eu\/es\/#website","url":"https:\/\/www.awair.eu\/es\/","name":"awair","description":"Where will you be?","publisher":{"@id":"https:\/\/www.awair.eu\/es\/#organization"},"potentialAction":[{"@type":"SearchAction","target":{"@type":"EntryPoint","urlTemplate":"https:\/\/www.awair.eu\/es\/?s={search_term_string}"},"query-input":"required name=search_term_string"}],"inLanguage":"es"},{"@type":"WebPage","@id":"https:\/\/www.awair.eu\/es\/noticias\/#webpage","url":"https:\/\/www.awair.eu\/es\/noticias\/","name":"Awair | Noticias","isPartOf":{"@id":"https:\/\/www.awair.eu\/es\/#website"},"datePublished":"2017-04-26T10:56:20+00:00","dateModified":"2020-08-07T09:07:13+00:00","breadcrumb":{"@id":"https:\/\/www.awair.eu\/es\/noticias\/#breadcrumb"},"inLanguage":"es","potentialAction":[{"@type":"ReadAction","target":["https:\/\/www.awair.eu\/es\/noticias\/"]}]},{"@type":"BreadcrumbList","@id":"https:\/\/www.awair.eu\/es\/noticias\/#breadcrumb","itemListElement":[{"@type":"ListItem","position":1,"name":"Home","item":"https:\/\/www.awair.eu\/es\/"},{"@type":"ListItem","position":2,"name":"Noticias"}]}]}},"_links":{"self":[{"href":"https:\/\/www.awair.eu\/es\/wp-json\/wp\/v2\/pages\/1359"}],"collection":[{"href":"https:\/\/www.awair.eu\/es\/wp-json\/wp\/v2\/pages"}],"about":[{"href":"https:\/\/www.awair.eu\/es\/wp-json\/wp\/v2\/types\/page"}],"author":[{"embeddable":true,"href":"https:\/\/www.awair.eu\/es\/wp-json\/wp\/v2\/users\/1"}],"replies":[{"embeddable":true,"href":"https:\/\/www.awair.eu\/es\/wp-json\/wp\/v2\/comments?post=1359"}],"version-history":[{"count":1,"href":"https:\/\/www.awair.eu\/es\/wp-json\/wp\/v2\/pages\/1359\/revisions"}],"predecessor-version":[{"id":2081,"href":"https:\/\/www.awair.eu\/es\/wp-json\/wp\/v2\/pages\/1359\/revisions\/2081"}],"wp:attachment":[{"href":"https:\/\/www.awair.eu\/es\/wp-json\/wp\/v2\/media?parent=1359"}],"curies":[{"name":"wp","href":"https:\/\/api.w.org\/{rel}","templated":true}]}}