{"id":1352,"date":"2017-04-26T13:02:13","date_gmt":"2017-04-26T11:02:13","guid":{"rendered":"http:\/\/www.awair.eu\/?page_id=1352\/"},"modified":"2020-08-07T12:01:28","modified_gmt":"2020-08-07T10:01:28","slug":"psi","status":"publish","type":"page","link":"https:\/\/www.awair.eu\/es\/soluciones\/psi\/","title":{"rendered":"PSI"},"content":{"rendered":"[vc_row type=\u00bbfull_width_background\u00bb full_screen_row_position=\u00bbmiddle\u00bb equal_height=\u00bbyes\u00bb content_placement=\u00bbmiddle\u00bb scene_position=\u00bbcenter\u00bb text_color=\u00bbdark\u00bb text_align=\u00bbleft\u00bb top_padding=\u00bb60&#8243; bottom_padding=\u00bb60&#8243; disable_element=\u00bbyes\u00bb overlay_strength=\u00bb0.3&#8243;][vc_column column_padding=\u00bbno-extra-padding\u00bb column_padding_position=\u00bbright\u00bb background_color_opacity=\u00bb1&#8243; background_hover_color_opacity=\u00bb1&#8243; column_shadow=\u00bbnone\u00bb width=\u00bb1\/2&#8243; tablet_text_alignment=\u00bbdefault\u00bb phone_text_alignment=\u00bbdefault\u00bb column_border_width=\u00bbnone\u00bb column_border_style=\u00bbsolid\u00bb][vc_column_text]<iframe loading=\"lazy\" src=\"https:\/\/www.youtube.com\/embed\/7cO0VjoLGoQ?rel=0\" width=\"560\" height=\"315\" frameborder=\"0\" allowfullscreen=\"allowfullscreen\" data-mce-fragment=\"1\"><\/iframe>[\/vc_column_text][\/vc_column][vc_column column_padding=\u00bbno-extra-padding\u00bb column_padding_position=\u00bball\u00bb background_color_opacity=\u00bb1&#8243; background_hover_color_opacity=\u00bb1&#8243; column_shadow=\u00bbnone\u00bb width=\u00bb1\/2&#8243; tablet_text_alignment=\u00bbdefault\u00bb phone_text_alignment=\u00bbdefault\u00bb column_border_width=\u00bbnone\u00bb column_border_style=\u00bbsolid\u00bb][vc_column_text]<strong>a&amp;dc<\/strong> tools make a measurable difference to business performance by using behavioral\u00a0assessment\u00a0to recruit and select great talent into every job and\u00a0developing\u00a0leadership behaviors that enhance business results.<\/p>\n<p><strong>Behavioral assessment for selection and recruitment<\/strong><\/p>\n<p>Assessing an individual\u2019s behavior provides you with a reliable prediction of how they are likely to perform in the position you are selecting or recruiting for \u2013 meaning that you can confidently find the right people for the right roles.[\/vc_column_text][\/vc_column][\/vc_row][vc_row type=\u00bbfull_width_background\u00bb full_screen_row_position=\u00bbmiddle\u00bb equal_height=\u00bbyes\u00bb content_placement=\u00bbmiddle\u00bb bg_color=\u00bb#f6ebda\u00bb scene_position=\u00bbcenter\u00bb text_color=\u00bbdark\u00bb text_align=\u00bbleft\u00bb top_padding=\u00bb60&#8243; bottom_padding=\u00bb60&#8243; overlay_strength=\u00bb0.3&#8243;][vc_column column_padding=\u00bbno-extra-padding\u00bb column_padding_position=\u00bbright\u00bb background_color_opacity=\u00bb1&#8243; background_hover_color_opacity=\u00bb1&#8243; column_shadow=\u00bbnone\u00bb width=\u00bb1\/1&#8243; tablet_text_alignment=\u00bbdefault\u00bb phone_text_alignment=\u00bbdefault\u00bb column_border_width=\u00bbnone\u00bb column_border_style=\u00bbsolid\u00bb][vc_column_text]Desde 1986,<strong> a&amp;dc <\/strong>es un l\u00edder internacional de evaluaciones de comportamiento cient\u00edficamente rigurosas para la selecci\u00f3n y desarrollo del talento. Las herramientas de \u00faltima generaci\u00f3n de <strong>a&amp;dc<\/strong>\u2019s marcan una diferencia medible en los resultados empresariales, mediante el uso de la evaluaci\u00f3n del comportamiento para reclutar y seleccionar talento en cada trabajo y desarrollar comportamientos de liderazgo que mejoran los resultados empresariales. El objetivo de<strong> a&amp;dc<\/strong>\u2019s es proporcionar la mayor certeza sobre la gesti\u00f3n del talento y asegurar que el departamento de RRHH est\u00e1 alineado con la estrategia de negocio.<\/p>\n<p>En el a\u00f1o 2017 <strong>a&amp;dc<\/strong> se fusion\u00f3 con <strong>PSI<\/strong>, una compa\u00f1\u00eda global que ofrece soluciones integrales para cada proceso de gesti\u00f3n del talento, desde la selecci\u00f3n hasta el desarrollo de liderazgo. Antes de la fusi\u00f3n con <strong>PSI<\/strong>, una gama de productos de vanguardia ha apoyado el negocio de <strong>a&amp;dc<\/strong> desde el principio. Con los a\u00f1os, esta gama ha crecido exponencialmente y se ha mantenido \u00a0constantemente actualizada para satisfacer las necesidades del mercado.[\/vc_column_text][\/vc_column][\/vc_row][vc_row type=\u00bbfull_width_background\u00bb full_screen_row_position=\u00bbmiddle\u00bb equal_height=\u00bbyes\u00bb content_placement=\u00bbmiddle\u00bb bg_color=\u00bb#d9eef4&#8243; scene_position=\u00bbcenter\u00bb text_color=\u00bbdark\u00bb text_align=\u00bbleft\u00bb top_padding=\u00bb40&#8243; bottom_padding=\u00bb20&#8243; overlay_strength=\u00bb0.3&#8243;][vc_column column_padding=\u00bbno-extra-padding\u00bb column_padding_position=\u00bbright\u00bb background_color_opacity=\u00bb1&#8243; background_hover_color_opacity=\u00bb1&#8243; column_shadow=\u00bbnone\u00bb width=\u00bb1\/2&#8243; tablet_text_alignment=\u00bbdefault\u00bb phone_text_alignment=\u00bbdefault\u00bb column_border_width=\u00bbnone\u00bb column_border_style=\u00bbsolid\u00bb][vc_column_text css=\u00bb.vc_custom_1528969808655{margin-bottom: 40px !important;}\u00bb]\n<h2><strong>La cartera de productos<\/strong><\/h2>\n[\/vc_column_text][\/vc_column][vc_column column_padding=\u00bbno-extra-padding\u00bb column_padding_position=\u00bball\u00bb background_color_opacity=\u00bb1&#8243; background_hover_color_opacity=\u00bb1&#8243; column_shadow=\u00bbnone\u00bb width=\u00bb1\/2&#8243; tablet_text_alignment=\u00bbdefault\u00bb phone_text_alignment=\u00bbdefault\u00bb column_border_width=\u00bbnone\u00bb column_border_style=\u00bbsolid\u00bb][vc_column_text]\n<ul>\n<li>Pruebas de juicio situacional<\/li>\n<li>Centros de evaluaci\u00f3n virtual<\/li>\n<li>360\u00b0 feedback tools\u00a0herramientas de valoraci\u00f3n 360\u00b0<\/li>\n<li>Cuestionario de resiliencia<\/li>\n<li>Amplia gama de ejercicios de evaluaci\u00f3n del comportamiento y de simulaci\u00f3n del desarrollo<\/li>\n<\/ul>\n[\/vc_column_text][\/vc_column][\/vc_row][vc_row type=\u00bbfull_width_background\u00bb full_screen_row_position=\u00bbmiddle\u00bb equal_height=\u00bbyes\u00bb content_placement=\u00bbmiddle\u00bb scene_position=\u00bbcenter\u00bb text_color=\u00bbdark\u00bb text_align=\u00bbleft\u00bb top_padding=\u00bb60&#8243; bottom_padding=\u00bb60&#8243; disable_element=\u00bbyes\u00bb overlay_strength=\u00bb0.3&#8243;][vc_column column_padding=\u00bbpadding-15-percent\u00bb column_padding_position=\u00bbright\u00bb background_color_opacity=\u00bb1&#8243; background_hover_color_opacity=\u00bb1&#8243; column_shadow=\u00bbnone\u00bb width=\u00bb1\/1&#8243; tablet_text_alignment=\u00bbdefault\u00bb phone_text_alignment=\u00bbdefault\u00bb column_border_width=\u00bbnone\u00bb column_border_style=\u00bbsolid\u00bb][vc_column_text]<strong>a&amp;dc\u00a0behavioral assessment provide the greatest certainty about talent in an uncertain world while ensuring HR has an equal voice in shaping business strategy.<\/strong>[\/vc_column_text][\/vc_column][\/vc_row][vc_row type=\u00bbin_container\u00bb full_screen_row_position=\u00bbmiddle\u00bb scene_position=\u00bbcenter\u00bb text_color=\u00bbdark\u00bb text_align=\u00bbcenter\u00bb top_padding=\u00bb40&#8243; bottom_padding=\u00bb20&#8243; overlay_strength=\u00bb0.3&#8243;][vc_column column_padding=\u00bbno-extra-padding\u00bb column_padding_position=\u00bball\u00bb background_color_opacity=\u00bb1&#8243; background_hover_color_opacity=\u00bb1&#8243; column_shadow=\u00bbnone\u00bb width=\u00bb1\/1&#8243; tablet_text_alignment=\u00bbdefault\u00bb phone_text_alignment=\u00bbdefault\u00bb column_border_width=\u00bbnone\u00bb column_border_style=\u00bbsolid\u00bb][vc_column_text css_animation=\u00bbzoomIn\u00bb]\n<h2>Evaluaci\u00f3n del comportamiento para la selecci\u00f3n y reclutamiento<\/h2>\n[\/vc_column_text]<div class=\"divider-wrap\"><div style=\"height: 20px;\" class=\"divider\"><\/div><\/div>[vc_column_text]La evaluaci\u00f3n del comportamiento de un individuo proporciona una predicci\u00f3n fiable de cu\u00e1l va a ser su desempe\u00f1o para el puesto para el que est\u00e1s haciendo la \u00a0selecci\u00f3n o reclutamiento \u2013 significa que puedes encontrar las personas adecuadas para los roles concretos con toda confianza.[\/vc_column_text][\/vc_column][\/vc_row][vc_row type=\u00bbfull_width_background\u00bb full_screen_row_position=\u00bbmiddle\u00bb equal_height=\u00bbyes\u00bb content_placement=\u00bbtop\u00bb scene_position=\u00bbcenter\u00bb text_color=\u00bbdark\u00bb text_align=\u00bbcenter\u00bb top_padding=\u00bb40&#8243; bottom_padding=\u00bb40&#8243; overlay_strength=\u00bb0.3&#8243;][vc_column boxed=\u00bbtrue\u00bb column_padding=\u00bbno-extra-padding\u00bb column_padding_position=\u00bball\u00bb background_color_opacity=\u00bb1&#8243; background_hover_color_opacity=\u00bb1&#8243; column_shadow=\u00bbnone\u00bb width=\u00bb1\/4&#8243; tablet_text_alignment=\u00bbdefault\u00bb phone_text_alignment=\u00bbdefault\u00bb column_border_width=\u00bbnone\u00bb column_border_style=\u00bbsolid\u00bb column_link=\u00bbhttps:\/\/www.awair.eu\/es\/areas-de-especializacion\/seleccion\/ac-exs\/\u00bb][vc_column_text]<img loading=\"lazy\" class=\"aligncenter wp-image-2950\" src=\"https:\/\/www.awair.eu\/wp-content\/uploads\/2017\/04\/AC-EXS-286x300.png\" alt=\"\" width=\"114\" height=\"120\" srcset=\"https:\/\/www.awair.eu\/wp-content\/uploads\/2017\/04\/AC-EXS-286x300.png 286w, https:\/\/www.awair.eu\/wp-content\/uploads\/2017\/04\/AC-EXS-768x806.png 768w, https:\/\/www.awair.eu\/wp-content\/uploads\/2017\/04\/AC-EXS.png 913w\" sizes=\"(max-width: 114px) 100vw, 114px\" \/>[\/vc_column_text]<div class=\"divider-wrap\"><div style=\"height: 20px;\" class=\"divider\"><\/div><\/div>[vc_column_text]\n<h3 style=\"text-align: center;\">AC-EXS<\/h3>\n<p style=\"text-align: center;\">Ejercicios de simulaci\u00f3n de negocio preparados para usar.<\/p>\n[\/vc_column_text][\/vc_column][vc_column boxed=\u00bbtrue\u00bb column_padding=\u00bbno-extra-padding\u00bb column_padding_position=\u00bball\u00bb background_color_opacity=\u00bb1&#8243; background_hover_color_opacity=\u00bb1&#8243; column_shadow=\u00bbnone\u00bb width=\u00bb1\/4&#8243; tablet_text_alignment=\u00bbdefault\u00bb phone_text_alignment=\u00bbdefault\u00bb column_border_width=\u00bbnone\u00bb column_border_style=\u00bbsolid\u00bb column_link=\u00bbhttps:\/\/www.awair.eu\/es\/areas-de-especializacion\/seleccion\/dilemmas-series\/\u00bb][vc_column_text]<img loading=\"lazy\" class=\"aligncenter wp-image-3763\" src=\"https:\/\/www.awair.eu\/wp-content\/uploads\/2017\/04\/Management-Dilemmas_rid-300x300.png\" alt=\"\" width=\"120\" height=\"120\" srcset=\"https:\/\/www.awair.eu\/wp-content\/uploads\/2017\/04\/Management-Dilemmas_rid-300x300.png 300w, https:\/\/www.awair.eu\/wp-content\/uploads\/2017\/04\/Management-Dilemmas_rid-150x150.png 150w, https:\/\/www.awair.eu\/wp-content\/uploads\/2017\/04\/Management-Dilemmas_rid-768x768.png 768w, https:\/\/www.awair.eu\/wp-content\/uploads\/2017\/04\/Management-Dilemmas_rid-100x100.png 100w, https:\/\/www.awair.eu\/wp-content\/uploads\/2017\/04\/Management-Dilemmas_rid-500x500.png 500w, https:\/\/www.awair.eu\/wp-content\/uploads\/2017\/04\/Management-Dilemmas_rid-350x350.png 350w, https:\/\/www.awair.eu\/wp-content\/uploads\/2017\/04\/Management-Dilemmas_rid.png 1000w\" sizes=\"(max-width: 120px) 100vw, 120px\" \/>[\/vc_column_text]<div class=\"divider-wrap\"><div style=\"height: 20px;\" class=\"divider\"><\/div><\/div>[vc_column_text]\n<h3 style=\"text-align: center;\">The Dilemmas Series<\/h3>\n<p style=\"text-align: center;\">Test de juicio situacional online.<\/p>\n[\/vc_column_text][\/vc_column][vc_column boxed=\u00bbtrue\u00bb column_padding=\u00bbno-extra-padding\u00bb column_padding_position=\u00bball\u00bb background_color_opacity=\u00bb1&#8243; background_hover_color_opacity=\u00bb1&#8243; column_shadow=\u00bbnone\u00bb width=\u00bb1\/4&#8243; tablet_text_alignment=\u00bbdefault\u00bb phone_text_alignment=\u00bbdefault\u00bb column_border_width=\u00bbnone\u00bb column_border_style=\u00bbsolid\u00bb column_link=\u00bbhttps:\/\/www.awair.eu\/es\/areas-de-especializacion\/seleccion\/virtual-ac\/\u00bb][vc_column_text]<img loading=\"lazy\" class=\"aligncenter wp-image-2952\" src=\"https:\/\/www.awair.eu\/wp-content\/uploads\/2017\/04\/Virtual-AC-300x279.png\" alt=\"\" width=\"129\" height=\"120\" srcset=\"https:\/\/www.awair.eu\/wp-content\/uploads\/2017\/04\/Virtual-AC-300x279.png 300w, https:\/\/www.awair.eu\/wp-content\/uploads\/2017\/04\/Virtual-AC.png 322w\" sizes=\"(max-width: 129px) 100vw, 129px\" \/>[\/vc_column_text]<div class=\"divider-wrap\"><div style=\"height: 20px;\" class=\"divider\"><\/div><\/div>[vc_column_text]\n<h3 style=\"text-align: center;\">Virtual<em>AC<\/em><\/h3>\n<p style=\"text-align: center;\">Ejercicios de simulaci\u00f3n de negocio online.<\/p>\n[\/vc_column_text][\/vc_column][vc_column column_padding=\u00bbno-extra-padding\u00bb column_padding_position=\u00bball\u00bb background_color_opacity=\u00bb1&#8243; background_hover_color_opacity=\u00bb1&#8243; column_shadow=\u00bbnone\u00bb width=\u00bb1\/4&#8243; tablet_text_alignment=\u00bbdefault\u00bb phone_text_alignment=\u00bbdefault\u00bb column_border_width=\u00bbnone\u00bb column_border_style=\u00bbsolid\u00bb][\/vc_column][\/vc_row][vc_row type=\u00bbfull_width_background\u00bb full_screen_row_position=\u00bbmiddle\u00bb equal_height=\u00bbyes\u00bb content_placement=\u00bbmiddle\u00bb bg_color=\u00bb#d9eef4&#8243; scene_position=\u00bbcenter\u00bb text_color=\u00bbdark\u00bb text_align=\u00bbleft\u00bb top_padding=\u00bb40&#8243; bottom_padding=\u00bb40&#8243; overlay_strength=\u00bb0.3&#8243;][vc_column column_padding=\u00bbno-extra-padding\u00bb column_padding_position=\u00bbright\u00bb background_color_opacity=\u00bb1&#8243; background_hover_color_opacity=\u00bb1&#8243; column_shadow=\u00bbnone\u00bb width=\u00bb1\/2&#8243; tablet_text_alignment=\u00bbdefault\u00bb phone_text_alignment=\u00bbdefault\u00bb column_border_width=\u00bbnone\u00bb column_border_style=\u00bbsolid\u00bb][vc_column_text css=\u00bb.vc_custom_1528971013974{margin-bottom: 40px !important;}\u00bb]\n<h2><strong>La identificaci\u00f3n de las personas adecuadas puede traer muchos beneficios<\/strong><\/h2>\n[\/vc_column_text][\/vc_column][vc_column column_padding=\u00bbno-extra-padding\u00bb column_padding_position=\u00bball\u00bb background_color_opacity=\u00bb1&#8243; background_hover_color_opacity=\u00bb1&#8243; column_shadow=\u00bbnone\u00bb width=\u00bb1\/2&#8243; tablet_text_alignment=\u00bbdefault\u00bb phone_text_alignment=\u00bbdefault\u00bb column_border_width=\u00bbnone\u00bb column_border_style=\u00bbsolid\u00bb][vc_column_text]\n<ul>\n<li>Tendr\u00e1s personas con habilidades, conocimientos y experiencia para cubrir lo que tu organizaci\u00f3n necesita ahora<\/li>\n<li>Tendr\u00e1s personas que pueden crecer y desarrollarse para cumplir con tus retos organizativos<\/li>\n<li>Tendr\u00e1s personas con posibilidades de progreso para diferentes puestos de liderazgo organizacional<\/li>\n<li>Tendr\u00e1s personas que encajan en la cultura de la organizaci\u00f3n y comparten sus valores organizacionales.<\/li>\n<\/ul>\n[\/vc_column_text][\/vc_column][\/vc_row]\n","protected":false},"excerpt":{"rendered":"<p>[vc_row type=\u00bbfull_width_background\u00bb full_screen_row_position=\u00bbmiddle\u00bb equal_height=\u00bbyes\u00bb content_placement=\u00bbmiddle\u00bb scene_position=\u00bbcenter\u00bb text_color=\u00bbdark\u00bb text_align=\u00bbleft\u00bb top_padding=\u00bb60&#8243; bottom_padding=\u00bb60&#8243; disable_element=\u00bbyes\u00bb overlay_strength=\u00bb0.3&#8243;][vc_column column_padding=\u00bbno-extra-padding\u00bb column_padding_position=\u00bbright\u00bb background_color_opacity=\u00bb1&#8243; background_hover_color_opacity=\u00bb1&#8243; column_shadow=\u00bbnone\u00bb width=\u00bb1\/2&#8243; tablet_text_alignment=\u00bbdefault\u00bb phone_text_alignment=\u00bbdefault\u00bb column_border_width=\u00bbnone\u00bb column_border_style=\u00bbsolid\u00bb][vc_column_text][\/vc_column_text][\/vc_column][vc_column column_padding=\u00bbno-extra-padding\u00bb column_padding_position=\u00bball\u00bb background_color_opacity=\u00bb1&#8243;&#8230;<\/p>\n","protected":false},"author":1,"featured_media":0,"parent":1347,"menu_order":3,"comment_status":"closed","ping_status":"closed","template":"","meta":{"inline_featured_image":false},"yoast_head":"<!-- This site is optimized with the Yoast SEO plugin v18.3 - https:\/\/yoast.com\/wordpress\/plugins\/seo\/ -->\n<title>Awair | PSI<\/title>\n<meta name=\"description\" content=\"Desde 1986, a&amp;dc es un l\u00edder internacional de evaluaciones de comportamiento cient\u00edficamente rigurosas para la selecci\u00f3n y desarrollo del talento.\" \/>\n<meta name=\"robots\" content=\"index, follow, max-snippet:-1, max-image-preview:large, max-video-preview:-1\" \/>\n<link rel=\"canonical\" href=\"https:\/\/www.awair.eu\/es\/soluciones\/psi\/\" \/>\n<meta property=\"og:locale\" content=\"es_ES\" \/>\n<meta property=\"og:type\" content=\"article\" \/>\n<meta property=\"og:title\" content=\"Awair | PSI\" \/>\n<meta property=\"og:description\" content=\"Desde 1986, a&amp;dc es un l\u00edder internacional de evaluaciones de comportamiento cient\u00edficamente rigurosas para la selecci\u00f3n y desarrollo del talento.\" \/>\n<meta property=\"og:url\" content=\"https:\/\/www.awair.eu\/es\/soluciones\/psi\/\" \/>\n<meta property=\"og:site_name\" content=\"awair\" \/>\n<meta property=\"article:modified_time\" content=\"2020-08-07T10:01:28+00:00\" \/>\n<meta property=\"og:image\" content=\"https:\/\/www.awair.eu\/wp-content\/uploads\/2017\/04\/AC-EXS-286x300.png\" \/>\n<meta name=\"twitter:card\" content=\"summary\" \/>\n<meta name=\"twitter:site\" content=\"@awairAwareness\" \/>\n<meta name=\"twitter:label1\" content=\"Tiempo de lectura\" \/>\n\t<meta name=\"twitter:data1\" content=\"7 minutos\" \/>\n<script type=\"application\/ld+json\" class=\"yoast-schema-graph\">{\"@context\":\"https:\/\/schema.org\",\"@graph\":[{\"@type\":\"Organization\",\"@id\":\"https:\/\/www.awair.eu\/es\/#organization\",\"name\":\"Awair\",\"url\":\"https:\/\/www.awair.eu\/es\/\",\"sameAs\":[\"https:\/\/www.linkedin.com\/company\/10070361\/\",\"https:\/\/twitter.com\/awairAwareness\"],\"logo\":{\"@type\":\"ImageObject\",\"@id\":\"https:\/\/www.awair.eu\/es\/#logo\",\"inLanguage\":\"es\",\"url\":\"https:\/\/www.awair.eu\/wp-content\/uploads\/2022\/06\/Awair-02-1.jpg\",\"contentUrl\":\"https:\/\/www.awair.eu\/wp-content\/uploads\/2022\/06\/Awair-02-1.jpg\",\"width\":1024,\"height\":1318,\"caption\":\"Awair\"},\"image\":{\"@id\":\"https:\/\/www.awair.eu\/es\/#logo\"}},{\"@type\":\"WebSite\",\"@id\":\"https:\/\/www.awair.eu\/es\/#website\",\"url\":\"https:\/\/www.awair.eu\/es\/\",\"name\":\"awair\",\"description\":\"Where will you be?\",\"publisher\":{\"@id\":\"https:\/\/www.awair.eu\/es\/#organization\"},\"potentialAction\":[{\"@type\":\"SearchAction\",\"target\":{\"@type\":\"EntryPoint\",\"urlTemplate\":\"https:\/\/www.awair.eu\/es\/?s={search_term_string}\"},\"query-input\":\"required name=search_term_string\"}],\"inLanguage\":\"es\"},{\"@type\":\"ImageObject\",\"@id\":\"https:\/\/www.awair.eu\/es\/soluciones\/psi\/#primaryimage\",\"inLanguage\":\"es\",\"url\":\"https:\/\/www.awair.eu\/wp-content\/uploads\/2017\/04\/AC-EXS.png\",\"contentUrl\":\"https:\/\/www.awair.eu\/wp-content\/uploads\/2017\/04\/AC-EXS.png\",\"width\":913,\"height\":958},{\"@type\":\"WebPage\",\"@id\":\"https:\/\/www.awair.eu\/es\/soluciones\/psi\/#webpage\",\"url\":\"https:\/\/www.awair.eu\/es\/soluciones\/psi\/\",\"name\":\"Awair | PSI\",\"isPartOf\":{\"@id\":\"https:\/\/www.awair.eu\/es\/#website\"},\"primaryImageOfPage\":{\"@id\":\"https:\/\/www.awair.eu\/es\/soluciones\/psi\/#primaryimage\"},\"datePublished\":\"2017-04-26T11:02:13+00:00\",\"dateModified\":\"2020-08-07T10:01:28+00:00\",\"description\":\"Desde 1986, a&dc es un l\u00edder internacional de evaluaciones de comportamiento cient\u00edficamente rigurosas para la selecci\u00f3n y desarrollo del talento.\",\"breadcrumb\":{\"@id\":\"https:\/\/www.awair.eu\/es\/soluciones\/psi\/#breadcrumb\"},\"inLanguage\":\"es\",\"potentialAction\":[{\"@type\":\"ReadAction\",\"target\":[\"https:\/\/www.awair.eu\/es\/soluciones\/psi\/\"]}]},{\"@type\":\"BreadcrumbList\",\"@id\":\"https:\/\/www.awair.eu\/es\/soluciones\/psi\/#breadcrumb\",\"itemListElement\":[{\"@type\":\"ListItem\",\"position\":1,\"name\":\"Home\",\"item\":\"https:\/\/www.awair.eu\/es\/\"},{\"@type\":\"ListItem\",\"position\":2,\"name\":\"Soluciones\",\"item\":\"https:\/\/www.awair.eu\/es\/soluciones\/\"},{\"@type\":\"ListItem\",\"position\":3,\"name\":\"PSI\"}]}]}<\/script>\n<!-- \/ Yoast SEO plugin. -->","yoast_head_json":{"title":"Awair | PSI","description":"Desde 1986, a&dc es un l\u00edder internacional de evaluaciones de comportamiento cient\u00edficamente rigurosas para la selecci\u00f3n y desarrollo del talento.","robots":{"index":"index","follow":"follow","max-snippet":"max-snippet:-1","max-image-preview":"max-image-preview:large","max-video-preview":"max-video-preview:-1"},"canonical":"https:\/\/www.awair.eu\/es\/soluciones\/psi\/","og_locale":"es_ES","og_type":"article","og_title":"Awair | PSI","og_description":"Desde 1986, a&dc es un l\u00edder internacional de evaluaciones de comportamiento cient\u00edficamente rigurosas para la selecci\u00f3n y desarrollo del talento.","og_url":"https:\/\/www.awair.eu\/es\/soluciones\/psi\/","og_site_name":"awair","article_modified_time":"2020-08-07T10:01:28+00:00","og_image":[{"url":"https:\/\/www.awair.eu\/wp-content\/uploads\/2017\/04\/AC-EXS-286x300.png"}],"twitter_card":"summary","twitter_site":"@awairAwareness","twitter_misc":{"Tiempo de lectura":"7 minutos"},"schema":{"@context":"https:\/\/schema.org","@graph":[{"@type":"Organization","@id":"https:\/\/www.awair.eu\/es\/#organization","name":"Awair","url":"https:\/\/www.awair.eu\/es\/","sameAs":["https:\/\/www.linkedin.com\/company\/10070361\/","https:\/\/twitter.com\/awairAwareness"],"logo":{"@type":"ImageObject","@id":"https:\/\/www.awair.eu\/es\/#logo","inLanguage":"es","url":"https:\/\/www.awair.eu\/wp-content\/uploads\/2022\/06\/Awair-02-1.jpg","contentUrl":"https:\/\/www.awair.eu\/wp-content\/uploads\/2022\/06\/Awair-02-1.jpg","width":1024,"height":1318,"caption":"Awair"},"image":{"@id":"https:\/\/www.awair.eu\/es\/#logo"}},{"@type":"WebSite","@id":"https:\/\/www.awair.eu\/es\/#website","url":"https:\/\/www.awair.eu\/es\/","name":"awair","description":"Where will you be?","publisher":{"@id":"https:\/\/www.awair.eu\/es\/#organization"},"potentialAction":[{"@type":"SearchAction","target":{"@type":"EntryPoint","urlTemplate":"https:\/\/www.awair.eu\/es\/?s={search_term_string}"},"query-input":"required name=search_term_string"}],"inLanguage":"es"},{"@type":"ImageObject","@id":"https:\/\/www.awair.eu\/es\/soluciones\/psi\/#primaryimage","inLanguage":"es","url":"https:\/\/www.awair.eu\/wp-content\/uploads\/2017\/04\/AC-EXS.png","contentUrl":"https:\/\/www.awair.eu\/wp-content\/uploads\/2017\/04\/AC-EXS.png","width":913,"height":958},{"@type":"WebPage","@id":"https:\/\/www.awair.eu\/es\/soluciones\/psi\/#webpage","url":"https:\/\/www.awair.eu\/es\/soluciones\/psi\/","name":"Awair | PSI","isPartOf":{"@id":"https:\/\/www.awair.eu\/es\/#website"},"primaryImageOfPage":{"@id":"https:\/\/www.awair.eu\/es\/soluciones\/psi\/#primaryimage"},"datePublished":"2017-04-26T11:02:13+00:00","dateModified":"2020-08-07T10:01:28+00:00","description":"Desde 1986, a&dc es un l\u00edder internacional de evaluaciones de comportamiento cient\u00edficamente rigurosas para la selecci\u00f3n y desarrollo del talento.","breadcrumb":{"@id":"https:\/\/www.awair.eu\/es\/soluciones\/psi\/#breadcrumb"},"inLanguage":"es","potentialAction":[{"@type":"ReadAction","target":["https:\/\/www.awair.eu\/es\/soluciones\/psi\/"]}]},{"@type":"BreadcrumbList","@id":"https:\/\/www.awair.eu\/es\/soluciones\/psi\/#breadcrumb","itemListElement":[{"@type":"ListItem","position":1,"name":"Home","item":"https:\/\/www.awair.eu\/es\/"},{"@type":"ListItem","position":2,"name":"Soluciones","item":"https:\/\/www.awair.eu\/es\/soluciones\/"},{"@type":"ListItem","position":3,"name":"PSI"}]}]}},"_links":{"self":[{"href":"https:\/\/www.awair.eu\/es\/wp-json\/wp\/v2\/pages\/1352"}],"collection":[{"href":"https:\/\/www.awair.eu\/es\/wp-json\/wp\/v2\/pages"}],"about":[{"href":"https:\/\/www.awair.eu\/es\/wp-json\/wp\/v2\/types\/page"}],"author":[{"embeddable":true,"href":"https:\/\/www.awair.eu\/es\/wp-json\/wp\/v2\/users\/1"}],"replies":[{"embeddable":true,"href":"https:\/\/www.awair.eu\/es\/wp-json\/wp\/v2\/comments?post=1352"}],"version-history":[{"count":9,"href":"https:\/\/www.awair.eu\/es\/wp-json\/wp\/v2\/pages\/1352\/revisions"}],"predecessor-version":[{"id":9525,"href":"https:\/\/www.awair.eu\/es\/wp-json\/wp\/v2\/pages\/1352\/revisions\/9525"}],"up":[{"embeddable":true,"href":"https:\/\/www.awair.eu\/es\/wp-json\/wp\/v2\/pages\/1347"}],"wp:attachment":[{"href":"https:\/\/www.awair.eu\/es\/wp-json\/wp\/v2\/media?parent=1352"}],"curies":[{"name":"wp","href":"https:\/\/api.w.org\/{rel}","templated":true}]}}