{"id":1347,"date":"2017-04-26T13:07:21","date_gmt":"2017-04-26T11:07:21","guid":{"rendered":"http:\/\/www.awair.eu\/?page_id=1347\/"},"modified":"2023-02-14T10:33:59","modified_gmt":"2023-02-14T09:33:59","slug":"soluciones","status":"publish","type":"page","link":"https:\/\/www.awair.eu\/es\/soluciones\/","title":{"rendered":"Soluciones"},"content":{"rendered":"[vc_row type=\u00bbfull_width_background\u00bb full_screen_row_position=\u00bbmiddle\u00bb bg_color=\u00bb#f6ebda\u00bb scene_position=\u00bbcenter\u00bb text_color=\u00bbdark\u00bb text_align=\u00bbcenter\u00bb top_padding=\u00bb60&#8243; bottom_padding=\u00bb60&#8243; overlay_strength=\u00bb0.3&#8243;][vc_column column_padding=\u00bbpadding-15-percent\u00bb column_padding_position=\u00bbleft-right\u00bb background_color_opacity=\u00bb1&#8243; background_hover_color_opacity=\u00bb1&#8243; column_shadow=\u00bbnone\u00bb width=\u00bb1\/1&#8243; tablet_text_alignment=\u00bbdefault\u00bb phone_text_alignment=\u00bbdefault\u00bb column_border_width=\u00bbnone\u00bb column_border_style=\u00bbsolid\u00bb][vc_column_text]\n<p style=\"text-align: left;\"><strong>Awair<\/strong> ayuda a las organizaciones a dise\u00f1ar e implementar procesos de gesti\u00f3n del talento utilizando evaluaciones de personalidad cient\u00edficamente validadas, encuestas 360 y herramientas de evaluaci\u00f3n del comportamiento y Gamification.<\/p>\n[\/vc_column_text][\/vc_column][\/vc_row][vc_row type=\u00bbfull_width_background\u00bb full_screen_row_position=\u00bbmiddle\u00bb equal_height=\u00bbyes\u00bb scene_position=\u00bbcenter\u00bb text_color=\u00bbdark\u00bb text_align=\u00bbcenter\u00bb top_padding=\u00bb60&#8243; bottom_padding=\u00bb60&#8243; id=\u00bbsoluzioni\u00bb overlay_strength=\u00bb0.3&#8243;][vc_column boxed=\u00bbtrue\u00bb column_padding=\u00bbno-extra-padding\u00bb column_padding_position=\u00bball\u00bb background_color_opacity=\u00bb1&#8243; background_hover_color_opacity=\u00bb1&#8243; column_shadow=\u00bbnone\u00bb width=\u00bb1\/3&#8243; tablet_text_alignment=\u00bbdefault\u00bb phone_text_alignment=\u00bbdefault\u00bb column_border_width=\u00bbnone\u00bb column_border_style=\u00bbsolid\u00bb]<div class=\"img-with-aniamtion-wrap \" data-max-width=\"100%\"><div class=\"inner\"><img data-shadow=\"none\" data-shadow-direction=\"middle\" class=\"img-with-animation azure\" data-delay=\"0\" height=\"220\" width=\"646\" data-animation=\"fade-in\" src=\"https:\/\/www.awair.eu\/wp-content\/uploads\/2018\/02\/assessio.png\" srcset=\"https:\/\/www.awair.eu\/wp-content\/uploads\/2018\/02\/assessio.png 646w, https:\/\/www.awair.eu\/wp-content\/uploads\/2018\/02\/assessio-300x102.png 300w\" alt=\"\" \/><\/div><\/div>[vc_column_text css=\u00bb.vc_custom_1522221525021{margin-top: 40px !important;margin-bottom: 40px !important;}\u00bb]<strong>Assessio<\/strong>\u00a0desarrolla anal\u00edticas sobre las personas basadas en el an\u00e1lisis te\u00f3rico -y evidencial-, asignaci\u00f3n de patrones y correlaciones que tienen un impacto demostrado en los resultados del negocio.[\/vc_column_text][\/vc_column][vc_column boxed=\u00bbtrue\u00bb column_padding=\u00bbno-extra-padding\u00bb column_padding_position=\u00bball\u00bb background_color_opacity=\u00bb1&#8243; background_hover_color_opacity=\u00bb1&#8243; column_shadow=\u00bbnone\u00bb width=\u00bb1\/3&#8243; tablet_text_alignment=\u00bbdefault\u00bb phone_text_alignment=\u00bbdefault\u00bb column_border_width=\u00bbnone\u00bb column_border_style=\u00bbsolid\u00bb]<div class=\"img-with-aniamtion-wrap \" data-max-width=\"100%\"><div class=\"inner\"><img data-shadow=\"none\" data-shadow-direction=\"middle\" class=\"img-with-animation azure\" data-delay=\"0\" height=\"880\" width=\"2776\" data-animation=\"fade-in\" src=\"https:\/\/www.awair.eu\/wp-content\/uploads\/2019\/08\/Kaiser-logo-main.jpg\" srcset=\"https:\/\/www.awair.eu\/wp-content\/uploads\/2019\/08\/Kaiser-logo-main.jpg 2776w, https:\/\/www.awair.eu\/wp-content\/uploads\/2019\/08\/Kaiser-logo-main-300x95.jpg 300w, https:\/\/www.awair.eu\/wp-content\/uploads\/2019\/08\/Kaiser-logo-main-768x243.jpg 768w, https:\/\/www.awair.eu\/wp-content\/uploads\/2019\/08\/Kaiser-logo-main-1024x325.jpg 1024w\" alt=\"\" \/><\/div><\/div>[vc_column_text css=\u00bb.vc_custom_1522221573724{margin-top: 40px !important;margin-bottom: 40px !important;}\u00bb]<strong>Kaiser Leadership Solutions<\/strong> ofrece herramientas probadas en el terreno con ejecutivos de todo el mundo que est\u00e1n cambiando las reglas en la evaluaci\u00f3n y el desarrollo.[\/vc_column_text][\/vc_column][vc_column boxed=\u00bbtrue\u00bb column_padding=\u00bbno-extra-padding\u00bb column_padding_position=\u00bball\u00bb background_color_opacity=\u00bb1&#8243; background_hover_color_opacity=\u00bb1&#8243; column_shadow=\u00bbnone\u00bb width=\u00bb1\/3&#8243; tablet_text_alignment=\u00bbdefault\u00bb phone_text_alignment=\u00bbdefault\u00bb column_border_width=\u00bbnone\u00bb column_border_style=\u00bbsolid\u00bb]<div class=\"img-with-aniamtion-wrap \" data-max-width=\"100%\"><div class=\"inner\"><a href=\"https:\/\/www.awair.eu\/es\/soluciones\/psi-adc\/\" target=\"_self\" class=\"\"><img data-shadow=\"none\" data-shadow-direction=\"middle\" class=\"img-with-animation azure\" data-delay=\"0\" height=\"220\" width=\"646\" data-animation=\"fade-in\" src=\"https:\/\/www.awair.eu\/wp-content\/uploads\/2017\/03\/Logo-PSI-per-sito-3MM_2.jpg\" srcset=\"https:\/\/www.awair.eu\/wp-content\/uploads\/2017\/03\/Logo-PSI-per-sito-3MM_2.jpg 646w, https:\/\/www.awair.eu\/wp-content\/uploads\/2017\/03\/Logo-PSI-per-sito-3MM_2-300x102.jpg 300w\" alt=\"\" \/><\/a><\/div><\/div>[vc_column_text css=\u00bb.vc_custom_1552405878916{margin-top: 40px !important;margin-bottom: 40px !important;}\u00bb]Las herramientas de \u00faltima generaci\u00f3n de <strong>PSI<\/strong>\u00a0marcan una diferencia medible en los resultados empresariales, mediante el uso de la evaluaci\u00f3n del comportamiento para seleccionar talento y desarrollar comportamientos de liderazgo que mejoran los resultados empresariales.[\/vc_column_text][\/vc_column][\/vc_row][vc_row type=\u00bbfull_width_background\u00bb full_screen_row_position=\u00bbmiddle\u00bb equal_height=\u00bbyes\u00bb scene_position=\u00bbcenter\u00bb text_color=\u00bbdark\u00bb text_align=\u00bbcenter\u00bb top_padding=\u00bb60&#8243; bottom_padding=\u00bb60&#8243; id=\u00bbsoluzioni\u00bb disable_element=\u00bbyes\u00bb overlay_strength=\u00bb0.3&#8243;][vc_column boxed=\u00bbtrue\u00bb column_padding=\u00bbno-extra-padding\u00bb column_padding_position=\u00bball\u00bb background_color_opacity=\u00bb1&#8243; background_hover_color_opacity=\u00bb1&#8243; column_shadow=\u00bbnone\u00bb width=\u00bb1\/3&#8243; tablet_text_alignment=\u00bbdefault\u00bb phone_text_alignment=\u00bbdefault\u00bb column_border_width=\u00bbnone\u00bb column_border_style=\u00bbsolid\u00bb column_link=\u00bbhttps:\/\/www.awair.eu\/es\/soluciones\/psi-adc\/\u00bb]<div class=\"img-with-aniamtion-wrap \" data-max-width=\"100%\"><div class=\"inner\"><img data-shadow=\"none\" data-shadow-direction=\"middle\" class=\"img-with-animation azure\" data-delay=\"0\" height=\"140\" width=\"458\" data-animation=\"fade-in\" src=\"https:\/\/www.awair.eu\/wp-content\/uploads\/2017\/03\/hogan-1-1.jpg\" srcset=\"https:\/\/www.awair.eu\/wp-content\/uploads\/2017\/03\/hogan-1-1.jpg 458w, https:\/\/www.awair.eu\/wp-content\/uploads\/2017\/03\/hogan-1-1-300x92.jpg 300w\" alt=\"\" \/><\/div><\/div>[vc_column_text css=\u00bb.vc_custom_1493286822384{margin-top: 40px !important;margin-bottom: 40px !important;}\u00bb]<strong>Hogan<\/strong>, l\u00edder global de la ciencia de la personalidad, ha ayudado a las organizaciones a crear una ventaja competitiva a nivel mundial a trav\u00e9s de la selecci\u00f3n y el desarrollo superior de los empleados, desde 1987.[\/vc_column_text][\/vc_column][\/vc_row]\n","protected":false},"excerpt":{"rendered":"<p>[vc_row type=\u00bbfull_width_background\u00bb full_screen_row_position=\u00bbmiddle\u00bb bg_color=\u00bb#f6ebda\u00bb scene_position=\u00bbcenter\u00bb text_color=\u00bbdark\u00bb text_align=\u00bbcenter\u00bb top_padding=\u00bb60&#8243; bottom_padding=\u00bb60&#8243; overlay_strength=\u00bb0.3&#8243;][vc_column column_padding=\u00bbpadding-15-percent\u00bb column_padding_position=\u00bbleft-right\u00bb background_color_opacity=\u00bb1&#8243; background_hover_color_opacity=\u00bb1&#8243; column_shadow=\u00bbnone\u00bb width=\u00bb1\/1&#8243; tablet_text_alignment=\u00bbdefault\u00bb phone_text_alignment=\u00bbdefault\u00bb column_border_width=\u00bbnone\u00bb column_border_style=\u00bbsolid\u00bb][vc_column_text] Awair ayuda a las organizaciones&#8230;<\/p>\n","protected":false},"author":1,"featured_media":0,"parent":0,"menu_order":2,"comment_status":"closed","ping_status":"closed","template":"","meta":{"inline_featured_image":false},"yoast_head":"<!-- This site is optimized with the Yoast SEO plugin v18.3 - https:\/\/yoast.com\/wordpress\/plugins\/seo\/ -->\n<title>Awair | Soluciones<\/title>\n<meta name=\"description\" content=\"Ayudamos a las organizaciones en los procesos de gesti\u00f3n del talento utilizando evaluaciones de personalidad, de 360, del comportamiento y con gamification.\" \/>\n<meta name=\"robots\" content=\"index, follow, max-snippet:-1, max-image-preview:large, max-video-preview:-1\" \/>\n<link rel=\"canonical\" href=\"https:\/\/www.awair.eu\/es\/soluciones\/\" \/>\n<meta property=\"og:locale\" content=\"es_ES\" \/>\n<meta property=\"og:type\" content=\"article\" \/>\n<meta property=\"og:title\" content=\"Awair | Soluciones\" \/>\n<meta property=\"og:description\" content=\"Ayudamos a las organizaciones en los procesos de gesti\u00f3n del talento utilizando evaluaciones de personalidad, de 360, del comportamiento y con gamification.\" \/>\n<meta property=\"og:url\" content=\"https:\/\/www.awair.eu\/es\/soluciones\/\" \/>\n<meta property=\"og:site_name\" content=\"awair\" \/>\n<meta property=\"article:modified_time\" content=\"2023-02-14T09:33:59+00:00\" \/>\n<meta name=\"twitter:card\" content=\"summary\" \/>\n<meta name=\"twitter:site\" content=\"@awairAwareness\" \/>\n<meta name=\"twitter:label1\" content=\"Tiempo de lectura\" \/>\n\t<meta name=\"twitter:data1\" content=\"3 minutos\" \/>\n<script type=\"application\/ld+json\" class=\"yoast-schema-graph\">{\"@context\":\"https:\/\/schema.org\",\"@graph\":[{\"@type\":\"Organization\",\"@id\":\"https:\/\/www.awair.eu\/es\/#organization\",\"name\":\"Awair\",\"url\":\"https:\/\/www.awair.eu\/es\/\",\"sameAs\":[\"https:\/\/www.linkedin.com\/company\/10070361\/\",\"https:\/\/twitter.com\/awairAwareness\"],\"logo\":{\"@type\":\"ImageObject\",\"@id\":\"https:\/\/www.awair.eu\/es\/#logo\",\"inLanguage\":\"es\",\"url\":\"https:\/\/www.awair.eu\/wp-content\/uploads\/2022\/06\/Awair-02-1.jpg\",\"contentUrl\":\"https:\/\/www.awair.eu\/wp-content\/uploads\/2022\/06\/Awair-02-1.jpg\",\"width\":1024,\"height\":1318,\"caption\":\"Awair\"},\"image\":{\"@id\":\"https:\/\/www.awair.eu\/es\/#logo\"}},{\"@type\":\"WebSite\",\"@id\":\"https:\/\/www.awair.eu\/es\/#website\",\"url\":\"https:\/\/www.awair.eu\/es\/\",\"name\":\"awair\",\"description\":\"Where will you be?\",\"publisher\":{\"@id\":\"https:\/\/www.awair.eu\/es\/#organization\"},\"potentialAction\":[{\"@type\":\"SearchAction\",\"target\":{\"@type\":\"EntryPoint\",\"urlTemplate\":\"https:\/\/www.awair.eu\/es\/?s={search_term_string}\"},\"query-input\":\"required name=search_term_string\"}],\"inLanguage\":\"es\"},{\"@type\":\"WebPage\",\"@id\":\"https:\/\/www.awair.eu\/es\/soluciones\/#webpage\",\"url\":\"https:\/\/www.awair.eu\/es\/soluciones\/\",\"name\":\"Awair | Soluciones\",\"isPartOf\":{\"@id\":\"https:\/\/www.awair.eu\/es\/#website\"},\"datePublished\":\"2017-04-26T11:07:21+00:00\",\"dateModified\":\"2023-02-14T09:33:59+00:00\",\"description\":\"Ayudamos a las organizaciones en los procesos de gesti\u00f3n del talento utilizando evaluaciones de personalidad, de 360, del comportamiento y con gamification.\",\"breadcrumb\":{\"@id\":\"https:\/\/www.awair.eu\/es\/soluciones\/#breadcrumb\"},\"inLanguage\":\"es\",\"potentialAction\":[{\"@type\":\"ReadAction\",\"target\":[\"https:\/\/www.awair.eu\/es\/soluciones\/\"]}]},{\"@type\":\"BreadcrumbList\",\"@id\":\"https:\/\/www.awair.eu\/es\/soluciones\/#breadcrumb\",\"itemListElement\":[{\"@type\":\"ListItem\",\"position\":1,\"name\":\"Home\",\"item\":\"https:\/\/www.awair.eu\/es\/\"},{\"@type\":\"ListItem\",\"position\":2,\"name\":\"Soluciones\"}]}]}<\/script>\n<!-- \/ Yoast SEO plugin. -->","yoast_head_json":{"title":"Awair | Soluciones","description":"Ayudamos a las organizaciones en los procesos de gesti\u00f3n del talento utilizando evaluaciones de personalidad, de 360, del comportamiento y con gamification.","robots":{"index":"index","follow":"follow","max-snippet":"max-snippet:-1","max-image-preview":"max-image-preview:large","max-video-preview":"max-video-preview:-1"},"canonical":"https:\/\/www.awair.eu\/es\/soluciones\/","og_locale":"es_ES","og_type":"article","og_title":"Awair | Soluciones","og_description":"Ayudamos a las organizaciones en los procesos de gesti\u00f3n del talento utilizando evaluaciones de personalidad, de 360, del comportamiento y con gamification.","og_url":"https:\/\/www.awair.eu\/es\/soluciones\/","og_site_name":"awair","article_modified_time":"2023-02-14T09:33:59+00:00","twitter_card":"summary","twitter_site":"@awairAwareness","twitter_misc":{"Tiempo de lectura":"3 minutos"},"schema":{"@context":"https:\/\/schema.org","@graph":[{"@type":"Organization","@id":"https:\/\/www.awair.eu\/es\/#organization","name":"Awair","url":"https:\/\/www.awair.eu\/es\/","sameAs":["https:\/\/www.linkedin.com\/company\/10070361\/","https:\/\/twitter.com\/awairAwareness"],"logo":{"@type":"ImageObject","@id":"https:\/\/www.awair.eu\/es\/#logo","inLanguage":"es","url":"https:\/\/www.awair.eu\/wp-content\/uploads\/2022\/06\/Awair-02-1.jpg","contentUrl":"https:\/\/www.awair.eu\/wp-content\/uploads\/2022\/06\/Awair-02-1.jpg","width":1024,"height":1318,"caption":"Awair"},"image":{"@id":"https:\/\/www.awair.eu\/es\/#logo"}},{"@type":"WebSite","@id":"https:\/\/www.awair.eu\/es\/#website","url":"https:\/\/www.awair.eu\/es\/","name":"awair","description":"Where will you be?","publisher":{"@id":"https:\/\/www.awair.eu\/es\/#organization"},"potentialAction":[{"@type":"SearchAction","target":{"@type":"EntryPoint","urlTemplate":"https:\/\/www.awair.eu\/es\/?s={search_term_string}"},"query-input":"required name=search_term_string"}],"inLanguage":"es"},{"@type":"WebPage","@id":"https:\/\/www.awair.eu\/es\/soluciones\/#webpage","url":"https:\/\/www.awair.eu\/es\/soluciones\/","name":"Awair | Soluciones","isPartOf":{"@id":"https:\/\/www.awair.eu\/es\/#website"},"datePublished":"2017-04-26T11:07:21+00:00","dateModified":"2023-02-14T09:33:59+00:00","description":"Ayudamos a las organizaciones en los procesos de gesti\u00f3n del talento utilizando evaluaciones de personalidad, de 360, del comportamiento y con gamification.","breadcrumb":{"@id":"https:\/\/www.awair.eu\/es\/soluciones\/#breadcrumb"},"inLanguage":"es","potentialAction":[{"@type":"ReadAction","target":["https:\/\/www.awair.eu\/es\/soluciones\/"]}]},{"@type":"BreadcrumbList","@id":"https:\/\/www.awair.eu\/es\/soluciones\/#breadcrumb","itemListElement":[{"@type":"ListItem","position":1,"name":"Home","item":"https:\/\/www.awair.eu\/es\/"},{"@type":"ListItem","position":2,"name":"Soluciones"}]}]}},"_links":{"self":[{"href":"https:\/\/www.awair.eu\/es\/wp-json\/wp\/v2\/pages\/1347"}],"collection":[{"href":"https:\/\/www.awair.eu\/es\/wp-json\/wp\/v2\/pages"}],"about":[{"href":"https:\/\/www.awair.eu\/es\/wp-json\/wp\/v2\/types\/page"}],"author":[{"embeddable":true,"href":"https:\/\/www.awair.eu\/es\/wp-json\/wp\/v2\/users\/1"}],"replies":[{"embeddable":true,"href":"https:\/\/www.awair.eu\/es\/wp-json\/wp\/v2\/comments?post=1347"}],"version-history":[{"count":17,"href":"https:\/\/www.awair.eu\/es\/wp-json\/wp\/v2\/pages\/1347\/revisions"}],"predecessor-version":[{"id":11601,"href":"https:\/\/www.awair.eu\/es\/wp-json\/wp\/v2\/pages\/1347\/revisions\/11601"}],"wp:attachment":[{"href":"https:\/\/www.awair.eu\/es\/wp-json\/wp\/v2\/media?parent=1347"}],"curies":[{"name":"wp","href":"https:\/\/api.w.org\/{rel}","templated":true}]}}